{"id":124,"date":"2019-02-02T23:23:25","date_gmt":"2019-02-02T23:23:25","guid":{"rendered":"http:\/\/thuiszorg-turkse-ouderen.nl\/?page_id=124"},"modified":"2021-12-28T22:55:46","modified_gmt":"2021-12-28T22:55:46","slug":"thuiszorg-en-dagbesteding-voor-turkse-en-marokkaanse-ouderen","status":"publish","type":"page","link":"https:\/\/thuiszorg-turkse-ouderen.nl\/tr\/thuiszorg-en-dagbesteding-voor-turkse-en-marokkaanse-ouderen\/","title":{"rendered":"<img id=\"img-h2\" src=\"https:\/\/thuiszorg-turkse-ouderen.nl\/wp-content\/uploads\/2020\/10\/zoek-een-zorginstelling-turkse-ouderen-2.png\">T\u00fcrk ve Fasl\u0131 ya\u015fl\u0131lara evde bak\u0131m hizmetleri ve g\u00fcnl\u00fck ya\u015fam aktiviteleri."},"content":{"rendered":"<p>Wij merken dat er behoefte is naar goede ouderenzorg voor een specifieke doelgroep. Onze eerste en tweede generatie Turkse en Marokkaanse ouderen hebben nu een leeftijd bereikt dat wij voor hen moeten zorgen. Zorg met een minimale barri\u00e8re tussen culturen en zorg. Naast het delen van heel veel informatie over de thuiszorg en dagbesteding voor onze Turkse en Marokkaanse ouderen, streven wij ernaar om ook diverse zorgaanbieders in kaart te brengen. Zo heeft u met \u00e9\u00e9n oog opslag ook een zorginstelling bij u in de buurt of uw ouders dat aansluit op taal, cultuur en godsdienst.<\/p>","protected":false},"excerpt":{"rendered":"<p>Wij merken dat er behoefte is naar goede ouderenzorg voor een specifieke doelgroep. Onze eerste en tweede generatie Turkse en Marokkaanse ouderen hebben nu een leeftijd bereikt dat wij voor hen moeten zorgen. Zorg met een minimale barri\u00e8re tussen culturen en zorg. Naast het delen van heel veel informatie over de thuiszorg en dagbesteding voor<br \/><a class=\"moretag\" href=\"https:\/\/thuiszorg-turkse-ouderen.nl\/tr\/thuiszorg-en-dagbesteding-voor-turkse-en-marokkaanse-ouderen\/\">+ Read More<\/a><\/p>","protected":false},"author":1,"featured_media":0,"parent":0,"menu_order":0,"comment_status":"closed","ping_status":"closed","template":"templates\/page-fullwidth_template.php","meta":{"inline_featured_image":false,"_monsterinsights_skip_tracking":false,"_monsterinsights_sitenote_active":false,"_monsterinsights_sitenote_note":"","_monsterinsights_sitenote_category":0,"footnotes":""},"class_list":["post-124","page","type-page","status-publish","hentry"],"yoast_head":"<!-- This site is optimized with the Yoast SEO plugin v27.0 - https:\/\/yoast.com\/product\/yoast-seo-wordpress\/ -->\n<title>Thuiszorg en dagbesteding voor Turkse en Marokkaanse ouderen.<\/title>\n<meta name=\"description\" content=\"Behoefte Turkse en Marokkaanse ouderenzorg. Thuiszorg en dagbesteding Turkse en Marokkaanse ouderen. Eerste generatie Turkse en Marokaanse ouderenzorg.\" \/>\n<meta name=\"robots\" content=\"index, follow, max-snippet:-1, max-image-preview:large, max-video-preview:-1\" \/>\n<link rel=\"canonical\" href=\"https:\/\/thuiszorg-turkse-ouderen.nl\/tr\/thuiszorg-en-dagbesteding-voor-turkse-en-marokkaanse-ouderen\/\" \/>\n<meta property=\"og:locale\" content=\"tr_TR\" \/>\n<meta property=\"og:type\" content=\"article\" \/>\n<meta property=\"og:title\" content=\"Thuiszorg en dagbesteding voor Turkse en Marokkaanse ouderen.\" \/>\n<meta property=\"og:description\" content=\"Behoefte Turkse en Marokkaanse ouderenzorg. Thuiszorg en dagbesteding Turkse en Marokkaanse ouderen. Eerste generatie Turkse en Marokaanse ouderenzorg.\" \/>\n<meta property=\"og:url\" content=\"https:\/\/thuiszorg-turkse-ouderen.nl\/tr\/thuiszorg-en-dagbesteding-voor-turkse-en-marokkaanse-ouderen\/\" \/>\n<meta property=\"og:site_name\" content=\"Thuiszorg Turkse en Marokkaanse Ouderen\" \/>\n<meta property=\"article:publisher\" content=\"https:\/\/www.facebook.com\/Thuiszorg-Turkse-en-Marokkaanse-Ouderen-2162964037060436\/\" \/>\n<meta property=\"article:modified_time\" content=\"2021-12-28T22:55:46+00:00\" \/>\n<meta name=\"twitter:card\" content=\"summary_large_image\" \/>\n<script type=\"application\/ld+json\" class=\"yoast-schema-graph\">{\"@context\":\"https:\/\/schema.org\",\"@graph\":[{\"@type\":\"WebPage\",\"@id\":\"https:\/\/thuiszorg-turkse-ouderen.nl\/thuiszorg-en-dagbesteding-voor-turkse-en-marokkaanse-ouderen\/\",\"url\":\"https:\/\/thuiszorg-turkse-ouderen.nl\/thuiszorg-en-dagbesteding-voor-turkse-en-marokkaanse-ouderen\/\",\"name\":\"Thuiszorg en dagbesteding voor Turkse en Marokkaanse ouderen.\",\"isPartOf\":{\"@id\":\"https:\/\/thuiszorg-turkse-ouderen.nl\/#website\"},\"datePublished\":\"2019-02-02T23:23:25+00:00\",\"dateModified\":\"2021-12-28T22:55:46+00:00\",\"description\":\"Behoefte Turkse en Marokkaanse ouderenzorg. Thuiszorg en dagbesteding Turkse en Marokkaanse ouderen. Eerste generatie Turkse en Marokaanse ouderenzorg.\",\"breadcrumb\":{\"@id\":\"https:\/\/thuiszorg-turkse-ouderen.nl\/thuiszorg-en-dagbesteding-voor-turkse-en-marokkaanse-ouderen\/#breadcrumb\"},\"inLanguage\":\"tr\",\"potentialAction\":[{\"@type\":\"ReadAction\",\"target\":[\"https:\/\/thuiszorg-turkse-ouderen.nl\/thuiszorg-en-dagbesteding-voor-turkse-en-marokkaanse-ouderen\/\"]}]},{\"@type\":\"BreadcrumbList\",\"@id\":\"https:\/\/thuiszorg-turkse-ouderen.nl\/thuiszorg-en-dagbesteding-voor-turkse-en-marokkaanse-ouderen\/#breadcrumb\",\"itemListElement\":[{\"@type\":\"ListItem\",\"position\":1,\"name\":\"Home\",\"item\":\"https:\/\/thuiszorg-turkse-ouderen.nl\/\"},{\"@type\":\"ListItem\",\"position\":2,\"name\":\"Thuiszorg en dagbesteding voor Turkse en Marokkaanse ouderen.\"}]},{\"@type\":\"WebSite\",\"@id\":\"https:\/\/thuiszorg-turkse-ouderen.nl\/#website\",\"url\":\"https:\/\/thuiszorg-turkse-ouderen.nl\/\",\"name\":\"Thuiszorg Turkse en Marokkaanse Ouderen\",\"description\":\"\",\"publisher\":{\"@id\":\"https:\/\/thuiszorg-turkse-ouderen.nl\/#organization\"},\"potentialAction\":[{\"@type\":\"SearchAction\",\"target\":{\"@type\":\"EntryPoint\",\"urlTemplate\":\"https:\/\/thuiszorg-turkse-ouderen.nl\/?s={search_term_string}\"},\"query-input\":{\"@type\":\"PropertyValueSpecification\",\"valueRequired\":true,\"valueName\":\"search_term_string\"}}],\"inLanguage\":\"tr\"},{\"@type\":\"Organization\",\"@id\":\"https:\/\/thuiszorg-turkse-ouderen.nl\/#organization\",\"name\":\"Thuiszorg dagbesteding Turkse Marokkaanse ouderen\",\"url\":\"https:\/\/thuiszorg-turkse-ouderen.nl\/\",\"logo\":{\"@type\":\"ImageObject\",\"inLanguage\":\"tr\",\"@id\":\"https:\/\/thuiszorg-turkse-ouderen.nl\/#\/schema\/logo\/image\/\",\"url\":\"https:\/\/thuiszorg-turkse-ouderen.nl\/wp-content\/uploads\/2019\/12\/Logo.png\",\"contentUrl\":\"https:\/\/thuiszorg-turkse-ouderen.nl\/wp-content\/uploads\/2019\/12\/Logo.png\",\"width\":704,\"height\":725,\"caption\":\"Thuiszorg dagbesteding Turkse Marokkaanse ouderen\"},\"image\":{\"@id\":\"https:\/\/thuiszorg-turkse-ouderen.nl\/#\/schema\/logo\/image\/\"},\"sameAs\":[\"https:\/\/www.facebook.com\/Thuiszorg-Turkse-en-Marokkaanse-Ouderen-2162964037060436\/\",\"https:\/\/www.instagram.com\/thuiszorgturkseouderen\/\"]}]}<\/script>\n<!-- \/ Yoast SEO plugin. -->","yoast_head_json":{"title":"T\u00fcrk ve Fasl\u0131 ya\u015fl\u0131lara evde bak\u0131m hizmetleri ve g\u00fcnl\u00fck ya\u015fam aktiviteleri.","description":"Behoefte Turkse en Marokkaanse ouderenzorg. Thuiszorg en dagbesteding Turkse en Marokkaanse ouderen. Eerste generatie Turkse en Marokaanse ouderenzorg.","robots":{"index":"index","follow":"follow","max-snippet":"max-snippet:-1","max-image-preview":"max-image-preview:large","max-video-preview":"max-video-preview:-1"},"canonical":"https:\/\/thuiszorg-turkse-ouderen.nl\/tr\/thuiszorg-en-dagbesteding-voor-turkse-en-marokkaanse-ouderen\/","og_locale":"tr_TR","og_type":"article","og_title":"Thuiszorg en dagbesteding voor Turkse en Marokkaanse ouderen.","og_description":"Behoefte Turkse en Marokkaanse ouderenzorg. Thuiszorg en dagbesteding Turkse en Marokkaanse ouderen. Eerste generatie Turkse en Marokaanse ouderenzorg.","og_url":"https:\/\/thuiszorg-turkse-ouderen.nl\/tr\/thuiszorg-en-dagbesteding-voor-turkse-en-marokkaanse-ouderen\/","og_site_name":"Thuiszorg Turkse en Marokkaanse Ouderen","article_publisher":"https:\/\/www.facebook.com\/Thuiszorg-Turkse-en-Marokkaanse-Ouderen-2162964037060436\/","article_modified_time":"2021-12-28T22:55:46+00:00","twitter_card":"summary_large_image","schema":{"@context":"https:\/\/schema.org","@graph":[{"@type":"WebPage","@id":"https:\/\/thuiszorg-turkse-ouderen.nl\/thuiszorg-en-dagbesteding-voor-turkse-en-marokkaanse-ouderen\/","url":"https:\/\/thuiszorg-turkse-ouderen.nl\/thuiszorg-en-dagbesteding-voor-turkse-en-marokkaanse-ouderen\/","name":"T\u00fcrk ve Fasl\u0131 ya\u015fl\u0131lara evde bak\u0131m hizmetleri ve g\u00fcnl\u00fck ya\u015fam aktiviteleri.","isPartOf":{"@id":"https:\/\/thuiszorg-turkse-ouderen.nl\/#website"},"datePublished":"2019-02-02T23:23:25+00:00","dateModified":"2021-12-28T22:55:46+00:00","description":"Behoefte Turkse en Marokkaanse ouderenzorg. Thuiszorg en dagbesteding Turkse en Marokkaanse ouderen. Eerste generatie Turkse en Marokaanse ouderenzorg.","breadcrumb":{"@id":"https:\/\/thuiszorg-turkse-ouderen.nl\/thuiszorg-en-dagbesteding-voor-turkse-en-marokkaanse-ouderen\/#breadcrumb"},"inLanguage":"tr","potentialAction":[{"@type":"ReadAction","target":["https:\/\/thuiszorg-turkse-ouderen.nl\/thuiszorg-en-dagbesteding-voor-turkse-en-marokkaanse-ouderen\/"]}]},{"@type":"BreadcrumbList","@id":"https:\/\/thuiszorg-turkse-ouderen.nl\/thuiszorg-en-dagbesteding-voor-turkse-en-marokkaanse-ouderen\/#breadcrumb","itemListElement":[{"@type":"ListItem","position":1,"name":"Home","item":"https:\/\/thuiszorg-turkse-ouderen.nl\/"},{"@type":"ListItem","position":2,"name":"Thuiszorg en dagbesteding voor Turkse en Marokkaanse ouderen."}]},{"@type":"WebSite","@id":"https:\/\/thuiszorg-turkse-ouderen.nl\/#website","url":"https:\/\/thuiszorg-turkse-ouderen.nl\/","name":"Thuiszorg Turkse en Marokkaanse Ouderen","description":"","publisher":{"@id":"https:\/\/thuiszorg-turkse-ouderen.nl\/#organization"},"potentialAction":[{"@type":"SearchAction","target":{"@type":"EntryPoint","urlTemplate":"https:\/\/thuiszorg-turkse-ouderen.nl\/?s={search_term_string}"},"query-input":{"@type":"PropertyValueSpecification","valueRequired":true,"valueName":"search_term_string"}}],"inLanguage":"tr"},{"@type":"Organization","@id":"https:\/\/thuiszorg-turkse-ouderen.nl\/#organization","name":"Thuiszorg dagbesteding Turkse Marokkaanse ouderen","url":"https:\/\/thuiszorg-turkse-ouderen.nl\/","logo":{"@type":"ImageObject","inLanguage":"tr","@id":"https:\/\/thuiszorg-turkse-ouderen.nl\/#\/schema\/logo\/image\/","url":"https:\/\/thuiszorg-turkse-ouderen.nl\/wp-content\/uploads\/2019\/12\/Logo.png","contentUrl":"https:\/\/thuiszorg-turkse-ouderen.nl\/wp-content\/uploads\/2019\/12\/Logo.png","width":704,"height":725,"caption":"Thuiszorg dagbesteding Turkse Marokkaanse ouderen"},"image":{"@id":"https:\/\/thuiszorg-turkse-ouderen.nl\/#\/schema\/logo\/image\/"},"sameAs":["https:\/\/www.facebook.com\/Thuiszorg-Turkse-en-Marokkaanse-Ouderen-2162964037060436\/","https:\/\/www.instagram.com\/thuiszorgturkseouderen\/"]}]}},"_links":{"self":[{"href":"https:\/\/thuiszorg-turkse-ouderen.nl\/tr\/wp-json\/wp\/v2\/pages\/124","targetHints":{"allow":["GET"]}}],"collection":[{"href":"https:\/\/thuiszorg-turkse-ouderen.nl\/tr\/wp-json\/wp\/v2\/pages"}],"about":[{"href":"https:\/\/thuiszorg-turkse-ouderen.nl\/tr\/wp-json\/wp\/v2\/types\/page"}],"author":[{"embeddable":true,"href":"https:\/\/thuiszorg-turkse-ouderen.nl\/tr\/wp-json\/wp\/v2\/users\/1"}],"replies":[{"embeddable":true,"href":"https:\/\/thuiszorg-turkse-ouderen.nl\/tr\/wp-json\/wp\/v2\/comments?post=124"}],"version-history":[{"count":0,"href":"https:\/\/thuiszorg-turkse-ouderen.nl\/tr\/wp-json\/wp\/v2\/pages\/124\/revisions"}],"wp:attachment":[{"href":"https:\/\/thuiszorg-turkse-ouderen.nl\/tr\/wp-json\/wp\/v2\/media?parent=124"}],"curies":[{"name":"wp","href":"https:\/\/api.w.org\/{rel}","templated":true}]}}