{"id":14,"date":"2019-01-28T15:32:39","date_gmt":"2019-01-28T15:32:39","guid":{"rendered":"http:\/\/thuiszorg-turkse-ouderen.nl\/?page_id=14"},"modified":"2024-05-29T09:47:22","modified_gmt":"2024-05-29T09:47:22","slug":"dagbesteding-turkse-marokkaanse-ouderen-2","status":"publish","type":"page","link":"https:\/\/thuiszorg-turkse-ouderen.nl\/tr\/dagbesteding-turkse-marokkaanse-ouderen-2\/","title":{"rendered":"T\u00fcrk ve Fasl\u0131 ya\u015fl\u0131lara g\u00fcnl\u00fck ya\u015fam aktiviteleri"},"content":{"rendered":"<div data-elementor-type=\"wp-page\" data-elementor-id=\"14\" class=\"elementor elementor-14\" data-elementor-post-type=\"page\">\n\t\t\t\t\t\t<section class=\"elementor-section elementor-top-section elementor-element elementor-element-5d5b1218 elementor-section-boxed elementor-section-height-default elementor-section-height-default\" data-id=\"5d5b1218\" data-element_type=\"section\" data-e-type=\"section\">\n\t\t\t\t\t\t<div class=\"elementor-container elementor-column-gap-default\">\n\t\t\t\t\t<div class=\"elementor-column elementor-col-100 elementor-top-column elementor-element elementor-element-1cac8ae9\" data-id=\"1cac8ae9\" data-element_type=\"column\" data-e-type=\"column\">\n\t\t\t<div class=\"elementor-widget-wrap elementor-element-populated\">\n\t\t\t\t\t\t<div class=\"elementor-element elementor-element-43b6bb5 elementor-widget elementor-widget-text-editor\" data-id=\"43b6bb5\" data-element_type=\"widget\" data-e-type=\"widget\" data-widget_type=\"text-editor.default\">\n\t\t\t\t<div class=\"elementor-widget-container\">\n\t\t\t\t\t\t\t\t\t<p>Bij dagbesteding van Turkse en Marokkaanse ouderen zijn vaak wel dezelfde activiteiten te doen als de dagbesteding van autochtone ouderen. Zo zijn er veel zorginstellingen die dagbestedingen aanbieden. Het verschil zit vooral in de inachtneming van culturele verschillen en de mogelijkheid om de moedertaal te spreken met zorgverleners. Ook wordt er bijvoorbeeld rekening gehouden met eetwensen van de Turkse en Marokkaanse cli\u00ebnten. Vaak zitten de verschillen in kleine dingen die de opvang voor Turkse en Marokkaanse ouderen geschikt maakt. Het is immers van belang om juist die kleine nuances op te vangen om respectvol om te gaan met elkaar.<\/p>\t\t\t\t\t\t\t\t<\/div>\n\t\t\t\t<\/div>\n\t\t\t\t<div class=\"elementor-element elementor-element-d3ceb95 elementor-widget elementor-widget-heading\" data-id=\"d3ceb95\" data-element_type=\"widget\" data-e-type=\"widget\" data-widget_type=\"heading.default\">\n\t\t\t\t<div class=\"elementor-widget-container\">\n\t\t\t\t\t<h2 class=\"elementor-heading-title elementor-size-default\">Bak\u0131m evlerinde g\u00fcnl\u00fck ya\u015fam aktiviteleri<\/h2>\t\t\t\t<\/div>\n\t\t\t\t<\/div>\n\t\t\t\t<div class=\"elementor-element elementor-element-f1bfa84 elementor-widget elementor-widget-text-editor\" data-id=\"f1bfa84\" data-element_type=\"widget\" data-e-type=\"widget\" data-widget_type=\"text-editor.default\">\n\t\t\t\t<div class=\"elementor-widget-container\">\n\t\t\t\t\t\t\t\t\t<p>De dagbesteding bestaat uit bijvoorbeeld samen spelletjes doen, knutselen of bewegen. De focus ligt vaak ook op samen eten tijdens het ontbijt, lunch en\/of avondeten. Het is erg van belang dat mensen sociaal contact blijven houden. Dat geldt natuurlijk voor zowel Turkse en Marokkaanse als autochtone ouderen. Bij het eten wordt er rekening gehouden met de cultuur of het geloof van Turkse en Marokkaanse ouderen. Ook ligt de focus van het overbrengen van een medische boodschap vaak wat anders. De focus ligt meer op de hoop en het geloof, dan op de biomedische verklaring die de dokter heeft. Turkse en Marokkaanse mensen, van Marokkaanse en Turkse afkomst, voelen zich hier over het algemeen prettiger bij.<\/p>\t\t\t\t\t\t\t\t<\/div>\n\t\t\t\t<\/div>\n\t\t\t\t<div class=\"elementor-element elementor-element-c07bd57 elementor-widget elementor-widget-heading\" data-id=\"c07bd57\" data-element_type=\"widget\" data-e-type=\"widget\" data-widget_type=\"heading.default\">\n\t\t\t\t<div class=\"elementor-widget-container\">\n\t\t\t\t\t<h2 class=\"elementor-heading-title elementor-size-default\">Bak\u0131m \u00e7iftliklerinde g\u00fcnl\u00fck bak\u0131m<\/h2>\t\t\t\t<\/div>\n\t\t\t\t<\/div>\n\t\t\t\t<div class=\"elementor-element elementor-element-298ade7 elementor-widget elementor-widget-text-editor\" data-id=\"298ade7\" data-element_type=\"widget\" data-e-type=\"widget\" data-widget_type=\"text-editor.default\">\n\t\t\t\t<div class=\"elementor-widget-container\">\n\t\t\t\t\t\t\t\t\t<p>Door het hele land zijn een aantal zorgboerderijen gemaakt die Turkse en Marokkaanse ouderen een dagbesteding kan bieden. Ook bi deze zorgboerderijen is bekend hoe om te gaan met verschillende talen en culturen. Deze boerderijen staan middenin de natuur en hier ligt dan ook de focus op. Er zijn veel buitenactiviteiten op de zorgboerderijen. Door de focus te hebben op buitenactiviteiten zullen de mensen veel meer buiten zijn en frisse lucht krijgen. Ook hebben de zorgboerderijen vaak dieren die verzorgd kunnen worden. Maar ook kunnen mensen kletsen, knutselen, cursussen volgen en koken.<\/p>\t\t\t\t\t\t\t\t<\/div>\n\t\t\t\t<\/div>\n\t\t\t\t<div class=\"elementor-element elementor-element-f3099c1 elementor-widget elementor-widget-heading\" data-id=\"f3099c1\" data-element_type=\"widget\" data-e-type=\"widget\" data-widget_type=\"heading.default\">\n\t\t\t\t<div class=\"elementor-widget-container\">\n\t\t\t\t\t<h2 class=\"elementor-heading-title elementor-size-default\">T\u00fcrk ve Fasl\u0131 ya\u015fl\u0131lara g\u00fcnl\u00fck ya\u015fam aktiviteleri<\/h2>\t\t\t\t<\/div>\n\t\t\t\t<\/div>\n\t\t\t\t<div class=\"elementor-element elementor-element-2de36b0 elementor-widget elementor-widget-text-editor\" data-id=\"2de36b0\" data-element_type=\"widget\" data-e-type=\"widget\" data-widget_type=\"text-editor.default\">\n\t\t\t\t<div class=\"elementor-widget-container\">\n\t\t\t\t\t\t\t\t\t<p>T\u00fcrk veya Fasl\u0131 ya\u015fl\u0131lar zaman i\u00e7erisinde yaln\u0131zl\u0131k veya hastalik gibi fiziksel veya zihinsel problemlerle kar\u015f\u0131 kar\u015f\u0131ya kalabilirler. \u00c7o\u011fu zaman bu problemlerin giderilmesi aile fertlerinin veya arkada\u015flar\u0131n bak\u0131c\u0131 olarak devreye girmesiyle sa\u011flanabilir. Bu da aile i\u00e7i bak\u0131m\u0131n \u00f6neminin b\u00fcy\u00fckl\u00fc\u011f\u00fcnden ibarettir. Hollanda\u2019daki kuruluslardan yardim ihtiyaci talebinde bulunabilmekte dil bariyeri s\u00f6z konusu olabilir. Bazen aile ve arkada\u015f i\u00e7in bu bak\u0131m a\u011f\u0131r gelebilir ve bu ki\u015finin g\u00fcnl\u00fck ya\u015fam aktivitelerine kay\u0131t gere\u011fi duyulur. Bu arada \u00e7o\u011fu zaman bunun b\u00fcy\u00fck b\u00f6l\u00fcm\u00fcn\u00fc sa\u011fl\u0131k sigorta \u015firketleri kar\u015f\u0131lar.<\/p>\t\t\t\t\t\t\t\t<\/div>\n\t\t\t\t<\/div>\n\t\t\t\t<div class=\"elementor-element elementor-element-6f50c33 elementor-widget elementor-widget-heading\" data-id=\"6f50c33\" data-element_type=\"widget\" data-e-type=\"widget\" data-widget_type=\"heading.default\">\n\t\t\t\t<div class=\"elementor-widget-container\">\n\t\t\t\t\t<h2 class=\"elementor-heading-title elementor-size-default\">G\u00fcnl\u00fck ya\u015fam aktivitelerinde de\u011fi\u015fik aktiviteler<\/h2>\t\t\t\t<\/div>\n\t\t\t\t<\/div>\n\t\t\t\t<div class=\"elementor-element elementor-element-5b41c73 elementor-widget elementor-widget-text-editor\" data-id=\"5b41c73\" data-element_type=\"widget\" data-e-type=\"widget\" data-widget_type=\"text-editor.default\">\n\t\t\t\t<div class=\"elementor-widget-container\">\n\t\t\t\t\t\t\t\t\t<p>T\u00fcrk ve Fasl\u0131 ya\u015fl\u0131lar i\u00e7in bir\u00e7ok g\u00fcnl\u00fck ya\u015fam aktiviteleri sunan kurum vard\u0131r. \u00d6zellikle bu kurulu\u015flar b\u00fcy\u00fck \u015fehirlerde bulunur. Bazen de \u015fehirden uzak, sakin ortam ve geni\u015f alan \u00f6zellikli bak\u0131m \u00e7iftliklerinde bulunabilirler. G\u00fcnl\u00fck ya\u015fam aktivitelerinde bir\u00e7ok aktivite program\u0131 sunulur. Bireyler arasi ileti\u015fime son derece \u00f6nem verilir. Bunlar\u0131n yan\u0131 s\u0131ra mesela el sanat\u0131 u\u011fra\u015flar\u0131 veya kurs olanaklar\u0131 mevcuttur. \u015eehir i\u00e7inde ger\u00e7ekle\u015fen g\u00fcnl\u00fck ya\u015fam aktivitelerinde bazen \u00e7iftlik gezileri veya temiz hava teneff\u00fcs\u00fc i\u00e7in do\u011fa beldeleri gezileri yapilir. Bazi kurulu\u015flarda yemek yap\u0131m\u0131da aktivitele aras\u0131nda bulunmaktad\u0131r.<\/p>\t\t\t\t\t\t\t\t<\/div>\n\t\t\t\t<\/div>\n\t\t\t\t<div class=\"elementor-element elementor-element-89a9718 elementor-widget elementor-widget-heading\" data-id=\"89a9718\" data-element_type=\"widget\" data-e-type=\"widget\" data-widget_type=\"heading.default\">\n\t\t\t\t<div class=\"elementor-widget-container\">\n\t\t\t\t\t<h2 class=\"elementor-heading-title elementor-size-default\">T\u00fcrk ve Fasl\u0131 kad\u0131nlara \u00f6zel g\u00fcnl\u00fck ya\u015fam faaliyetleri<\/h2>\t\t\t\t<\/div>\n\t\t\t\t<\/div>\n\t\t\t\t<div class=\"elementor-element elementor-element-adf025a elementor-widget elementor-widget-text-editor\" data-id=\"adf025a\" data-element_type=\"widget\" data-e-type=\"widget\" data-widget_type=\"text-editor.default\">\n\t\t\t\t<div class=\"elementor-widget-container\">\n\t\t\t\t\t\t\t\t\t<p>Er zijn ook organisaties die zich focussen op dagbesteding voor Turkse en Marokkaanse vrouwen. Zo is de organisatie Kiymet een ontmoetingsplaats voor Turkse en Marokkaanse vrouwen van Turkse en Marokkaanse afkomst. Deze organisatie zorgt ervoor dat er een plek is waar deze vrouwen makkelijk contact kunnen maken. Het doel is om een zinvolle invulling aan de dag te geven door middel van praten en activiteiten ondernemen. Kiymet kan een mooi vangnet zijn voor Marokkaanse en Turkse vrouwen.<\/p>\t\t\t\t\t\t\t\t<\/div>\n\t\t\t\t<\/div>\n\t\t\t\t\t<\/div>\n\t\t<\/div>\n\t\t\t\t\t<\/div>\n\t\t<\/section>\n\t\t\t\t<section class=\"elementor-section elementor-top-section elementor-element elementor-element-2a36c0f elementor-section-height-min-height elementor-section-stretched elementor-section-boxed elementor-section-height-default elementor-section-items-middle\" data-id=\"2a36c0f\" data-element_type=\"section\" data-e-type=\"section\" data-settings=\"{&quot;stretch_section&quot;:&quot;section-stretched&quot;,&quot;background_background&quot;:&quot;classic&quot;}\">\n\t\t\t\t\t\t<div class=\"elementor-container elementor-column-gap-default\">\n\t\t\t\t\t<div class=\"elementor-column elementor-col-50 elementor-top-column elementor-element elementor-element-300e0a8\" data-id=\"300e0a8\" data-element_type=\"column\" data-e-type=\"column\">\n\t\t\t<div class=\"elementor-widget-wrap elementor-element-populated\">\n\t\t\t\t\t\t<div class=\"elementor-element elementor-element-e28589f elementor-widget elementor-widget-heading\" data-id=\"e28589f\" data-element_type=\"widget\" data-e-type=\"widget\" data-widget_type=\"heading.default\">\n\t\t\t\t<div class=\"elementor-widget-container\">\n\t\t\t\t\t<h2 class=\"elementor-heading-title elementor-size-default\">Welke zorgaanbieder kan mij helpen met zorg voor Turkse ouderen en Marokkaanse ouderen?<\/h2>\t\t\t\t<\/div>\n\t\t\t\t<\/div>\n\t\t\t\t\t<\/div>\n\t\t<\/div>\n\t\t\t\t<div class=\"elementor-column elementor-col-50 elementor-top-column elementor-element elementor-element-63be676\" data-id=\"63be676\" data-element_type=\"column\" data-e-type=\"column\">\n\t\t\t<div class=\"elementor-widget-wrap elementor-element-populated\">\n\t\t\t\t\t\t<div class=\"elementor-element elementor-element-c657248 elementor-align-center elementor-widget elementor-widget-button\" data-id=\"c657248\" data-element_type=\"widget\" data-e-type=\"widget\" data-widget_type=\"button.default\">\n\t\t\t\t<div class=\"elementor-widget-container\">\n\t\t\t\t\t\t\t\t\t<div class=\"elementor-button-wrapper\">\n\t\t\t\t\t<a class=\"elementor-button elementor-button-link elementor-size-md\" href=\"https:\/\/thuiszorg-turkse-ouderen.nl\/tr\/aanbieders-thuiszorg-turkse-en-marokkaanse-ouderen\/\">\n\t\t\t\t\t\t<span class=\"elementor-button-content-wrapper\">\n\t\t\t\t\t\t<span class=\"elementor-button-icon\">\n\t\t\t\t<i aria-hidden=\"true\" class=\"fas fa-search\"><\/i>\t\t\t<\/span>\n\t\t\t\t\t\t\t\t\t<span class=\"elementor-button-text\">Klik hier voor een overzichten van zorginstellingen<\/span>\n\t\t\t\t\t<\/span>\n\t\t\t\t\t<\/a>\n\t\t\t\t<\/div>\n\t\t\t\t\t\t\t\t<\/div>\n\t\t\t\t<\/div>\n\t\t\t\t\t<\/div>\n\t\t<\/div>\n\t\t\t\t\t<\/div>\n\t\t<\/section>\n\t\t\t\t<\/div>","protected":false},"excerpt":{"rendered":"<p>Bij dagbesteding van Turkse en Marokkaanse ouderen zijn vaak wel dezelfde activiteiten te doen als de dagbesteding van autochtone ouderen. Zo zijn er veel zorginstellingen die dagbestedingen aanbieden. Het verschil zit vooral in de inachtneming van culturele verschillen en de mogelijkheid om de moedertaal te spreken met zorgverleners. Ook wordt er bijvoorbeeld rekening gehouden met<br \/><a class=\"moretag\" href=\"https:\/\/thuiszorg-turkse-ouderen.nl\/tr\/dagbesteding-turkse-marokkaanse-ouderen-2\/\">+ Read More<\/a><\/p>","protected":false},"author":1,"featured_media":1205,"parent":0,"menu_order":1,"comment_status":"closed","ping_status":"closed","template":"templates\/page-fullwidth_template.php","meta":{"inline_featured_image":false,"_monsterinsights_skip_tracking":false,"_monsterinsights_sitenote_active":false,"_monsterinsights_sitenote_note":"","_monsterinsights_sitenote_category":0,"footnotes":""},"class_list":["post-14","page","type-page","status-publish","has-post-thumbnail","hentry"],"yoast_head":"<!-- This site is optimized with the Yoast SEO plugin v27.0 - https:\/\/yoast.com\/product\/yoast-seo-wordpress\/ -->\n<title>Dagbesteding Turkse en Marokkaanse ouderen<\/title>\n<meta name=\"description\" content=\"Dagbesteding voor Turkse en Marokkaanse ouderen met inachtneming van culturele verschillen en de mogelijkheid om de moedertaal te spreken met zorgverleners\" \/>\n<meta name=\"robots\" content=\"index, follow, max-snippet:-1, max-image-preview:large, max-video-preview:-1\" \/>\n<link rel=\"canonical\" href=\"https:\/\/thuiszorg-turkse-ouderen.nl\/tr\/dagbesteding-turkse-marokkaanse-ouderen-2\/\" \/>\n<meta property=\"og:locale\" content=\"tr_TR\" \/>\n<meta property=\"og:type\" content=\"article\" \/>\n<meta property=\"og:title\" content=\"Dagbesteding Turkse en Marokkaanse ouderen\" \/>\n<meta property=\"og:description\" content=\"Dagbesteding voor Turkse en Marokkaanse ouderen met inachtneming van culturele verschillen en de mogelijkheid om de moedertaal te spreken met zorgverleners\" \/>\n<meta property=\"og:url\" content=\"https:\/\/thuiszorg-turkse-ouderen.nl\/tr\/dagbesteding-turkse-marokkaanse-ouderen-2\/\" \/>\n<meta property=\"og:site_name\" content=\"Thuiszorg Turkse en Marokkaanse Ouderen\" \/>\n<meta property=\"article:publisher\" content=\"https:\/\/www.facebook.com\/Thuiszorg-Turkse-en-Marokkaanse-Ouderen-2162964037060436\/\" \/>\n<meta property=\"article:modified_time\" content=\"2024-05-29T09:47:22+00:00\" \/>\n<meta property=\"og:image\" content=\"https:\/\/thuiszorg-turkse-ouderen.nl\/wp-content\/uploads\/2021\/12\/thuiszorg-turkse-ouderen-bg.jpg\" \/>\n\t<meta property=\"og:image:width\" content=\"1400\" \/>\n\t<meta property=\"og:image:height\" content=\"400\" \/>\n\t<meta property=\"og:image:type\" content=\"image\/jpeg\" \/>\n<meta name=\"twitter:card\" content=\"summary_large_image\" \/>\n<meta name=\"twitter:label1\" content=\"Tahmini okuma s\u00fcresi\" \/>\n\t<meta name=\"twitter:data1\" content=\"3 dakika\" \/>\n<script type=\"application\/ld+json\" class=\"yoast-schema-graph\">{\"@context\":\"https:\/\/schema.org\",\"@graph\":[{\"@type\":\"WebPage\",\"@id\":\"https:\/\/thuiszorg-turkse-ouderen.nl\/dagbesteding-turkse-marokkaanse-ouderen-2\/\",\"url\":\"https:\/\/thuiszorg-turkse-ouderen.nl\/dagbesteding-turkse-marokkaanse-ouderen-2\/\",\"name\":\"Dagbesteding Turkse en Marokkaanse ouderen\",\"isPartOf\":{\"@id\":\"https:\/\/thuiszorg-turkse-ouderen.nl\/#website\"},\"primaryImageOfPage\":{\"@id\":\"https:\/\/thuiszorg-turkse-ouderen.nl\/dagbesteding-turkse-marokkaanse-ouderen-2\/#primaryimage\"},\"image\":{\"@id\":\"https:\/\/thuiszorg-turkse-ouderen.nl\/dagbesteding-turkse-marokkaanse-ouderen-2\/#primaryimage\"},\"thumbnailUrl\":\"https:\/\/thuiszorg-turkse-ouderen.nl\/wp-content\/uploads\/2021\/12\/thuiszorg-turkse-ouderen-bg.jpg\",\"datePublished\":\"2019-01-28T15:32:39+00:00\",\"dateModified\":\"2024-05-29T09:47:22+00:00\",\"description\":\"Dagbesteding voor Turkse en Marokkaanse ouderen met inachtneming van culturele verschillen en de mogelijkheid om de moedertaal te spreken met zorgverleners\",\"breadcrumb\":{\"@id\":\"https:\/\/thuiszorg-turkse-ouderen.nl\/dagbesteding-turkse-marokkaanse-ouderen-2\/#breadcrumb\"},\"inLanguage\":\"tr\",\"potentialAction\":[{\"@type\":\"ReadAction\",\"target\":[\"https:\/\/thuiszorg-turkse-ouderen.nl\/dagbesteding-turkse-marokkaanse-ouderen-2\/\"]}]},{\"@type\":\"ImageObject\",\"inLanguage\":\"tr\",\"@id\":\"https:\/\/thuiszorg-turkse-ouderen.nl\/dagbesteding-turkse-marokkaanse-ouderen-2\/#primaryimage\",\"url\":\"https:\/\/thuiszorg-turkse-ouderen.nl\/wp-content\/uploads\/2021\/12\/thuiszorg-turkse-ouderen-bg.jpg\",\"contentUrl\":\"https:\/\/thuiszorg-turkse-ouderen.nl\/wp-content\/uploads\/2021\/12\/thuiszorg-turkse-ouderen-bg.jpg\",\"width\":1400,\"height\":400,\"caption\":\"thuiszorg-turkse-ouderen-bg\"},{\"@type\":\"BreadcrumbList\",\"@id\":\"https:\/\/thuiszorg-turkse-ouderen.nl\/dagbesteding-turkse-marokkaanse-ouderen-2\/#breadcrumb\",\"itemListElement\":[{\"@type\":\"ListItem\",\"position\":1,\"name\":\"Home\",\"item\":\"https:\/\/thuiszorg-turkse-ouderen.nl\/\"},{\"@type\":\"ListItem\",\"position\":2,\"name\":\"Dagbesteding Turkse en Marokkaanse ouderen\"}]},{\"@type\":\"WebSite\",\"@id\":\"https:\/\/thuiszorg-turkse-ouderen.nl\/#website\",\"url\":\"https:\/\/thuiszorg-turkse-ouderen.nl\/\",\"name\":\"Thuiszorg Turkse en Marokkaanse Ouderen\",\"description\":\"\",\"publisher\":{\"@id\":\"https:\/\/thuiszorg-turkse-ouderen.nl\/#organization\"},\"potentialAction\":[{\"@type\":\"SearchAction\",\"target\":{\"@type\":\"EntryPoint\",\"urlTemplate\":\"https:\/\/thuiszorg-turkse-ouderen.nl\/?s={search_term_string}\"},\"query-input\":{\"@type\":\"PropertyValueSpecification\",\"valueRequired\":true,\"valueName\":\"search_term_string\"}}],\"inLanguage\":\"tr\"},{\"@type\":\"Organization\",\"@id\":\"https:\/\/thuiszorg-turkse-ouderen.nl\/#organization\",\"name\":\"Thuiszorg dagbesteding Turkse Marokkaanse ouderen\",\"url\":\"https:\/\/thuiszorg-turkse-ouderen.nl\/\",\"logo\":{\"@type\":\"ImageObject\",\"inLanguage\":\"tr\",\"@id\":\"https:\/\/thuiszorg-turkse-ouderen.nl\/#\/schema\/logo\/image\/\",\"url\":\"https:\/\/thuiszorg-turkse-ouderen.nl\/wp-content\/uploads\/2019\/12\/Logo.png\",\"contentUrl\":\"https:\/\/thuiszorg-turkse-ouderen.nl\/wp-content\/uploads\/2019\/12\/Logo.png\",\"width\":704,\"height\":725,\"caption\":\"Thuiszorg dagbesteding Turkse Marokkaanse ouderen\"},\"image\":{\"@id\":\"https:\/\/thuiszorg-turkse-ouderen.nl\/#\/schema\/logo\/image\/\"},\"sameAs\":[\"https:\/\/www.facebook.com\/Thuiszorg-Turkse-en-Marokkaanse-Ouderen-2162964037060436\/\",\"https:\/\/www.instagram.com\/thuiszorgturkseouderen\/\"]}]}<\/script>\n<!-- \/ Yoast SEO plugin. -->","yoast_head_json":{"title":"T\u00fcrk ve Fasl\u0131 ya\u015fl\u0131lara g\u00fcnl\u00fck ya\u015fam aktiviteleri","description":"Dagbesteding voor Turkse en Marokkaanse ouderen met inachtneming van culturele verschillen en de mogelijkheid om de moedertaal te spreken met zorgverleners","robots":{"index":"index","follow":"follow","max-snippet":"max-snippet:-1","max-image-preview":"max-image-preview:large","max-video-preview":"max-video-preview:-1"},"canonical":"https:\/\/thuiszorg-turkse-ouderen.nl\/tr\/dagbesteding-turkse-marokkaanse-ouderen-2\/","og_locale":"tr_TR","og_type":"article","og_title":"Dagbesteding Turkse en Marokkaanse ouderen","og_description":"Dagbesteding voor Turkse en Marokkaanse ouderen met inachtneming van culturele verschillen en de mogelijkheid om de moedertaal te spreken met zorgverleners","og_url":"https:\/\/thuiszorg-turkse-ouderen.nl\/tr\/dagbesteding-turkse-marokkaanse-ouderen-2\/","og_site_name":"Thuiszorg Turkse en Marokkaanse Ouderen","article_publisher":"https:\/\/www.facebook.com\/Thuiszorg-Turkse-en-Marokkaanse-Ouderen-2162964037060436\/","article_modified_time":"2024-05-29T09:47:22+00:00","og_image":[{"width":1400,"height":400,"url":"https:\/\/thuiszorg-turkse-ouderen.nl\/wp-content\/uploads\/2021\/12\/thuiszorg-turkse-ouderen-bg.jpg","type":"image\/jpeg"}],"twitter_card":"summary_large_image","twitter_misc":{"Tahmini okuma s\u00fcresi":"3 dakika"},"schema":{"@context":"https:\/\/schema.org","@graph":[{"@type":"WebPage","@id":"https:\/\/thuiszorg-turkse-ouderen.nl\/dagbesteding-turkse-marokkaanse-ouderen-2\/","url":"https:\/\/thuiszorg-turkse-ouderen.nl\/dagbesteding-turkse-marokkaanse-ouderen-2\/","name":"T\u00fcrk ve Fasl\u0131 ya\u015fl\u0131lara g\u00fcnl\u00fck ya\u015fam aktiviteleri","isPartOf":{"@id":"https:\/\/thuiszorg-turkse-ouderen.nl\/#website"},"primaryImageOfPage":{"@id":"https:\/\/thuiszorg-turkse-ouderen.nl\/dagbesteding-turkse-marokkaanse-ouderen-2\/#primaryimage"},"image":{"@id":"https:\/\/thuiszorg-turkse-ouderen.nl\/dagbesteding-turkse-marokkaanse-ouderen-2\/#primaryimage"},"thumbnailUrl":"https:\/\/thuiszorg-turkse-ouderen.nl\/wp-content\/uploads\/2021\/12\/thuiszorg-turkse-ouderen-bg.jpg","datePublished":"2019-01-28T15:32:39+00:00","dateModified":"2024-05-29T09:47:22+00:00","description":"Dagbesteding voor Turkse en Marokkaanse ouderen met inachtneming van culturele verschillen en de mogelijkheid om de moedertaal te spreken met zorgverleners","breadcrumb":{"@id":"https:\/\/thuiszorg-turkse-ouderen.nl\/dagbesteding-turkse-marokkaanse-ouderen-2\/#breadcrumb"},"inLanguage":"tr","potentialAction":[{"@type":"ReadAction","target":["https:\/\/thuiszorg-turkse-ouderen.nl\/dagbesteding-turkse-marokkaanse-ouderen-2\/"]}]},{"@type":"ImageObject","inLanguage":"tr","@id":"https:\/\/thuiszorg-turkse-ouderen.nl\/dagbesteding-turkse-marokkaanse-ouderen-2\/#primaryimage","url":"https:\/\/thuiszorg-turkse-ouderen.nl\/wp-content\/uploads\/2021\/12\/thuiszorg-turkse-ouderen-bg.jpg","contentUrl":"https:\/\/thuiszorg-turkse-ouderen.nl\/wp-content\/uploads\/2021\/12\/thuiszorg-turkse-ouderen-bg.jpg","width":1400,"height":400,"caption":"thuiszorg-turkse-ouderen-bg"},{"@type":"BreadcrumbList","@id":"https:\/\/thuiszorg-turkse-ouderen.nl\/dagbesteding-turkse-marokkaanse-ouderen-2\/#breadcrumb","itemListElement":[{"@type":"ListItem","position":1,"name":"Home","item":"https:\/\/thuiszorg-turkse-ouderen.nl\/"},{"@type":"ListItem","position":2,"name":"Dagbesteding Turkse en Marokkaanse ouderen"}]},{"@type":"WebSite","@id":"https:\/\/thuiszorg-turkse-ouderen.nl\/#website","url":"https:\/\/thuiszorg-turkse-ouderen.nl\/","name":"Thuiszorg Turkse en Marokkaanse Ouderen","description":"","publisher":{"@id":"https:\/\/thuiszorg-turkse-ouderen.nl\/#organization"},"potentialAction":[{"@type":"SearchAction","target":{"@type":"EntryPoint","urlTemplate":"https:\/\/thuiszorg-turkse-ouderen.nl\/?s={search_term_string}"},"query-input":{"@type":"PropertyValueSpecification","valueRequired":true,"valueName":"search_term_string"}}],"inLanguage":"tr"},{"@type":"Organization","@id":"https:\/\/thuiszorg-turkse-ouderen.nl\/#organization","name":"Thuiszorg dagbesteding Turkse Marokkaanse ouderen","url":"https:\/\/thuiszorg-turkse-ouderen.nl\/","logo":{"@type":"ImageObject","inLanguage":"tr","@id":"https:\/\/thuiszorg-turkse-ouderen.nl\/#\/schema\/logo\/image\/","url":"https:\/\/thuiszorg-turkse-ouderen.nl\/wp-content\/uploads\/2019\/12\/Logo.png","contentUrl":"https:\/\/thuiszorg-turkse-ouderen.nl\/wp-content\/uploads\/2019\/12\/Logo.png","width":704,"height":725,"caption":"Thuiszorg dagbesteding Turkse Marokkaanse ouderen"},"image":{"@id":"https:\/\/thuiszorg-turkse-ouderen.nl\/#\/schema\/logo\/image\/"},"sameAs":["https:\/\/www.facebook.com\/Thuiszorg-Turkse-en-Marokkaanse-Ouderen-2162964037060436\/","https:\/\/www.instagram.com\/thuiszorgturkseouderen\/"]}]}},"_links":{"self":[{"href":"https:\/\/thuiszorg-turkse-ouderen.nl\/tr\/wp-json\/wp\/v2\/pages\/14","targetHints":{"allow":["GET"]}}],"collection":[{"href":"https:\/\/thuiszorg-turkse-ouderen.nl\/tr\/wp-json\/wp\/v2\/pages"}],"about":[{"href":"https:\/\/thuiszorg-turkse-ouderen.nl\/tr\/wp-json\/wp\/v2\/types\/page"}],"author":[{"embeddable":true,"href":"https:\/\/thuiszorg-turkse-ouderen.nl\/tr\/wp-json\/wp\/v2\/users\/1"}],"replies":[{"embeddable":true,"href":"https:\/\/thuiszorg-turkse-ouderen.nl\/tr\/wp-json\/wp\/v2\/comments?post=14"}],"version-history":[{"count":3,"href":"https:\/\/thuiszorg-turkse-ouderen.nl\/tr\/wp-json\/wp\/v2\/pages\/14\/revisions"}],"predecessor-version":[{"id":2416,"href":"https:\/\/thuiszorg-turkse-ouderen.nl\/tr\/wp-json\/wp\/v2\/pages\/14\/revisions\/2416"}],"wp:featuredmedia":[{"embeddable":true,"href":"https:\/\/thuiszorg-turkse-ouderen.nl\/tr\/wp-json\/wp\/v2\/media\/1205"}],"wp:attachment":[{"href":"https:\/\/thuiszorg-turkse-ouderen.nl\/tr\/wp-json\/wp\/v2\/media?parent=14"}],"curies":[{"name":"wp","href":"https:\/\/api.w.org\/{rel}","templated":true}]}}