{"id":16,"date":"2019-01-28T15:36:17","date_gmt":"2019-01-28T15:36:17","guid":{"rendered":"http:\/\/thuiszorg-turkse-ouderen.nl\/?page_id=16"},"modified":"2022-01-04T13:58:48","modified_gmt":"2022-01-04T13:58:48","slug":"welke-aanbieders-van-thuiszorg-voor-turkse-marokkaanse-zijn-er","status":"publish","type":"page","link":"https:\/\/thuiszorg-turkse-ouderen.nl\/tr\/welke-aanbieders-van-thuiszorg-voor-turkse-marokkaanse-zijn-er\/","title":{"rendered":"Informatie Turkse en Marokkaanse ouderen thuiszorg en dagbesteding"},"content":{"rendered":"<div data-elementor-type=\"wp-page\" data-elementor-id=\"16\" class=\"elementor elementor-16\" data-elementor-post-type=\"page\">\n\t\t\t\t\t\t<section class=\"elementor-section elementor-top-section elementor-element elementor-element-ce5058b elementor-section-boxed elementor-section-height-default elementor-section-height-default\" data-id=\"ce5058b\" data-element_type=\"section\" data-e-type=\"section\">\n\t\t\t\t\t\t<div class=\"elementor-container elementor-column-gap-default\">\n\t\t\t\t\t<div class=\"elementor-column elementor-col-100 elementor-top-column elementor-element elementor-element-555952c0\" data-id=\"555952c0\" data-element_type=\"column\" data-e-type=\"column\">\n\t\t\t<div class=\"elementor-widget-wrap elementor-element-populated\">\n\t\t\t\t\t\t<div class=\"elementor-element elementor-element-945fefb elementor-widget elementor-widget-text-editor\" data-id=\"945fefb\" data-element_type=\"widget\" data-e-type=\"widget\" data-widget_type=\"text-editor.default\">\n\t\t\t\t<div class=\"elementor-widget-container\">\n\t\t\t\t\t\t\t\t\t<p>Er zijn een <a href=\"https:\/\/thuiszorg-turkse-ouderen.nl\/tr\/aanbieders-thuiszorg-turkse-en-marokkaanse-ouderen\/\" rel=\"noopener noreferrer\">aantal aanbieders<\/a> van thuiszorg die wat meer de nadruk leggen op de verzorging voor Turkse en Marokkaanse ouderen in Nederland. Bij deze aanbieders is iedereen welkom, dus ook Turkse en Marokkaanse ouderen die verzorging nodig hebben. Er wordt hierbij rekening gehouden met de gewoontes en cultuurverschillen die er kunnen zijn. Dit is een greep uit de organisaties die er zijn, we noemen er een aantal die wat meer focus hebben op het aanbieden van verzorging voor Turkse en Marokkaanse ouderen of Turkse en Marokkaanse cli\u00ebnten in het algemeen.<\/p>\t\t\t\t\t\t\t\t<\/div>\n\t\t\t\t<\/div>\n\t\t\t\t<div class=\"elementor-element elementor-element-5ce2869 elementor-widget elementor-widget-heading\" data-id=\"5ce2869\" data-element_type=\"widget\" data-e-type=\"widget\" data-widget_type=\"heading.default\">\n\t\t\t\t<div class=\"elementor-widget-container\">\n\t\t\t\t\t<h2 class=\"elementor-heading-title elementor-size-default\">Avicen thuiszorg<\/h2>\t\t\t\t<\/div>\n\t\t\t\t<\/div>\n\t\t\t\t<div class=\"elementor-element elementor-element-576cde8 elementor-widget elementor-widget-text-editor\" data-id=\"576cde8\" data-element_type=\"widget\" data-e-type=\"widget\" data-widget_type=\"text-editor.default\">\n\t\t\t\t<div class=\"elementor-widget-container\">\n\t\t\t\t\t\t\t\t\t<p>Avicen thuiszorg is een organisatie die verzorging biedt aan mensen met een andere culturele achtergrond. Tevens streeft het ernaar om aan te sluiten op de persoonlijke wensen en behoeften van mensen met verschillende culturele achtergronden. Het is mogelijk om bij de aanmelding iemand te spreken die een andere taal spreek dan Nederlands. Doordat ze dit aanbieden is de drempel naar contact leggen enorm verlaagd.<\/p>\t\t\t\t\t\t\t\t<\/div>\n\t\t\t\t<\/div>\n\t\t\t\t<div class=\"elementor-element elementor-element-78f3f9e elementor-widget elementor-widget-heading\" data-id=\"78f3f9e\" data-element_type=\"widget\" data-e-type=\"widget\" data-widget_type=\"heading.default\">\n\t\t\t\t<div class=\"elementor-widget-container\">\n\t\t\t\t\t<h2 class=\"elementor-heading-title elementor-size-default\">Mimosa thuiszorg<\/h2>\t\t\t\t<\/div>\n\t\t\t\t<\/div>\n\t\t\t\t<section class=\"elementor-section elementor-inner-section elementor-element elementor-element-8332687 elementor-section-boxed elementor-section-height-default elementor-section-height-default\" data-id=\"8332687\" data-element_type=\"section\" data-e-type=\"section\">\n\t\t\t\t\t\t<div class=\"elementor-container elementor-column-gap-default\">\n\t\t\t\t\t<div class=\"elementor-column elementor-col-50 elementor-inner-column elementor-element elementor-element-ab69bfa\" data-id=\"ab69bfa\" data-element_type=\"column\" data-e-type=\"column\">\n\t\t\t<div class=\"elementor-widget-wrap elementor-element-populated\">\n\t\t\t\t\t\t<div class=\"elementor-element elementor-element-a7c3d9f elementor-widget elementor-widget-text-editor\" data-id=\"a7c3d9f\" data-element_type=\"widget\" data-e-type=\"widget\" data-widget_type=\"text-editor.default\">\n\t\t\t\t<div class=\"elementor-widget-container\">\n\t\t\t\t\t\t\t\t\t<p>Mimosa thuiszorg is er voor iedereen. Dus ook voor de Turkse en Marokkaanse oudere. Ze zijn gespecialiseerd in de verzorging van mensen met een beperking in de ontwikkeling van hun eigen kracht. De focus van Mimosa ligt op het stimuleren van de zelfredzaamheid van mensen. Ze werken samen met organisaties die opkomen voor de Turkse en Marokkaanse ouderen. Hierdoor is deze organisatie in staat Turkse en Marokkaanse ouderen goed op te vangen en te behandelen als dit nodig is. Ook zijn er Turkse of anderstalige medewerkers die kunnen helpen bij aanmelding.<\/p>\t\t\t\t\t\t\t\t<\/div>\n\t\t\t\t<\/div>\n\t\t\t\t\t<\/div>\n\t\t<\/div>\n\t\t\t\t<div class=\"elementor-column elementor-col-50 elementor-inner-column elementor-element elementor-element-769e705\" data-id=\"769e705\" data-element_type=\"column\" data-e-type=\"column\">\n\t\t\t<div class=\"elementor-widget-wrap elementor-element-populated\">\n\t\t\t\t\t\t<div class=\"elementor-element elementor-element-b18ba18 elementor-widget elementor-widget-image\" data-id=\"b18ba18\" data-element_type=\"widget\" data-e-type=\"widget\" data-widget_type=\"image.default\">\n\t\t\t\t<div class=\"elementor-widget-container\">\n\t\t\t\t\t\t\t\t\t\t\t\t\t\t\t<img fetchpriority=\"high\" decoding=\"async\" width=\"700\" height=\"182\" src=\"https:\/\/thuiszorg-turkse-ouderen.nl\/wp-content\/uploads\/2019\/02\/mimosa-logo.png\" class=\"attachment-large size-large wp-image-314\" alt=\"mimosa zorg\" srcset=\"https:\/\/thuiszorg-turkse-ouderen.nl\/wp-content\/uploads\/2019\/02\/mimosa-logo.png 700w, https:\/\/thuiszorg-turkse-ouderen.nl\/wp-content\/uploads\/2019\/02\/mimosa-logo-300x78.png 300w\" sizes=\"(max-width: 700px) 100vw, 700px\" \/>\t\t\t\t\t\t\t\t\t\t\t\t\t\t\t<\/div>\n\t\t\t\t<\/div>\n\t\t\t\t\t<\/div>\n\t\t<\/div>\n\t\t\t\t\t<\/div>\n\t\t<\/section>\n\t\t\t\t<div class=\"elementor-element elementor-element-9dd1f59 elementor-widget elementor-widget-heading\" data-id=\"9dd1f59\" data-element_type=\"widget\" data-e-type=\"widget\" data-widget_type=\"heading.default\">\n\t\t\t\t<div class=\"elementor-widget-container\">\n\t\t\t\t\t<h2 class=\"elementor-heading-title elementor-size-default\">Ayganzorg<\/h2>\t\t\t\t<\/div>\n\t\t\t\t<\/div>\n\t\t\t\t<section class=\"elementor-section elementor-inner-section elementor-element elementor-element-5e458e2 elementor-section-boxed elementor-section-height-default elementor-section-height-default\" data-id=\"5e458e2\" data-element_type=\"section\" data-e-type=\"section\">\n\t\t\t\t\t\t<div class=\"elementor-container elementor-column-gap-default\">\n\t\t\t\t\t<div class=\"elementor-column elementor-col-50 elementor-inner-column elementor-element elementor-element-778b654\" data-id=\"778b654\" data-element_type=\"column\" data-e-type=\"column\">\n\t\t\t<div class=\"elementor-widget-wrap elementor-element-populated\">\n\t\t\t\t\t\t<div class=\"elementor-element elementor-element-ed1c05d elementor-widget elementor-widget-text-editor\" data-id=\"ed1c05d\" data-element_type=\"widget\" data-e-type=\"widget\" data-widget_type=\"text-editor.default\">\n\t\t\t\t<div class=\"elementor-widget-container\">\n\t\t\t\t\t\t\t\t\t<p>Brabant`ta bulunan Ayganzorg saglik kurulusu, Yasli ve T\u00fcrk m\u00fc\u015fterilerilerine bak\u0131m hizmeti odakl\u0131d\u0131r. Misyonlari, genellikle Fas veya T\u00fcrk kokenli olan m\u00fc\u015fterilere, en iyi bak\u0131mi verebilmektir. Bu sekilde kultur, gelenekler ve dil husunu dikkate alabilme imkanina sahip olurlar. Ayganzorg \u00e7ok \u00e7e\u015fitli personel kadrosuna sahiptir. Bu da yabanci k\u00f6kenli insanlar\u0131n kendilerini biraz daha fazla evde hissetmelerini ve dil engeli sorunu olmadan istedikleri yard\u0131m\u0131 almalar\u0131n\u0131 sa\u011flar. <a href=\"http:\/\/www.ayganzorg.nl\" target=\"_blank\" rel=\"noopener noreferrer\">Ayganzorg<\/a> heeft een grote diversiteit aan personeel. Dit zorgt ervoor dat mensen van Turkse en Marokkaanse afkomst zich wat meer thuis voelen en dat ze de hulp krijgen waar ze om vragen, zonder dat taal een barri\u00e8re is.<\/p>\t\t\t\t\t\t\t\t<\/div>\n\t\t\t\t<\/div>\n\t\t\t\t\t<\/div>\n\t\t<\/div>\n\t\t\t\t<div class=\"elementor-column elementor-col-50 elementor-inner-column elementor-element elementor-element-9e254b6\" data-id=\"9e254b6\" data-element_type=\"column\" data-e-type=\"column\">\n\t\t\t<div class=\"elementor-widget-wrap elementor-element-populated\">\n\t\t\t\t\t\t<div class=\"elementor-element elementor-element-3c40c19 elementor-widget elementor-widget-image\" data-id=\"3c40c19\" data-element_type=\"widget\" data-e-type=\"widget\" data-widget_type=\"image.default\">\n\t\t\t\t<div class=\"elementor-widget-container\">\n\t\t\t\t\t\t\t\t\t\t\t\t\t\t\t<img decoding=\"async\" width=\"210\" height=\"90\" src=\"https:\/\/thuiszorg-turkse-ouderen.nl\/wp-content\/uploads\/2019\/02\/ayganzorg-eindhoven-kaart.png\" class=\"attachment-large size-large wp-image-754\" alt=\"ayganzorg-eindhoven\" srcset=\"https:\/\/thuiszorg-turkse-ouderen.nl\/wp-content\/uploads\/2019\/02\/ayganzorg-eindhoven-kaart.png 210w, https:\/\/thuiszorg-turkse-ouderen.nl\/wp-content\/uploads\/2019\/02\/ayganzorg-eindhoven-kaart-16x7.png 16w\" sizes=\"(max-width: 210px) 100vw, 210px\" \/>\t\t\t\t\t\t\t\t\t\t\t\t\t\t\t<\/div>\n\t\t\t\t<\/div>\n\t\t\t\t\t<\/div>\n\t\t<\/div>\n\t\t\t\t\t<\/div>\n\t\t<\/section>\n\t\t\t\t\t<\/div>\n\t\t<\/div>\n\t\t\t\t\t<\/div>\n\t\t<\/section>\n\t\t\t\t<section class=\"elementor-section elementor-top-section elementor-element elementor-element-8c3a9a6 elementor-section-height-min-height elementor-section-stretched elementor-section-boxed elementor-section-height-default elementor-section-items-middle\" data-id=\"8c3a9a6\" data-element_type=\"section\" data-e-type=\"section\" data-settings=\"{&quot;stretch_section&quot;:&quot;section-stretched&quot;,&quot;background_background&quot;:&quot;classic&quot;}\">\n\t\t\t\t\t\t<div class=\"elementor-container elementor-column-gap-default\">\n\t\t\t\t\t<div class=\"elementor-column elementor-col-50 elementor-top-column elementor-element elementor-element-f2224d1\" data-id=\"f2224d1\" data-element_type=\"column\" data-e-type=\"column\">\n\t\t\t<div class=\"elementor-widget-wrap elementor-element-populated\">\n\t\t\t\t\t\t<div class=\"elementor-element elementor-element-eadb8cb elementor-widget elementor-widget-heading\" data-id=\"eadb8cb\" data-element_type=\"widget\" data-e-type=\"widget\" data-widget_type=\"heading.default\">\n\t\t\t\t<div class=\"elementor-widget-container\">\n\t\t\t\t\t<h2 class=\"elementor-heading-title elementor-size-default\">Welke zorgaanbieder kan mij helpen bij dementie bij Turkse en Marokkaanse ouderen?\n<\/h2>\t\t\t\t<\/div>\n\t\t\t\t<\/div>\n\t\t\t\t\t<\/div>\n\t\t<\/div>\n\t\t\t\t<div class=\"elementor-column elementor-col-50 elementor-top-column elementor-element elementor-element-e48d797\" data-id=\"e48d797\" data-element_type=\"column\" data-e-type=\"column\">\n\t\t\t<div class=\"elementor-widget-wrap elementor-element-populated\">\n\t\t\t\t\t\t<div class=\"elementor-element elementor-element-8908af0 elementor-align-center elementor-widget elementor-widget-button\" data-id=\"8908af0\" data-element_type=\"widget\" data-e-type=\"widget\" data-widget_type=\"button.default\">\n\t\t\t\t<div class=\"elementor-widget-container\">\n\t\t\t\t\t\t\t\t\t<div class=\"elementor-button-wrapper\">\n\t\t\t\t\t<a class=\"elementor-button elementor-button-link elementor-size-md\" href=\"https:\/\/thuiszorg-turkse-ouderen.nl\/tr\/aanbieders-thuiszorg-turkse-en-marokkaanse-ouderen\/\">\n\t\t\t\t\t\t<span class=\"elementor-button-content-wrapper\">\n\t\t\t\t\t\t<span class=\"elementor-button-icon\">\n\t\t\t\t<i aria-hidden=\"true\" class=\"fas fa-search\"><\/i>\t\t\t<\/span>\n\t\t\t\t\t\t\t\t\t<span class=\"elementor-button-text\">Klik hier voor een overzichten van zorginstellingen<\/span>\n\t\t\t\t\t<\/span>\n\t\t\t\t\t<\/a>\n\t\t\t\t<\/div>\n\t\t\t\t\t\t\t\t<\/div>\n\t\t\t\t<\/div>\n\t\t\t\t\t<\/div>\n\t\t<\/div>\n\t\t\t\t\t<\/div>\n\t\t<\/section>\n\t\t\t\t<\/div>","protected":false},"excerpt":{"rendered":"<p>Er zijn een aantal aanbieders van thuiszorg die wat meer de nadruk leggen op de verzorging voor Turkse en Marokkaanse ouderen in Nederland. Bij deze aanbieders is iedereen welkom, dus ook Turkse en Marokkaanse ouderen die verzorging nodig hebben. Er wordt hierbij rekening gehouden met de gewoontes en cultuurverschillen die er kunnen zijn. Dit is<br \/><a class=\"moretag\" href=\"https:\/\/thuiszorg-turkse-ouderen.nl\/tr\/welke-aanbieders-van-thuiszorg-voor-turkse-marokkaanse-zijn-er\/\">+ Read More<\/a><\/p>","protected":false},"author":1,"featured_media":1205,"parent":0,"menu_order":2,"comment_status":"closed","ping_status":"closed","template":"templates\/page-fullwidth_template.php","meta":{"inline_featured_image":false,"_monsterinsights_skip_tracking":false,"_monsterinsights_sitenote_active":false,"_monsterinsights_sitenote_note":"","_monsterinsights_sitenote_category":0,"footnotes":""},"class_list":["post-16","page","type-page","status-publish","has-post-thumbnail","hentry"],"yoast_head":"<!-- This site is optimized with the Yoast SEO plugin v27.0 - https:\/\/yoast.com\/product\/yoast-seo-wordpress\/ -->\n<title>Informatie Turkse en Marokkaanse ouderen thuiszorg en dagbesteding<\/title>\n<meta name=\"description\" content=\"Er zijn een aantal aanbieders van thuiszorg die meer de nadruk leggen op de verzorging voor Turkse en Marokkaanse ouderen in Nederland.Bekijk het overzicht.\" \/>\n<meta name=\"robots\" content=\"index, follow, max-snippet:-1, max-image-preview:large, max-video-preview:-1\" \/>\n<link rel=\"canonical\" href=\"https:\/\/thuiszorg-turkse-ouderen.nl\/tr\/welke-aanbieders-van-thuiszorg-voor-turkse-marokkaanse-zijn-er\/\" \/>\n<meta property=\"og:locale\" content=\"tr_TR\" \/>\n<meta property=\"og:type\" content=\"article\" \/>\n<meta property=\"og:title\" content=\"Informatie Turkse en Marokkaanse ouderen thuiszorg en dagbesteding\" \/>\n<meta property=\"og:description\" content=\"Er zijn een aantal aanbieders van thuiszorg die meer de nadruk leggen op de verzorging voor Turkse en Marokkaanse ouderen in Nederland.Bekijk het overzicht.\" \/>\n<meta property=\"og:url\" content=\"https:\/\/thuiszorg-turkse-ouderen.nl\/tr\/welke-aanbieders-van-thuiszorg-voor-turkse-marokkaanse-zijn-er\/\" \/>\n<meta property=\"og:site_name\" content=\"Thuiszorg Turkse en Marokkaanse Ouderen\" \/>\n<meta property=\"article:publisher\" content=\"https:\/\/www.facebook.com\/Thuiszorg-Turkse-en-Marokkaanse-Ouderen-2162964037060436\/\" \/>\n<meta property=\"article:modified_time\" content=\"2022-01-04T13:58:48+00:00\" \/>\n<meta property=\"og:image\" content=\"https:\/\/thuiszorg-turkse-ouderen.nl\/wp-content\/uploads\/2021\/12\/thuiszorg-turkse-ouderen-bg.jpg\" \/>\n\t<meta property=\"og:image:width\" content=\"1400\" \/>\n\t<meta property=\"og:image:height\" content=\"400\" \/>\n\t<meta property=\"og:image:type\" content=\"image\/jpeg\" \/>\n<meta name=\"twitter:card\" content=\"summary_large_image\" \/>\n<meta name=\"twitter:label1\" content=\"Tahmini okuma s\u00fcresi\" \/>\n\t<meta name=\"twitter:data1\" content=\"3 dakika\" \/>\n<script type=\"application\/ld+json\" class=\"yoast-schema-graph\">{\"@context\":\"https:\/\/schema.org\",\"@graph\":[{\"@type\":\"WebPage\",\"@id\":\"https:\/\/thuiszorg-turkse-ouderen.nl\/welke-aanbieders-van-thuiszorg-voor-turkse-marokkaanse-zijn-er\/\",\"url\":\"https:\/\/thuiszorg-turkse-ouderen.nl\/welke-aanbieders-van-thuiszorg-voor-turkse-marokkaanse-zijn-er\/\",\"name\":\"Informatie Turkse en Marokkaanse ouderen thuiszorg en dagbesteding\",\"isPartOf\":{\"@id\":\"https:\/\/thuiszorg-turkse-ouderen.nl\/#website\"},\"primaryImageOfPage\":{\"@id\":\"https:\/\/thuiszorg-turkse-ouderen.nl\/welke-aanbieders-van-thuiszorg-voor-turkse-marokkaanse-zijn-er\/#primaryimage\"},\"image\":{\"@id\":\"https:\/\/thuiszorg-turkse-ouderen.nl\/welke-aanbieders-van-thuiszorg-voor-turkse-marokkaanse-zijn-er\/#primaryimage\"},\"thumbnailUrl\":\"https:\/\/thuiszorg-turkse-ouderen.nl\/wp-content\/uploads\/2021\/12\/thuiszorg-turkse-ouderen-bg.jpg\",\"datePublished\":\"2019-01-28T15:36:17+00:00\",\"dateModified\":\"2022-01-04T13:58:48+00:00\",\"description\":\"Er zijn een aantal aanbieders van thuiszorg die meer de nadruk leggen op de verzorging voor Turkse en Marokkaanse ouderen in Nederland.Bekijk het overzicht.\",\"breadcrumb\":{\"@id\":\"https:\/\/thuiszorg-turkse-ouderen.nl\/welke-aanbieders-van-thuiszorg-voor-turkse-marokkaanse-zijn-er\/#breadcrumb\"},\"inLanguage\":\"tr\",\"potentialAction\":[{\"@type\":\"ReadAction\",\"target\":[\"https:\/\/thuiszorg-turkse-ouderen.nl\/welke-aanbieders-van-thuiszorg-voor-turkse-marokkaanse-zijn-er\/\"]}]},{\"@type\":\"ImageObject\",\"inLanguage\":\"tr\",\"@id\":\"https:\/\/thuiszorg-turkse-ouderen.nl\/welke-aanbieders-van-thuiszorg-voor-turkse-marokkaanse-zijn-er\/#primaryimage\",\"url\":\"https:\/\/thuiszorg-turkse-ouderen.nl\/wp-content\/uploads\/2021\/12\/thuiszorg-turkse-ouderen-bg.jpg\",\"contentUrl\":\"https:\/\/thuiszorg-turkse-ouderen.nl\/wp-content\/uploads\/2021\/12\/thuiszorg-turkse-ouderen-bg.jpg\",\"width\":1400,\"height\":400,\"caption\":\"thuiszorg-turkse-ouderen-bg\"},{\"@type\":\"BreadcrumbList\",\"@id\":\"https:\/\/thuiszorg-turkse-ouderen.nl\/welke-aanbieders-van-thuiszorg-voor-turkse-marokkaanse-zijn-er\/#breadcrumb\",\"itemListElement\":[{\"@type\":\"ListItem\",\"position\":1,\"name\":\"Home\",\"item\":\"https:\/\/thuiszorg-turkse-ouderen.nl\/\"},{\"@type\":\"ListItem\",\"position\":2,\"name\":\"Informatie Turkse en Marokkaanse ouderen thuiszorg en dagbesteding\"}]},{\"@type\":\"WebSite\",\"@id\":\"https:\/\/thuiszorg-turkse-ouderen.nl\/#website\",\"url\":\"https:\/\/thuiszorg-turkse-ouderen.nl\/\",\"name\":\"Thuiszorg Turkse en Marokkaanse Ouderen\",\"description\":\"\",\"publisher\":{\"@id\":\"https:\/\/thuiszorg-turkse-ouderen.nl\/#organization\"},\"potentialAction\":[{\"@type\":\"SearchAction\",\"target\":{\"@type\":\"EntryPoint\",\"urlTemplate\":\"https:\/\/thuiszorg-turkse-ouderen.nl\/?s={search_term_string}\"},\"query-input\":{\"@type\":\"PropertyValueSpecification\",\"valueRequired\":true,\"valueName\":\"search_term_string\"}}],\"inLanguage\":\"tr\"},{\"@type\":\"Organization\",\"@id\":\"https:\/\/thuiszorg-turkse-ouderen.nl\/#organization\",\"name\":\"Thuiszorg dagbesteding Turkse Marokkaanse ouderen\",\"url\":\"https:\/\/thuiszorg-turkse-ouderen.nl\/\",\"logo\":{\"@type\":\"ImageObject\",\"inLanguage\":\"tr\",\"@id\":\"https:\/\/thuiszorg-turkse-ouderen.nl\/#\/schema\/logo\/image\/\",\"url\":\"https:\/\/thuiszorg-turkse-ouderen.nl\/wp-content\/uploads\/2019\/12\/Logo.png\",\"contentUrl\":\"https:\/\/thuiszorg-turkse-ouderen.nl\/wp-content\/uploads\/2019\/12\/Logo.png\",\"width\":704,\"height\":725,\"caption\":\"Thuiszorg dagbesteding Turkse Marokkaanse ouderen\"},\"image\":{\"@id\":\"https:\/\/thuiszorg-turkse-ouderen.nl\/#\/schema\/logo\/image\/\"},\"sameAs\":[\"https:\/\/www.facebook.com\/Thuiszorg-Turkse-en-Marokkaanse-Ouderen-2162964037060436\/\",\"https:\/\/www.instagram.com\/thuiszorgturkseouderen\/\"]}]}<\/script>\n<!-- \/ Yoast SEO plugin. -->","yoast_head_json":{"title":"Informatie Turkse en Marokkaanse ouderen thuiszorg en dagbesteding","description":"Er zijn een aantal aanbieders van thuiszorg die meer de nadruk leggen op de verzorging voor Turkse en Marokkaanse ouderen in Nederland.Bekijk het overzicht.","robots":{"index":"index","follow":"follow","max-snippet":"max-snippet:-1","max-image-preview":"max-image-preview:large","max-video-preview":"max-video-preview:-1"},"canonical":"https:\/\/thuiszorg-turkse-ouderen.nl\/tr\/welke-aanbieders-van-thuiszorg-voor-turkse-marokkaanse-zijn-er\/","og_locale":"tr_TR","og_type":"article","og_title":"Informatie Turkse en Marokkaanse ouderen thuiszorg en dagbesteding","og_description":"Er zijn een aantal aanbieders van thuiszorg die meer de nadruk leggen op de verzorging voor Turkse en Marokkaanse ouderen in Nederland.Bekijk het overzicht.","og_url":"https:\/\/thuiszorg-turkse-ouderen.nl\/tr\/welke-aanbieders-van-thuiszorg-voor-turkse-marokkaanse-zijn-er\/","og_site_name":"Thuiszorg Turkse en Marokkaanse Ouderen","article_publisher":"https:\/\/www.facebook.com\/Thuiszorg-Turkse-en-Marokkaanse-Ouderen-2162964037060436\/","article_modified_time":"2022-01-04T13:58:48+00:00","og_image":[{"width":1400,"height":400,"url":"https:\/\/thuiszorg-turkse-ouderen.nl\/wp-content\/uploads\/2021\/12\/thuiszorg-turkse-ouderen-bg.jpg","type":"image\/jpeg"}],"twitter_card":"summary_large_image","twitter_misc":{"Tahmini okuma s\u00fcresi":"3 dakika"},"schema":{"@context":"https:\/\/schema.org","@graph":[{"@type":"WebPage","@id":"https:\/\/thuiszorg-turkse-ouderen.nl\/welke-aanbieders-van-thuiszorg-voor-turkse-marokkaanse-zijn-er\/","url":"https:\/\/thuiszorg-turkse-ouderen.nl\/welke-aanbieders-van-thuiszorg-voor-turkse-marokkaanse-zijn-er\/","name":"Informatie Turkse en Marokkaanse ouderen thuiszorg en dagbesteding","isPartOf":{"@id":"https:\/\/thuiszorg-turkse-ouderen.nl\/#website"},"primaryImageOfPage":{"@id":"https:\/\/thuiszorg-turkse-ouderen.nl\/welke-aanbieders-van-thuiszorg-voor-turkse-marokkaanse-zijn-er\/#primaryimage"},"image":{"@id":"https:\/\/thuiszorg-turkse-ouderen.nl\/welke-aanbieders-van-thuiszorg-voor-turkse-marokkaanse-zijn-er\/#primaryimage"},"thumbnailUrl":"https:\/\/thuiszorg-turkse-ouderen.nl\/wp-content\/uploads\/2021\/12\/thuiszorg-turkse-ouderen-bg.jpg","datePublished":"2019-01-28T15:36:17+00:00","dateModified":"2022-01-04T13:58:48+00:00","description":"Er zijn een aantal aanbieders van thuiszorg die meer de nadruk leggen op de verzorging voor Turkse en Marokkaanse ouderen in Nederland.Bekijk het overzicht.","breadcrumb":{"@id":"https:\/\/thuiszorg-turkse-ouderen.nl\/welke-aanbieders-van-thuiszorg-voor-turkse-marokkaanse-zijn-er\/#breadcrumb"},"inLanguage":"tr","potentialAction":[{"@type":"ReadAction","target":["https:\/\/thuiszorg-turkse-ouderen.nl\/welke-aanbieders-van-thuiszorg-voor-turkse-marokkaanse-zijn-er\/"]}]},{"@type":"ImageObject","inLanguage":"tr","@id":"https:\/\/thuiszorg-turkse-ouderen.nl\/welke-aanbieders-van-thuiszorg-voor-turkse-marokkaanse-zijn-er\/#primaryimage","url":"https:\/\/thuiszorg-turkse-ouderen.nl\/wp-content\/uploads\/2021\/12\/thuiszorg-turkse-ouderen-bg.jpg","contentUrl":"https:\/\/thuiszorg-turkse-ouderen.nl\/wp-content\/uploads\/2021\/12\/thuiszorg-turkse-ouderen-bg.jpg","width":1400,"height":400,"caption":"thuiszorg-turkse-ouderen-bg"},{"@type":"BreadcrumbList","@id":"https:\/\/thuiszorg-turkse-ouderen.nl\/welke-aanbieders-van-thuiszorg-voor-turkse-marokkaanse-zijn-er\/#breadcrumb","itemListElement":[{"@type":"ListItem","position":1,"name":"Home","item":"https:\/\/thuiszorg-turkse-ouderen.nl\/"},{"@type":"ListItem","position":2,"name":"Informatie Turkse en Marokkaanse ouderen thuiszorg en dagbesteding"}]},{"@type":"WebSite","@id":"https:\/\/thuiszorg-turkse-ouderen.nl\/#website","url":"https:\/\/thuiszorg-turkse-ouderen.nl\/","name":"Thuiszorg Turkse en Marokkaanse Ouderen","description":"","publisher":{"@id":"https:\/\/thuiszorg-turkse-ouderen.nl\/#organization"},"potentialAction":[{"@type":"SearchAction","target":{"@type":"EntryPoint","urlTemplate":"https:\/\/thuiszorg-turkse-ouderen.nl\/?s={search_term_string}"},"query-input":{"@type":"PropertyValueSpecification","valueRequired":true,"valueName":"search_term_string"}}],"inLanguage":"tr"},{"@type":"Organization","@id":"https:\/\/thuiszorg-turkse-ouderen.nl\/#organization","name":"Thuiszorg dagbesteding Turkse Marokkaanse ouderen","url":"https:\/\/thuiszorg-turkse-ouderen.nl\/","logo":{"@type":"ImageObject","inLanguage":"tr","@id":"https:\/\/thuiszorg-turkse-ouderen.nl\/#\/schema\/logo\/image\/","url":"https:\/\/thuiszorg-turkse-ouderen.nl\/wp-content\/uploads\/2019\/12\/Logo.png","contentUrl":"https:\/\/thuiszorg-turkse-ouderen.nl\/wp-content\/uploads\/2019\/12\/Logo.png","width":704,"height":725,"caption":"Thuiszorg dagbesteding Turkse Marokkaanse ouderen"},"image":{"@id":"https:\/\/thuiszorg-turkse-ouderen.nl\/#\/schema\/logo\/image\/"},"sameAs":["https:\/\/www.facebook.com\/Thuiszorg-Turkse-en-Marokkaanse-Ouderen-2162964037060436\/","https:\/\/www.instagram.com\/thuiszorgturkseouderen\/"]}]}},"_links":{"self":[{"href":"https:\/\/thuiszorg-turkse-ouderen.nl\/tr\/wp-json\/wp\/v2\/pages\/16","targetHints":{"allow":["GET"]}}],"collection":[{"href":"https:\/\/thuiszorg-turkse-ouderen.nl\/tr\/wp-json\/wp\/v2\/pages"}],"about":[{"href":"https:\/\/thuiszorg-turkse-ouderen.nl\/tr\/wp-json\/wp\/v2\/types\/page"}],"author":[{"embeddable":true,"href":"https:\/\/thuiszorg-turkse-ouderen.nl\/tr\/wp-json\/wp\/v2\/users\/1"}],"replies":[{"embeddable":true,"href":"https:\/\/thuiszorg-turkse-ouderen.nl\/tr\/wp-json\/wp\/v2\/comments?post=16"}],"version-history":[{"count":0,"href":"https:\/\/thuiszorg-turkse-ouderen.nl\/tr\/wp-json\/wp\/v2\/pages\/16\/revisions"}],"wp:featuredmedia":[{"embeddable":true,"href":"https:\/\/thuiszorg-turkse-ouderen.nl\/tr\/wp-json\/wp\/v2\/media\/1205"}],"wp:attachment":[{"href":"https:\/\/thuiszorg-turkse-ouderen.nl\/tr\/wp-json\/wp\/v2\/media?parent=16"}],"curies":[{"name":"wp","href":"https:\/\/api.w.org\/{rel}","templated":true}]}}