{"id":18,"date":"2019-01-28T15:37:16","date_gmt":"2019-01-28T15:37:16","guid":{"rendered":"http:\/\/thuiszorg-turkse-ouderen.nl\/?page_id=18"},"modified":"2024-05-29T09:47:40","modified_gmt":"2024-05-29T09:47:40","slug":"tips-voor-de-zorg-van-turkse-en-marokkaanse-ouderen","status":"publish","type":"page","link":"https:\/\/thuiszorg-turkse-ouderen.nl\/tr\/tips-voor-de-zorg-van-turkse-en-marokkaanse-ouderen\/","title":{"rendered":"Yabanc\u0131 k\u00f6kenli ya\u015fl\u0131lara y\u00f6nelik bak\u0131m hizmetleri \u00f6nerileri"},"content":{"rendered":"<div data-elementor-type=\"wp-page\" data-elementor-id=\"18\" class=\"elementor elementor-18\" data-elementor-post-type=\"page\">\n\t\t\t\t\t\t<section class=\"elementor-section elementor-top-section elementor-element elementor-element-17150cd elementor-section-boxed elementor-section-height-default elementor-section-height-default\" data-id=\"17150cd\" data-element_type=\"section\" data-e-type=\"section\">\n\t\t\t\t\t\t<div class=\"elementor-container elementor-column-gap-default\">\n\t\t\t\t\t<div class=\"elementor-column elementor-col-100 elementor-top-column elementor-element elementor-element-79f1108a\" data-id=\"79f1108a\" data-element_type=\"column\" data-e-type=\"column\">\n\t\t\t<div class=\"elementor-widget-wrap elementor-element-populated\">\n\t\t\t\t\t\t<div class=\"elementor-element elementor-element-81377bf elementor-widget elementor-widget-text-editor\" data-id=\"81377bf\" data-element_type=\"widget\" data-e-type=\"widget\" data-widget_type=\"text-editor.default\">\n\t\t\t\t<div class=\"elementor-widget-container\">\n\t\t\t\t\t\t\t\t\t<p>Yabanc\u0131 k\u00f6kenli ya\u015fl\u0131larin bak\u0131m\u0131na y\u00f6nelik birka\u00e7 \u015fey yapabilirsiniz. Ev bak\u0131m\u0131 hizmetlerinde \u00e7al\u0131\u015f\u0131yorsan\u0131z kendinizi hazirlayabilmenizde fayda vardir. \u00c7o\u011fu zaman de\u011fi\u015fik al\u0131\u015fkanl\u0131klar\u0131n yan\u0131s\u0131ra dil bariyeri s\u00f6z konusu olabilir. O ki\u015fileri rahatlatabilmek ve sureci kolayla\u015ft\u0131rmak amac\u0131yla bu \u00f6nerileri ve y\u00f6ntemleri kullanabilirsiniz. B\u00f6ylelikle hem m\u00fc\u015fterilerinizi hemde bak\u0131c\u0131 olarak kendinizi rahatlam\u0131\u015f ve ho\u015fnut etmi\u015f olursunuz.<\/p>\t\t\t\t\t\t\t\t<\/div>\n\t\t\t\t<\/div>\n\t\t\t\t<div class=\"elementor-element elementor-element-b979520 elementor-widget elementor-widget-heading\" data-id=\"b979520\" data-element_type=\"widget\" data-e-type=\"widget\" data-widget_type=\"heading.default\">\n\t\t\t\t<div class=\"elementor-widget-container\">\n\t\t\t\t\t<h2 class=\"elementor-heading-title elementor-size-default\">Ne yapaca\u011f\u0131n\u0131z\u0131 a\u00e7\u0131klay\u0131n ve belli edin<\/h2>\t\t\t\t<\/div>\n\t\t\t\t<\/div>\n\t\t\t\t<div class=\"elementor-element elementor-element-29fd732 elementor-widget elementor-widget-text-editor\" data-id=\"29fd732\" data-element_type=\"widget\" data-e-type=\"widget\" data-widget_type=\"text-editor.default\">\n\t\t\t\t<div class=\"elementor-widget-container\">\n\t\t\t\t\t\t\t\t\t<p>Birinci \u00f6neri faaliyetlerinizi a\u00e7\u0131klaman\u0131z ve belli etmenizdir. \u00c7o\u011fu zaman evde bak\u0131m servisini kabullenmek bile buyuk bir ad\u0131md\u0131r. Yabanc\u0131 k\u00f6kenli ya\u015fl\u0131larin belki de sizin al\u0131\u015ft\u0131\u011f\u0131n\u0131zdan \u00f6te de\u011fi\u015fik istekleri vardir! Bu isteklere y\u00f6nelik hareket edin ki ikinizde ho\u015fnut olasiniz. Her zaman herseyin al\u0131\u015ft\u0131\u011f\u0131n\u0131z bir \u015fekilde yapilabilir olmas\u0131 gerekmez. Buna olumlu bakmaya cal\u0131\u015f.<\/p>\t\t\t\t\t\t\t\t<\/div>\n\t\t\t\t<\/div>\n\t\t\t\t<div class=\"elementor-element elementor-element-7dd2a65 elementor-widget elementor-widget-heading\" data-id=\"7dd2a65\" data-element_type=\"widget\" data-e-type=\"widget\" data-widget_type=\"heading.default\">\n\t\t\t\t<div class=\"elementor-widget-container\">\n\t\t\t\t\t<h2 class=\"elementor-heading-title elementor-size-default\">Houd rekening met feestdagen van migrantenouderen<\/h2>\t\t\t\t<\/div>\n\t\t\t\t<\/div>\n\t\t\t\t<div class=\"elementor-element elementor-element-b4e31b5 elementor-widget elementor-widget-text-editor\" data-id=\"b4e31b5\" data-element_type=\"widget\" data-e-type=\"widget\" data-widget_type=\"text-editor.default\">\n\t\t\t\t<div class=\"elementor-widget-container\">\n\t\t\t\t\t\t\t\t\t<p class=\"translation-block\">Fasl\u0131 ve T\u00fcrk ya\u015fl\u0131lar i\u00e7in Ramazan ve Kurban bayramlar\u0131 \u00f6nemli bayram g\u00fcnleridir. Bu hususta h\u00fcrmetli ol. E\u011fer ki\u015finin sa\u011fl\u0131k sorunundan dolayi Ramazan bayram\u0131n\u0131 kutlamasinda sak\u0131nca varsa, bunu \u00e7ok iyi \u015fekilde anlatmaya \u00e7al\u0131\u015f. Bunu doktor ile g\u00f6r\u00fc\u015fmektede fayda var. O sa\u011fl\u0131k ile ilgili detayl\u0131 bilgilere sahip oldu\u011fundan bayramlarda ne yap\u0131l\u0131p yap\u0131lmad\u0131\u011f\u0131n\u0131 daha iyi bir \u015fekilde de\u011ferlendirebilir. \u0130cab\u0131nda aile ile irtibata ge\u00e7ip onlara sor.<\/p>\t\t\t\t\t\t\t\t<\/div>\n\t\t\t\t<\/div>\n\t\t\t\t<div class=\"elementor-element elementor-element-0ea3cbb elementor-widget elementor-widget-heading\" data-id=\"0ea3cbb\" data-element_type=\"widget\" data-e-type=\"widget\" data-widget_type=\"heading.default\">\n\t\t\t\t<div class=\"elementor-widget-container\">\n\t\t\t\t\t<h2 class=\"elementor-heading-title elementor-size-default\">Ne zaman gelece\u011fini \u00f6nceden bildir<\/h2>\t\t\t\t<\/div>\n\t\t\t\t<\/div>\n\t\t\t\t<div class=\"elementor-element elementor-element-76b8cbf elementor-widget elementor-widget-text-editor\" data-id=\"76b8cbf\" data-element_type=\"widget\" data-e-type=\"widget\" data-widget_type=\"text-editor.default\">\n\t\t\t\t<div class=\"elementor-widget-container\">\n\t\t\t\t\t\t\t\t\t<p>Saat kacta gelece\u011fini her zaman bildir. Bu \u015fekilde ya\u015fl\u0131lar\u0131 bilgilendirip kendilerini olumlu \u015fekilde y\u00f6nlendirmi\u015f olursunuz. Bu sekilde gerekti\u011finde bir aile ferdinin terc\u00fcme veya bazi belirsizlikler gere\u011fi bulunmasini sa\u011flanabilinir. Tabiki her zaman tam dakikas\u0131nda gelebilmeyebilirsin, ama bir y\u00f6n verebilmeniz iyi olur.<\/p>\t\t\t\t\t\t\t\t<\/div>\n\t\t\t\t<\/div>\n\t\t\t\t<div class=\"elementor-element elementor-element-58086f7 elementor-widget elementor-widget-heading\" data-id=\"58086f7\" data-element_type=\"widget\" data-e-type=\"widget\" data-widget_type=\"heading.default\">\n\t\t\t\t<div class=\"elementor-widget-container\">\n\t\t\t\t\t<h2 class=\"elementor-heading-title elementor-size-default\">T\u00fcrk ve Fasl\u0131 ya\u015fl\u0131lara Hollanda'da bak\u0131m sa\u011flama konusunda yakla\u015f\u0131yorlar<\/h2>\t\t\t\t<\/div>\n\t\t\t\t<\/div>\n\t\t\t\t<div class=\"elementor-element elementor-element-a3d10c1 elementor-widget elementor-widget-text-editor\" data-id=\"a3d10c1\" data-element_type=\"widget\" data-e-type=\"widget\" data-widget_type=\"text-editor.default\">\n\t\t\t\t<div class=\"elementor-widget-container\">\n\t\t\t\t\t\t\t\t\t<p>Ya\u015fl\u0131 g\u00f6\u00e7menlere yeterli bak\u0131m sa\u011flamak olduk\u00e7a zor olabilir. Genellikle sa\u011flanabilecek bak\u0131m\u0131n tam olarak fark\u0131nda de\u011fillerdir. Bunun temel nedeni, bu ya\u015fl\u0131 grup grubunun \u00e7o\u011fu zaman dili iyi bir \u015fekilde bilmemesidir. Ayr\u0131ca, bu k\u00fclt\u00fcrler i\u00e7inde \u00e7ocuklar\u0131n enformel bak\u0131m sorumlulu\u011funu \u00fcstlenmesi do\u011fald\u0131r. Bu y\u00fczden as\u0131rl\u0131k geleneklere ve beklentilere sad\u0131k kal\u0131yorlar, bu da bak\u0131m\u0131n aile i\u00e7inde \u00e7ok s\u0131k tutuldu\u011fu anlam\u0131na geliyor. Hollandal\u0131 bak\u0131c\u0131 ile m\u00fc\u015fterinin ve ailenin beklentileri aras\u0131ndaki bak\u0131\u015f a\u00e7\u0131s\u0131 aras\u0131ndaki fark, ileti\u015fimsizlik ve kar\u0131\u015f\u0131kl\u0131\u011fa neden olabilir.<\/p>\t\t\t\t\t\t\t\t<\/div>\n\t\t\t\t<\/div>\n\t\t\t\t\t<\/div>\n\t\t<\/div>\n\t\t\t\t\t<\/div>\n\t\t<\/section>\n\t\t\t\t<section class=\"elementor-section elementor-top-section elementor-element elementor-element-5b6d3a2 elementor-section-height-min-height elementor-section-stretched elementor-section-boxed elementor-section-height-default elementor-section-items-middle\" data-id=\"5b6d3a2\" data-element_type=\"section\" data-e-type=\"section\" data-settings=\"{&quot;stretch_section&quot;:&quot;section-stretched&quot;,&quot;background_background&quot;:&quot;classic&quot;}\">\n\t\t\t\t\t\t<div class=\"elementor-container elementor-column-gap-default\">\n\t\t\t\t\t<div class=\"elementor-column elementor-col-50 elementor-top-column elementor-element elementor-element-5eeead4\" data-id=\"5eeead4\" data-element_type=\"column\" data-e-type=\"column\">\n\t\t\t<div class=\"elementor-widget-wrap elementor-element-populated\">\n\t\t\t\t\t\t<div class=\"elementor-element elementor-element-534560a elementor-widget elementor-widget-heading\" data-id=\"534560a\" data-element_type=\"widget\" data-e-type=\"widget\" data-widget_type=\"heading.default\">\n\t\t\t\t<div class=\"elementor-widget-container\">\n\t\t\t\t\t<h2 class=\"elementor-heading-title elementor-size-default\">Welke zorgaanbieder kan mij helpen met zorg voor Turkse ouderen en Marokkaanse ouderen?<\/h2>\t\t\t\t<\/div>\n\t\t\t\t<\/div>\n\t\t\t\t\t<\/div>\n\t\t<\/div>\n\t\t\t\t<div class=\"elementor-column elementor-col-50 elementor-top-column elementor-element elementor-element-628a2ed\" data-id=\"628a2ed\" data-element_type=\"column\" data-e-type=\"column\">\n\t\t\t<div class=\"elementor-widget-wrap elementor-element-populated\">\n\t\t\t\t\t\t<div class=\"elementor-element elementor-element-73dfe08 elementor-align-center elementor-widget elementor-widget-button\" data-id=\"73dfe08\" data-element_type=\"widget\" data-e-type=\"widget\" data-widget_type=\"button.default\">\n\t\t\t\t<div class=\"elementor-widget-container\">\n\t\t\t\t\t\t\t\t\t<div class=\"elementor-button-wrapper\">\n\t\t\t\t\t<a class=\"elementor-button elementor-button-link elementor-size-md\" href=\"https:\/\/thuiszorg-turkse-ouderen.nl\/tr\/aanbieders-thuiszorg-turkse-en-marokkaanse-ouderen\/\">\n\t\t\t\t\t\t<span class=\"elementor-button-content-wrapper\">\n\t\t\t\t\t\t<span class=\"elementor-button-icon\">\n\t\t\t\t<i aria-hidden=\"true\" class=\"fas fa-search\"><\/i>\t\t\t<\/span>\n\t\t\t\t\t\t\t\t\t<span class=\"elementor-button-text\">Klik hier voor een overzichten van zorginstellingen<\/span>\n\t\t\t\t\t<\/span>\n\t\t\t\t\t<\/a>\n\t\t\t\t<\/div>\n\t\t\t\t\t\t\t\t<\/div>\n\t\t\t\t<\/div>\n\t\t\t\t\t<\/div>\n\t\t<\/div>\n\t\t\t\t\t<\/div>\n\t\t<\/section>\n\t\t\t\t<\/div>","protected":false},"excerpt":{"rendered":"<p>Er zijn een aantal dingen die je kan doen als je te maken hebt met de verzorging van allochtone ouderen. Het is handig als je in de thuiszorg werkt om je hierop voor te bereiden. Vaak hebben ze andere gewoontes en kan de taal een barri\u00e8re zijn. Om ze op hun gemak te laten voelen<br \/><a class=\"moretag\" href=\"https:\/\/thuiszorg-turkse-ouderen.nl\/tr\/tips-voor-de-zorg-van-turkse-en-marokkaanse-ouderen\/\">+ Read More<\/a><\/p>","protected":false},"author":1,"featured_media":1205,"parent":0,"menu_order":3,"comment_status":"closed","ping_status":"closed","template":"templates\/page-fullwidth_template.php","meta":{"inline_featured_image":false,"_monsterinsights_skip_tracking":false,"_monsterinsights_sitenote_active":false,"_monsterinsights_sitenote_note":"","_monsterinsights_sitenote_category":0,"footnotes":""},"class_list":["post-18","page","type-page","status-publish","has-post-thumbnail","hentry"],"yoast_head":"<!-- This site is optimized with the Yoast SEO plugin v27.0 - https:\/\/yoast.com\/product\/yoast-seo-wordpress\/ -->\n<title>Tips voor de zorg van Turkse en Marokkaanse ouderen<\/title>\n<meta name=\"description\" content=\"Tips bij zorg van allochtone ouderen: waar moet je allemaal rekening mee houden. Wat zijn de gewoonten bij feestdagen van allochtone ouderen in de zorg.\" \/>\n<meta name=\"robots\" content=\"index, follow, max-snippet:-1, max-image-preview:large, max-video-preview:-1\" \/>\n<link rel=\"canonical\" href=\"https:\/\/thuiszorg-turkse-ouderen.nl\/tr\/tips-voor-de-zorg-van-turkse-en-marokkaanse-ouderen\/\" \/>\n<meta property=\"og:locale\" content=\"tr_TR\" \/>\n<meta property=\"og:type\" content=\"article\" \/>\n<meta property=\"og:title\" content=\"Tips voor de zorg van Turkse en Marokkaanse ouderen\" \/>\n<meta property=\"og:description\" content=\"Tips bij zorg van allochtone ouderen: waar moet je allemaal rekening mee houden. Wat zijn de gewoonten bij feestdagen van allochtone ouderen in de zorg.\" \/>\n<meta property=\"og:url\" content=\"https:\/\/thuiszorg-turkse-ouderen.nl\/tr\/tips-voor-de-zorg-van-turkse-en-marokkaanse-ouderen\/\" \/>\n<meta property=\"og:site_name\" content=\"Thuiszorg Turkse en Marokkaanse Ouderen\" \/>\n<meta property=\"article:publisher\" content=\"https:\/\/www.facebook.com\/Thuiszorg-Turkse-en-Marokkaanse-Ouderen-2162964037060436\/\" \/>\n<meta property=\"article:modified_time\" content=\"2024-05-29T09:47:40+00:00\" \/>\n<meta property=\"og:image\" content=\"https:\/\/thuiszorg-turkse-ouderen.nl\/wp-content\/uploads\/2021\/12\/thuiszorg-turkse-ouderen-bg.jpg\" \/>\n\t<meta property=\"og:image:width\" content=\"1400\" \/>\n\t<meta property=\"og:image:height\" content=\"400\" \/>\n\t<meta property=\"og:image:type\" content=\"image\/jpeg\" \/>\n<meta name=\"twitter:card\" content=\"summary_large_image\" \/>\n<meta name=\"twitter:label1\" content=\"Tahmini okuma s\u00fcresi\" \/>\n\t<meta name=\"twitter:data1\" content=\"2 dakika\" \/>\n<script type=\"application\/ld+json\" class=\"yoast-schema-graph\">{\"@context\":\"https:\/\/schema.org\",\"@graph\":[{\"@type\":\"WebPage\",\"@id\":\"https:\/\/thuiszorg-turkse-ouderen.nl\/tips-voor-de-zorg-van-turkse-en-marokkaanse-ouderen\/\",\"url\":\"https:\/\/thuiszorg-turkse-ouderen.nl\/tips-voor-de-zorg-van-turkse-en-marokkaanse-ouderen\/\",\"name\":\"Tips voor de zorg van Turkse en Marokkaanse ouderen\",\"isPartOf\":{\"@id\":\"https:\/\/thuiszorg-turkse-ouderen.nl\/#website\"},\"primaryImageOfPage\":{\"@id\":\"https:\/\/thuiszorg-turkse-ouderen.nl\/tips-voor-de-zorg-van-turkse-en-marokkaanse-ouderen\/#primaryimage\"},\"image\":{\"@id\":\"https:\/\/thuiszorg-turkse-ouderen.nl\/tips-voor-de-zorg-van-turkse-en-marokkaanse-ouderen\/#primaryimage\"},\"thumbnailUrl\":\"https:\/\/thuiszorg-turkse-ouderen.nl\/wp-content\/uploads\/2021\/12\/thuiszorg-turkse-ouderen-bg.jpg\",\"datePublished\":\"2019-01-28T15:37:16+00:00\",\"dateModified\":\"2024-05-29T09:47:40+00:00\",\"description\":\"Tips bij zorg van allochtone ouderen: waar moet je allemaal rekening mee houden. Wat zijn de gewoonten bij feestdagen van allochtone ouderen in de zorg.\",\"breadcrumb\":{\"@id\":\"https:\/\/thuiszorg-turkse-ouderen.nl\/tips-voor-de-zorg-van-turkse-en-marokkaanse-ouderen\/#breadcrumb\"},\"inLanguage\":\"tr\",\"potentialAction\":[{\"@type\":\"ReadAction\",\"target\":[\"https:\/\/thuiszorg-turkse-ouderen.nl\/tips-voor-de-zorg-van-turkse-en-marokkaanse-ouderen\/\"]}]},{\"@type\":\"ImageObject\",\"inLanguage\":\"tr\",\"@id\":\"https:\/\/thuiszorg-turkse-ouderen.nl\/tips-voor-de-zorg-van-turkse-en-marokkaanse-ouderen\/#primaryimage\",\"url\":\"https:\/\/thuiszorg-turkse-ouderen.nl\/wp-content\/uploads\/2021\/12\/thuiszorg-turkse-ouderen-bg.jpg\",\"contentUrl\":\"https:\/\/thuiszorg-turkse-ouderen.nl\/wp-content\/uploads\/2021\/12\/thuiszorg-turkse-ouderen-bg.jpg\",\"width\":1400,\"height\":400,\"caption\":\"thuiszorg-turkse-ouderen-bg\"},{\"@type\":\"BreadcrumbList\",\"@id\":\"https:\/\/thuiszorg-turkse-ouderen.nl\/tips-voor-de-zorg-van-turkse-en-marokkaanse-ouderen\/#breadcrumb\",\"itemListElement\":[{\"@type\":\"ListItem\",\"position\":1,\"name\":\"Home\",\"item\":\"https:\/\/thuiszorg-turkse-ouderen.nl\/\"},{\"@type\":\"ListItem\",\"position\":2,\"name\":\"Tips voor de zorg van Turkse en Marokkaanse ouderen\"}]},{\"@type\":\"WebSite\",\"@id\":\"https:\/\/thuiszorg-turkse-ouderen.nl\/#website\",\"url\":\"https:\/\/thuiszorg-turkse-ouderen.nl\/\",\"name\":\"Thuiszorg Turkse en Marokkaanse Ouderen\",\"description\":\"\",\"publisher\":{\"@id\":\"https:\/\/thuiszorg-turkse-ouderen.nl\/#organization\"},\"potentialAction\":[{\"@type\":\"SearchAction\",\"target\":{\"@type\":\"EntryPoint\",\"urlTemplate\":\"https:\/\/thuiszorg-turkse-ouderen.nl\/?s={search_term_string}\"},\"query-input\":{\"@type\":\"PropertyValueSpecification\",\"valueRequired\":true,\"valueName\":\"search_term_string\"}}],\"inLanguage\":\"tr\"},{\"@type\":\"Organization\",\"@id\":\"https:\/\/thuiszorg-turkse-ouderen.nl\/#organization\",\"name\":\"Thuiszorg dagbesteding Turkse Marokkaanse ouderen\",\"url\":\"https:\/\/thuiszorg-turkse-ouderen.nl\/\",\"logo\":{\"@type\":\"ImageObject\",\"inLanguage\":\"tr\",\"@id\":\"https:\/\/thuiszorg-turkse-ouderen.nl\/#\/schema\/logo\/image\/\",\"url\":\"https:\/\/thuiszorg-turkse-ouderen.nl\/wp-content\/uploads\/2019\/12\/Logo.png\",\"contentUrl\":\"https:\/\/thuiszorg-turkse-ouderen.nl\/wp-content\/uploads\/2019\/12\/Logo.png\",\"width\":704,\"height\":725,\"caption\":\"Thuiszorg dagbesteding Turkse Marokkaanse ouderen\"},\"image\":{\"@id\":\"https:\/\/thuiszorg-turkse-ouderen.nl\/#\/schema\/logo\/image\/\"},\"sameAs\":[\"https:\/\/www.facebook.com\/Thuiszorg-Turkse-en-Marokkaanse-Ouderen-2162964037060436\/\",\"https:\/\/www.instagram.com\/thuiszorgturkseouderen\/\"]}]}<\/script>\n<!-- \/ Yoast SEO plugin. -->","yoast_head_json":{"title":"Yabanc\u0131 k\u00f6kenli ya\u015fl\u0131lara y\u00f6nelik bak\u0131m hizmetleri \u00f6nerileri","description":"Tips bij zorg van allochtone ouderen: waar moet je allemaal rekening mee houden. Wat zijn de gewoonten bij feestdagen van allochtone ouderen in de zorg.","robots":{"index":"index","follow":"follow","max-snippet":"max-snippet:-1","max-image-preview":"max-image-preview:large","max-video-preview":"max-video-preview:-1"},"canonical":"https:\/\/thuiszorg-turkse-ouderen.nl\/tr\/tips-voor-de-zorg-van-turkse-en-marokkaanse-ouderen\/","og_locale":"tr_TR","og_type":"article","og_title":"Tips voor de zorg van Turkse en Marokkaanse ouderen","og_description":"Tips bij zorg van allochtone ouderen: waar moet je allemaal rekening mee houden. Wat zijn de gewoonten bij feestdagen van allochtone ouderen in de zorg.","og_url":"https:\/\/thuiszorg-turkse-ouderen.nl\/tr\/tips-voor-de-zorg-van-turkse-en-marokkaanse-ouderen\/","og_site_name":"Thuiszorg Turkse en Marokkaanse Ouderen","article_publisher":"https:\/\/www.facebook.com\/Thuiszorg-Turkse-en-Marokkaanse-Ouderen-2162964037060436\/","article_modified_time":"2024-05-29T09:47:40+00:00","og_image":[{"width":1400,"height":400,"url":"https:\/\/thuiszorg-turkse-ouderen.nl\/wp-content\/uploads\/2021\/12\/thuiszorg-turkse-ouderen-bg.jpg","type":"image\/jpeg"}],"twitter_card":"summary_large_image","twitter_misc":{"Tahmini okuma s\u00fcresi":"2 dakika"},"schema":{"@context":"https:\/\/schema.org","@graph":[{"@type":"WebPage","@id":"https:\/\/thuiszorg-turkse-ouderen.nl\/tips-voor-de-zorg-van-turkse-en-marokkaanse-ouderen\/","url":"https:\/\/thuiszorg-turkse-ouderen.nl\/tips-voor-de-zorg-van-turkse-en-marokkaanse-ouderen\/","name":"Yabanc\u0131 k\u00f6kenli ya\u015fl\u0131lara y\u00f6nelik bak\u0131m hizmetleri \u00f6nerileri","isPartOf":{"@id":"https:\/\/thuiszorg-turkse-ouderen.nl\/#website"},"primaryImageOfPage":{"@id":"https:\/\/thuiszorg-turkse-ouderen.nl\/tips-voor-de-zorg-van-turkse-en-marokkaanse-ouderen\/#primaryimage"},"image":{"@id":"https:\/\/thuiszorg-turkse-ouderen.nl\/tips-voor-de-zorg-van-turkse-en-marokkaanse-ouderen\/#primaryimage"},"thumbnailUrl":"https:\/\/thuiszorg-turkse-ouderen.nl\/wp-content\/uploads\/2021\/12\/thuiszorg-turkse-ouderen-bg.jpg","datePublished":"2019-01-28T15:37:16+00:00","dateModified":"2024-05-29T09:47:40+00:00","description":"Tips bij zorg van allochtone ouderen: waar moet je allemaal rekening mee houden. Wat zijn de gewoonten bij feestdagen van allochtone ouderen in de zorg.","breadcrumb":{"@id":"https:\/\/thuiszorg-turkse-ouderen.nl\/tips-voor-de-zorg-van-turkse-en-marokkaanse-ouderen\/#breadcrumb"},"inLanguage":"tr","potentialAction":[{"@type":"ReadAction","target":["https:\/\/thuiszorg-turkse-ouderen.nl\/tips-voor-de-zorg-van-turkse-en-marokkaanse-ouderen\/"]}]},{"@type":"ImageObject","inLanguage":"tr","@id":"https:\/\/thuiszorg-turkse-ouderen.nl\/tips-voor-de-zorg-van-turkse-en-marokkaanse-ouderen\/#primaryimage","url":"https:\/\/thuiszorg-turkse-ouderen.nl\/wp-content\/uploads\/2021\/12\/thuiszorg-turkse-ouderen-bg.jpg","contentUrl":"https:\/\/thuiszorg-turkse-ouderen.nl\/wp-content\/uploads\/2021\/12\/thuiszorg-turkse-ouderen-bg.jpg","width":1400,"height":400,"caption":"thuiszorg-turkse-ouderen-bg"},{"@type":"BreadcrumbList","@id":"https:\/\/thuiszorg-turkse-ouderen.nl\/tips-voor-de-zorg-van-turkse-en-marokkaanse-ouderen\/#breadcrumb","itemListElement":[{"@type":"ListItem","position":1,"name":"Home","item":"https:\/\/thuiszorg-turkse-ouderen.nl\/"},{"@type":"ListItem","position":2,"name":"Tips voor de zorg van Turkse en Marokkaanse ouderen"}]},{"@type":"WebSite","@id":"https:\/\/thuiszorg-turkse-ouderen.nl\/#website","url":"https:\/\/thuiszorg-turkse-ouderen.nl\/","name":"Thuiszorg Turkse en Marokkaanse Ouderen","description":"","publisher":{"@id":"https:\/\/thuiszorg-turkse-ouderen.nl\/#organization"},"potentialAction":[{"@type":"SearchAction","target":{"@type":"EntryPoint","urlTemplate":"https:\/\/thuiszorg-turkse-ouderen.nl\/?s={search_term_string}"},"query-input":{"@type":"PropertyValueSpecification","valueRequired":true,"valueName":"search_term_string"}}],"inLanguage":"tr"},{"@type":"Organization","@id":"https:\/\/thuiszorg-turkse-ouderen.nl\/#organization","name":"Thuiszorg dagbesteding Turkse Marokkaanse ouderen","url":"https:\/\/thuiszorg-turkse-ouderen.nl\/","logo":{"@type":"ImageObject","inLanguage":"tr","@id":"https:\/\/thuiszorg-turkse-ouderen.nl\/#\/schema\/logo\/image\/","url":"https:\/\/thuiszorg-turkse-ouderen.nl\/wp-content\/uploads\/2019\/12\/Logo.png","contentUrl":"https:\/\/thuiszorg-turkse-ouderen.nl\/wp-content\/uploads\/2019\/12\/Logo.png","width":704,"height":725,"caption":"Thuiszorg dagbesteding Turkse Marokkaanse ouderen"},"image":{"@id":"https:\/\/thuiszorg-turkse-ouderen.nl\/#\/schema\/logo\/image\/"},"sameAs":["https:\/\/www.facebook.com\/Thuiszorg-Turkse-en-Marokkaanse-Ouderen-2162964037060436\/","https:\/\/www.instagram.com\/thuiszorgturkseouderen\/"]}]}},"_links":{"self":[{"href":"https:\/\/thuiszorg-turkse-ouderen.nl\/tr\/wp-json\/wp\/v2\/pages\/18","targetHints":{"allow":["GET"]}}],"collection":[{"href":"https:\/\/thuiszorg-turkse-ouderen.nl\/tr\/wp-json\/wp\/v2\/pages"}],"about":[{"href":"https:\/\/thuiszorg-turkse-ouderen.nl\/tr\/wp-json\/wp\/v2\/types\/page"}],"author":[{"embeddable":true,"href":"https:\/\/thuiszorg-turkse-ouderen.nl\/tr\/wp-json\/wp\/v2\/users\/1"}],"replies":[{"embeddable":true,"href":"https:\/\/thuiszorg-turkse-ouderen.nl\/tr\/wp-json\/wp\/v2\/comments?post=18"}],"version-history":[{"count":3,"href":"https:\/\/thuiszorg-turkse-ouderen.nl\/tr\/wp-json\/wp\/v2\/pages\/18\/revisions"}],"predecessor-version":[{"id":2422,"href":"https:\/\/thuiszorg-turkse-ouderen.nl\/tr\/wp-json\/wp\/v2\/pages\/18\/revisions\/2422"}],"wp:featuredmedia":[{"embeddable":true,"href":"https:\/\/thuiszorg-turkse-ouderen.nl\/tr\/wp-json\/wp\/v2\/media\/1205"}],"wp:attachment":[{"href":"https:\/\/thuiszorg-turkse-ouderen.nl\/tr\/wp-json\/wp\/v2\/media?parent=18"}],"curies":[{"name":"wp","href":"https:\/\/api.w.org\/{rel}","templated":true}]}}