{"id":1957,"date":"2022-11-28T18:35:16","date_gmt":"2022-11-28T18:35:16","guid":{"rendered":"https:\/\/thuiszorg-turkse-ouderen.nl\/?page_id=1957"},"modified":"2022-11-28T18:46:26","modified_gmt":"2022-11-28T18:46:26","slug":"atlas-thuiszorg-uit-den-haag","status":"publish","type":"page","link":"https:\/\/thuiszorg-turkse-ouderen.nl\/tr\/atlas-thuiszorg-uit-den-haag\/","title":{"rendered":"Atlas Thuiszorg uit Den Haag"},"content":{"rendered":"<div data-elementor-type=\"wp-page\" data-elementor-id=\"1957\" class=\"elementor elementor-1957\" data-elementor-post-type=\"page\">\n\t\t\t\t\t\t<section class=\"elementor-section elementor-top-section elementor-element elementor-element-ad0a48b elementor-section-boxed elementor-section-height-default elementor-section-height-default\" data-id=\"ad0a48b\" data-element_type=\"section\" data-e-type=\"section\">\n\t\t\t\t\t\t<div class=\"elementor-container elementor-column-gap-default\">\n\t\t\t\t\t<div class=\"elementor-column elementor-col-100 elementor-top-column elementor-element elementor-element-11619093\" data-id=\"11619093\" data-element_type=\"column\" data-e-type=\"column\">\n\t\t\t<div class=\"elementor-widget-wrap elementor-element-populated\">\n\t\t\t\t\t\t<div class=\"elementor-element elementor-element-73cbaa8f elementor-widget elementor-widget-text-editor\" data-id=\"73cbaa8f\" data-element_type=\"widget\" data-e-type=\"widget\" data-widget_type=\"text-editor.default\">\n\t\t\t\t<div class=\"elementor-widget-container\">\n\t\t\t\t\t\t\t\t\t<p>Met trots kunnen we melden dat <a href=\"https:\/\/atlasthuiszorg.nl\" target=\"_blank\" rel=\"noopener\"><strong>Atlas Thuiszorg<\/strong><\/a> uit Den Haag zich heeft aangesloten bij onze platform Thuiszorg-Turkse-Ouderen.nl.<\/p><p><strong>Atlas Zorg<\/strong> is een zorgorganisatie in de regio Haaglanden. Atlas Zorg levert zorg en ondersteuning vanuit de visie dat elke mens uniek is en gewaardeerd moet worden. Zorg waarin respect hoog in het vaandel is. Zorg vanuit het hart.<\/p><p>Bij onze zorg- en dienstverlening wordt rekening gehouden met:<\/p>\t\t\t\t\t\t\t\t<\/div>\n\t\t\t\t<\/div>\n\t\t\t\t<div class=\"elementor-element elementor-element-745313a elementor-icon-list--layout-traditional elementor-list-item-link-full_width elementor-widget elementor-widget-icon-list\" data-id=\"745313a\" data-element_type=\"widget\" data-e-type=\"widget\" data-widget_type=\"icon-list.default\">\n\t\t\t\t<div class=\"elementor-widget-container\">\n\t\t\t\t\t\t\t<ul class=\"elementor-icon-list-items\">\n\t\t\t\t\t\t\t<li class=\"elementor-icon-list-item\">\n\t\t\t\t\t\t\t\t\t\t\t<span class=\"elementor-icon-list-icon\">\n\t\t\t\t\t\t\t<i aria-hidden=\"true\" class=\"fas fa-check\"><\/i>\t\t\t\t\t\t<\/span>\n\t\t\t\t\t\t\t\t\t\t<span class=\"elementor-icon-list-text\">Persoonlijke voorkeuren en leefomstandigheden (oog voor de cli\u00ebnt);<\/span>\n\t\t\t\t\t\t\t\t\t<\/li>\n\t\t\t\t\t\t\t\t<li class=\"elementor-icon-list-item\">\n\t\t\t\t\t\t\t\t\t\t\t<span class=\"elementor-icon-list-icon\">\n\t\t\t\t\t\t\t<i aria-hidden=\"true\" class=\"fas fa-check\"><\/i>\t\t\t\t\t\t<\/span>\n\t\t\t\t\t\t\t\t\t\t<span class=\"elementor-icon-list-text\">Culturele achtergrond;<\/span>\n\t\t\t\t\t\t\t\t\t<\/li>\n\t\t\t\t\t\t\t\t<li class=\"elementor-icon-list-item\">\n\t\t\t\t\t\t\t\t\t\t\t<span class=\"elementor-icon-list-icon\">\n\t\t\t\t\t\t\t<i aria-hidden=\"true\" class=\"fas fa-check\"><\/i>\t\t\t\t\t\t<\/span>\n\t\t\t\t\t\t\t\t\t\t<span class=\"elementor-icon-list-text\">Vaste zorgverlener of team (vertrouwen tussen cli\u00ebnt en zorgverlener);<\/span>\n\t\t\t\t\t\t\t\t\t<\/li>\n\t\t\t\t\t\t\t\t<li class=\"elementor-icon-list-item\">\n\t\t\t\t\t\t\t\t\t\t\t<span class=\"elementor-icon-list-icon\">\n\t\t\t\t\t\t\t<i aria-hidden=\"true\" class=\"fas fa-check\"><\/i>\t\t\t\t\t\t<\/span>\n\t\t\t\t\t\t\t\t\t\t<span class=\"elementor-icon-list-text\">Alle zorg- en dienstverlening zo mogelijk in \u00e9\u00e9n hand (co\u00f6rdinatie met oog voor de cli\u00ebnt);<\/span>\n\t\t\t\t\t\t\t\t\t<\/li>\n\t\t\t\t\t\t\t\t<li class=\"elementor-icon-list-item\">\n\t\t\t\t\t\t\t\t\t\t\t<span class=\"elementor-icon-list-icon\">\n\t\t\t\t\t\t\t<i aria-hidden=\"true\" class=\"fas fa-check\"><\/i>\t\t\t\t\t\t<\/span>\n\t\t\t\t\t\t\t\t\t\t<span class=\"elementor-icon-list-text\">Goede afstemming binnen de zorgketen.<\/span>\n\t\t\t\t\t\t\t\t\t<\/li>\n\t\t\t\t\t\t<\/ul>\n\t\t\t\t\t\t<\/div>\n\t\t\t\t<\/div>\n\t\t\t\t<div class=\"elementor-element elementor-element-e5c42b1 elementor-widget elementor-widget-text-editor\" data-id=\"e5c42b1\" data-element_type=\"widget\" data-e-type=\"widget\" data-widget_type=\"text-editor.default\">\n\t\t\t\t<div class=\"elementor-widget-container\">\n\t\t\t\t\t\t\t\t\t<p>Benieuwd wat Atlas Thuiszorg voor u kan betekenen? Neem dan snel een kijkje op de website van Atlas Thuiszorg. <a href=\"https:\/\/atlasthuiszorg.nl\/\" target=\"_blank\" rel=\"noopener\">Klik hier om de website te bezoeken.<\/a><\/p>\t\t\t\t\t\t\t\t<\/div>\n\t\t\t\t<\/div>\n\t\t\t\t<div class=\"elementor-element elementor-element-3326790 elementor-widget elementor-widget-image\" data-id=\"3326790\" data-element_type=\"widget\" data-e-type=\"widget\" data-widget_type=\"image.default\">\n\t\t\t\t<div class=\"elementor-widget-container\">\n\t\t\t\t\t\t\t\t\t\t\t\t\t\t\t<img fetchpriority=\"high\" decoding=\"async\" width=\"1024\" height=\"658\" src=\"https:\/\/thuiszorg-turkse-ouderen.nl\/wp-content\/uploads\/2022\/11\/atlas-thuiszorg-haaglanden-Den-Haag-Turkse-thuiszorg-voor-Turkse-ouderen-website-neem-contact-op-1024x658.jpg\" class=\"attachment-large size-large wp-image-1940\" alt=\"Den Haag atlas-thuiszorg haaglanden Den Haag Turkse thuiszorg voor Turkse ouderen website neem contact op\" srcset=\"https:\/\/thuiszorg-turkse-ouderen.nl\/wp-content\/uploads\/2022\/11\/atlas-thuiszorg-haaglanden-Den-Haag-Turkse-thuiszorg-voor-Turkse-ouderen-website-neem-contact-op-1024x658.jpg 1024w, https:\/\/thuiszorg-turkse-ouderen.nl\/wp-content\/uploads\/2022\/11\/atlas-thuiszorg-haaglanden-Den-Haag-Turkse-thuiszorg-voor-Turkse-ouderen-website-neem-contact-op-300x193.jpg 300w, https:\/\/thuiszorg-turkse-ouderen.nl\/wp-content\/uploads\/2022\/11\/atlas-thuiszorg-haaglanden-Den-Haag-Turkse-thuiszorg-voor-Turkse-ouderen-website-neem-contact-op-768x493.jpg 768w, https:\/\/thuiszorg-turkse-ouderen.nl\/wp-content\/uploads\/2022\/11\/atlas-thuiszorg-haaglanden-Den-Haag-Turkse-thuiszorg-voor-Turkse-ouderen-website-neem-contact-op-1536x987.jpg 1536w, https:\/\/thuiszorg-turkse-ouderen.nl\/wp-content\/uploads\/2022\/11\/atlas-thuiszorg-haaglanden-Den-Haag-Turkse-thuiszorg-voor-Turkse-ouderen-website-neem-contact-op-18x12.jpg 18w, https:\/\/thuiszorg-turkse-ouderen.nl\/wp-content\/uploads\/2022\/11\/atlas-thuiszorg-haaglanden-Den-Haag-Turkse-thuiszorg-voor-Turkse-ouderen-website-neem-contact-op.jpg 1700w\" sizes=\"(max-width: 1024px) 100vw, 1024px\" \/>\t\t\t\t\t\t\t\t\t\t\t\t\t\t\t<\/div>\n\t\t\t\t<\/div>\n\t\t\t\t\t<\/div>\n\t\t<\/div>\n\t\t\t\t\t<\/div>\n\t\t<\/section>\n\t\t\t\t<\/div>","protected":false},"excerpt":{"rendered":"<p>Met trots kunnen we melden dat Atlas Thuiszorg uit Den Haag zich heeft aangesloten bij onze platform Thuiszorg-Turkse-Ouderen.nl. Atlas Zorg is een zorgorganisatie in de regio Haaglanden. Atlas Zorg levert zorg en ondersteuning vanuit de visie dat elke mens uniek is en gewaardeerd moet worden. Zorg waarin respect hoog in het vaandel is. Zorg vanuit<br \/><a class=\"moretag\" href=\"https:\/\/thuiszorg-turkse-ouderen.nl\/tr\/atlas-thuiszorg-uit-den-haag\/\">+ Read More<\/a><\/p>","protected":false},"author":1,"featured_media":0,"parent":0,"menu_order":0,"comment_status":"closed","ping_status":"closed","template":"templates\/page-fullwidth_template.php","meta":{"inline_featured_image":false,"_monsterinsights_skip_tracking":false,"_monsterinsights_sitenote_active":false,"_monsterinsights_sitenote_note":"","_monsterinsights_sitenote_category":0,"footnotes":""},"class_list":["post-1957","page","type-page","status-publish","hentry"],"yoast_head":"<!-- This site is optimized with the Yoast SEO plugin v27.0 - https:\/\/yoast.com\/product\/yoast-seo-wordpress\/ -->\n<title>Atlas Thuiszorg uit Den Haag<\/title>\n<meta name=\"description\" content=\"Met trots kunnen we melden dat Atlas Thuiszorg uit Den Haag zich heeft aangesloten bij onze platform Thuiszorg-Turkse-Ouderen.nl.Atlas Zorg is een Zoek een zorginstelling voor uw Turkse ouders of grootouders\" \/>\n<meta name=\"robots\" content=\"index, follow, max-snippet:-1, max-image-preview:large, max-video-preview:-1\" \/>\n<link rel=\"canonical\" href=\"https:\/\/thuiszorg-turkse-ouderen.nl\/tr\/atlas-thuiszorg-uit-den-haag\/\" \/>\n<meta property=\"og:locale\" content=\"tr_TR\" \/>\n<meta property=\"og:type\" content=\"article\" \/>\n<meta property=\"og:title\" content=\"Atlas Thuiszorg uit Den Haag\" \/>\n<meta property=\"og:description\" content=\"Met trots kunnen we melden dat Atlas Thuiszorg uit Den Haag zich heeft aangesloten bij onze platform Thuiszorg-Turkse-Ouderen.nl.Atlas Zorg is een Zoek een zorginstelling voor uw Turkse ouders of grootouders\" \/>\n<meta property=\"og:url\" content=\"https:\/\/thuiszorg-turkse-ouderen.nl\/tr\/atlas-thuiszorg-uit-den-haag\/\" \/>\n<meta property=\"og:site_name\" content=\"Thuiszorg Turkse en Marokkaanse Ouderen\" \/>\n<meta property=\"article:publisher\" content=\"https:\/\/www.facebook.com\/Thuiszorg-Turkse-en-Marokkaanse-Ouderen-2162964037060436\/\" \/>\n<meta property=\"article:modified_time\" content=\"2022-11-28T18:46:26+00:00\" \/>\n<meta property=\"og:image\" content=\"https:\/\/thuiszorg-turkse-ouderen.nl\/wp-content\/uploads\/2022\/11\/atlas-thuiszorg-haaglanden-Den-Haag-Turkse-thuiszorg-voor-Turkse-ouderen-website-neem-contact-op-1024x658.jpg\" \/>\n<meta name=\"twitter:card\" content=\"summary_large_image\" \/>\n<meta name=\"twitter:label1\" content=\"Tahmini okuma s\u00fcresi\" \/>\n\t<meta name=\"twitter:data1\" content=\"1 dakika\" \/>\n<script type=\"application\/ld+json\" class=\"yoast-schema-graph\">{\"@context\":\"https:\/\/schema.org\",\"@graph\":[{\"@type\":\"WebPage\",\"@id\":\"https:\/\/thuiszorg-turkse-ouderen.nl\/atlas-thuiszorg-uit-den-haag\/\",\"url\":\"https:\/\/thuiszorg-turkse-ouderen.nl\/atlas-thuiszorg-uit-den-haag\/\",\"name\":\"Atlas Thuiszorg uit Den Haag\",\"isPartOf\":{\"@id\":\"https:\/\/thuiszorg-turkse-ouderen.nl\/#website\"},\"primaryImageOfPage\":{\"@id\":\"https:\/\/thuiszorg-turkse-ouderen.nl\/atlas-thuiszorg-uit-den-haag\/#primaryimage\"},\"image\":{\"@id\":\"https:\/\/thuiszorg-turkse-ouderen.nl\/atlas-thuiszorg-uit-den-haag\/#primaryimage\"},\"thumbnailUrl\":\"https:\/\/thuiszorg-turkse-ouderen.nl\/wp-content\/uploads\/2022\/11\/atlas-thuiszorg-haaglanden-Den-Haag-Turkse-thuiszorg-voor-Turkse-ouderen-website-neem-contact-op-1024x658.jpg\",\"datePublished\":\"2022-11-28T18:35:16+00:00\",\"dateModified\":\"2022-11-28T18:46:26+00:00\",\"description\":\"Met trots kunnen we melden dat Atlas Thuiszorg uit Den Haag zich heeft aangesloten bij onze platform Thuiszorg-Turkse-Ouderen.nl.Atlas Zorg is een Zoek een zorginstelling voor uw Turkse ouders of grootouders\",\"breadcrumb\":{\"@id\":\"https:\/\/thuiszorg-turkse-ouderen.nl\/atlas-thuiszorg-uit-den-haag\/#breadcrumb\"},\"inLanguage\":\"tr\",\"potentialAction\":[{\"@type\":\"ReadAction\",\"target\":[\"https:\/\/thuiszorg-turkse-ouderen.nl\/atlas-thuiszorg-uit-den-haag\/\"]}]},{\"@type\":\"ImageObject\",\"inLanguage\":\"tr\",\"@id\":\"https:\/\/thuiszorg-turkse-ouderen.nl\/atlas-thuiszorg-uit-den-haag\/#primaryimage\",\"url\":\"https:\/\/thuiszorg-turkse-ouderen.nl\/wp-content\/uploads\/2022\/11\/atlas-thuiszorg-haaglanden-Den-Haag-Turkse-thuiszorg-voor-Turkse-ouderen-website-neem-contact-op-1024x658.jpg\",\"contentUrl\":\"https:\/\/thuiszorg-turkse-ouderen.nl\/wp-content\/uploads\/2022\/11\/atlas-thuiszorg-haaglanden-Den-Haag-Turkse-thuiszorg-voor-Turkse-ouderen-website-neem-contact-op-1024x658.jpg\"},{\"@type\":\"BreadcrumbList\",\"@id\":\"https:\/\/thuiszorg-turkse-ouderen.nl\/atlas-thuiszorg-uit-den-haag\/#breadcrumb\",\"itemListElement\":[{\"@type\":\"ListItem\",\"position\":1,\"name\":\"Home\",\"item\":\"https:\/\/thuiszorg-turkse-ouderen.nl\/\"},{\"@type\":\"ListItem\",\"position\":2,\"name\":\"Atlas Thuiszorg uit Den Haag\"}]},{\"@type\":\"WebSite\",\"@id\":\"https:\/\/thuiszorg-turkse-ouderen.nl\/#website\",\"url\":\"https:\/\/thuiszorg-turkse-ouderen.nl\/\",\"name\":\"Thuiszorg Turkse en Marokkaanse Ouderen\",\"description\":\"\",\"publisher\":{\"@id\":\"https:\/\/thuiszorg-turkse-ouderen.nl\/#organization\"},\"potentialAction\":[{\"@type\":\"SearchAction\",\"target\":{\"@type\":\"EntryPoint\",\"urlTemplate\":\"https:\/\/thuiszorg-turkse-ouderen.nl\/?s={search_term_string}\"},\"query-input\":{\"@type\":\"PropertyValueSpecification\",\"valueRequired\":true,\"valueName\":\"search_term_string\"}}],\"inLanguage\":\"tr\"},{\"@type\":\"Organization\",\"@id\":\"https:\/\/thuiszorg-turkse-ouderen.nl\/#organization\",\"name\":\"Thuiszorg dagbesteding Turkse Marokkaanse ouderen\",\"url\":\"https:\/\/thuiszorg-turkse-ouderen.nl\/\",\"logo\":{\"@type\":\"ImageObject\",\"inLanguage\":\"tr\",\"@id\":\"https:\/\/thuiszorg-turkse-ouderen.nl\/#\/schema\/logo\/image\/\",\"url\":\"https:\/\/thuiszorg-turkse-ouderen.nl\/wp-content\/uploads\/2019\/12\/Logo.png\",\"contentUrl\":\"https:\/\/thuiszorg-turkse-ouderen.nl\/wp-content\/uploads\/2019\/12\/Logo.png\",\"width\":704,\"height\":725,\"caption\":\"Thuiszorg dagbesteding Turkse Marokkaanse ouderen\"},\"image\":{\"@id\":\"https:\/\/thuiszorg-turkse-ouderen.nl\/#\/schema\/logo\/image\/\"},\"sameAs\":[\"https:\/\/www.facebook.com\/Thuiszorg-Turkse-en-Marokkaanse-Ouderen-2162964037060436\/\",\"https:\/\/www.instagram.com\/thuiszorgturkseouderen\/\"]}]}<\/script>\n<!-- \/ Yoast SEO plugin. -->","yoast_head_json":{"title":"Atlas Thuiszorg uit Den Haag","description":"Met trots kunnen we melden dat Atlas Thuiszorg uit Den Haag zich heeft aangesloten bij onze platform Thuiszorg-Turkse-Ouderen.nl.Atlas Zorg is een Zoek een zorginstelling voor uw Turkse ouders of grootouders","robots":{"index":"index","follow":"follow","max-snippet":"max-snippet:-1","max-image-preview":"max-image-preview:large","max-video-preview":"max-video-preview:-1"},"canonical":"https:\/\/thuiszorg-turkse-ouderen.nl\/tr\/atlas-thuiszorg-uit-den-haag\/","og_locale":"tr_TR","og_type":"article","og_title":"Atlas Thuiszorg uit Den Haag","og_description":"Met trots kunnen we melden dat Atlas Thuiszorg uit Den Haag zich heeft aangesloten bij onze platform Thuiszorg-Turkse-Ouderen.nl.Atlas Zorg is een Zoek een zorginstelling voor uw Turkse ouders of grootouders","og_url":"https:\/\/thuiszorg-turkse-ouderen.nl\/tr\/atlas-thuiszorg-uit-den-haag\/","og_site_name":"Thuiszorg Turkse en Marokkaanse Ouderen","article_publisher":"https:\/\/www.facebook.com\/Thuiszorg-Turkse-en-Marokkaanse-Ouderen-2162964037060436\/","article_modified_time":"2022-11-28T18:46:26+00:00","og_image":[{"url":"https:\/\/thuiszorg-turkse-ouderen.nl\/wp-content\/uploads\/2022\/11\/atlas-thuiszorg-haaglanden-Den-Haag-Turkse-thuiszorg-voor-Turkse-ouderen-website-neem-contact-op-1024x658.jpg","type":"","width":"","height":""}],"twitter_card":"summary_large_image","twitter_misc":{"Tahmini okuma s\u00fcresi":"1 dakika"},"schema":{"@context":"https:\/\/schema.org","@graph":[{"@type":"WebPage","@id":"https:\/\/thuiszorg-turkse-ouderen.nl\/atlas-thuiszorg-uit-den-haag\/","url":"https:\/\/thuiszorg-turkse-ouderen.nl\/atlas-thuiszorg-uit-den-haag\/","name":"Atlas Thuiszorg uit Den Haag","isPartOf":{"@id":"https:\/\/thuiszorg-turkse-ouderen.nl\/#website"},"primaryImageOfPage":{"@id":"https:\/\/thuiszorg-turkse-ouderen.nl\/atlas-thuiszorg-uit-den-haag\/#primaryimage"},"image":{"@id":"https:\/\/thuiszorg-turkse-ouderen.nl\/atlas-thuiszorg-uit-den-haag\/#primaryimage"},"thumbnailUrl":"https:\/\/thuiszorg-turkse-ouderen.nl\/wp-content\/uploads\/2022\/11\/atlas-thuiszorg-haaglanden-Den-Haag-Turkse-thuiszorg-voor-Turkse-ouderen-website-neem-contact-op-1024x658.jpg","datePublished":"2022-11-28T18:35:16+00:00","dateModified":"2022-11-28T18:46:26+00:00","description":"Met trots kunnen we melden dat Atlas Thuiszorg uit Den Haag zich heeft aangesloten bij onze platform Thuiszorg-Turkse-Ouderen.nl.Atlas Zorg is een Zoek een zorginstelling voor uw Turkse ouders of grootouders","breadcrumb":{"@id":"https:\/\/thuiszorg-turkse-ouderen.nl\/atlas-thuiszorg-uit-den-haag\/#breadcrumb"},"inLanguage":"tr","potentialAction":[{"@type":"ReadAction","target":["https:\/\/thuiszorg-turkse-ouderen.nl\/atlas-thuiszorg-uit-den-haag\/"]}]},{"@type":"ImageObject","inLanguage":"tr","@id":"https:\/\/thuiszorg-turkse-ouderen.nl\/atlas-thuiszorg-uit-den-haag\/#primaryimage","url":"https:\/\/thuiszorg-turkse-ouderen.nl\/wp-content\/uploads\/2022\/11\/atlas-thuiszorg-haaglanden-Den-Haag-Turkse-thuiszorg-voor-Turkse-ouderen-website-neem-contact-op-1024x658.jpg","contentUrl":"https:\/\/thuiszorg-turkse-ouderen.nl\/wp-content\/uploads\/2022\/11\/atlas-thuiszorg-haaglanden-Den-Haag-Turkse-thuiszorg-voor-Turkse-ouderen-website-neem-contact-op-1024x658.jpg"},{"@type":"BreadcrumbList","@id":"https:\/\/thuiszorg-turkse-ouderen.nl\/atlas-thuiszorg-uit-den-haag\/#breadcrumb","itemListElement":[{"@type":"ListItem","position":1,"name":"Home","item":"https:\/\/thuiszorg-turkse-ouderen.nl\/"},{"@type":"ListItem","position":2,"name":"Atlas Thuiszorg uit Den Haag"}]},{"@type":"WebSite","@id":"https:\/\/thuiszorg-turkse-ouderen.nl\/#website","url":"https:\/\/thuiszorg-turkse-ouderen.nl\/","name":"Thuiszorg Turkse en Marokkaanse Ouderen","description":"","publisher":{"@id":"https:\/\/thuiszorg-turkse-ouderen.nl\/#organization"},"potentialAction":[{"@type":"SearchAction","target":{"@type":"EntryPoint","urlTemplate":"https:\/\/thuiszorg-turkse-ouderen.nl\/?s={search_term_string}"},"query-input":{"@type":"PropertyValueSpecification","valueRequired":true,"valueName":"search_term_string"}}],"inLanguage":"tr"},{"@type":"Organization","@id":"https:\/\/thuiszorg-turkse-ouderen.nl\/#organization","name":"Thuiszorg dagbesteding Turkse Marokkaanse ouderen","url":"https:\/\/thuiszorg-turkse-ouderen.nl\/","logo":{"@type":"ImageObject","inLanguage":"tr","@id":"https:\/\/thuiszorg-turkse-ouderen.nl\/#\/schema\/logo\/image\/","url":"https:\/\/thuiszorg-turkse-ouderen.nl\/wp-content\/uploads\/2019\/12\/Logo.png","contentUrl":"https:\/\/thuiszorg-turkse-ouderen.nl\/wp-content\/uploads\/2019\/12\/Logo.png","width":704,"height":725,"caption":"Thuiszorg dagbesteding Turkse Marokkaanse ouderen"},"image":{"@id":"https:\/\/thuiszorg-turkse-ouderen.nl\/#\/schema\/logo\/image\/"},"sameAs":["https:\/\/www.facebook.com\/Thuiszorg-Turkse-en-Marokkaanse-Ouderen-2162964037060436\/","https:\/\/www.instagram.com\/thuiszorgturkseouderen\/"]}]}},"_links":{"self":[{"href":"https:\/\/thuiszorg-turkse-ouderen.nl\/tr\/wp-json\/wp\/v2\/pages\/1957","targetHints":{"allow":["GET"]}}],"collection":[{"href":"https:\/\/thuiszorg-turkse-ouderen.nl\/tr\/wp-json\/wp\/v2\/pages"}],"about":[{"href":"https:\/\/thuiszorg-turkse-ouderen.nl\/tr\/wp-json\/wp\/v2\/types\/page"}],"author":[{"embeddable":true,"href":"https:\/\/thuiszorg-turkse-ouderen.nl\/tr\/wp-json\/wp\/v2\/users\/1"}],"replies":[{"embeddable":true,"href":"https:\/\/thuiszorg-turkse-ouderen.nl\/tr\/wp-json\/wp\/v2\/comments?post=1957"}],"version-history":[{"count":0,"href":"https:\/\/thuiszorg-turkse-ouderen.nl\/tr\/wp-json\/wp\/v2\/pages\/1957\/revisions"}],"wp:attachment":[{"href":"https:\/\/thuiszorg-turkse-ouderen.nl\/tr\/wp-json\/wp\/v2\/media?parent=1957"}],"curies":[{"name":"wp","href":"https:\/\/api.w.org\/{rel}","templated":true}]}}