{"id":2,"date":"2019-01-27T22:16:34","date_gmt":"2019-01-27T22:16:34","guid":{"rendered":"http:\/\/thuiszorg-turkse-ouderen.nl\/?page_id=2"},"modified":"2024-05-29T09:47:30","modified_gmt":"2024-05-29T09:47:30","slug":"thuiszorg-voor-marokkaanse-turkse-ouderen","status":"publish","type":"page","link":"https:\/\/thuiszorg-turkse-ouderen.nl\/tr\/thuiszorg-voor-marokkaanse-turkse-ouderen\/","title":{"rendered":"Evde Bak\u0131m Hizmetleri"},"content":{"rendered":"<div data-elementor-type=\"wp-page\" data-elementor-id=\"2\" class=\"elementor elementor-2\" data-elementor-post-type=\"page\">\n\t\t\t\t\t\t<section class=\"elementor-section elementor-top-section elementor-element elementor-element-193e9b29 elementor-section-boxed elementor-section-height-default elementor-section-height-default\" data-id=\"193e9b29\" data-element_type=\"section\" data-e-type=\"section\">\n\t\t\t\t\t\t<div class=\"elementor-container elementor-column-gap-default\">\n\t\t\t\t\t<div class=\"elementor-column elementor-col-100 elementor-top-column elementor-element elementor-element-6e504493\" data-id=\"6e504493\" data-element_type=\"column\" data-e-type=\"column\">\n\t\t\t<div class=\"elementor-widget-wrap elementor-element-populated\">\n\t\t\t\t\t\t<div class=\"elementor-element elementor-element-7540aa4 elementor-widget elementor-widget-heading\" data-id=\"7540aa4\" data-element_type=\"widget\" data-e-type=\"widget\" data-widget_type=\"heading.default\">\n\t\t\t\t<div class=\"elementor-widget-container\">\n\t\t\t\t\t<h1 class=\"elementor-heading-title elementor-size-default\">Evde Bak\u0131m Hizmetleri<\/h1>\t\t\t\t<\/div>\n\t\t\t\t<\/div>\n\t\t\t\t<div class=\"elementor-element elementor-element-0c14ec6 elementor-widget elementor-widget-text-editor\" data-id=\"0c14ec6\" data-element_type=\"widget\" data-e-type=\"widget\" data-widget_type=\"text-editor.default\">\n\t\t\t\t<div class=\"elementor-widget-container\">\n\t\t\t\t\t\t\t\t\t<p>Bij thuiszorg voor Turkse en Marokkaanse ouderen is het van belang dat er rekening wordt gehouden met de diversiteit van culturen. Het is natuurlijk belangrijk dat Turkse en Marokkaanse ouderen ook de mogelijkheid krijgen op goede zorg op hun oude dag! Vaak is te zien dat Turkse en Marokkaanse ouderen minder gebruikmaken van thuiszorg. Er zijn soms wat obstakels om thuiszorg te regelen en te onderhouden. Zo is er soms een taalbarri\u00e8re of onbegrip voor een cultuur of religie. Ook is het mogelijk dat Turkse en Marokkaanse ouderen zich (nog) niet bewust zijn van de mogelijkheden van thuiszorg in Nederland.<\/p>\t\t\t\t\t\t\t\t<\/div>\n\t\t\t\t<\/div>\n\t\t\t\t<div class=\"elementor-element elementor-element-d8ed7e3 elementor-widget elementor-widget-heading\" data-id=\"d8ed7e3\" data-element_type=\"widget\" data-e-type=\"widget\" data-widget_type=\"heading.default\">\n\t\t\t\t<div class=\"elementor-widget-container\">\n\t\t\t\t\t<h2 class=\"elementor-heading-title elementor-size-default\">Turkse en Marokkaanse ouderen moeten zich beter thuis kunnen voelen<\/h2>\t\t\t\t<\/div>\n\t\t\t\t<\/div>\n\t\t\t\t<div class=\"elementor-element elementor-element-60878e9f elementor-widget elementor-widget-text-editor\" data-id=\"60878e9f\" data-element_type=\"widget\" data-e-type=\"widget\" data-widget_type=\"text-editor.default\">\n\t\t\t\t<div class=\"elementor-widget-container\">\n\t\t\t\t\t\t\t\t\t<p>Het is vaak nu nog zo dat andere familieleden de taak van zorg op zich nemen. Dat is natuurlijk heel nobel, maar het kan erg belastend zijn voor de verzorgende persoon. Soms moet de verzorgende persoon naast de zorg voor de ouder een heel gezin draaiend weten te houden. Als de thuiszorg voor Turkse en Marokkaanse ouderen goed is ingericht, zal de zorg wat toegankelijker worden voor deze groep ouderen. Er wordt dan rekening gehouden met de religieuze en culturele elementen. Ze voelen zicht hierdoor beter thuis.<br \/>Ook kan het ontzettend schelen voor familieleden als ze de zorg over kunnen dragen aan een thuiszorg organisatie.<br \/>Klik <a href=\"https:\/\/thuiszorg-turkse-ouderen.nl\/tr\/tips-voor-de-zorg-van-turkse-en-marokkaanse-ouderen\/\">hier<\/a> voor enkele tips.<\/p>\t\t\t\t\t\t\t\t<\/div>\n\t\t\t\t<\/div>\n\t\t\t\t<div class=\"elementor-element elementor-element-04672e3 elementor-widget elementor-widget-heading\" data-id=\"04672e3\" data-element_type=\"widget\" data-e-type=\"widget\" data-widget_type=\"heading.default\">\n\t\t\t\t<div class=\"elementor-widget-container\">\n\t\t\t\t\t<h2 class=\"elementor-heading-title elementor-size-default\">T\u00fcrk ve Fasl\u0131 yak\u0131nlar\u0131 taraf\u0131ndan enformal bak\u0131m i\u00e7in a\u015f\u0131r\u0131 y\u00fck<\/h2>\t\t\t\t<\/div>\n\t\t\t\t<\/div>\n\t\t\t\t<div class=\"elementor-element elementor-element-cebb2ea elementor-widget elementor-widget-text-editor\" data-id=\"cebb2ea\" data-element_type=\"widget\" data-e-type=\"widget\" data-widget_type=\"text-editor.default\">\n\t\t\t\t<div class=\"elementor-widget-container\">\n\t\t\t\t\t\t\t\t\t<p>Doordat de zorg voor Turkse en Marokkaanse ouderen vaak op hun kinderen valt, is een toename aan overbelasting merkbaar. Voor veel volwassen kinderen is het een zware taak om deze zorg op zich te nemen, in een maatschappij waarin de nadruk steeds vaker ligt op het maken van carri\u00e8re en individualiteit. Ook ontvangen ze adviezen van de dokter die indruisen tegen de verwachtingen van hun bejaarde ouders. Vanuit de cultuur wordt verwacht dat de kinderen de volledige zorg op zich pakken, terwijl de zorgverlening aanraadt om de cli\u00ebnt vooral nog zoveel mogelijk zelf te laten doen. Hierdoor komen ze gevoelsmatig en praktisch gezien in een spagaat te staan. Het blijkt vaak lastig om de zorgbehoevende ouderen op andere gedachten te brengen.<\/p>\t\t\t\t\t\t\t\t<\/div>\n\t\t\t\t<\/div>\n\t\t\t\t<div class=\"elementor-element elementor-element-bc606a8 elementor-widget elementor-widget-heading\" data-id=\"bc606a8\" data-element_type=\"widget\" data-e-type=\"widget\" data-widget_type=\"heading.default\">\n\t\t\t\t<div class=\"elementor-widget-container\">\n\t\t\t\t\t<h2 class=\"elementor-heading-title elementor-size-default\">Bak\u0131m sa\u011flama konusunda anlay\u0131\u015f \u00e7ok \u00f6nemlidir.<\/h2>\t\t\t\t<\/div>\n\t\t\t\t<\/div>\n\t\t\t\t<div class=\"elementor-element elementor-element-aed7e8a elementor-widget elementor-widget-text-editor\" data-id=\"aed7e8a\" data-element_type=\"widget\" data-e-type=\"widget\" data-widget_type=\"text-editor.default\">\n\t\t\t\t<div class=\"elementor-widget-container\">\n\t\t\t\t\t\t\t\t\t<p>Bir bak\u0131m sa\u011flay\u0131c\u0131 olarak, bak\u0131c\u0131lar\u0131n ve m\u00fc\u015fterilerin kendilerini buldu\u011fu durumu anlaman\u0131z \u00f6nemlidir. Dinamikleri ne kadar iyi anlarsan\u0131z ve k\u00fclt\u00fcrel beklentilerin ne oldu\u011funu bilirseniz, buna daha h\u0131zl\u0131 ve daha kolay yan\u0131t verebilirsiniz, b\u00f6ylece her iki taraf da anla\u015f\u0131lm\u0131\u015f ve desteklenmi\u015f hissedebilir. Temel olarak iddial\u0131 bir tutum benimseyin, \u00e7\u00fcnk\u00fc m\u00fc\u015fteri taraf\u0131ndan belirtilmesi muhtemel de\u011fildir. Kendine g\u00fcvenmeyi te\u015fvik etmek, sayg\u0131l\u0131 bir \u015fekilde tart\u0131\u015f\u0131lmal\u0131d\u0131r, b\u00f6ylece bak\u0131c\u0131 biraz rahatlar.<\/p>\t\t\t\t\t\t\t\t<\/div>\n\t\t\t\t<\/div>\n\t\t\t\t\t<\/div>\n\t\t<\/div>\n\t\t\t\t\t<\/div>\n\t\t<\/section>\n\t\t\t\t<section class=\"elementor-section elementor-top-section elementor-element elementor-element-e32e2e8 elementor-section-height-min-height elementor-section-stretched elementor-section-boxed elementor-section-height-default elementor-section-items-middle\" data-id=\"e32e2e8\" data-element_type=\"section\" data-e-type=\"section\" data-settings=\"{&quot;stretch_section&quot;:&quot;section-stretched&quot;,&quot;background_background&quot;:&quot;classic&quot;}\">\n\t\t\t\t\t\t<div class=\"elementor-container elementor-column-gap-default\">\n\t\t\t\t\t<div class=\"elementor-column elementor-col-50 elementor-top-column elementor-element elementor-element-d1f8c72\" data-id=\"d1f8c72\" data-element_type=\"column\" data-e-type=\"column\">\n\t\t\t<div class=\"elementor-widget-wrap elementor-element-populated\">\n\t\t\t\t\t\t<div class=\"elementor-element elementor-element-a117a26 elementor-widget elementor-widget-heading\" data-id=\"a117a26\" data-element_type=\"widget\" data-e-type=\"widget\" data-widget_type=\"heading.default\">\n\t\t\t\t<div class=\"elementor-widget-container\">\n\t\t\t\t\t<h2 class=\"elementor-heading-title elementor-size-default\">Welke zorgaanbieder kan mij helpen met zorg voor Turkse ouderen en Marokkaanse ouderen?<\/h2>\t\t\t\t<\/div>\n\t\t\t\t<\/div>\n\t\t\t\t\t<\/div>\n\t\t<\/div>\n\t\t\t\t<div class=\"elementor-column elementor-col-50 elementor-top-column elementor-element elementor-element-8e84103\" data-id=\"8e84103\" data-element_type=\"column\" data-e-type=\"column\">\n\t\t\t<div class=\"elementor-widget-wrap elementor-element-populated\">\n\t\t\t\t\t\t<div class=\"elementor-element elementor-element-f504fa0 elementor-align-center elementor-widget elementor-widget-button\" data-id=\"f504fa0\" data-element_type=\"widget\" data-e-type=\"widget\" data-widget_type=\"button.default\">\n\t\t\t\t<div class=\"elementor-widget-container\">\n\t\t\t\t\t\t\t\t\t<div class=\"elementor-button-wrapper\">\n\t\t\t\t\t<a class=\"elementor-button elementor-button-link elementor-size-md\" href=\"https:\/\/thuiszorg-turkse-ouderen.nl\/tr\/aanbieders-thuiszorg-turkse-en-marokkaanse-ouderen\/\">\n\t\t\t\t\t\t<span class=\"elementor-button-content-wrapper\">\n\t\t\t\t\t\t<span class=\"elementor-button-icon\">\n\t\t\t\t<i aria-hidden=\"true\" class=\"fas fa-search\"><\/i>\t\t\t<\/span>\n\t\t\t\t\t\t\t\t\t<span class=\"elementor-button-text\">Klik hier voor een overzichten van zorginstellingen<\/span>\n\t\t\t\t\t<\/span>\n\t\t\t\t\t<\/a>\n\t\t\t\t<\/div>\n\t\t\t\t\t\t\t\t<\/div>\n\t\t\t\t<\/div>\n\t\t\t\t\t<\/div>\n\t\t<\/div>\n\t\t\t\t\t<\/div>\n\t\t<\/section>\n\t\t\t\t<\/div>","protected":false},"excerpt":{"rendered":"<p>Thuiszorg Turkse en Marokkaanse ouderen Bij thuiszorg voor Turkse en Marokkaanse ouderen is het van belang dat er rekening wordt gehouden met de diversiteit van culturen. Het is natuurlijk belangrijk dat Turkse en Marokkaanse ouderen ook de mogelijkheid krijgen op goede zorg op hun oude dag! Vaak is te zien dat Turkse en Marokkaanse ouderen<br \/><a class=\"moretag\" href=\"https:\/\/thuiszorg-turkse-ouderen.nl\/tr\/thuiszorg-voor-marokkaanse-turkse-ouderen\/\">+ Read More<\/a><\/p>","protected":false},"author":1,"featured_media":1205,"parent":0,"menu_order":0,"comment_status":"closed","ping_status":"closed","template":"templates\/page-fullwidth_template.php","meta":{"inline_featured_image":false,"_monsterinsights_skip_tracking":false,"_monsterinsights_sitenote_active":false,"_monsterinsights_sitenote_note":"","_monsterinsights_sitenote_category":0,"footnotes":""},"class_list":["post-2","page","type-page","status-publish","has-post-thumbnail","hentry"],"yoast_head":"<!-- This site is optimized with the Yoast SEO plugin v27.0 - https:\/\/yoast.com\/product\/yoast-seo-wordpress\/ -->\n<title>Thuiszorg Turkse en Marokkaanse ouderen<\/title>\n<meta name=\"description\" content=\"Thuiszorg voor allochtone ouderen moeten we rekeing houden met diverse aspecten zoals cultuur en godsdienst. Taalbarri\u00e8re of onbegrip speelt een grote rol.\" \/>\n<meta name=\"robots\" content=\"index, follow, max-snippet:-1, max-image-preview:large, max-video-preview:-1\" \/>\n<link rel=\"canonical\" href=\"https:\/\/thuiszorg-turkse-ouderen.nl\/tr\/thuiszorg-voor-marokkaanse-turkse-ouderen\/\" \/>\n<meta property=\"og:locale\" content=\"tr_TR\" \/>\n<meta property=\"og:type\" content=\"article\" \/>\n<meta property=\"og:title\" content=\"Thuiszorg Turkse en Marokkaanse ouderen\" \/>\n<meta property=\"og:description\" content=\"Thuiszorg voor allochtone ouderen moeten we rekeing houden met diverse aspecten zoals cultuur en godsdienst. Taalbarri\u00e8re of onbegrip speelt een grote rol.\" \/>\n<meta property=\"og:url\" content=\"https:\/\/thuiszorg-turkse-ouderen.nl\/tr\/thuiszorg-voor-marokkaanse-turkse-ouderen\/\" \/>\n<meta property=\"og:site_name\" content=\"Thuiszorg Turkse en Marokkaanse Ouderen\" \/>\n<meta property=\"article:publisher\" content=\"https:\/\/www.facebook.com\/Thuiszorg-Turkse-en-Marokkaanse-Ouderen-2162964037060436\/\" \/>\n<meta property=\"article:modified_time\" content=\"2024-05-29T09:47:30+00:00\" \/>\n<meta property=\"og:image\" content=\"https:\/\/thuiszorg-turkse-ouderen.nl\/wp-content\/uploads\/2021\/12\/thuiszorg-turkse-ouderen-bg.jpg\" \/>\n\t<meta property=\"og:image:width\" content=\"1400\" \/>\n\t<meta property=\"og:image:height\" content=\"400\" \/>\n\t<meta property=\"og:image:type\" content=\"image\/jpeg\" \/>\n<meta name=\"twitter:card\" content=\"summary_large_image\" \/>\n<meta name=\"twitter:label1\" content=\"Tahmini okuma s\u00fcresi\" \/>\n\t<meta name=\"twitter:data1\" content=\"3 dakika\" \/>\n<script type=\"application\/ld+json\" class=\"yoast-schema-graph\">{\"@context\":\"https:\/\/schema.org\",\"@graph\":[{\"@type\":\"WebPage\",\"@id\":\"https:\/\/thuiszorg-turkse-ouderen.nl\/thuiszorg-voor-marokkaanse-turkse-ouderen\/\",\"url\":\"https:\/\/thuiszorg-turkse-ouderen.nl\/thuiszorg-voor-marokkaanse-turkse-ouderen\/\",\"name\":\"Thuiszorg Turkse en Marokkaanse ouderen\",\"isPartOf\":{\"@id\":\"https:\/\/thuiszorg-turkse-ouderen.nl\/#website\"},\"primaryImageOfPage\":{\"@id\":\"https:\/\/thuiszorg-turkse-ouderen.nl\/thuiszorg-voor-marokkaanse-turkse-ouderen\/#primaryimage\"},\"image\":{\"@id\":\"https:\/\/thuiszorg-turkse-ouderen.nl\/thuiszorg-voor-marokkaanse-turkse-ouderen\/#primaryimage\"},\"thumbnailUrl\":\"https:\/\/thuiszorg-turkse-ouderen.nl\/wp-content\/uploads\/2021\/12\/thuiszorg-turkse-ouderen-bg.jpg\",\"datePublished\":\"2019-01-27T22:16:34+00:00\",\"dateModified\":\"2024-05-29T09:47:30+00:00\",\"description\":\"Thuiszorg voor allochtone ouderen moeten we rekeing houden met diverse aspecten zoals cultuur en godsdienst. Taalbarri\u00e8re of onbegrip speelt een grote rol.\",\"breadcrumb\":{\"@id\":\"https:\/\/thuiszorg-turkse-ouderen.nl\/thuiszorg-voor-marokkaanse-turkse-ouderen\/#breadcrumb\"},\"inLanguage\":\"tr\",\"potentialAction\":[{\"@type\":\"ReadAction\",\"target\":[\"https:\/\/thuiszorg-turkse-ouderen.nl\/thuiszorg-voor-marokkaanse-turkse-ouderen\/\"]}]},{\"@type\":\"ImageObject\",\"inLanguage\":\"tr\",\"@id\":\"https:\/\/thuiszorg-turkse-ouderen.nl\/thuiszorg-voor-marokkaanse-turkse-ouderen\/#primaryimage\",\"url\":\"https:\/\/thuiszorg-turkse-ouderen.nl\/wp-content\/uploads\/2021\/12\/thuiszorg-turkse-ouderen-bg.jpg\",\"contentUrl\":\"https:\/\/thuiszorg-turkse-ouderen.nl\/wp-content\/uploads\/2021\/12\/thuiszorg-turkse-ouderen-bg.jpg\",\"width\":1400,\"height\":400,\"caption\":\"thuiszorg-turkse-ouderen-bg\"},{\"@type\":\"BreadcrumbList\",\"@id\":\"https:\/\/thuiszorg-turkse-ouderen.nl\/thuiszorg-voor-marokkaanse-turkse-ouderen\/#breadcrumb\",\"itemListElement\":[{\"@type\":\"ListItem\",\"position\":1,\"name\":\"Home\",\"item\":\"https:\/\/thuiszorg-turkse-ouderen.nl\/\"},{\"@type\":\"ListItem\",\"position\":2,\"name\":\"Thuiszorg Turkse en Marokkaanse ouderen\"}]},{\"@type\":\"WebSite\",\"@id\":\"https:\/\/thuiszorg-turkse-ouderen.nl\/#website\",\"url\":\"https:\/\/thuiszorg-turkse-ouderen.nl\/\",\"name\":\"Thuiszorg Turkse en Marokkaanse Ouderen\",\"description\":\"\",\"publisher\":{\"@id\":\"https:\/\/thuiszorg-turkse-ouderen.nl\/#organization\"},\"potentialAction\":[{\"@type\":\"SearchAction\",\"target\":{\"@type\":\"EntryPoint\",\"urlTemplate\":\"https:\/\/thuiszorg-turkse-ouderen.nl\/?s={search_term_string}\"},\"query-input\":{\"@type\":\"PropertyValueSpecification\",\"valueRequired\":true,\"valueName\":\"search_term_string\"}}],\"inLanguage\":\"tr\"},{\"@type\":\"Organization\",\"@id\":\"https:\/\/thuiszorg-turkse-ouderen.nl\/#organization\",\"name\":\"Thuiszorg dagbesteding Turkse Marokkaanse ouderen\",\"url\":\"https:\/\/thuiszorg-turkse-ouderen.nl\/\",\"logo\":{\"@type\":\"ImageObject\",\"inLanguage\":\"tr\",\"@id\":\"https:\/\/thuiszorg-turkse-ouderen.nl\/#\/schema\/logo\/image\/\",\"url\":\"https:\/\/thuiszorg-turkse-ouderen.nl\/wp-content\/uploads\/2019\/12\/Logo.png\",\"contentUrl\":\"https:\/\/thuiszorg-turkse-ouderen.nl\/wp-content\/uploads\/2019\/12\/Logo.png\",\"width\":704,\"height\":725,\"caption\":\"Thuiszorg dagbesteding Turkse Marokkaanse ouderen\"},\"image\":{\"@id\":\"https:\/\/thuiszorg-turkse-ouderen.nl\/#\/schema\/logo\/image\/\"},\"sameAs\":[\"https:\/\/www.facebook.com\/Thuiszorg-Turkse-en-Marokkaanse-Ouderen-2162964037060436\/\",\"https:\/\/www.instagram.com\/thuiszorgturkseouderen\/\"]}]}<\/script>\n<!-- \/ Yoast SEO plugin. -->","yoast_head_json":{"title":"Evde Bak\u0131m Hizmetleri","description":"Thuiszorg voor allochtone ouderen moeten we rekeing houden met diverse aspecten zoals cultuur en godsdienst. Taalbarri\u00e8re of onbegrip speelt een grote rol.","robots":{"index":"index","follow":"follow","max-snippet":"max-snippet:-1","max-image-preview":"max-image-preview:large","max-video-preview":"max-video-preview:-1"},"canonical":"https:\/\/thuiszorg-turkse-ouderen.nl\/tr\/thuiszorg-voor-marokkaanse-turkse-ouderen\/","og_locale":"tr_TR","og_type":"article","og_title":"Thuiszorg Turkse en Marokkaanse ouderen","og_description":"Thuiszorg voor allochtone ouderen moeten we rekeing houden met diverse aspecten zoals cultuur en godsdienst. Taalbarri\u00e8re of onbegrip speelt een grote rol.","og_url":"https:\/\/thuiszorg-turkse-ouderen.nl\/tr\/thuiszorg-voor-marokkaanse-turkse-ouderen\/","og_site_name":"Thuiszorg Turkse en Marokkaanse Ouderen","article_publisher":"https:\/\/www.facebook.com\/Thuiszorg-Turkse-en-Marokkaanse-Ouderen-2162964037060436\/","article_modified_time":"2024-05-29T09:47:30+00:00","og_image":[{"width":1400,"height":400,"url":"https:\/\/thuiszorg-turkse-ouderen.nl\/wp-content\/uploads\/2021\/12\/thuiszorg-turkse-ouderen-bg.jpg","type":"image\/jpeg"}],"twitter_card":"summary_large_image","twitter_misc":{"Tahmini okuma s\u00fcresi":"3 dakika"},"schema":{"@context":"https:\/\/schema.org","@graph":[{"@type":"WebPage","@id":"https:\/\/thuiszorg-turkse-ouderen.nl\/thuiszorg-voor-marokkaanse-turkse-ouderen\/","url":"https:\/\/thuiszorg-turkse-ouderen.nl\/thuiszorg-voor-marokkaanse-turkse-ouderen\/","name":"Evde Bak\u0131m Hizmetleri","isPartOf":{"@id":"https:\/\/thuiszorg-turkse-ouderen.nl\/#website"},"primaryImageOfPage":{"@id":"https:\/\/thuiszorg-turkse-ouderen.nl\/thuiszorg-voor-marokkaanse-turkse-ouderen\/#primaryimage"},"image":{"@id":"https:\/\/thuiszorg-turkse-ouderen.nl\/thuiszorg-voor-marokkaanse-turkse-ouderen\/#primaryimage"},"thumbnailUrl":"https:\/\/thuiszorg-turkse-ouderen.nl\/wp-content\/uploads\/2021\/12\/thuiszorg-turkse-ouderen-bg.jpg","datePublished":"2019-01-27T22:16:34+00:00","dateModified":"2024-05-29T09:47:30+00:00","description":"Thuiszorg voor allochtone ouderen moeten we rekeing houden met diverse aspecten zoals cultuur en godsdienst. Taalbarri\u00e8re of onbegrip speelt een grote rol.","breadcrumb":{"@id":"https:\/\/thuiszorg-turkse-ouderen.nl\/thuiszorg-voor-marokkaanse-turkse-ouderen\/#breadcrumb"},"inLanguage":"tr","potentialAction":[{"@type":"ReadAction","target":["https:\/\/thuiszorg-turkse-ouderen.nl\/thuiszorg-voor-marokkaanse-turkse-ouderen\/"]}]},{"@type":"ImageObject","inLanguage":"tr","@id":"https:\/\/thuiszorg-turkse-ouderen.nl\/thuiszorg-voor-marokkaanse-turkse-ouderen\/#primaryimage","url":"https:\/\/thuiszorg-turkse-ouderen.nl\/wp-content\/uploads\/2021\/12\/thuiszorg-turkse-ouderen-bg.jpg","contentUrl":"https:\/\/thuiszorg-turkse-ouderen.nl\/wp-content\/uploads\/2021\/12\/thuiszorg-turkse-ouderen-bg.jpg","width":1400,"height":400,"caption":"thuiszorg-turkse-ouderen-bg"},{"@type":"BreadcrumbList","@id":"https:\/\/thuiszorg-turkse-ouderen.nl\/thuiszorg-voor-marokkaanse-turkse-ouderen\/#breadcrumb","itemListElement":[{"@type":"ListItem","position":1,"name":"Home","item":"https:\/\/thuiszorg-turkse-ouderen.nl\/"},{"@type":"ListItem","position":2,"name":"Thuiszorg Turkse en Marokkaanse ouderen"}]},{"@type":"WebSite","@id":"https:\/\/thuiszorg-turkse-ouderen.nl\/#website","url":"https:\/\/thuiszorg-turkse-ouderen.nl\/","name":"Thuiszorg Turkse en Marokkaanse Ouderen","description":"","publisher":{"@id":"https:\/\/thuiszorg-turkse-ouderen.nl\/#organization"},"potentialAction":[{"@type":"SearchAction","target":{"@type":"EntryPoint","urlTemplate":"https:\/\/thuiszorg-turkse-ouderen.nl\/?s={search_term_string}"},"query-input":{"@type":"PropertyValueSpecification","valueRequired":true,"valueName":"search_term_string"}}],"inLanguage":"tr"},{"@type":"Organization","@id":"https:\/\/thuiszorg-turkse-ouderen.nl\/#organization","name":"Thuiszorg dagbesteding Turkse Marokkaanse ouderen","url":"https:\/\/thuiszorg-turkse-ouderen.nl\/","logo":{"@type":"ImageObject","inLanguage":"tr","@id":"https:\/\/thuiszorg-turkse-ouderen.nl\/#\/schema\/logo\/image\/","url":"https:\/\/thuiszorg-turkse-ouderen.nl\/wp-content\/uploads\/2019\/12\/Logo.png","contentUrl":"https:\/\/thuiszorg-turkse-ouderen.nl\/wp-content\/uploads\/2019\/12\/Logo.png","width":704,"height":725,"caption":"Thuiszorg dagbesteding Turkse Marokkaanse ouderen"},"image":{"@id":"https:\/\/thuiszorg-turkse-ouderen.nl\/#\/schema\/logo\/image\/"},"sameAs":["https:\/\/www.facebook.com\/Thuiszorg-Turkse-en-Marokkaanse-Ouderen-2162964037060436\/","https:\/\/www.instagram.com\/thuiszorgturkseouderen\/"]}]}},"_links":{"self":[{"href":"https:\/\/thuiszorg-turkse-ouderen.nl\/tr\/wp-json\/wp\/v2\/pages\/2","targetHints":{"allow":["GET"]}}],"collection":[{"href":"https:\/\/thuiszorg-turkse-ouderen.nl\/tr\/wp-json\/wp\/v2\/pages"}],"about":[{"href":"https:\/\/thuiszorg-turkse-ouderen.nl\/tr\/wp-json\/wp\/v2\/types\/page"}],"author":[{"embeddable":true,"href":"https:\/\/thuiszorg-turkse-ouderen.nl\/tr\/wp-json\/wp\/v2\/users\/1"}],"replies":[{"embeddable":true,"href":"https:\/\/thuiszorg-turkse-ouderen.nl\/tr\/wp-json\/wp\/v2\/comments?post=2"}],"version-history":[{"count":3,"href":"https:\/\/thuiszorg-turkse-ouderen.nl\/tr\/wp-json\/wp\/v2\/pages\/2\/revisions"}],"predecessor-version":[{"id":2419,"href":"https:\/\/thuiszorg-turkse-ouderen.nl\/tr\/wp-json\/wp\/v2\/pages\/2\/revisions\/2419"}],"wp:featuredmedia":[{"embeddable":true,"href":"https:\/\/thuiszorg-turkse-ouderen.nl\/tr\/wp-json\/wp\/v2\/media\/1205"}],"wp:attachment":[{"href":"https:\/\/thuiszorg-turkse-ouderen.nl\/tr\/wp-json\/wp\/v2\/media?parent=2"}],"curies":[{"name":"wp","href":"https:\/\/api.w.org\/{rel}","templated":true}]}}