{"id":223,"date":"2019-12-06T08:47:29","date_gmt":"2019-12-06T08:47:29","guid":{"rendered":"https:\/\/thuiszorg-turkse-ouderen.nl\/?page_id=223"},"modified":"2022-01-04T14:05:27","modified_gmt":"2022-01-04T14:05:27","slug":"dementie-onder-turkse-en-marokkaanse-ouderen","status":"publish","type":"page","link":"https:\/\/thuiszorg-turkse-ouderen.nl\/tr\/dementie-onder-turkse-en-marokkaanse-ouderen\/","title":{"rendered":"Yabanc\u0131 k\u00f6kenli ya\u015fl\u0131lar ve demans"},"content":{"rendered":"<div data-elementor-type=\"wp-page\" data-elementor-id=\"223\" class=\"elementor elementor-223\" data-elementor-post-type=\"page\">\n\t\t\t\t\t\t<section class=\"elementor-section elementor-top-section elementor-element elementor-element-bb56f04 elementor-section-boxed elementor-section-height-default elementor-section-height-default\" data-id=\"bb56f04\" data-element_type=\"section\" data-e-type=\"section\">\n\t\t\t\t\t\t<div class=\"elementor-container elementor-column-gap-default\">\n\t\t\t\t\t<div class=\"elementor-column elementor-col-100 elementor-top-column elementor-element elementor-element-d6b182c\" data-id=\"d6b182c\" data-element_type=\"column\" data-e-type=\"column\">\n\t\t\t<div class=\"elementor-widget-wrap elementor-element-populated\">\n\t\t\t\t\t\t<div class=\"elementor-element elementor-element-0a3be01 elementor-widget elementor-widget-heading\" data-id=\"0a3be01\" data-element_type=\"widget\" data-e-type=\"widget\" data-widget_type=\"heading.default\">\n\t\t\t\t<div class=\"elementor-widget-container\">\n\t\t\t\t\t<h2 class=\"elementor-heading-title elementor-size-default\">Bir sa\u011fl\u0131k kurulu\u015fu olarak, T\u00fcrk ve Fasl\u0131 ya\u015fl\u0131 insanlar aras\u0131ndaki demansla nas\u0131l ba\u015fa \u00e7\u0131k\u0131yorsunuz?<\/h2>\t\t\t\t<\/div>\n\t\t\t\t<\/div>\n\t\t\t\t<div class=\"elementor-element elementor-element-43ae48b elementor-widget elementor-widget-text-editor\" data-id=\"43ae48b\" data-element_type=\"widget\" data-e-type=\"widget\" data-widget_type=\"text-editor.default\">\n\t\t\t\t<div class=\"elementor-widget-container\">\n\t\t\t\t\t\t\t\t\t<p>Dementie of Alzheimer is een ziekte die steeds vaker voorkomt onder Turkse en Marokkaanse ouderen in Nederland. Vaak blijft de ziekte echter te lang onopgemerkt, doordat de familie het stilhoudt. Er ligt in diverse culturen nog een taboe op dementie. Waardoor een cli\u00ebnt niet naar de dokter gaat om de ziekte vast te stellen en adviezen te vragen. Er zijn verschillende andere redenen die bijdragen aan een uitgestelde diagnose en zorgverlening. Vaak spelen tal van culturele verschillen een doorslaggevende rol en wordt het zorgverleners bemoeilijkt om adequate zorg te bieden. In het uitleggen wat dementie inhoudt, ligt al een eerste uitdaging.<\/p>\t\t\t\t\t\t\t\t<\/div>\n\t\t\t\t<\/div>\n\t\t\t\t<div class=\"elementor-element elementor-element-4424f65 elementor-widget elementor-widget-heading\" data-id=\"4424f65\" data-element_type=\"widget\" data-e-type=\"widget\" data-widget_type=\"heading.default\">\n\t\t\t\t<div class=\"elementor-widget-container\">\n\t\t\t\t\t<h2 class=\"elementor-heading-title elementor-size-default\">Sa\u011fl\u0131k sa\u011flay\u0131c\u0131lar\u0131na kendi k\u00fclt\u00fcrlerinden bak\u0131n<\/h2>\t\t\t\t<\/div>\n\t\t\t\t<\/div>\n\t\t\t\t<div class=\"elementor-element elementor-element-f51349e elementor-widget elementor-widget-text-editor\" data-id=\"f51349e\" data-element_type=\"widget\" data-e-type=\"widget\" data-widget_type=\"text-editor.default\">\n\t\t\t\t<div class=\"elementor-widget-container\">\n\t\t\t\t\t\t\t\t\t<p>Waar mogelijk is het verstandig om Turkse cli\u00ebnten door te verwijzen naar een arts die uit dezelfde cultuur afkomstig is. Dit geldt ook voor Marokkaanse cli\u00ebnten. Hierdoor spreekt de zorgverlener de oorspronkelijke taal als de Turkse of Marokkaanse zorgbehoevende. Hierdoor zal de ziekte gemakkelijker kunnen worden uitgelegd. Ook een behandelplan zal dan een stuk effectiever kunnen worden opgesteld. De zorgverlener is zich namelijk bewust van de culturele verwachtingen en kan in de eigen taal van de cli\u00ebnt communiceren. Iemand met dementie vervalt vaak terug in oude patronen, waaronder de oorspronkelijke moedertaal. Zeker als niemand in de familie de Nederlandse taal beheerst, wordt het lastig voor de Nederlandse zorgverlener om het contact te kunnen leggen. Het heeft voordelen om in de eigen moedertaal te informeren over de ziekte.<\/p>\t\t\t\t\t\t\t\t<\/div>\n\t\t\t\t<\/div>\n\t\t\t\t<div class=\"elementor-element elementor-element-a38c668 elementor-widget elementor-widget-heading\" data-id=\"a38c668\" data-element_type=\"widget\" data-e-type=\"widget\" data-widget_type=\"heading.default\">\n\t\t\t\t<div class=\"elementor-widget-container\">\n\t\t\t\t\t<h2 class=\"elementor-heading-title elementor-size-default\">Zaman\u0131nda tan\u0131 koymak - Demans T\u00fcrk ve Fas ya\u015fl\u0131<\/h2>\t\t\t\t<\/div>\n\t\t\t\t<\/div>\n\t\t\t\t<div class=\"elementor-element elementor-element-4504c14 elementor-widget elementor-widget-text-editor\" data-id=\"4504c14\" data-element_type=\"widget\" data-e-type=\"widget\" data-widget_type=\"text-editor.default\">\n\t\t\t\t<div class=\"elementor-widget-container\">\n\t\t\t\t\t\t\t\t\t<p>Bak\u0131m verenlerin demans\u0131n ilk belirtilerini olabildi\u011fince erken fark etmeleri ve tan\u0131 koymalar\u0131 \u00f6nemlidir. Ancak bu \u015fekilde a\u015f\u0131r\u0131 y\u00fcklenme yapan bak\u0131c\u0131lar \u00f6nlenebilir ve aile \u00f6nceden belli bir bak\u0131m sunmak i\u00e7in kullan\u0131lmadan \u00f6nce a\u00e7\u0131k bir tedavi plan\u0131 haz\u0131rlanabilir. Bununla birlikte, \u00e7o\u011fu zaman bak\u0131m verenler sadece demans\u0131n ileri bir a\u015famas\u0131ndayken, ya\u015fl\u0131 T\u00fcrk ve Fasl\u0131 insanlarla temasa ge\u00e7mektedir. \u00c7o\u011funlukla, hastal\u0131\u011fa ili\u015fkin herhangi bir bildirim yap\u0131lmad\u0131 ya da aile \u00fcyesinin durumu hakk\u0131nda \u00f6neride bulunuldu. Daha sonra, normal bir tedavi plan\u0131n\u0131n ailesini ikna etmek \u00e7ok daha zorla\u015f\u0131yor.<\/p>\t\t\t\t\t\t\t\t<\/div>\n\t\t\t\t<\/div>\n\t\t\t\t<div class=\"elementor-element elementor-element-35340b3 elementor-widget elementor-widget-heading\" data-id=\"35340b3\" data-element_type=\"widget\" data-e-type=\"widget\" data-widget_type=\"heading.default\">\n\t\t\t\t<div class=\"elementor-widget-container\">\n\t\t\t\t\t<h2 class=\"elementor-heading-title elementor-size-default\">Optimal i\u015fbirli\u011fi i\u00e7in bilgi ve ileti\u015fim<\/h2>\t\t\t\t<\/div>\n\t\t\t\t<\/div>\n\t\t\t\t<div class=\"elementor-element elementor-element-7b2c2ab elementor-widget elementor-widget-text-editor\" data-id=\"7b2c2ab\" data-element_type=\"widget\" data-e-type=\"widget\" data-widget_type=\"text-editor.default\">\n\t\t\t\t<div class=\"elementor-widget-container\">\n\t\t\t\t\t\t\t\t\t<p>Hem aile \u00fcyeleri hem de m\u00fc\u015fteri i\u00e7in d\u00fczenli bak\u0131m ile iyi bir i\u015fbirli\u011finin olmas\u0131 \u015fartt\u0131r. E\u015fi\u011fi azaltmak i\u00e7in, bak\u0131m \u015fartlar\u0131nda sunulabilecek destek t\u00fcr\u00fc hakk\u0131nda fark\u0131ndal\u0131\u011fa daha fazla dikkat etmek gerekir. Bir\u00e7o\u011fu Alzheimer Nederland vakf\u0131n\u0131 bilmiyor ya da T\u00fcrk\u00e7e ya da Arap\u00e7a bro\u015f\u00fcrleri var, bu y\u00fczden hangi bak\u0131m\u0131n mevcut oldu\u011fu belli de\u011fil. \u00d6rne\u011fin, bak\u0131c\u0131lar\u0131n demans hakk\u0131nda daha fazla bilgi i\u00e7in bir Alzheimer Kafe'ndeki bir toplant\u0131ya kat\u0131lmalar\u0131 tavsiye edilebilir. \u0130ki d\u00fcnya daha sonra bir araya gelir ve b\u00f6ylece hem aile hem de m\u00fc\u015fteriye daha iyi yard\u0131m edilebilir.<\/p>\t\t\t\t\t\t\t\t<\/div>\n\t\t\t\t<\/div>\n\t\t\t\t\t<\/div>\n\t\t<\/div>\n\t\t\t\t\t<\/div>\n\t\t<\/section>\n\t\t\t\t<section class=\"elementor-section elementor-top-section elementor-element elementor-element-8bab9de elementor-section-height-min-height elementor-section-stretched elementor-section-boxed elementor-section-height-default elementor-section-items-middle\" data-id=\"8bab9de\" data-element_type=\"section\" data-e-type=\"section\" data-settings=\"{&quot;stretch_section&quot;:&quot;section-stretched&quot;,&quot;background_background&quot;:&quot;classic&quot;}\">\n\t\t\t\t\t\t<div class=\"elementor-container elementor-column-gap-default\">\n\t\t\t\t\t<div class=\"elementor-column elementor-col-50 elementor-top-column elementor-element elementor-element-f24c1a3\" data-id=\"f24c1a3\" data-element_type=\"column\" data-e-type=\"column\">\n\t\t\t<div class=\"elementor-widget-wrap elementor-element-populated\">\n\t\t\t\t\t\t<div class=\"elementor-element elementor-element-9bbf05c elementor-widget elementor-widget-heading\" data-id=\"9bbf05c\" data-element_type=\"widget\" data-e-type=\"widget\" data-widget_type=\"heading.default\">\n\t\t\t\t<div class=\"elementor-widget-container\">\n\t\t\t\t\t<h2 class=\"elementor-heading-title elementor-size-default\">Welke zorgaanbieder kan mij helpen met zorg voor Turkse ouderen en Marokkaanse ouderen?<\/h2>\t\t\t\t<\/div>\n\t\t\t\t<\/div>\n\t\t\t\t\t<\/div>\n\t\t<\/div>\n\t\t\t\t<div class=\"elementor-column elementor-col-50 elementor-top-column elementor-element elementor-element-998597e\" data-id=\"998597e\" data-element_type=\"column\" data-e-type=\"column\">\n\t\t\t<div class=\"elementor-widget-wrap elementor-element-populated\">\n\t\t\t\t\t\t<div class=\"elementor-element elementor-element-1303a42 elementor-align-center elementor-widget elementor-widget-button\" data-id=\"1303a42\" data-element_type=\"widget\" data-e-type=\"widget\" data-widget_type=\"button.default\">\n\t\t\t\t<div class=\"elementor-widget-container\">\n\t\t\t\t\t\t\t\t\t<div class=\"elementor-button-wrapper\">\n\t\t\t\t\t<a class=\"elementor-button elementor-button-link elementor-size-md\" href=\"https:\/\/thuiszorg-turkse-ouderen.nl\/tr\/aanbieders-thuiszorg-turkse-en-marokkaanse-ouderen\/\">\n\t\t\t\t\t\t<span class=\"elementor-button-content-wrapper\">\n\t\t\t\t\t\t<span class=\"elementor-button-icon\">\n\t\t\t\t<i aria-hidden=\"true\" class=\"fas fa-search\"><\/i>\t\t\t<\/span>\n\t\t\t\t\t\t\t\t\t<span class=\"elementor-button-text\">Klik hier voor een overzichten van zorginstellingen<\/span>\n\t\t\t\t\t<\/span>\n\t\t\t\t\t<\/a>\n\t\t\t\t<\/div>\n\t\t\t\t\t\t\t\t<\/div>\n\t\t\t\t<\/div>\n\t\t\t\t\t<\/div>\n\t\t<\/div>\n\t\t\t\t\t<\/div>\n\t\t<\/section>\n\t\t\t\t<\/div>","protected":false},"excerpt":{"rendered":"<p>Hoe ga je als zorgverlener om met dementie onder Turkse en Marokkaanse ouderen? Dementie of Alzheimer is een ziekte die steeds vaker voorkomt onder Turkse en Marokkaanse ouderen in Nederland. Vaak blijft de ziekte echter te lang onopgemerkt, doordat de familie het stilhoudt. Er ligt in diverse culturen nog een taboe op dementie. Waardoor een<br \/><a class=\"moretag\" href=\"https:\/\/thuiszorg-turkse-ouderen.nl\/tr\/dementie-onder-turkse-en-marokkaanse-ouderen\/\">+ Read More<\/a><\/p>","protected":false},"author":1,"featured_media":1205,"parent":0,"menu_order":0,"comment_status":"closed","ping_status":"closed","template":"templates\/page-fullwidth_template.php","meta":{"inline_featured_image":false,"_monsterinsights_skip_tracking":false,"_monsterinsights_sitenote_active":false,"_monsterinsights_sitenote_note":"","_monsterinsights_sitenote_category":0,"footnotes":""},"class_list":["post-223","page","type-page","status-publish","has-post-thumbnail","hentry"],"yoast_head":"<!-- This site is optimized with the Yoast SEO plugin v27.0 - https:\/\/yoast.com\/product\/yoast-seo-wordpress\/ -->\n<title>Dementie onder Turkse en Marokkaanse ouderen<\/title>\n<meta name=\"description\" content=\"Thuiszorg Turkse ouderen en dementie turkse ouderen is een probleem in Nederland. Hoe om te gaan met dementie onder Turkse ouderen.\" \/>\n<meta name=\"robots\" content=\"index, follow, max-snippet:-1, max-image-preview:large, max-video-preview:-1\" \/>\n<link rel=\"canonical\" href=\"https:\/\/thuiszorg-turkse-ouderen.nl\/tr\/dementie-onder-turkse-en-marokkaanse-ouderen\/\" \/>\n<meta property=\"og:locale\" content=\"tr_TR\" \/>\n<meta property=\"og:type\" content=\"article\" \/>\n<meta property=\"og:title\" content=\"Dementie onder Turkse en Marokkaanse ouderen\" \/>\n<meta property=\"og:description\" content=\"Thuiszorg Turkse ouderen en dementie turkse ouderen is een probleem in Nederland. Hoe om te gaan met dementie onder Turkse ouderen.\" \/>\n<meta property=\"og:url\" content=\"https:\/\/thuiszorg-turkse-ouderen.nl\/tr\/dementie-onder-turkse-en-marokkaanse-ouderen\/\" \/>\n<meta property=\"og:site_name\" content=\"Thuiszorg Turkse en Marokkaanse Ouderen\" \/>\n<meta property=\"article:publisher\" content=\"https:\/\/www.facebook.com\/Thuiszorg-Turkse-en-Marokkaanse-Ouderen-2162964037060436\/\" \/>\n<meta property=\"article:modified_time\" content=\"2022-01-04T14:05:27+00:00\" \/>\n<meta property=\"og:image\" content=\"https:\/\/thuiszorg-turkse-ouderen.nl\/wp-content\/uploads\/2021\/12\/thuiszorg-turkse-ouderen-bg.jpg\" \/>\n\t<meta property=\"og:image:width\" content=\"1400\" \/>\n\t<meta property=\"og:image:height\" content=\"400\" \/>\n\t<meta property=\"og:image:type\" content=\"image\/jpeg\" \/>\n<meta name=\"twitter:card\" content=\"summary_large_image\" \/>\n<meta name=\"twitter:label1\" content=\"Tahmini okuma s\u00fcresi\" \/>\n\t<meta name=\"twitter:data1\" content=\"3 dakika\" \/>\n<script type=\"application\/ld+json\" class=\"yoast-schema-graph\">{\"@context\":\"https:\/\/schema.org\",\"@graph\":[{\"@type\":\"WebPage\",\"@id\":\"https:\/\/thuiszorg-turkse-ouderen.nl\/dementie-onder-turkse-en-marokkaanse-ouderen\/\",\"url\":\"https:\/\/thuiszorg-turkse-ouderen.nl\/dementie-onder-turkse-en-marokkaanse-ouderen\/\",\"name\":\"Dementie onder Turkse en Marokkaanse ouderen\",\"isPartOf\":{\"@id\":\"https:\/\/thuiszorg-turkse-ouderen.nl\/#website\"},\"primaryImageOfPage\":{\"@id\":\"https:\/\/thuiszorg-turkse-ouderen.nl\/dementie-onder-turkse-en-marokkaanse-ouderen\/#primaryimage\"},\"image\":{\"@id\":\"https:\/\/thuiszorg-turkse-ouderen.nl\/dementie-onder-turkse-en-marokkaanse-ouderen\/#primaryimage\"},\"thumbnailUrl\":\"https:\/\/thuiszorg-turkse-ouderen.nl\/wp-content\/uploads\/2021\/12\/thuiszorg-turkse-ouderen-bg.jpg\",\"datePublished\":\"2019-12-06T08:47:29+00:00\",\"dateModified\":\"2022-01-04T14:05:27+00:00\",\"description\":\"Thuiszorg Turkse ouderen en dementie turkse ouderen is een probleem in Nederland. Hoe om te gaan met dementie onder Turkse ouderen.\",\"breadcrumb\":{\"@id\":\"https:\/\/thuiszorg-turkse-ouderen.nl\/dementie-onder-turkse-en-marokkaanse-ouderen\/#breadcrumb\"},\"inLanguage\":\"tr\",\"potentialAction\":[{\"@type\":\"ReadAction\",\"target\":[\"https:\/\/thuiszorg-turkse-ouderen.nl\/dementie-onder-turkse-en-marokkaanse-ouderen\/\"]}]},{\"@type\":\"ImageObject\",\"inLanguage\":\"tr\",\"@id\":\"https:\/\/thuiszorg-turkse-ouderen.nl\/dementie-onder-turkse-en-marokkaanse-ouderen\/#primaryimage\",\"url\":\"https:\/\/thuiszorg-turkse-ouderen.nl\/wp-content\/uploads\/2021\/12\/thuiszorg-turkse-ouderen-bg.jpg\",\"contentUrl\":\"https:\/\/thuiszorg-turkse-ouderen.nl\/wp-content\/uploads\/2021\/12\/thuiszorg-turkse-ouderen-bg.jpg\",\"width\":1400,\"height\":400,\"caption\":\"thuiszorg-turkse-ouderen-bg\"},{\"@type\":\"BreadcrumbList\",\"@id\":\"https:\/\/thuiszorg-turkse-ouderen.nl\/dementie-onder-turkse-en-marokkaanse-ouderen\/#breadcrumb\",\"itemListElement\":[{\"@type\":\"ListItem\",\"position\":1,\"name\":\"Home\",\"item\":\"https:\/\/thuiszorg-turkse-ouderen.nl\/\"},{\"@type\":\"ListItem\",\"position\":2,\"name\":\"Dementie onder Turkse en Marokkaanse ouderen\"}]},{\"@type\":\"WebSite\",\"@id\":\"https:\/\/thuiszorg-turkse-ouderen.nl\/#website\",\"url\":\"https:\/\/thuiszorg-turkse-ouderen.nl\/\",\"name\":\"Thuiszorg Turkse en Marokkaanse Ouderen\",\"description\":\"\",\"publisher\":{\"@id\":\"https:\/\/thuiszorg-turkse-ouderen.nl\/#organization\"},\"potentialAction\":[{\"@type\":\"SearchAction\",\"target\":{\"@type\":\"EntryPoint\",\"urlTemplate\":\"https:\/\/thuiszorg-turkse-ouderen.nl\/?s={search_term_string}\"},\"query-input\":{\"@type\":\"PropertyValueSpecification\",\"valueRequired\":true,\"valueName\":\"search_term_string\"}}],\"inLanguage\":\"tr\"},{\"@type\":\"Organization\",\"@id\":\"https:\/\/thuiszorg-turkse-ouderen.nl\/#organization\",\"name\":\"Thuiszorg dagbesteding Turkse Marokkaanse ouderen\",\"url\":\"https:\/\/thuiszorg-turkse-ouderen.nl\/\",\"logo\":{\"@type\":\"ImageObject\",\"inLanguage\":\"tr\",\"@id\":\"https:\/\/thuiszorg-turkse-ouderen.nl\/#\/schema\/logo\/image\/\",\"url\":\"https:\/\/thuiszorg-turkse-ouderen.nl\/wp-content\/uploads\/2019\/12\/Logo.png\",\"contentUrl\":\"https:\/\/thuiszorg-turkse-ouderen.nl\/wp-content\/uploads\/2019\/12\/Logo.png\",\"width\":704,\"height\":725,\"caption\":\"Thuiszorg dagbesteding Turkse Marokkaanse ouderen\"},\"image\":{\"@id\":\"https:\/\/thuiszorg-turkse-ouderen.nl\/#\/schema\/logo\/image\/\"},\"sameAs\":[\"https:\/\/www.facebook.com\/Thuiszorg-Turkse-en-Marokkaanse-Ouderen-2162964037060436\/\",\"https:\/\/www.instagram.com\/thuiszorgturkseouderen\/\"]}]}<\/script>\n<!-- \/ Yoast SEO plugin. -->","yoast_head_json":{"title":"Yabanc\u0131 k\u00f6kenli ya\u015fl\u0131lar ve demans","description":"Thuiszorg Turkse ouderen en dementie turkse ouderen is een probleem in Nederland. Hoe om te gaan met dementie onder Turkse ouderen.","robots":{"index":"index","follow":"follow","max-snippet":"max-snippet:-1","max-image-preview":"max-image-preview:large","max-video-preview":"max-video-preview:-1"},"canonical":"https:\/\/thuiszorg-turkse-ouderen.nl\/tr\/dementie-onder-turkse-en-marokkaanse-ouderen\/","og_locale":"tr_TR","og_type":"article","og_title":"Dementie onder Turkse en Marokkaanse ouderen","og_description":"Thuiszorg Turkse ouderen en dementie turkse ouderen is een probleem in Nederland. Hoe om te gaan met dementie onder Turkse ouderen.","og_url":"https:\/\/thuiszorg-turkse-ouderen.nl\/tr\/dementie-onder-turkse-en-marokkaanse-ouderen\/","og_site_name":"Thuiszorg Turkse en Marokkaanse Ouderen","article_publisher":"https:\/\/www.facebook.com\/Thuiszorg-Turkse-en-Marokkaanse-Ouderen-2162964037060436\/","article_modified_time":"2022-01-04T14:05:27+00:00","og_image":[{"width":1400,"height":400,"url":"https:\/\/thuiszorg-turkse-ouderen.nl\/wp-content\/uploads\/2021\/12\/thuiszorg-turkse-ouderen-bg.jpg","type":"image\/jpeg"}],"twitter_card":"summary_large_image","twitter_misc":{"Tahmini okuma s\u00fcresi":"3 dakika"},"schema":{"@context":"https:\/\/schema.org","@graph":[{"@type":"WebPage","@id":"https:\/\/thuiszorg-turkse-ouderen.nl\/dementie-onder-turkse-en-marokkaanse-ouderen\/","url":"https:\/\/thuiszorg-turkse-ouderen.nl\/dementie-onder-turkse-en-marokkaanse-ouderen\/","name":"Yabanc\u0131 k\u00f6kenli ya\u015fl\u0131lar ve demans","isPartOf":{"@id":"https:\/\/thuiszorg-turkse-ouderen.nl\/#website"},"primaryImageOfPage":{"@id":"https:\/\/thuiszorg-turkse-ouderen.nl\/dementie-onder-turkse-en-marokkaanse-ouderen\/#primaryimage"},"image":{"@id":"https:\/\/thuiszorg-turkse-ouderen.nl\/dementie-onder-turkse-en-marokkaanse-ouderen\/#primaryimage"},"thumbnailUrl":"https:\/\/thuiszorg-turkse-ouderen.nl\/wp-content\/uploads\/2021\/12\/thuiszorg-turkse-ouderen-bg.jpg","datePublished":"2019-12-06T08:47:29+00:00","dateModified":"2022-01-04T14:05:27+00:00","description":"Thuiszorg Turkse ouderen en dementie turkse ouderen is een probleem in Nederland. Hoe om te gaan met dementie onder Turkse ouderen.","breadcrumb":{"@id":"https:\/\/thuiszorg-turkse-ouderen.nl\/dementie-onder-turkse-en-marokkaanse-ouderen\/#breadcrumb"},"inLanguage":"tr","potentialAction":[{"@type":"ReadAction","target":["https:\/\/thuiszorg-turkse-ouderen.nl\/dementie-onder-turkse-en-marokkaanse-ouderen\/"]}]},{"@type":"ImageObject","inLanguage":"tr","@id":"https:\/\/thuiszorg-turkse-ouderen.nl\/dementie-onder-turkse-en-marokkaanse-ouderen\/#primaryimage","url":"https:\/\/thuiszorg-turkse-ouderen.nl\/wp-content\/uploads\/2021\/12\/thuiszorg-turkse-ouderen-bg.jpg","contentUrl":"https:\/\/thuiszorg-turkse-ouderen.nl\/wp-content\/uploads\/2021\/12\/thuiszorg-turkse-ouderen-bg.jpg","width":1400,"height":400,"caption":"thuiszorg-turkse-ouderen-bg"},{"@type":"BreadcrumbList","@id":"https:\/\/thuiszorg-turkse-ouderen.nl\/dementie-onder-turkse-en-marokkaanse-ouderen\/#breadcrumb","itemListElement":[{"@type":"ListItem","position":1,"name":"Home","item":"https:\/\/thuiszorg-turkse-ouderen.nl\/"},{"@type":"ListItem","position":2,"name":"Dementie onder Turkse en Marokkaanse ouderen"}]},{"@type":"WebSite","@id":"https:\/\/thuiszorg-turkse-ouderen.nl\/#website","url":"https:\/\/thuiszorg-turkse-ouderen.nl\/","name":"Thuiszorg Turkse en Marokkaanse Ouderen","description":"","publisher":{"@id":"https:\/\/thuiszorg-turkse-ouderen.nl\/#organization"},"potentialAction":[{"@type":"SearchAction","target":{"@type":"EntryPoint","urlTemplate":"https:\/\/thuiszorg-turkse-ouderen.nl\/?s={search_term_string}"},"query-input":{"@type":"PropertyValueSpecification","valueRequired":true,"valueName":"search_term_string"}}],"inLanguage":"tr"},{"@type":"Organization","@id":"https:\/\/thuiszorg-turkse-ouderen.nl\/#organization","name":"Thuiszorg dagbesteding Turkse Marokkaanse ouderen","url":"https:\/\/thuiszorg-turkse-ouderen.nl\/","logo":{"@type":"ImageObject","inLanguage":"tr","@id":"https:\/\/thuiszorg-turkse-ouderen.nl\/#\/schema\/logo\/image\/","url":"https:\/\/thuiszorg-turkse-ouderen.nl\/wp-content\/uploads\/2019\/12\/Logo.png","contentUrl":"https:\/\/thuiszorg-turkse-ouderen.nl\/wp-content\/uploads\/2019\/12\/Logo.png","width":704,"height":725,"caption":"Thuiszorg dagbesteding Turkse Marokkaanse ouderen"},"image":{"@id":"https:\/\/thuiszorg-turkse-ouderen.nl\/#\/schema\/logo\/image\/"},"sameAs":["https:\/\/www.facebook.com\/Thuiszorg-Turkse-en-Marokkaanse-Ouderen-2162964037060436\/","https:\/\/www.instagram.com\/thuiszorgturkseouderen\/"]}]}},"_links":{"self":[{"href":"https:\/\/thuiszorg-turkse-ouderen.nl\/tr\/wp-json\/wp\/v2\/pages\/223","targetHints":{"allow":["GET"]}}],"collection":[{"href":"https:\/\/thuiszorg-turkse-ouderen.nl\/tr\/wp-json\/wp\/v2\/pages"}],"about":[{"href":"https:\/\/thuiszorg-turkse-ouderen.nl\/tr\/wp-json\/wp\/v2\/types\/page"}],"author":[{"embeddable":true,"href":"https:\/\/thuiszorg-turkse-ouderen.nl\/tr\/wp-json\/wp\/v2\/users\/1"}],"replies":[{"embeddable":true,"href":"https:\/\/thuiszorg-turkse-ouderen.nl\/tr\/wp-json\/wp\/v2\/comments?post=223"}],"version-history":[{"count":0,"href":"https:\/\/thuiszorg-turkse-ouderen.nl\/tr\/wp-json\/wp\/v2\/pages\/223\/revisions"}],"wp:featuredmedia":[{"embeddable":true,"href":"https:\/\/thuiszorg-turkse-ouderen.nl\/tr\/wp-json\/wp\/v2\/media\/1205"}],"wp:attachment":[{"href":"https:\/\/thuiszorg-turkse-ouderen.nl\/tr\/wp-json\/wp\/v2\/media?parent=223"}],"curies":[{"name":"wp","href":"https:\/\/api.w.org\/{rel}","templated":true}]}}