{"id":238,"date":"2019-12-07T19:38:19","date_gmt":"2019-12-07T19:38:19","guid":{"rendered":"https:\/\/thuiszorg-turkse-ouderen.nl\/?page_id=238"},"modified":"2024-05-29T09:46:34","modified_gmt":"2024-05-29T09:46:34","slug":"taalbarriere-turkse-en-marokkaanse-ouderen","status":"publish","type":"page","link":"https:\/\/thuiszorg-turkse-ouderen.nl\/tr\/taalbarriere-turkse-en-marokkaanse-ouderen\/","title":{"rendered":"Hoe werkt thuiszorg voor Turkse ouderen?"},"content":{"rendered":"<div data-elementor-type=\"wp-page\" data-elementor-id=\"238\" class=\"elementor elementor-238\" data-elementor-post-type=\"page\">\n\t\t\t\t\t\t<section class=\"elementor-section elementor-top-section elementor-element elementor-element-4bfb4f57 elementor-section-boxed elementor-section-height-default elementor-section-height-default\" data-id=\"4bfb4f57\" data-element_type=\"section\" data-e-type=\"section\">\n\t\t\t\t\t\t<div class=\"elementor-container elementor-column-gap-default\">\n\t\t\t\t\t<div class=\"elementor-column elementor-col-100 elementor-top-column elementor-element elementor-element-580b5d96\" data-id=\"580b5d96\" data-element_type=\"column\" data-e-type=\"column\">\n\t\t\t<div class=\"elementor-widget-wrap elementor-element-populated\">\n\t\t\t\t\t\t<div class=\"elementor-element elementor-element-54aa679 elementor-widget elementor-widget-text-editor\" data-id=\"54aa679\" data-element_type=\"widget\" data-e-type=\"widget\" data-widget_type=\"text-editor.default\">\n\t\t\t\t<div class=\"elementor-widget-container\">\n\t\t\t\t\t\t\t\t\t<p>Hollanda'da sa\u011fl\u0131k, Avrupa'n\u0131n en pahal\u0131 ve en iyileri aras\u0131nda ve \u00e7o\u011fu zaman da \u00f6tesinde. Hollanda'da ya\u015fayan veya \u00e7al\u0131\u015fan herkes sa\u011fl\u0131k sigortas\u0131 yapt\u0131rmak zorundad\u0131r, bu nedenle merkezi h\u00fck\u00fcmet hangi temel bak\u0131m\u0131n temel pakete dahil edilmesi gerekti\u011fini belirler. Bununla birlikte, g\u00f6\u00e7menler veya m\u00fclteciler \u00e7o\u011fu zaman yerel halk i\u00e7in geleneksel olan ayn\u0131 d\u00fczeyde bak\u0131m g\u00f6rmemektedir. Stat\u00fc sahibi olurlar ve bu nedenle en az be\u015f y\u0131l i\u00e7in oturma izni al\u0131r almaz ayn\u0131 bak\u0131m\u0131 al\u0131rlar. Bak\u0131m\u0131n sa\u011flanmas\u0131nda, di\u011fer k\u00fclt\u00fcrlerle ve dil engelinden kaynaklanan problemlerle u\u011fra\u015fmak gittik\u00e7e artan bir rol oynamaktad\u0131r. Do\u011fru d\u00fczeyde bak\u0131m sunabilmek i\u00e7in, \u00f6zellikle bu pop\u00fclasyon hedef grubuna farkl\u0131 bir yakla\u015f\u0131m gerekmektedir.<\/p>\t\t\t\t\t\t\t\t<\/div>\n\t\t\t\t<\/div>\n\t\t\t\t<div class=\"elementor-element elementor-element-b31e9fe elementor-widget elementor-widget-heading\" data-id=\"b31e9fe\" data-element_type=\"widget\" data-e-type=\"widget\" data-widget_type=\"heading.default\">\n\t\t\t\t<div class=\"elementor-widget-container\">\n\t\t\t\t\t<h2 class=\"elementor-heading-title elementor-size-default\">T\u00fcrk ve Fas ya\u015fl\u0131lara s\u0131n\u0131rl\u0131 bak\u0131m\u0131n sebepleri.<\/h2>\t\t\t\t<\/div>\n\t\t\t\t<\/div>\n\t\t\t\t<div class=\"elementor-element elementor-element-d2c30f3 elementor-widget elementor-widget-text-editor\" data-id=\"d2c30f3\" data-element_type=\"widget\" data-e-type=\"widget\" data-widget_type=\"text-editor.default\">\n\t\t\t\t<div class=\"elementor-widget-container\">\n\t\t\t\t\t\t\t\t\t<p>De gangbare zorgverlening is niet altijd toereikend voor allochtone bevolkingsgroepen, zoals dit voor autochtone inwoners van Nederland gebruikelijk is. Er zijn hiervoor diverse redenen te noemen. Met name de thuiszorg heeft moeite om deze doelgroep te bereiken, wat voornamelijk komt doordat allochtonen vaak niet voldoende op de hoogte zijn van welke voorzieningen ook voor hen beschikbaar zijn. Om optimale hulpverlening te kunnen bieden, is kennis nodig van verschillende culturele gewoonten om de zorgbehoevenden tegemoet te kunnen komen. Doordat deze kennis nog onvoldoende bij zorgverleners beschikbaar is, kiezen veel cli\u00ebnten ervoor liever geen gebruik te maken van hulpverlening.<\/p>\t\t\t\t\t\t\t\t<\/div>\n\t\t\t\t<\/div>\n\t\t\t\t<div class=\"elementor-element elementor-element-2efa5c5 elementor-widget elementor-widget-heading\" data-id=\"2efa5c5\" data-element_type=\"widget\" data-e-type=\"widget\" data-widget_type=\"heading.default\">\n\t\t\t\t<div class=\"elementor-widget-container\">\n\t\t\t\t\t<h2 class=\"elementor-heading-title elementor-size-default\">Dil sorunudan dolay\u0131 engeller olusuyor<\/h2>\t\t\t\t<\/div>\n\t\t\t\t<\/div>\n\t\t\t\t<div class=\"elementor-element elementor-element-fd2c25f elementor-widget elementor-widget-text-editor\" data-id=\"fd2c25f\" data-element_type=\"widget\" data-e-type=\"widget\" data-widget_type=\"text-editor.default\">\n\t\t\t\t<div class=\"elementor-widget-container\">\n\t\t\t\t\t\t\t\t\t<p>Er is bovendien vaak sprake van een belemmerende taalbarri\u00e8re. Waardoor vaak geen hulp wordt ingeroepen als gezondheidsproblemen zich voordoen. Veel oudere allochtonen hebben nooit een volledige inburgering afgerond. Waardoor ze de taal niet hebben geleerd en deze dus niet voldoende beheersen. Hierdoor kunnen zij niet de juiste zorgverlening op de hoogte te stellen. Ook kunnen ze hierdoor lastiger aangeven wanneer er een oprechte behoefte is aan zorg. Ook zorgverleners ondervinden moeilijkheden in het stellen van een duidelijke diagnose, als het aankomt op ziektepatronen. Ziektepatronen zoals dementie of Alzheimer, doordat de gangbare testen simpelweg niet toereikend zijn om dit te bepalen. De taalbarri\u00e8re geeft hierin een verkeerd beeld, waardoor een diagnose niet duidelijk naar voren komt als resultaat van de testen.<\/p>\t\t\t\t\t\t\t\t<\/div>\n\t\t\t\t<\/div>\n\t\t\t\t<div class=\"elementor-element elementor-element-51a9cd3 elementor-widget elementor-widget-heading\" data-id=\"51a9cd3\" data-element_type=\"widget\" data-e-type=\"widget\" data-widget_type=\"heading.default\">\n\t\t\t\t<div class=\"elementor-widget-container\">\n\t\t\t\t\t<h2 class=\"elementor-heading-title elementor-size-default\">\u0130leti\u015fim e\u015fi\u011fi nedeniyle sa\u011fl\u0131k riskleri<\/h2>\t\t\t\t<\/div>\n\t\t\t\t<\/div>\n\t\t\t\t<div class=\"elementor-element elementor-element-2757efe elementor-widget elementor-widget-text-editor\" data-id=\"2757efe\" data-element_type=\"widget\" data-e-type=\"widget\" data-widget_type=\"text-editor.default\">\n\t\t\t\t<div class=\"elementor-widget-container\">\n\t\t\t\t\t\t\t\t\t<p>Als een taalbarri\u00e8re de juiste zorgverlening in de weg staat, biedt dit een duidelijk probleem. Grotere gezondheidsrisico\u2019s kunnen immers het gevolg zijn, als niet tijdig zorg en hulpverlening wordt geboden. Het helpt in veel gevallen niet als een familielid voor de cli\u00ebnt gaat vertolken. Hierdoor kan informatie onduidelijk worden overgebracht. Bovendien kun je er als zorgverlener niet op vertrouwen dat de informatie die wordt doorgegeven op waarheid berust of volledig is. Met beste bedoelingen kan de informatie worden verdraaid of alsnog verkeerd worden vertolkt. Dit komt doordat de informele tolk niet precies weet hoe hij het moet overbrengen. Hierdoor kunnen verkeerde diagnoses worden gesteld, die tot nog weer heel andere problemen kunnen leiden.<\/p><p><a href=\"https:\/\/mijn.bsl.nl\/de-taalbarriere-bij-oudere-turkse-vrouwen-nader-onderzocht\/16296648\" target=\"_blank\" rel=\"noopener noreferrer\">Meer informatie over taalbarri\u00e8re.<\/a><\/p>\t\t\t\t\t\t\t\t<\/div>\n\t\t\t\t<\/div>\n\t\t\t\t\t<\/div>\n\t\t<\/div>\n\t\t\t\t\t<\/div>\n\t\t<\/section>\n\t\t\t\t<section class=\"elementor-section elementor-top-section elementor-element elementor-element-9157d1d elementor-section-height-min-height elementor-section-stretched elementor-section-boxed elementor-section-height-default elementor-section-items-middle\" data-id=\"9157d1d\" data-element_type=\"section\" data-e-type=\"section\" data-settings=\"{&quot;stretch_section&quot;:&quot;section-stretched&quot;,&quot;background_background&quot;:&quot;classic&quot;}\">\n\t\t\t\t\t\t<div class=\"elementor-container elementor-column-gap-default\">\n\t\t\t\t\t<div class=\"elementor-column elementor-col-50 elementor-top-column elementor-element elementor-element-5c5e9da\" data-id=\"5c5e9da\" data-element_type=\"column\" data-e-type=\"column\">\n\t\t\t<div class=\"elementor-widget-wrap elementor-element-populated\">\n\t\t\t\t\t\t<div class=\"elementor-element elementor-element-a99ac6c elementor-widget elementor-widget-heading\" data-id=\"a99ac6c\" data-element_type=\"widget\" data-e-type=\"widget\" data-widget_type=\"heading.default\">\n\t\t\t\t<div class=\"elementor-widget-container\">\n\t\t\t\t\t<h2 class=\"elementor-heading-title elementor-size-default\">Welke zorgaanbieder kan mij helpen met zorg voor Turkse en Marokkaanse ouderen?<\/h2>\t\t\t\t<\/div>\n\t\t\t\t<\/div>\n\t\t\t\t\t<\/div>\n\t\t<\/div>\n\t\t\t\t<div class=\"elementor-column elementor-col-50 elementor-top-column elementor-element elementor-element-4b31f57\" data-id=\"4b31f57\" data-element_type=\"column\" data-e-type=\"column\">\n\t\t\t<div class=\"elementor-widget-wrap elementor-element-populated\">\n\t\t\t\t\t\t<div class=\"elementor-element elementor-element-c52db84 elementor-align-center elementor-widget elementor-widget-button\" data-id=\"c52db84\" data-element_type=\"widget\" data-e-type=\"widget\" data-widget_type=\"button.default\">\n\t\t\t\t<div class=\"elementor-widget-container\">\n\t\t\t\t\t\t\t\t\t<div class=\"elementor-button-wrapper\">\n\t\t\t\t\t<a class=\"elementor-button elementor-button-link elementor-size-md\" href=\"https:\/\/thuiszorg-turkse-ouderen.nl\/tr\/aanbieders-thuiszorg-turkse-en-marokkaanse-ouderen\/\" id=\"btnOverzicht\">\n\t\t\t\t\t\t<span class=\"elementor-button-content-wrapper\">\n\t\t\t\t\t\t<span class=\"elementor-button-icon\">\n\t\t\t\t<i aria-hidden=\"true\" class=\"fas fa-search\"><\/i>\t\t\t<\/span>\n\t\t\t\t\t\t\t\t\t<span class=\"elementor-button-text\">Klik hier voor een overzichten van zorginstellingen<\/span>\n\t\t\t\t\t<\/span>\n\t\t\t\t\t<\/a>\n\t\t\t\t<\/div>\n\t\t\t\t\t\t\t\t<\/div>\n\t\t\t\t<\/div>\n\t\t\t\t\t<\/div>\n\t\t<\/div>\n\t\t\t\t\t<\/div>\n\t\t<\/section>\n\t\t\t\t<\/div>","protected":false},"excerpt":{"rendered":"<p>De gezondheidszorg in Nederland behoort tot de duurste en beste van Europa en vaak ook daarbuiten. Iedereen die in Nederland woont of werkt is verplicht om een zorgverzekering af te sluiten, waarbij de Rijksoverheid bepaalt wat er in het basispakket moet zijn opgenomen aan basiszorg. Voor immigranten of vluchtelingen geldt vaak echter niet dezelfde mate<br \/><a class=\"moretag\" href=\"https:\/\/thuiszorg-turkse-ouderen.nl\/tr\/taalbarriere-turkse-en-marokkaanse-ouderen\/\">+ Read More<\/a><\/p>","protected":false},"author":1,"featured_media":1205,"parent":0,"menu_order":0,"comment_status":"closed","ping_status":"closed","template":"templates\/page-fullwidth_template.php","meta":{"inline_featured_image":false,"_monsterinsights_skip_tracking":false,"_monsterinsights_sitenote_active":false,"_monsterinsights_sitenote_note":"","_monsterinsights_sitenote_category":0,"footnotes":""},"class_list":["post-238","page","type-page","status-publish","has-post-thumbnail","hentry"],"yoast_head":"<!-- This site is optimized with the Yoast SEO plugin v27.0 - https:\/\/yoast.com\/product\/yoast-seo-wordpress\/ -->\n<title>Hoe werkt thuiszorg voor Turkse ouderen?<\/title>\n<meta name=\"description\" content=\"Thuiszorg en dagbesteding voor Turkse en Marokkaanse ouderen in Nederland heeft vaak een taalbarri\u00e8re. Dit veroorzaakt vaak een probleem.Lees onze tips.\" \/>\n<meta name=\"robots\" content=\"index, follow, max-snippet:-1, max-image-preview:large, max-video-preview:-1\" \/>\n<link rel=\"canonical\" href=\"https:\/\/thuiszorg-turkse-ouderen.nl\/tr\/taalbarriere-turkse-en-marokkaanse-ouderen\/\" \/>\n<meta property=\"og:locale\" content=\"tr_TR\" \/>\n<meta property=\"og:type\" content=\"article\" \/>\n<meta property=\"og:title\" content=\"Hoe werkt thuiszorg voor Turkse ouderen?\" \/>\n<meta property=\"og:description\" content=\"Thuiszorg en dagbesteding voor Turkse en Marokkaanse ouderen in Nederland heeft vaak een taalbarri\u00e8re. Dit veroorzaakt vaak een probleem.Lees onze tips.\" \/>\n<meta property=\"og:url\" content=\"https:\/\/thuiszorg-turkse-ouderen.nl\/tr\/taalbarriere-turkse-en-marokkaanse-ouderen\/\" \/>\n<meta property=\"og:site_name\" content=\"Thuiszorg Turkse en Marokkaanse Ouderen\" \/>\n<meta property=\"article:publisher\" content=\"https:\/\/www.facebook.com\/Thuiszorg-Turkse-en-Marokkaanse-Ouderen-2162964037060436\/\" \/>\n<meta property=\"article:modified_time\" content=\"2024-05-29T09:46:34+00:00\" \/>\n<meta property=\"og:image\" content=\"https:\/\/thuiszorg-turkse-ouderen.nl\/wp-content\/uploads\/2021\/12\/thuiszorg-turkse-ouderen-bg.jpg\" \/>\n\t<meta property=\"og:image:width\" content=\"1400\" \/>\n\t<meta property=\"og:image:height\" content=\"400\" \/>\n\t<meta property=\"og:image:type\" content=\"image\/jpeg\" \/>\n<meta name=\"twitter:card\" content=\"summary_large_image\" \/>\n<meta name=\"twitter:label1\" content=\"Tahmini okuma s\u00fcresi\" \/>\n\t<meta name=\"twitter:data1\" content=\"3 dakika\" \/>\n<script type=\"application\/ld+json\" class=\"yoast-schema-graph\">{\"@context\":\"https:\/\/schema.org\",\"@graph\":[{\"@type\":\"WebPage\",\"@id\":\"https:\/\/thuiszorg-turkse-ouderen.nl\/taalbarriere-turkse-en-marokkaanse-ouderen\/\",\"url\":\"https:\/\/thuiszorg-turkse-ouderen.nl\/taalbarriere-turkse-en-marokkaanse-ouderen\/\",\"name\":\"Hoe werkt thuiszorg voor Turkse ouderen?\",\"isPartOf\":{\"@id\":\"https:\/\/thuiszorg-turkse-ouderen.nl\/#website\"},\"primaryImageOfPage\":{\"@id\":\"https:\/\/thuiszorg-turkse-ouderen.nl\/taalbarriere-turkse-en-marokkaanse-ouderen\/#primaryimage\"},\"image\":{\"@id\":\"https:\/\/thuiszorg-turkse-ouderen.nl\/taalbarriere-turkse-en-marokkaanse-ouderen\/#primaryimage\"},\"thumbnailUrl\":\"https:\/\/thuiszorg-turkse-ouderen.nl\/wp-content\/uploads\/2021\/12\/thuiszorg-turkse-ouderen-bg.jpg\",\"datePublished\":\"2019-12-07T19:38:19+00:00\",\"dateModified\":\"2024-05-29T09:46:34+00:00\",\"description\":\"Thuiszorg en dagbesteding voor Turkse en Marokkaanse ouderen in Nederland heeft vaak een taalbarri\u00e8re. Dit veroorzaakt vaak een probleem.Lees onze tips.\",\"breadcrumb\":{\"@id\":\"https:\/\/thuiszorg-turkse-ouderen.nl\/taalbarriere-turkse-en-marokkaanse-ouderen\/#breadcrumb\"},\"inLanguage\":\"tr\",\"potentialAction\":[{\"@type\":\"ReadAction\",\"target\":[\"https:\/\/thuiszorg-turkse-ouderen.nl\/taalbarriere-turkse-en-marokkaanse-ouderen\/\"]}]},{\"@type\":\"ImageObject\",\"inLanguage\":\"tr\",\"@id\":\"https:\/\/thuiszorg-turkse-ouderen.nl\/taalbarriere-turkse-en-marokkaanse-ouderen\/#primaryimage\",\"url\":\"https:\/\/thuiszorg-turkse-ouderen.nl\/wp-content\/uploads\/2021\/12\/thuiszorg-turkse-ouderen-bg.jpg\",\"contentUrl\":\"https:\/\/thuiszorg-turkse-ouderen.nl\/wp-content\/uploads\/2021\/12\/thuiszorg-turkse-ouderen-bg.jpg\",\"width\":1400,\"height\":400,\"caption\":\"thuiszorg-turkse-ouderen-bg\"},{\"@type\":\"BreadcrumbList\",\"@id\":\"https:\/\/thuiszorg-turkse-ouderen.nl\/taalbarriere-turkse-en-marokkaanse-ouderen\/#breadcrumb\",\"itemListElement\":[{\"@type\":\"ListItem\",\"position\":1,\"name\":\"Home\",\"item\":\"https:\/\/thuiszorg-turkse-ouderen.nl\/\"},{\"@type\":\"ListItem\",\"position\":2,\"name\":\"Hoe werkt thuiszorg voor Turkse ouderen?\"}]},{\"@type\":\"WebSite\",\"@id\":\"https:\/\/thuiszorg-turkse-ouderen.nl\/#website\",\"url\":\"https:\/\/thuiszorg-turkse-ouderen.nl\/\",\"name\":\"Thuiszorg Turkse en Marokkaanse Ouderen\",\"description\":\"\",\"publisher\":{\"@id\":\"https:\/\/thuiszorg-turkse-ouderen.nl\/#organization\"},\"potentialAction\":[{\"@type\":\"SearchAction\",\"target\":{\"@type\":\"EntryPoint\",\"urlTemplate\":\"https:\/\/thuiszorg-turkse-ouderen.nl\/?s={search_term_string}\"},\"query-input\":{\"@type\":\"PropertyValueSpecification\",\"valueRequired\":true,\"valueName\":\"search_term_string\"}}],\"inLanguage\":\"tr\"},{\"@type\":\"Organization\",\"@id\":\"https:\/\/thuiszorg-turkse-ouderen.nl\/#organization\",\"name\":\"Thuiszorg dagbesteding Turkse Marokkaanse ouderen\",\"url\":\"https:\/\/thuiszorg-turkse-ouderen.nl\/\",\"logo\":{\"@type\":\"ImageObject\",\"inLanguage\":\"tr\",\"@id\":\"https:\/\/thuiszorg-turkse-ouderen.nl\/#\/schema\/logo\/image\/\",\"url\":\"https:\/\/thuiszorg-turkse-ouderen.nl\/wp-content\/uploads\/2019\/12\/Logo.png\",\"contentUrl\":\"https:\/\/thuiszorg-turkse-ouderen.nl\/wp-content\/uploads\/2019\/12\/Logo.png\",\"width\":704,\"height\":725,\"caption\":\"Thuiszorg dagbesteding Turkse Marokkaanse ouderen\"},\"image\":{\"@id\":\"https:\/\/thuiszorg-turkse-ouderen.nl\/#\/schema\/logo\/image\/\"},\"sameAs\":[\"https:\/\/www.facebook.com\/Thuiszorg-Turkse-en-Marokkaanse-Ouderen-2162964037060436\/\",\"https:\/\/www.instagram.com\/thuiszorgturkseouderen\/\"]}]}<\/script>\n<!-- \/ Yoast SEO plugin. -->","yoast_head_json":{"title":"Hoe werkt thuiszorg voor Turkse ouderen?","description":"Thuiszorg en dagbesteding voor Turkse en Marokkaanse ouderen in Nederland heeft vaak een taalbarri\u00e8re. Dit veroorzaakt vaak een probleem.Lees onze tips.","robots":{"index":"index","follow":"follow","max-snippet":"max-snippet:-1","max-image-preview":"max-image-preview:large","max-video-preview":"max-video-preview:-1"},"canonical":"https:\/\/thuiszorg-turkse-ouderen.nl\/tr\/taalbarriere-turkse-en-marokkaanse-ouderen\/","og_locale":"tr_TR","og_type":"article","og_title":"Hoe werkt thuiszorg voor Turkse ouderen?","og_description":"Thuiszorg en dagbesteding voor Turkse en Marokkaanse ouderen in Nederland heeft vaak een taalbarri\u00e8re. Dit veroorzaakt vaak een probleem.Lees onze tips.","og_url":"https:\/\/thuiszorg-turkse-ouderen.nl\/tr\/taalbarriere-turkse-en-marokkaanse-ouderen\/","og_site_name":"Thuiszorg Turkse en Marokkaanse Ouderen","article_publisher":"https:\/\/www.facebook.com\/Thuiszorg-Turkse-en-Marokkaanse-Ouderen-2162964037060436\/","article_modified_time":"2024-05-29T09:46:34+00:00","og_image":[{"width":1400,"height":400,"url":"https:\/\/thuiszorg-turkse-ouderen.nl\/wp-content\/uploads\/2021\/12\/thuiszorg-turkse-ouderen-bg.jpg","type":"image\/jpeg"}],"twitter_card":"summary_large_image","twitter_misc":{"Tahmini okuma s\u00fcresi":"3 dakika"},"schema":{"@context":"https:\/\/schema.org","@graph":[{"@type":"WebPage","@id":"https:\/\/thuiszorg-turkse-ouderen.nl\/taalbarriere-turkse-en-marokkaanse-ouderen\/","url":"https:\/\/thuiszorg-turkse-ouderen.nl\/taalbarriere-turkse-en-marokkaanse-ouderen\/","name":"Hoe werkt thuiszorg voor Turkse ouderen?","isPartOf":{"@id":"https:\/\/thuiszorg-turkse-ouderen.nl\/#website"},"primaryImageOfPage":{"@id":"https:\/\/thuiszorg-turkse-ouderen.nl\/taalbarriere-turkse-en-marokkaanse-ouderen\/#primaryimage"},"image":{"@id":"https:\/\/thuiszorg-turkse-ouderen.nl\/taalbarriere-turkse-en-marokkaanse-ouderen\/#primaryimage"},"thumbnailUrl":"https:\/\/thuiszorg-turkse-ouderen.nl\/wp-content\/uploads\/2021\/12\/thuiszorg-turkse-ouderen-bg.jpg","datePublished":"2019-12-07T19:38:19+00:00","dateModified":"2024-05-29T09:46:34+00:00","description":"Thuiszorg en dagbesteding voor Turkse en Marokkaanse ouderen in Nederland heeft vaak een taalbarri\u00e8re. Dit veroorzaakt vaak een probleem.Lees onze tips.","breadcrumb":{"@id":"https:\/\/thuiszorg-turkse-ouderen.nl\/taalbarriere-turkse-en-marokkaanse-ouderen\/#breadcrumb"},"inLanguage":"tr","potentialAction":[{"@type":"ReadAction","target":["https:\/\/thuiszorg-turkse-ouderen.nl\/taalbarriere-turkse-en-marokkaanse-ouderen\/"]}]},{"@type":"ImageObject","inLanguage":"tr","@id":"https:\/\/thuiszorg-turkse-ouderen.nl\/taalbarriere-turkse-en-marokkaanse-ouderen\/#primaryimage","url":"https:\/\/thuiszorg-turkse-ouderen.nl\/wp-content\/uploads\/2021\/12\/thuiszorg-turkse-ouderen-bg.jpg","contentUrl":"https:\/\/thuiszorg-turkse-ouderen.nl\/wp-content\/uploads\/2021\/12\/thuiszorg-turkse-ouderen-bg.jpg","width":1400,"height":400,"caption":"thuiszorg-turkse-ouderen-bg"},{"@type":"BreadcrumbList","@id":"https:\/\/thuiszorg-turkse-ouderen.nl\/taalbarriere-turkse-en-marokkaanse-ouderen\/#breadcrumb","itemListElement":[{"@type":"ListItem","position":1,"name":"Home","item":"https:\/\/thuiszorg-turkse-ouderen.nl\/"},{"@type":"ListItem","position":2,"name":"Hoe werkt thuiszorg voor Turkse ouderen?"}]},{"@type":"WebSite","@id":"https:\/\/thuiszorg-turkse-ouderen.nl\/#website","url":"https:\/\/thuiszorg-turkse-ouderen.nl\/","name":"Thuiszorg Turkse en Marokkaanse Ouderen","description":"","publisher":{"@id":"https:\/\/thuiszorg-turkse-ouderen.nl\/#organization"},"potentialAction":[{"@type":"SearchAction","target":{"@type":"EntryPoint","urlTemplate":"https:\/\/thuiszorg-turkse-ouderen.nl\/?s={search_term_string}"},"query-input":{"@type":"PropertyValueSpecification","valueRequired":true,"valueName":"search_term_string"}}],"inLanguage":"tr"},{"@type":"Organization","@id":"https:\/\/thuiszorg-turkse-ouderen.nl\/#organization","name":"Thuiszorg dagbesteding Turkse Marokkaanse ouderen","url":"https:\/\/thuiszorg-turkse-ouderen.nl\/","logo":{"@type":"ImageObject","inLanguage":"tr","@id":"https:\/\/thuiszorg-turkse-ouderen.nl\/#\/schema\/logo\/image\/","url":"https:\/\/thuiszorg-turkse-ouderen.nl\/wp-content\/uploads\/2019\/12\/Logo.png","contentUrl":"https:\/\/thuiszorg-turkse-ouderen.nl\/wp-content\/uploads\/2019\/12\/Logo.png","width":704,"height":725,"caption":"Thuiszorg dagbesteding Turkse Marokkaanse ouderen"},"image":{"@id":"https:\/\/thuiszorg-turkse-ouderen.nl\/#\/schema\/logo\/image\/"},"sameAs":["https:\/\/www.facebook.com\/Thuiszorg-Turkse-en-Marokkaanse-Ouderen-2162964037060436\/","https:\/\/www.instagram.com\/thuiszorgturkseouderen\/"]}]}},"_links":{"self":[{"href":"https:\/\/thuiszorg-turkse-ouderen.nl\/tr\/wp-json\/wp\/v2\/pages\/238","targetHints":{"allow":["GET"]}}],"collection":[{"href":"https:\/\/thuiszorg-turkse-ouderen.nl\/tr\/wp-json\/wp\/v2\/pages"}],"about":[{"href":"https:\/\/thuiszorg-turkse-ouderen.nl\/tr\/wp-json\/wp\/v2\/types\/page"}],"author":[{"embeddable":true,"href":"https:\/\/thuiszorg-turkse-ouderen.nl\/tr\/wp-json\/wp\/v2\/users\/1"}],"replies":[{"embeddable":true,"href":"https:\/\/thuiszorg-turkse-ouderen.nl\/tr\/wp-json\/wp\/v2\/comments?post=238"}],"version-history":[{"count":3,"href":"https:\/\/thuiszorg-turkse-ouderen.nl\/tr\/wp-json\/wp\/v2\/pages\/238\/revisions"}],"predecessor-version":[{"id":2413,"href":"https:\/\/thuiszorg-turkse-ouderen.nl\/tr\/wp-json\/wp\/v2\/pages\/238\/revisions\/2413"}],"wp:featuredmedia":[{"embeddable":true,"href":"https:\/\/thuiszorg-turkse-ouderen.nl\/tr\/wp-json\/wp\/v2\/media\/1205"}],"wp:attachment":[{"href":"https:\/\/thuiszorg-turkse-ouderen.nl\/tr\/wp-json\/wp\/v2\/media?parent=238"}],"curies":[{"name":"wp","href":"https:\/\/api.w.org\/{rel}","templated":true}]}}