{"id":244,"date":"2019-12-07T19:43:20","date_gmt":"2019-12-07T19:43:20","guid":{"rendered":"https:\/\/thuiszorg-turkse-ouderen.nl\/?page_id=244"},"modified":"2024-05-29T09:45:47","modified_gmt":"2024-05-29T09:45:47","slug":"dementie-turkse-en-marokkaanse-ouderen","status":"publish","type":"page","link":"https:\/\/thuiszorg-turkse-ouderen.nl\/tr\/dementie-turkse-en-marokkaanse-ouderen\/","title":{"rendered":"T\u00fcrk ve Fasl\u0131 ya\u015fl\u0131lar aras\u0131nda yaln\u0131zl\u0131\u011fa ne sebep olur?"},"content":{"rendered":"<div data-elementor-type=\"wp-page\" data-elementor-id=\"244\" class=\"elementor elementor-244\" data-elementor-post-type=\"page\">\n\t\t\t\t\t\t<section class=\"elementor-section elementor-top-section elementor-element elementor-element-1f0a1778 elementor-section-boxed elementor-section-height-default elementor-section-height-default\" data-id=\"1f0a1778\" data-element_type=\"section\" data-e-type=\"section\">\n\t\t\t\t\t\t<div class=\"elementor-container elementor-column-gap-default\">\n\t\t\t\t\t<div class=\"elementor-column elementor-col-100 elementor-top-column elementor-element elementor-element-48a5aab2\" data-id=\"48a5aab2\" data-element_type=\"column\" data-e-type=\"column\">\n\t\t\t<div class=\"elementor-widget-wrap elementor-element-populated\">\n\t\t\t\t\t\t<div class=\"elementor-element elementor-element-79ee3f5 elementor-widget elementor-widget-heading\" data-id=\"79ee3f5\" data-element_type=\"widget\" data-e-type=\"widget\" data-widget_type=\"heading.default\">\n\t\t\t\t<div class=\"elementor-widget-container\">\n\t\t\t\t\t<h2 class=\"elementor-heading-title elementor-size-default\">T\u00fcrk ve Fasl\u0131 ya\u015fl\u0131larda yaln\u0131zl\u0131k ve demans sorunlar\u0131<\/h2>\t\t\t\t<\/div>\n\t\t\t\t<\/div>\n\t\t\t\t<div class=\"elementor-element elementor-element-c56c972 elementor-widget elementor-widget-text-editor\" data-id=\"c56c972\" data-element_type=\"widget\" data-e-type=\"widget\" data-widget_type=\"text-editor.default\">\n\t\t\t\t<div class=\"elementor-widget-container\">\n\t\t\t\t\t\t\t\t\t<p>Onder oudere allochtone migranten is veel eenzaamheid te bemerken. Dit is met name zichtbaar onder ouderen van Turkse of Marokkaanse herkomst. Dit komt vooral door een lage sociaaleconomische status en chronische gezondheidsproblemen, zoals dementie of Alzheimer. Uiteraard spelen cultuurspecifieke invloeden tevens een rol, waardoor de problematiek verder oploopt. De RIVM toont aan dat ruim 60 procent van volwassenen met een niet-westerse achtergrond heeft te kampen met gevoelens van eenzaamheid. Het is belangrijk om hiervoor een duidelijke verklaring te vinden, zodat er effectieve oplossingen kunnen worden gevonden. Wat is er immers nodig om eenzaamheid binnen de Turkse en Marokkaanse bevolkingsgroepen in Nederland te verminderen?<\/p>\t\t\t\t\t\t\t\t<\/div>\n\t\t\t\t<\/div>\n\t\t\t\t<div class=\"elementor-element elementor-element-87661d4 elementor-widget elementor-widget-heading\" data-id=\"87661d4\" data-element_type=\"widget\" data-e-type=\"widget\" data-widget_type=\"heading.default\">\n\t\t\t\t<div class=\"elementor-widget-container\">\n\t\t\t\t\t<h2 class=\"elementor-heading-title elementor-size-default\">Yaln\u0131zl\u0131\u011fa ne sebep olur?<\/h2>\t\t\t\t<\/div>\n\t\t\t\t<\/div>\n\t\t\t\t<div class=\"elementor-element elementor-element-4fd3d5f elementor-widget elementor-widget-text-editor\" data-id=\"4fd3d5f\" data-element_type=\"widget\" data-e-type=\"widget\" data-widget_type=\"text-editor.default\">\n\t\t\t\t<div class=\"elementor-widget-container\">\n\t\t\t\t\t\t\t\t\t<p>Bu milletlerden ya\u015fl\u0131lar\u0131 yaln\u0131z hissetmelerini sa\u011flayacak hem genel hem de k\u00fclt\u00fcre \u00f6zg\u00fc a\u00e7\u0131klamalar yap\u0131labilir. Genellikle daha d\u00fc\u015f\u00fck bir sosyo-ekonomik durumdan zevk al\u0131rlar ve kronik sa\u011fl\u0131k sorunlar\u0131ndan ve daha az te\u015fvik edici ya\u015fam ko\u015fullar\u0131ndan muzdariptir. K\u00fclt\u00fcre \u00f6zg\u00fc nedenler, bu hedef gruplar\u0131n yaln\u0131zl\u0131k duygular\u0131 hakk\u0131nda konu\u015fmas\u0131n\u0131n genellikle daha zor veya hatta tabu oldu\u011fu ger\u00e7e\u011finde bulunabilir. Bu k\u00fclt\u00fcrlerde gen\u00e7 nesiller i\u00e7in ya\u015fl\u0131lara bakmak yayg\u0131nd\u0131r ve bu bazen ger\u00e7ekte hayal k\u0131r\u0131kl\u0131\u011f\u0131 yaratabilir. Bir\u00e7ok ya\u015fl\u0131 insan da kendi \u00fclkelerini ve hala orada ya\u015fayan aile \u00fcyelerini \u00f6zl\u00fcyor. Kar\u015f\u0131lanmayan beklentiler ve kar\u015f\u0131lanmayan arzular\u0131n birikimi, etnik az\u0131nl\u0131klardan bir\u00e7ok ya\u015fl\u0131 insan\u0131, ger\u00e7ek boyutlar\u0131 s\u0131kl\u0131kla fark edilmeden, yaln\u0131z hissetmelerini sa\u011flar.<\/p>\t\t\t\t\t\t\t\t<\/div>\n\t\t\t\t<\/div>\n\t\t\t\t<div class=\"elementor-element elementor-element-88687bb elementor-widget elementor-widget-heading\" data-id=\"88687bb\" data-element_type=\"widget\" data-e-type=\"widget\" data-widget_type=\"heading.default\">\n\t\t\t\t<div class=\"elementor-widget-container\">\n\t\t\t\t\t<h2 class=\"elementor-heading-title elementor-size-default\">Dil engeli ve sa\u011fl\u0131k sorunlar\u0131<\/h2>\t\t\t\t<\/div>\n\t\t\t\t<\/div>\n\t\t\t\t<div class=\"elementor-element elementor-element-5ced7a1 elementor-widget elementor-widget-text-editor\" data-id=\"5ced7a1\" data-element_type=\"widget\" data-e-type=\"widget\" data-widget_type=\"text-editor.default\">\n\t\t\t\t<div class=\"elementor-widget-container\">\n\t\t\t\t\t\t\t\t\t<p>\u0130lk nesil g\u00f6\u00e7men ya\u015fl\u0131lar\u0131n \u00e7o\u011funda \u00e7o\u011fu zaman bir dil engeli vard\u0131r, \u00e7\u00fcnk\u00fc bunlar zor bir \u015fekilde b\u00fct\u00fcnle\u015fmi\u015flerdir ve dil iyi anla\u015f\u0131lmam\u0131\u015ft\u0131r. Bu grup kendi \u00fclkelerine d\u00f6neceklerini ve b\u00f6ylece dili asla tam olarak \u00f6\u011frenemediklerini varsayd\u0131. Bu nedenle, g\u00fcn\u00fcm\u00fczde daha \u00f6nce bak\u0131m\u0131 yap\u0131lan s\u0131k\u0131 s\u0131k\u0131ya ba\u011fl\u0131 aile yap\u0131lar\u0131na g\u00f6re \u00e7al\u0131\u015fmak i\u00e7in zamanlar\u0131n\u0131 daha fazla harcayan gen\u00e7 nesillere ba\u011f\u0131ml\u0131lar. Yaln\u0131zl\u0131k duygusu ve korunma konusundaki bir tabu, net sa\u011fl\u0131k problemleriyle bile, yaln\u0131z g\u00f6\u00e7men ya\u015fl\u0131 insanlar\u0131n y\u00fczdesinin derecesinin belirlenmesini zorla\u015ft\u0131r\u0131yor.<\/p>\t\t\t\t\t\t\t\t<\/div>\n\t\t\t\t<\/div>\n\t\t\t\t<div class=\"elementor-element elementor-element-63a3013 elementor-widget elementor-widget-heading\" data-id=\"63a3013\" data-element_type=\"widget\" data-e-type=\"widget\" data-widget_type=\"heading.default\">\n\t\t\t\t<div class=\"elementor-widget-container\">\n\t\t\t\t\t<h2 class=\"elementor-heading-title elementor-size-default\">Ya\u015fl\u0131 T\u00fcrk ve Fas halk\u0131n\u0131n demans\u0131<\/h2>\t\t\t\t<\/div>\n\t\t\t\t<\/div>\n\t\t\t\t<div class=\"elementor-element elementor-element-002171e elementor-widget elementor-widget-text-editor\" data-id=\"002171e\" data-element_type=\"widget\" data-e-type=\"widget\" data-widget_type=\"text-editor.default\">\n\t\t\t\t<div class=\"elementor-widget-container\">\n\t\t\t\t\t\t\t\t\t<p>Fas'tan veya T\u00fcrkiye'den gelen ilk nesil g\u00f6\u00e7men g\u00f6\u00e7menlerin \u00e7o\u011fu art\u0131k ya\u015fl\u0131 hale geldi. Ayr\u0131ca, 1975\u2019ten itibaren Hollanda\u2019ya gelen Surinaml\u0131 g\u00f6\u00e7menler art\u0131k daha ya\u015fl\u0131. Bu n\u00fcfus gruplar\u0131 aras\u0131nda demansta art\u0131\u015f var. G\u00f6\u00e7menler genellikle ya\u015famlar\u0131 boyunca \u00e7oklu sa\u011fl\u0131k problemleriyle u\u011fra\u015fmak zorunda kalmakta, bu da daha sonraki ya\u015famlarda demans riskini artt\u0131rmaktad\u0131r. Demansl\u0131 bu g\u00f6\u00e7menlerin b\u00fcy\u00fck bir k\u0131sm\u0131 hala aile bak\u0131c\u0131lar\u0131 taraf\u0131ndan evde bak\u0131lmaktad\u0131r. Sa\u011fl\u0131k sekt\u00f6r\u00fcnde bu hedef kitlenin bulunmas\u0131 hala zordur, \u00e7\u00fcnk\u00fc g\u00f6\u00e7men ya\u015fl\u0131 bir ki\u015fi veya aile \u00fcyesi, endi\u015fe verici sa\u011fl\u0131k sorunlar\u0131 oldu\u011funu g\u00f6stermeden \u00f6nce ger\u00e7ek bir e\u015fi\u011fin a\u015f\u0131lmas\u0131 gerekir. Bunun i\u00e7in \u00f6nce yeterli g\u00fcven in\u015fa edilmelidir.<\/p>\t\t\t\t\t\t\t\t<\/div>\n\t\t\t\t<\/div>\n\t\t\t\t<div class=\"elementor-element elementor-element-f0d0ec7 elementor-widget elementor-widget-heading\" data-id=\"f0d0ec7\" data-element_type=\"widget\" data-e-type=\"widget\" data-widget_type=\"heading.default\">\n\t\t\t\t<div class=\"elementor-widget-container\">\n\t\t\t\t\t<h2 class=\"elementor-heading-title elementor-size-default\">Te\u015fhis zorluklar\u0131<\/h2>\t\t\t\t<\/div>\n\t\t\t\t<\/div>\n\t\t\t\t<div class=\"elementor-element elementor-element-7f6ea56 elementor-widget elementor-widget-text-editor\" data-id=\"7f6ea56\" data-element_type=\"widget\" data-e-type=\"widget\" data-widget_type=\"text-editor.default\">\n\t\t\t\t<div class=\"elementor-widget-container\">\n\t\t\t\t\t\t\t\t\t<p>Er zijn verschillende oorzaken waardoor het lastig is om dementie vast te stellen onder oudere migranten. Zo is er een taalbarri\u00e8re of analfabetisme waardoor de gebruikelijke testen niet kunnen aantonen of er sprake is van een ziektebeeld. Ook zijn er cultuurverschillen die bijdragen aan een uitstel in het vaststellen van dementie onder oudere migranten. Er zijn vooralsnog nauwelijks bruikbare indicatiemethoden om bij Turkse of Marokkaanse ouderen dementie of Alzheimer vast te stellen. Er is door het ziekenhuis in samenwerking met de Universiteit van Amsterdam een geheugenpoli opgesteld, de zogeheten CCD, of Cross Culturele Dementietest. Hierbij hebben culturele verschillen geen invloed op de diagnose. Hierdoor wordt verwacht dat meerdere migranten ouderen gebruik zullen gaan maken van thuiszorg.<\/p>\t\t\t\t\t\t\t\t<\/div>\n\t\t\t\t<\/div>\n\t\t\t\t\t<\/div>\n\t\t<\/div>\n\t\t\t\t\t<\/div>\n\t\t<\/section>\n\t\t\t\t<section class=\"elementor-section elementor-top-section elementor-element elementor-element-dca72fc elementor-section-boxed elementor-section-height-default elementor-section-height-default\" data-id=\"dca72fc\" data-element_type=\"section\" data-e-type=\"section\">\n\t\t\t\t\t\t<div class=\"elementor-container elementor-column-gap-default\">\n\t\t\t\t\t<div class=\"elementor-column elementor-col-100 elementor-top-column elementor-element elementor-element-b254ca2\" data-id=\"b254ca2\" data-element_type=\"column\" data-e-type=\"column\">\n\t\t\t<div class=\"elementor-widget-wrap\">\n\t\t\t\t\t\t\t<\/div>\n\t\t<\/div>\n\t\t\t\t\t<\/div>\n\t\t<\/section>\n\t\t\t\t<section class=\"elementor-section elementor-top-section elementor-element elementor-element-2f8b71c elementor-section-height-min-height elementor-section-stretched elementor-section-boxed elementor-section-height-default elementor-section-items-middle\" data-id=\"2f8b71c\" data-element_type=\"section\" data-e-type=\"section\" data-settings=\"{&quot;stretch_section&quot;:&quot;section-stretched&quot;,&quot;background_background&quot;:&quot;classic&quot;}\">\n\t\t\t\t\t\t<div class=\"elementor-container elementor-column-gap-default\">\n\t\t\t\t\t<div class=\"elementor-column elementor-col-50 elementor-top-column elementor-element elementor-element-33982b9\" data-id=\"33982b9\" data-element_type=\"column\" data-e-type=\"column\">\n\t\t\t<div class=\"elementor-widget-wrap elementor-element-populated\">\n\t\t\t\t\t\t<div class=\"elementor-element elementor-element-bf03d54 elementor-widget elementor-widget-heading\" data-id=\"bf03d54\" data-element_type=\"widget\" data-e-type=\"widget\" data-widget_type=\"heading.default\">\n\t\t\t\t<div class=\"elementor-widget-container\">\n\t\t\t\t\t<h2 class=\"elementor-heading-title elementor-size-default\">Welke zorgaanbieder kan mij helpen met zorg voor Turkse ouderen en Marokkaanse ouderen?<\/h2>\t\t\t\t<\/div>\n\t\t\t\t<\/div>\n\t\t\t\t\t<\/div>\n\t\t<\/div>\n\t\t\t\t<div class=\"elementor-column elementor-col-50 elementor-top-column elementor-element elementor-element-a65daa5\" data-id=\"a65daa5\" data-element_type=\"column\" data-e-type=\"column\">\n\t\t\t<div class=\"elementor-widget-wrap elementor-element-populated\">\n\t\t\t\t\t\t<div class=\"elementor-element elementor-element-2b79306 elementor-align-center elementor-widget elementor-widget-button\" data-id=\"2b79306\" data-element_type=\"widget\" data-e-type=\"widget\" data-widget_type=\"button.default\">\n\t\t\t\t<div class=\"elementor-widget-container\">\n\t\t\t\t\t\t\t\t\t<div class=\"elementor-button-wrapper\">\n\t\t\t\t\t<a class=\"elementor-button elementor-button-link elementor-size-md\" href=\"https:\/\/thuiszorg-turkse-ouderen.nl\/tr\/aanbieders-thuiszorg-turkse-en-marokkaanse-ouderen\/\">\n\t\t\t\t\t\t<span class=\"elementor-button-content-wrapper\">\n\t\t\t\t\t\t<span class=\"elementor-button-icon\">\n\t\t\t\t<i aria-hidden=\"true\" class=\"fas fa-search\"><\/i>\t\t\t<\/span>\n\t\t\t\t\t\t\t\t\t<span class=\"elementor-button-text\">Klik hier voor een overzichten van zorginstellingen<\/span>\n\t\t\t\t\t<\/span>\n\t\t\t\t\t<\/a>\n\t\t\t\t<\/div>\n\t\t\t\t\t\t\t\t<\/div>\n\t\t\t\t<\/div>\n\t\t\t\t\t<\/div>\n\t\t<\/div>\n\t\t\t\t\t<\/div>\n\t\t<\/section>\n\t\t\t\t<\/div>","protected":false},"excerpt":{"rendered":"<p>Problematiek van eenzaamheid en dementie onder allochtone Nederlanders Onder oudere allochtone migranten is veel eenzaamheid te bemerken. Dit is met name zichtbaar onder ouderen van Turkse of Marokkaanse herkomst. Dit komt vooral door een lage sociaaleconomische status en chronische gezondheidsproblemen, zoals dementie of Alzheimer. Uiteraard spelen cultuurspecifieke invloeden tevens een rol, waardoor de problematiek verder<br \/><a class=\"moretag\" href=\"https:\/\/thuiszorg-turkse-ouderen.nl\/tr\/dementie-turkse-en-marokkaanse-ouderen\/\">+ Read More<\/a><\/p>","protected":false},"author":1,"featured_media":1205,"parent":0,"menu_order":0,"comment_status":"closed","ping_status":"closed","template":"templates\/page-fullwidth_template.php","meta":{"inline_featured_image":false,"_monsterinsights_skip_tracking":false,"_monsterinsights_sitenote_active":false,"_monsterinsights_sitenote_note":"","_monsterinsights_sitenote_category":0,"footnotes":""},"class_list":["post-244","page","type-page","status-publish","has-post-thumbnail","hentry"],"yoast_head":"<!-- This site is optimized with the Yoast SEO plugin v27.0 - https:\/\/yoast.com\/product\/yoast-seo-wordpress\/ -->\n<title>Wat veroorzaakt eenzaamheid bij Turkse en Marokkaanse ouderen?<\/title>\n<meta name=\"description\" content=\"Eenzaamheid bij Turkse ouderen en Marokkaanse ouderen. Veel Turkse ouderen in Nederland zijn inmiddels bejaard en er is veel toename van dementie.\" \/>\n<meta name=\"robots\" content=\"index, follow, max-snippet:-1, max-image-preview:large, max-video-preview:-1\" \/>\n<link rel=\"canonical\" href=\"https:\/\/thuiszorg-turkse-ouderen.nl\/tr\/dementie-turkse-en-marokkaanse-ouderen\/\" \/>\n<meta property=\"og:locale\" content=\"tr_TR\" \/>\n<meta property=\"og:type\" content=\"article\" \/>\n<meta property=\"og:title\" content=\"Wat veroorzaakt eenzaamheid bij Turkse en Marokkaanse ouderen?\" \/>\n<meta property=\"og:description\" content=\"Eenzaamheid bij Turkse ouderen en Marokkaanse ouderen. Veel Turkse ouderen in Nederland zijn inmiddels bejaard en er is veel toename van dementie.\" \/>\n<meta property=\"og:url\" content=\"https:\/\/thuiszorg-turkse-ouderen.nl\/tr\/dementie-turkse-en-marokkaanse-ouderen\/\" \/>\n<meta property=\"og:site_name\" content=\"Thuiszorg Turkse en Marokkaanse Ouderen\" \/>\n<meta property=\"article:publisher\" content=\"https:\/\/www.facebook.com\/Thuiszorg-Turkse-en-Marokkaanse-Ouderen-2162964037060436\/\" \/>\n<meta property=\"article:modified_time\" content=\"2024-05-29T09:45:47+00:00\" \/>\n<meta property=\"og:image\" content=\"https:\/\/thuiszorg-turkse-ouderen.nl\/wp-content\/uploads\/2021\/12\/thuiszorg-turkse-ouderen-bg.jpg\" \/>\n\t<meta property=\"og:image:width\" content=\"1400\" \/>\n\t<meta property=\"og:image:height\" content=\"400\" \/>\n\t<meta property=\"og:image:type\" content=\"image\/jpeg\" \/>\n<meta name=\"twitter:card\" content=\"summary_large_image\" \/>\n<meta name=\"twitter:label1\" content=\"Tahmini okuma s\u00fcresi\" \/>\n\t<meta name=\"twitter:data1\" content=\"3 dakika\" \/>\n<script type=\"application\/ld+json\" class=\"yoast-schema-graph\">{\"@context\":\"https:\/\/schema.org\",\"@graph\":[{\"@type\":\"WebPage\",\"@id\":\"https:\/\/thuiszorg-turkse-ouderen.nl\/dementie-turkse-en-marokkaanse-ouderen\/\",\"url\":\"https:\/\/thuiszorg-turkse-ouderen.nl\/dementie-turkse-en-marokkaanse-ouderen\/\",\"name\":\"Wat veroorzaakt eenzaamheid bij Turkse en Marokkaanse ouderen?\",\"isPartOf\":{\"@id\":\"https:\/\/thuiszorg-turkse-ouderen.nl\/#website\"},\"primaryImageOfPage\":{\"@id\":\"https:\/\/thuiszorg-turkse-ouderen.nl\/dementie-turkse-en-marokkaanse-ouderen\/#primaryimage\"},\"image\":{\"@id\":\"https:\/\/thuiszorg-turkse-ouderen.nl\/dementie-turkse-en-marokkaanse-ouderen\/#primaryimage\"},\"thumbnailUrl\":\"https:\/\/thuiszorg-turkse-ouderen.nl\/wp-content\/uploads\/2021\/12\/thuiszorg-turkse-ouderen-bg.jpg\",\"datePublished\":\"2019-12-07T19:43:20+00:00\",\"dateModified\":\"2024-05-29T09:45:47+00:00\",\"description\":\"Eenzaamheid bij Turkse ouderen en Marokkaanse ouderen. Veel Turkse ouderen in Nederland zijn inmiddels bejaard en er is veel toename van dementie.\",\"breadcrumb\":{\"@id\":\"https:\/\/thuiszorg-turkse-ouderen.nl\/dementie-turkse-en-marokkaanse-ouderen\/#breadcrumb\"},\"inLanguage\":\"tr\",\"potentialAction\":[{\"@type\":\"ReadAction\",\"target\":[\"https:\/\/thuiszorg-turkse-ouderen.nl\/dementie-turkse-en-marokkaanse-ouderen\/\"]}]},{\"@type\":\"ImageObject\",\"inLanguage\":\"tr\",\"@id\":\"https:\/\/thuiszorg-turkse-ouderen.nl\/dementie-turkse-en-marokkaanse-ouderen\/#primaryimage\",\"url\":\"https:\/\/thuiszorg-turkse-ouderen.nl\/wp-content\/uploads\/2021\/12\/thuiszorg-turkse-ouderen-bg.jpg\",\"contentUrl\":\"https:\/\/thuiszorg-turkse-ouderen.nl\/wp-content\/uploads\/2021\/12\/thuiszorg-turkse-ouderen-bg.jpg\",\"width\":1400,\"height\":400,\"caption\":\"thuiszorg-turkse-ouderen-bg\"},{\"@type\":\"BreadcrumbList\",\"@id\":\"https:\/\/thuiszorg-turkse-ouderen.nl\/dementie-turkse-en-marokkaanse-ouderen\/#breadcrumb\",\"itemListElement\":[{\"@type\":\"ListItem\",\"position\":1,\"name\":\"Home\",\"item\":\"https:\/\/thuiszorg-turkse-ouderen.nl\/\"},{\"@type\":\"ListItem\",\"position\":2,\"name\":\"Wat veroorzaakt eenzaamheid bij Turkse en Marokkaanse ouderen?\"}]},{\"@type\":\"WebSite\",\"@id\":\"https:\/\/thuiszorg-turkse-ouderen.nl\/#website\",\"url\":\"https:\/\/thuiszorg-turkse-ouderen.nl\/\",\"name\":\"Thuiszorg Turkse en Marokkaanse Ouderen\",\"description\":\"\",\"publisher\":{\"@id\":\"https:\/\/thuiszorg-turkse-ouderen.nl\/#organization\"},\"potentialAction\":[{\"@type\":\"SearchAction\",\"target\":{\"@type\":\"EntryPoint\",\"urlTemplate\":\"https:\/\/thuiszorg-turkse-ouderen.nl\/?s={search_term_string}\"},\"query-input\":{\"@type\":\"PropertyValueSpecification\",\"valueRequired\":true,\"valueName\":\"search_term_string\"}}],\"inLanguage\":\"tr\"},{\"@type\":\"Organization\",\"@id\":\"https:\/\/thuiszorg-turkse-ouderen.nl\/#organization\",\"name\":\"Thuiszorg dagbesteding Turkse Marokkaanse ouderen\",\"url\":\"https:\/\/thuiszorg-turkse-ouderen.nl\/\",\"logo\":{\"@type\":\"ImageObject\",\"inLanguage\":\"tr\",\"@id\":\"https:\/\/thuiszorg-turkse-ouderen.nl\/#\/schema\/logo\/image\/\",\"url\":\"https:\/\/thuiszorg-turkse-ouderen.nl\/wp-content\/uploads\/2019\/12\/Logo.png\",\"contentUrl\":\"https:\/\/thuiszorg-turkse-ouderen.nl\/wp-content\/uploads\/2019\/12\/Logo.png\",\"width\":704,\"height\":725,\"caption\":\"Thuiszorg dagbesteding Turkse Marokkaanse ouderen\"},\"image\":{\"@id\":\"https:\/\/thuiszorg-turkse-ouderen.nl\/#\/schema\/logo\/image\/\"},\"sameAs\":[\"https:\/\/www.facebook.com\/Thuiszorg-Turkse-en-Marokkaanse-Ouderen-2162964037060436\/\",\"https:\/\/www.instagram.com\/thuiszorgturkseouderen\/\"]}]}<\/script>\n<!-- \/ Yoast SEO plugin. -->","yoast_head_json":{"title":"T\u00fcrk ve Fasl\u0131 ya\u015fl\u0131lar aras\u0131nda yaln\u0131zl\u0131\u011fa ne sebep olur?","description":"Eenzaamheid bij Turkse ouderen en Marokkaanse ouderen. Veel Turkse ouderen in Nederland zijn inmiddels bejaard en er is veel toename van dementie.","robots":{"index":"index","follow":"follow","max-snippet":"max-snippet:-1","max-image-preview":"max-image-preview:large","max-video-preview":"max-video-preview:-1"},"canonical":"https:\/\/thuiszorg-turkse-ouderen.nl\/tr\/dementie-turkse-en-marokkaanse-ouderen\/","og_locale":"tr_TR","og_type":"article","og_title":"Wat veroorzaakt eenzaamheid bij Turkse en Marokkaanse ouderen?","og_description":"Eenzaamheid bij Turkse ouderen en Marokkaanse ouderen. Veel Turkse ouderen in Nederland zijn inmiddels bejaard en er is veel toename van dementie.","og_url":"https:\/\/thuiszorg-turkse-ouderen.nl\/tr\/dementie-turkse-en-marokkaanse-ouderen\/","og_site_name":"Thuiszorg Turkse en Marokkaanse Ouderen","article_publisher":"https:\/\/www.facebook.com\/Thuiszorg-Turkse-en-Marokkaanse-Ouderen-2162964037060436\/","article_modified_time":"2024-05-29T09:45:47+00:00","og_image":[{"width":1400,"height":400,"url":"https:\/\/thuiszorg-turkse-ouderen.nl\/wp-content\/uploads\/2021\/12\/thuiszorg-turkse-ouderen-bg.jpg","type":"image\/jpeg"}],"twitter_card":"summary_large_image","twitter_misc":{"Tahmini okuma s\u00fcresi":"3 dakika"},"schema":{"@context":"https:\/\/schema.org","@graph":[{"@type":"WebPage","@id":"https:\/\/thuiszorg-turkse-ouderen.nl\/dementie-turkse-en-marokkaanse-ouderen\/","url":"https:\/\/thuiszorg-turkse-ouderen.nl\/dementie-turkse-en-marokkaanse-ouderen\/","name":"T\u00fcrk ve Fasl\u0131 ya\u015fl\u0131lar aras\u0131nda yaln\u0131zl\u0131\u011fa ne sebep olur?","isPartOf":{"@id":"https:\/\/thuiszorg-turkse-ouderen.nl\/#website"},"primaryImageOfPage":{"@id":"https:\/\/thuiszorg-turkse-ouderen.nl\/dementie-turkse-en-marokkaanse-ouderen\/#primaryimage"},"image":{"@id":"https:\/\/thuiszorg-turkse-ouderen.nl\/dementie-turkse-en-marokkaanse-ouderen\/#primaryimage"},"thumbnailUrl":"https:\/\/thuiszorg-turkse-ouderen.nl\/wp-content\/uploads\/2021\/12\/thuiszorg-turkse-ouderen-bg.jpg","datePublished":"2019-12-07T19:43:20+00:00","dateModified":"2024-05-29T09:45:47+00:00","description":"Eenzaamheid bij Turkse ouderen en Marokkaanse ouderen. Veel Turkse ouderen in Nederland zijn inmiddels bejaard en er is veel toename van dementie.","breadcrumb":{"@id":"https:\/\/thuiszorg-turkse-ouderen.nl\/dementie-turkse-en-marokkaanse-ouderen\/#breadcrumb"},"inLanguage":"tr","potentialAction":[{"@type":"ReadAction","target":["https:\/\/thuiszorg-turkse-ouderen.nl\/dementie-turkse-en-marokkaanse-ouderen\/"]}]},{"@type":"ImageObject","inLanguage":"tr","@id":"https:\/\/thuiszorg-turkse-ouderen.nl\/dementie-turkse-en-marokkaanse-ouderen\/#primaryimage","url":"https:\/\/thuiszorg-turkse-ouderen.nl\/wp-content\/uploads\/2021\/12\/thuiszorg-turkse-ouderen-bg.jpg","contentUrl":"https:\/\/thuiszorg-turkse-ouderen.nl\/wp-content\/uploads\/2021\/12\/thuiszorg-turkse-ouderen-bg.jpg","width":1400,"height":400,"caption":"thuiszorg-turkse-ouderen-bg"},{"@type":"BreadcrumbList","@id":"https:\/\/thuiszorg-turkse-ouderen.nl\/dementie-turkse-en-marokkaanse-ouderen\/#breadcrumb","itemListElement":[{"@type":"ListItem","position":1,"name":"Home","item":"https:\/\/thuiszorg-turkse-ouderen.nl\/"},{"@type":"ListItem","position":2,"name":"Wat veroorzaakt eenzaamheid bij Turkse en Marokkaanse ouderen?"}]},{"@type":"WebSite","@id":"https:\/\/thuiszorg-turkse-ouderen.nl\/#website","url":"https:\/\/thuiszorg-turkse-ouderen.nl\/","name":"Thuiszorg Turkse en Marokkaanse Ouderen","description":"","publisher":{"@id":"https:\/\/thuiszorg-turkse-ouderen.nl\/#organization"},"potentialAction":[{"@type":"SearchAction","target":{"@type":"EntryPoint","urlTemplate":"https:\/\/thuiszorg-turkse-ouderen.nl\/?s={search_term_string}"},"query-input":{"@type":"PropertyValueSpecification","valueRequired":true,"valueName":"search_term_string"}}],"inLanguage":"tr"},{"@type":"Organization","@id":"https:\/\/thuiszorg-turkse-ouderen.nl\/#organization","name":"Thuiszorg dagbesteding Turkse Marokkaanse ouderen","url":"https:\/\/thuiszorg-turkse-ouderen.nl\/","logo":{"@type":"ImageObject","inLanguage":"tr","@id":"https:\/\/thuiszorg-turkse-ouderen.nl\/#\/schema\/logo\/image\/","url":"https:\/\/thuiszorg-turkse-ouderen.nl\/wp-content\/uploads\/2019\/12\/Logo.png","contentUrl":"https:\/\/thuiszorg-turkse-ouderen.nl\/wp-content\/uploads\/2019\/12\/Logo.png","width":704,"height":725,"caption":"Thuiszorg dagbesteding Turkse Marokkaanse ouderen"},"image":{"@id":"https:\/\/thuiszorg-turkse-ouderen.nl\/#\/schema\/logo\/image\/"},"sameAs":["https:\/\/www.facebook.com\/Thuiszorg-Turkse-en-Marokkaanse-Ouderen-2162964037060436\/","https:\/\/www.instagram.com\/thuiszorgturkseouderen\/"]}]}},"_links":{"self":[{"href":"https:\/\/thuiszorg-turkse-ouderen.nl\/tr\/wp-json\/wp\/v2\/pages\/244","targetHints":{"allow":["GET"]}}],"collection":[{"href":"https:\/\/thuiszorg-turkse-ouderen.nl\/tr\/wp-json\/wp\/v2\/pages"}],"about":[{"href":"https:\/\/thuiszorg-turkse-ouderen.nl\/tr\/wp-json\/wp\/v2\/types\/page"}],"author":[{"embeddable":true,"href":"https:\/\/thuiszorg-turkse-ouderen.nl\/tr\/wp-json\/wp\/v2\/users\/1"}],"replies":[{"embeddable":true,"href":"https:\/\/thuiszorg-turkse-ouderen.nl\/tr\/wp-json\/wp\/v2\/comments?post=244"}],"version-history":[{"count":3,"href":"https:\/\/thuiszorg-turkse-ouderen.nl\/tr\/wp-json\/wp\/v2\/pages\/244\/revisions"}],"predecessor-version":[{"id":2407,"href":"https:\/\/thuiszorg-turkse-ouderen.nl\/tr\/wp-json\/wp\/v2\/pages\/244\/revisions\/2407"}],"wp:featuredmedia":[{"embeddable":true,"href":"https:\/\/thuiszorg-turkse-ouderen.nl\/tr\/wp-json\/wp\/v2\/media\/1205"}],"wp:attachment":[{"href":"https:\/\/thuiszorg-turkse-ouderen.nl\/tr\/wp-json\/wp\/v2\/media?parent=244"}],"curies":[{"name":"wp","href":"https:\/\/api.w.org\/{rel}","templated":true}]}}