{"id":258,"date":"2019-12-10T19:44:03","date_gmt":"2019-12-10T19:44:03","guid":{"rendered":"https:\/\/thuiszorg-turkse-ouderen.nl\/?page_id=258"},"modified":"2021-12-28T22:59:48","modified_gmt":"2021-12-28T22:59:48","slug":"turk-ve-fasli-yaslilara-evde-bakim-hizmetleri-ve-gunluk-yasam-aktiviteleri","status":"publish","type":"page","link":"https:\/\/thuiszorg-turkse-ouderen.nl\/tr\/turk-ve-fasli-yaslilara-evde-bakim-hizmetleri-ve-gunluk-yasam-aktiviteleri\/","title":{"rendered":"T\u00fcrk ve Fasl\u0131 ya\u015fl\u0131lara evde bak\u0131m hizmetleri ve g\u00fcnl\u00fck ya\u015fam aktiviteleri."},"content":{"rendered":"<p>Kimi kitlelerin kendilerine \u00f6zg\u00fc kaliteli ya\u015fl\u0131 bak\u0131m hizmetleri ihtiyac\u0131n\u0131n oldu\u011funun bilincindeyiz. Birinci ve ikinci nesil T\u00fcrk ve Fasl\u0131 ya\u015fl\u0131lara, geldikleri ya\u015flar\u0131 itibari ile, bakmaya mecburuz. K\u00fclt\u00fcr ve bak\u0131m hizmetleri arasinda asgari bariyer. T\u00fcrk ve Fasl\u0131 ya\u015fl\u0131lara evde bak\u0131m hizmetleri ve g\u00fcnl\u00fck ya\u015fam aktiviteleri hakk\u0131nda bir\u00e7ok bilgi sunmaktan yan\u0131s\u0131ra de\u011fi\u015fik evde bak\u0131m hizmeti veren kurulu\u015flar\u0131 size haritadan sunmay\u0131 sa\u011flayaca\u011f\u0131z. Bu \u015fekilde size veya anne ve(ya) baban\u0131za en yak\u0131n olan evde bak\u0131m hizmetleri veya g\u00fcnl\u00fck ya\u015fam aktiviteleri sunan kurulu\u015flar\u0131 kolayl\u0131kla g\u00f6rebilirsiniz.<\/p>","protected":false},"excerpt":{"rendered":"<p>Kimi kitlelerin kendilerine \u00f6zg\u00fc kaliteli ya\u015fl\u0131 bak\u0131m hizmetleri ihtiyac\u0131n\u0131n oldu\u011funun bilincindeyiz. Birinci ve ikinci nesil T\u00fcrk ve Fasl\u0131 ya\u015fl\u0131lara, geldikleri ya\u015flar\u0131 itibari ile, bakmaya mecburuz. K\u00fclt\u00fcr ve bak\u0131m hizmetleri arasinda asgari bariyer. T\u00fcrk ve Fasl\u0131 ya\u015fl\u0131lara evde bak\u0131m hizmetleri ve g\u00fcnl\u00fck ya\u015fam aktiviteleri hakk\u0131nda bir\u00e7ok bilgi sunmaktan yan\u0131s\u0131ra de\u011fi\u015fik evde bak\u0131m hizmeti veren kurulu\u015flar\u0131 size<br \/><a class=\"moretag\" href=\"https:\/\/thuiszorg-turkse-ouderen.nl\/tr\/turk-ve-fasli-yaslilara-evde-bakim-hizmetleri-ve-gunluk-yasam-aktiviteleri\/\">+ Read More<\/a><\/p>","protected":false},"author":1,"featured_media":0,"parent":0,"menu_order":0,"comment_status":"closed","ping_status":"closed","template":"templates\/page-fullwidth_template.php","meta":{"inline_featured_image":false,"_monsterinsights_skip_tracking":false,"_monsterinsights_sitenote_active":false,"_monsterinsights_sitenote_note":"","_monsterinsights_sitenote_category":0,"footnotes":""},"class_list":["post-258","page","type-page","status-publish","hentry"],"yoast_head":"<!-- This site is optimized with the Yoast SEO plugin v27.0 - https:\/\/yoast.com\/product\/yoast-seo-wordpress\/ -->\n<title>T\u00fcrk ve Fasl\u0131 ya\u015fl\u0131lara evde bak\u0131m hizmetleri ve g\u00fcnl\u00fck ya\u015fam aktiviteleri.<\/title>\n<meta name=\"description\" content=\"Behoefte Turkse en Marokkaanse ouderenzorg. Thuiszorg en dagbesteding Turkse en Marokkaanse ouderen. Eerste generatie Turkse en Marokaanse ouderenzorg.\" \/>\n<meta name=\"robots\" content=\"index, follow, max-snippet:-1, max-image-preview:large, max-video-preview:-1\" \/>\n<link rel=\"canonical\" href=\"https:\/\/thuiszorg-turkse-ouderen.nl\/tr\/turk-ve-fasli-yaslilara-evde-bakim-hizmetleri-ve-gunluk-yasam-aktiviteleri\/\" \/>\n<meta property=\"og:locale\" content=\"tr_TR\" \/>\n<meta property=\"og:type\" content=\"article\" \/>\n<meta property=\"og:title\" content=\"T\u00fcrk ve Fasl\u0131 ya\u015fl\u0131lara evde bak\u0131m hizmetleri ve g\u00fcnl\u00fck ya\u015fam aktiviteleri.\" \/>\n<meta property=\"og:description\" content=\"Behoefte Turkse en Marokkaanse ouderenzorg. Thuiszorg en dagbesteding Turkse en Marokkaanse ouderen. Eerste generatie Turkse en Marokaanse ouderenzorg.\" \/>\n<meta property=\"og:url\" content=\"https:\/\/thuiszorg-turkse-ouderen.nl\/tr\/turk-ve-fasli-yaslilara-evde-bakim-hizmetleri-ve-gunluk-yasam-aktiviteleri\/\" \/>\n<meta property=\"og:site_name\" content=\"Thuiszorg Turkse en Marokkaanse Ouderen\" \/>\n<meta property=\"article:publisher\" content=\"https:\/\/www.facebook.com\/Thuiszorg-Turkse-en-Marokkaanse-Ouderen-2162964037060436\/\" \/>\n<meta property=\"article:modified_time\" content=\"2021-12-28T22:59:48+00:00\" \/>\n<meta name=\"twitter:card\" content=\"summary_large_image\" \/>\n<meta name=\"twitter:label1\" content=\"Tahmini okuma s\u00fcresi\" \/>\n\t<meta name=\"twitter:data1\" content=\"1 dakika\" \/>\n<script type=\"application\/ld+json\" class=\"yoast-schema-graph\">{\"@context\":\"https:\/\/schema.org\",\"@graph\":[{\"@type\":\"WebPage\",\"@id\":\"https:\/\/thuiszorg-turkse-ouderen.nl\/turk-ve-fasli-yaslilara-evde-bakim-hizmetleri-ve-gunluk-yasam-aktiviteleri\/\",\"url\":\"https:\/\/thuiszorg-turkse-ouderen.nl\/turk-ve-fasli-yaslilara-evde-bakim-hizmetleri-ve-gunluk-yasam-aktiviteleri\/\",\"name\":\"T\u00fcrk ve Fasl\u0131 ya\u015fl\u0131lara evde bak\u0131m hizmetleri ve g\u00fcnl\u00fck ya\u015fam aktiviteleri.\",\"isPartOf\":{\"@id\":\"https:\/\/thuiszorg-turkse-ouderen.nl\/#website\"},\"datePublished\":\"2019-12-10T19:44:03+00:00\",\"dateModified\":\"2021-12-28T22:59:48+00:00\",\"description\":\"Behoefte Turkse en Marokkaanse ouderenzorg. Thuiszorg en dagbesteding Turkse en Marokkaanse ouderen. Eerste generatie Turkse en Marokaanse ouderenzorg.\",\"breadcrumb\":{\"@id\":\"https:\/\/thuiszorg-turkse-ouderen.nl\/turk-ve-fasli-yaslilara-evde-bakim-hizmetleri-ve-gunluk-yasam-aktiviteleri\/#breadcrumb\"},\"inLanguage\":\"tr\",\"potentialAction\":[{\"@type\":\"ReadAction\",\"target\":[\"https:\/\/thuiszorg-turkse-ouderen.nl\/turk-ve-fasli-yaslilara-evde-bakim-hizmetleri-ve-gunluk-yasam-aktiviteleri\/\"]}]},{\"@type\":\"BreadcrumbList\",\"@id\":\"https:\/\/thuiszorg-turkse-ouderen.nl\/turk-ve-fasli-yaslilara-evde-bakim-hizmetleri-ve-gunluk-yasam-aktiviteleri\/#breadcrumb\",\"itemListElement\":[{\"@type\":\"ListItem\",\"position\":1,\"name\":\"Home\",\"item\":\"https:\/\/thuiszorg-turkse-ouderen.nl\/\"},{\"@type\":\"ListItem\",\"position\":2,\"name\":\"T\u00fcrk ve Fasl\u0131 ya\u015fl\u0131lara evde bak\u0131m hizmetleri ve g\u00fcnl\u00fck ya\u015fam aktiviteleri.\"}]},{\"@type\":\"WebSite\",\"@id\":\"https:\/\/thuiszorg-turkse-ouderen.nl\/#website\",\"url\":\"https:\/\/thuiszorg-turkse-ouderen.nl\/\",\"name\":\"Thuiszorg Turkse en Marokkaanse Ouderen\",\"description\":\"\",\"publisher\":{\"@id\":\"https:\/\/thuiszorg-turkse-ouderen.nl\/#organization\"},\"potentialAction\":[{\"@type\":\"SearchAction\",\"target\":{\"@type\":\"EntryPoint\",\"urlTemplate\":\"https:\/\/thuiszorg-turkse-ouderen.nl\/?s={search_term_string}\"},\"query-input\":{\"@type\":\"PropertyValueSpecification\",\"valueRequired\":true,\"valueName\":\"search_term_string\"}}],\"inLanguage\":\"tr\"},{\"@type\":\"Organization\",\"@id\":\"https:\/\/thuiszorg-turkse-ouderen.nl\/#organization\",\"name\":\"Thuiszorg dagbesteding Turkse Marokkaanse ouderen\",\"url\":\"https:\/\/thuiszorg-turkse-ouderen.nl\/\",\"logo\":{\"@type\":\"ImageObject\",\"inLanguage\":\"tr\",\"@id\":\"https:\/\/thuiszorg-turkse-ouderen.nl\/#\/schema\/logo\/image\/\",\"url\":\"https:\/\/thuiszorg-turkse-ouderen.nl\/wp-content\/uploads\/2019\/12\/Logo.png\",\"contentUrl\":\"https:\/\/thuiszorg-turkse-ouderen.nl\/wp-content\/uploads\/2019\/12\/Logo.png\",\"width\":704,\"height\":725,\"caption\":\"Thuiszorg dagbesteding Turkse Marokkaanse ouderen\"},\"image\":{\"@id\":\"https:\/\/thuiszorg-turkse-ouderen.nl\/#\/schema\/logo\/image\/\"},\"sameAs\":[\"https:\/\/www.facebook.com\/Thuiszorg-Turkse-en-Marokkaanse-Ouderen-2162964037060436\/\",\"https:\/\/www.instagram.com\/thuiszorgturkseouderen\/\"]}]}<\/script>\n<!-- \/ Yoast SEO plugin. -->","yoast_head_json":{"title":"T\u00fcrk ve Fasl\u0131 ya\u015fl\u0131lara evde bak\u0131m hizmetleri ve g\u00fcnl\u00fck ya\u015fam aktiviteleri.","description":"Behoefte Turkse en Marokkaanse ouderenzorg. Thuiszorg en dagbesteding Turkse en Marokkaanse ouderen. Eerste generatie Turkse en Marokaanse ouderenzorg.","robots":{"index":"index","follow":"follow","max-snippet":"max-snippet:-1","max-image-preview":"max-image-preview:large","max-video-preview":"max-video-preview:-1"},"canonical":"https:\/\/thuiszorg-turkse-ouderen.nl\/tr\/turk-ve-fasli-yaslilara-evde-bakim-hizmetleri-ve-gunluk-yasam-aktiviteleri\/","og_locale":"tr_TR","og_type":"article","og_title":"T\u00fcrk ve Fasl\u0131 ya\u015fl\u0131lara evde bak\u0131m hizmetleri ve g\u00fcnl\u00fck ya\u015fam aktiviteleri.","og_description":"Behoefte Turkse en Marokkaanse ouderenzorg. Thuiszorg en dagbesteding Turkse en Marokkaanse ouderen. Eerste generatie Turkse en Marokaanse ouderenzorg.","og_url":"https:\/\/thuiszorg-turkse-ouderen.nl\/tr\/turk-ve-fasli-yaslilara-evde-bakim-hizmetleri-ve-gunluk-yasam-aktiviteleri\/","og_site_name":"Thuiszorg Turkse en Marokkaanse Ouderen","article_publisher":"https:\/\/www.facebook.com\/Thuiszorg-Turkse-en-Marokkaanse-Ouderen-2162964037060436\/","article_modified_time":"2021-12-28T22:59:48+00:00","twitter_card":"summary_large_image","twitter_misc":{"Tahmini okuma s\u00fcresi":"1 dakika"},"schema":{"@context":"https:\/\/schema.org","@graph":[{"@type":"WebPage","@id":"https:\/\/thuiszorg-turkse-ouderen.nl\/turk-ve-fasli-yaslilara-evde-bakim-hizmetleri-ve-gunluk-yasam-aktiviteleri\/","url":"https:\/\/thuiszorg-turkse-ouderen.nl\/turk-ve-fasli-yaslilara-evde-bakim-hizmetleri-ve-gunluk-yasam-aktiviteleri\/","name":"T\u00fcrk ve Fasl\u0131 ya\u015fl\u0131lara evde bak\u0131m hizmetleri ve g\u00fcnl\u00fck ya\u015fam aktiviteleri.","isPartOf":{"@id":"https:\/\/thuiszorg-turkse-ouderen.nl\/#website"},"datePublished":"2019-12-10T19:44:03+00:00","dateModified":"2021-12-28T22:59:48+00:00","description":"Behoefte Turkse en Marokkaanse ouderenzorg. Thuiszorg en dagbesteding Turkse en Marokkaanse ouderen. Eerste generatie Turkse en Marokaanse ouderenzorg.","breadcrumb":{"@id":"https:\/\/thuiszorg-turkse-ouderen.nl\/turk-ve-fasli-yaslilara-evde-bakim-hizmetleri-ve-gunluk-yasam-aktiviteleri\/#breadcrumb"},"inLanguage":"tr","potentialAction":[{"@type":"ReadAction","target":["https:\/\/thuiszorg-turkse-ouderen.nl\/turk-ve-fasli-yaslilara-evde-bakim-hizmetleri-ve-gunluk-yasam-aktiviteleri\/"]}]},{"@type":"BreadcrumbList","@id":"https:\/\/thuiszorg-turkse-ouderen.nl\/turk-ve-fasli-yaslilara-evde-bakim-hizmetleri-ve-gunluk-yasam-aktiviteleri\/#breadcrumb","itemListElement":[{"@type":"ListItem","position":1,"name":"Home","item":"https:\/\/thuiszorg-turkse-ouderen.nl\/"},{"@type":"ListItem","position":2,"name":"T\u00fcrk ve Fasl\u0131 ya\u015fl\u0131lara evde bak\u0131m hizmetleri ve g\u00fcnl\u00fck ya\u015fam aktiviteleri."}]},{"@type":"WebSite","@id":"https:\/\/thuiszorg-turkse-ouderen.nl\/#website","url":"https:\/\/thuiszorg-turkse-ouderen.nl\/","name":"Thuiszorg Turkse en Marokkaanse Ouderen","description":"","publisher":{"@id":"https:\/\/thuiszorg-turkse-ouderen.nl\/#organization"},"potentialAction":[{"@type":"SearchAction","target":{"@type":"EntryPoint","urlTemplate":"https:\/\/thuiszorg-turkse-ouderen.nl\/?s={search_term_string}"},"query-input":{"@type":"PropertyValueSpecification","valueRequired":true,"valueName":"search_term_string"}}],"inLanguage":"tr"},{"@type":"Organization","@id":"https:\/\/thuiszorg-turkse-ouderen.nl\/#organization","name":"Thuiszorg dagbesteding Turkse Marokkaanse ouderen","url":"https:\/\/thuiszorg-turkse-ouderen.nl\/","logo":{"@type":"ImageObject","inLanguage":"tr","@id":"https:\/\/thuiszorg-turkse-ouderen.nl\/#\/schema\/logo\/image\/","url":"https:\/\/thuiszorg-turkse-ouderen.nl\/wp-content\/uploads\/2019\/12\/Logo.png","contentUrl":"https:\/\/thuiszorg-turkse-ouderen.nl\/wp-content\/uploads\/2019\/12\/Logo.png","width":704,"height":725,"caption":"Thuiszorg dagbesteding Turkse Marokkaanse ouderen"},"image":{"@id":"https:\/\/thuiszorg-turkse-ouderen.nl\/#\/schema\/logo\/image\/"},"sameAs":["https:\/\/www.facebook.com\/Thuiszorg-Turkse-en-Marokkaanse-Ouderen-2162964037060436\/","https:\/\/www.instagram.com\/thuiszorgturkseouderen\/"]}]}},"_links":{"self":[{"href":"https:\/\/thuiszorg-turkse-ouderen.nl\/tr\/wp-json\/wp\/v2\/pages\/258","targetHints":{"allow":["GET"]}}],"collection":[{"href":"https:\/\/thuiszorg-turkse-ouderen.nl\/tr\/wp-json\/wp\/v2\/pages"}],"about":[{"href":"https:\/\/thuiszorg-turkse-ouderen.nl\/tr\/wp-json\/wp\/v2\/types\/page"}],"author":[{"embeddable":true,"href":"https:\/\/thuiszorg-turkse-ouderen.nl\/tr\/wp-json\/wp\/v2\/users\/1"}],"replies":[{"embeddable":true,"href":"https:\/\/thuiszorg-turkse-ouderen.nl\/tr\/wp-json\/wp\/v2\/comments?post=258"}],"version-history":[{"count":0,"href":"https:\/\/thuiszorg-turkse-ouderen.nl\/tr\/wp-json\/wp\/v2\/pages\/258\/revisions"}],"wp:attachment":[{"href":"https:\/\/thuiszorg-turkse-ouderen.nl\/tr\/wp-json\/wp\/v2\/media?parent=258"}],"curies":[{"name":"wp","href":"https:\/\/api.w.org\/{rel}","templated":true}]}}