{"id":260,"date":"2019-12-10T19:51:32","date_gmt":"2019-12-10T19:51:32","guid":{"rendered":"https:\/\/thuiszorg-turkse-ouderen.nl\/?page_id=260"},"modified":"2021-12-28T23:00:30","modified_gmt":"2021-12-28T23:00:30","slug":"gunluk-yasam-aktiviteleri-yabanci-kokenli-yaslilar","status":"publish","type":"page","link":"https:\/\/thuiszorg-turkse-ouderen.nl\/tr\/gunluk-yasam-aktiviteleri-yabanci-kokenli-yaslilar\/","title":{"rendered":"G\u00fcnl\u00fck ya\u015fam <br\/>aktiviteleri yabanc\u0131 k\u00f6kenli ya\u015fl\u0131lar"},"content":{"rendered":"<p>Hollandal\u0131 ve yabanc\u0131 k\u00f6kenli ya\u015fl\u0131lara sunulan g\u00fcnl\u00fck ya\u015fam aktiviteleri aras\u0131nda \u00e7o\u011fu zaman fark bulunmamaktadir. Bir\u00e7ok huzurevi ayn\u0131 zamanda g\u00fcnl\u00fck ya\u015fam aktiviteleri sunar. Aradaki fark k\u00fclt\u00fcrel farkl\u0131l\u0131klar\u0131n g\u00f6z \u00f6n\u00fcne al\u0131nmas\u0131 ve bak\u0131c\u0131larla anadilinde konu\u015fulabilinmesinin yan\u0131s\u0131ra yabanc\u0131 k\u00f6kenli m\u00fc\u015fterilerin \u00f6zel yemek taleplerinin g\u00f6z ard\u0131 edilmemesindedir. \u00c7o\u011fu zaman farklar ufak hususlarda oldu\u011fundan bak\u0131m hizmetleri yabanc\u0131 k\u00f6kenli ya\u015fl\u0131larada uygundur. Aradaki farkl\u0131l\u0131klar ufak olmas\u0131na ra\u011fmen, bu n\u00fcanslarin onemi birlikte sayg\u0131 \u00e7er\u00e7evesinde ge\u00e7inmemizi sa\u011flar.<\/p>","protected":false},"excerpt":{"rendered":"<p>Hollandal\u0131 ve yabanc\u0131 k\u00f6kenli ya\u015fl\u0131lara sunulan g\u00fcnl\u00fck ya\u015fam aktiviteleri aras\u0131nda \u00e7o\u011fu zaman fark bulunmamaktadir. Bir\u00e7ok huzurevi ayn\u0131 zamanda g\u00fcnl\u00fck ya\u015fam aktiviteleri sunar. Aradaki fark k\u00fclt\u00fcrel farkl\u0131l\u0131klar\u0131n g\u00f6z \u00f6n\u00fcne al\u0131nmas\u0131 ve bak\u0131c\u0131larla anadilinde konu\u015fulabilinmesinin yan\u0131s\u0131ra yabanc\u0131 k\u00f6kenli m\u00fc\u015fterilerin \u00f6zel yemek taleplerinin g\u00f6z ard\u0131 edilmemesindedir. \u00c7o\u011fu zaman farklar ufak hususlarda oldu\u011fundan bak\u0131m hizmetleri yabanc\u0131 k\u00f6kenli ya\u015fl\u0131larada uygundur.<br \/><a class=\"moretag\" href=\"https:\/\/thuiszorg-turkse-ouderen.nl\/tr\/gunluk-yasam-aktiviteleri-yabanci-kokenli-yaslilar\/\">+ Read More<\/a><\/p>","protected":false},"author":1,"featured_media":0,"parent":0,"menu_order":1,"comment_status":"closed","ping_status":"closed","template":"templates\/page-fullwidth_template.php","meta":{"inline_featured_image":false,"_monsterinsights_skip_tracking":false,"_monsterinsights_sitenote_active":false,"_monsterinsights_sitenote_note":"","_monsterinsights_sitenote_category":0,"footnotes":""},"class_list":["post-260","page","type-page","status-publish","hentry"],"yoast_head":"<!-- This site is optimized with the Yoast SEO plugin v27.0 - https:\/\/yoast.com\/product\/yoast-seo-wordpress\/ -->\n<title>G\u00fcnl\u00fck ya\u015fam aktiviteleri yabanc\u0131 k\u00f6kenli ya\u015fl\u0131lar<\/title>\n<meta name=\"description\" content=\"Hollandal\u0131 ve yabanc\u0131 k\u00f6kenli ya\u015fl\u0131lara sunulan g\u00fcnl\u00fck ya\u015fam aktiviteleri aras\u0131nda \u00e7o\u011fu zaman fark bulunmamaktadir. Bir\u00e7ok huzurevi ayn\u0131 zamanda g\u00fcnl\u00fck Zoek een zorginstelling voor uw Turkse ouders of grootouders\" \/>\n<meta name=\"robots\" content=\"index, follow, max-snippet:-1, max-image-preview:large, max-video-preview:-1\" \/>\n<link rel=\"canonical\" href=\"https:\/\/thuiszorg-turkse-ouderen.nl\/tr\/gunluk-yasam-aktiviteleri-yabanci-kokenli-yaslilar\/\" \/>\n<meta property=\"og:locale\" content=\"tr_TR\" \/>\n<meta property=\"og:type\" content=\"article\" \/>\n<meta property=\"og:title\" content=\"G\u00fcnl\u00fck ya\u015fam aktiviteleri yabanc\u0131 k\u00f6kenli ya\u015fl\u0131lar\" \/>\n<meta property=\"og:description\" content=\"Hollandal\u0131 ve yabanc\u0131 k\u00f6kenli ya\u015fl\u0131lara sunulan g\u00fcnl\u00fck ya\u015fam aktiviteleri aras\u0131nda \u00e7o\u011fu zaman fark bulunmamaktadir. Bir\u00e7ok huzurevi ayn\u0131 zamanda g\u00fcnl\u00fck Zoek een zorginstelling voor uw Turkse ouders of grootouders\" \/>\n<meta property=\"og:url\" content=\"https:\/\/thuiszorg-turkse-ouderen.nl\/tr\/gunluk-yasam-aktiviteleri-yabanci-kokenli-yaslilar\/\" \/>\n<meta property=\"og:site_name\" content=\"Thuiszorg Turkse en Marokkaanse Ouderen\" \/>\n<meta property=\"article:publisher\" content=\"https:\/\/www.facebook.com\/Thuiszorg-Turkse-en-Marokkaanse-Ouderen-2162964037060436\/\" \/>\n<meta property=\"article:modified_time\" content=\"2021-12-28T23:00:30+00:00\" \/>\n<meta name=\"twitter:card\" content=\"summary_large_image\" \/>\n<meta name=\"twitter:label1\" content=\"Tahmini okuma s\u00fcresi\" \/>\n\t<meta name=\"twitter:data1\" content=\"1 dakika\" \/>\n<script type=\"application\/ld+json\" class=\"yoast-schema-graph\">{\"@context\":\"https:\/\/schema.org\",\"@graph\":[{\"@type\":\"WebPage\",\"@id\":\"https:\/\/thuiszorg-turkse-ouderen.nl\/gunluk-yasam-aktiviteleri-yabanci-kokenli-yaslilar\/\",\"url\":\"https:\/\/thuiszorg-turkse-ouderen.nl\/gunluk-yasam-aktiviteleri-yabanci-kokenli-yaslilar\/\",\"name\":\"G\u00fcnl\u00fck ya\u015fam aktiviteleri yabanc\u0131 k\u00f6kenli ya\u015fl\u0131lar\",\"isPartOf\":{\"@id\":\"https:\/\/thuiszorg-turkse-ouderen.nl\/#website\"},\"datePublished\":\"2019-12-10T19:51:32+00:00\",\"dateModified\":\"2021-12-28T23:00:30+00:00\",\"description\":\"Hollandal\u0131 ve yabanc\u0131 k\u00f6kenli ya\u015fl\u0131lara sunulan g\u00fcnl\u00fck ya\u015fam aktiviteleri aras\u0131nda \u00e7o\u011fu zaman fark bulunmamaktadir. Bir\u00e7ok huzurevi ayn\u0131 zamanda g\u00fcnl\u00fck Zoek een zorginstelling voor uw Turkse ouders of grootouders\",\"breadcrumb\":{\"@id\":\"https:\/\/thuiszorg-turkse-ouderen.nl\/gunluk-yasam-aktiviteleri-yabanci-kokenli-yaslilar\/#breadcrumb\"},\"inLanguage\":\"tr\",\"potentialAction\":[{\"@type\":\"ReadAction\",\"target\":[\"https:\/\/thuiszorg-turkse-ouderen.nl\/gunluk-yasam-aktiviteleri-yabanci-kokenli-yaslilar\/\"]}]},{\"@type\":\"BreadcrumbList\",\"@id\":\"https:\/\/thuiszorg-turkse-ouderen.nl\/gunluk-yasam-aktiviteleri-yabanci-kokenli-yaslilar\/#breadcrumb\",\"itemListElement\":[{\"@type\":\"ListItem\",\"position\":1,\"name\":\"Home\",\"item\":\"https:\/\/thuiszorg-turkse-ouderen.nl\/\"},{\"@type\":\"ListItem\",\"position\":2,\"name\":\"G\u00fcnl\u00fck ya\u015fam aktiviteleri yabanc\u0131 k\u00f6kenli ya\u015fl\u0131lar\"}]},{\"@type\":\"WebSite\",\"@id\":\"https:\/\/thuiszorg-turkse-ouderen.nl\/#website\",\"url\":\"https:\/\/thuiszorg-turkse-ouderen.nl\/\",\"name\":\"Thuiszorg Turkse en Marokkaanse Ouderen\",\"description\":\"\",\"publisher\":{\"@id\":\"https:\/\/thuiszorg-turkse-ouderen.nl\/#organization\"},\"potentialAction\":[{\"@type\":\"SearchAction\",\"target\":{\"@type\":\"EntryPoint\",\"urlTemplate\":\"https:\/\/thuiszorg-turkse-ouderen.nl\/?s={search_term_string}\"},\"query-input\":{\"@type\":\"PropertyValueSpecification\",\"valueRequired\":true,\"valueName\":\"search_term_string\"}}],\"inLanguage\":\"tr\"},{\"@type\":\"Organization\",\"@id\":\"https:\/\/thuiszorg-turkse-ouderen.nl\/#organization\",\"name\":\"Thuiszorg dagbesteding Turkse Marokkaanse ouderen\",\"url\":\"https:\/\/thuiszorg-turkse-ouderen.nl\/\",\"logo\":{\"@type\":\"ImageObject\",\"inLanguage\":\"tr\",\"@id\":\"https:\/\/thuiszorg-turkse-ouderen.nl\/#\/schema\/logo\/image\/\",\"url\":\"https:\/\/thuiszorg-turkse-ouderen.nl\/wp-content\/uploads\/2019\/12\/Logo.png\",\"contentUrl\":\"https:\/\/thuiszorg-turkse-ouderen.nl\/wp-content\/uploads\/2019\/12\/Logo.png\",\"width\":704,\"height\":725,\"caption\":\"Thuiszorg dagbesteding Turkse Marokkaanse ouderen\"},\"image\":{\"@id\":\"https:\/\/thuiszorg-turkse-ouderen.nl\/#\/schema\/logo\/image\/\"},\"sameAs\":[\"https:\/\/www.facebook.com\/Thuiszorg-Turkse-en-Marokkaanse-Ouderen-2162964037060436\/\",\"https:\/\/www.instagram.com\/thuiszorgturkseouderen\/\"]}]}<\/script>\n<!-- \/ Yoast SEO plugin. -->","yoast_head_json":{"title":"G\u00fcnl\u00fck ya\u015fam aktiviteleri yabanc\u0131 k\u00f6kenli ya\u015fl\u0131lar","description":"Hollandal\u0131 ve yabanc\u0131 k\u00f6kenli ya\u015fl\u0131lara sunulan g\u00fcnl\u00fck ya\u015fam aktiviteleri aras\u0131nda \u00e7o\u011fu zaman fark bulunmamaktadir. Bir\u00e7ok huzurevi ayn\u0131 zamanda g\u00fcnl\u00fck Zoek een zorginstelling voor uw Turkse ouders of grootouders","robots":{"index":"index","follow":"follow","max-snippet":"max-snippet:-1","max-image-preview":"max-image-preview:large","max-video-preview":"max-video-preview:-1"},"canonical":"https:\/\/thuiszorg-turkse-ouderen.nl\/tr\/gunluk-yasam-aktiviteleri-yabanci-kokenli-yaslilar\/","og_locale":"tr_TR","og_type":"article","og_title":"G\u00fcnl\u00fck ya\u015fam aktiviteleri yabanc\u0131 k\u00f6kenli ya\u015fl\u0131lar","og_description":"Hollandal\u0131 ve yabanc\u0131 k\u00f6kenli ya\u015fl\u0131lara sunulan g\u00fcnl\u00fck ya\u015fam aktiviteleri aras\u0131nda \u00e7o\u011fu zaman fark bulunmamaktadir. Bir\u00e7ok huzurevi ayn\u0131 zamanda g\u00fcnl\u00fck Zoek een zorginstelling voor uw Turkse ouders of grootouders","og_url":"https:\/\/thuiszorg-turkse-ouderen.nl\/tr\/gunluk-yasam-aktiviteleri-yabanci-kokenli-yaslilar\/","og_site_name":"Thuiszorg Turkse en Marokkaanse Ouderen","article_publisher":"https:\/\/www.facebook.com\/Thuiszorg-Turkse-en-Marokkaanse-Ouderen-2162964037060436\/","article_modified_time":"2021-12-28T23:00:30+00:00","twitter_card":"summary_large_image","twitter_misc":{"Tahmini okuma s\u00fcresi":"1 dakika"},"schema":{"@context":"https:\/\/schema.org","@graph":[{"@type":"WebPage","@id":"https:\/\/thuiszorg-turkse-ouderen.nl\/gunluk-yasam-aktiviteleri-yabanci-kokenli-yaslilar\/","url":"https:\/\/thuiszorg-turkse-ouderen.nl\/gunluk-yasam-aktiviteleri-yabanci-kokenli-yaslilar\/","name":"G\u00fcnl\u00fck ya\u015fam aktiviteleri yabanc\u0131 k\u00f6kenli ya\u015fl\u0131lar","isPartOf":{"@id":"https:\/\/thuiszorg-turkse-ouderen.nl\/#website"},"datePublished":"2019-12-10T19:51:32+00:00","dateModified":"2021-12-28T23:00:30+00:00","description":"Hollandal\u0131 ve yabanc\u0131 k\u00f6kenli ya\u015fl\u0131lara sunulan g\u00fcnl\u00fck ya\u015fam aktiviteleri aras\u0131nda \u00e7o\u011fu zaman fark bulunmamaktadir. Bir\u00e7ok huzurevi ayn\u0131 zamanda g\u00fcnl\u00fck Zoek een zorginstelling voor uw Turkse ouders of grootouders","breadcrumb":{"@id":"https:\/\/thuiszorg-turkse-ouderen.nl\/gunluk-yasam-aktiviteleri-yabanci-kokenli-yaslilar\/#breadcrumb"},"inLanguage":"tr","potentialAction":[{"@type":"ReadAction","target":["https:\/\/thuiszorg-turkse-ouderen.nl\/gunluk-yasam-aktiviteleri-yabanci-kokenli-yaslilar\/"]}]},{"@type":"BreadcrumbList","@id":"https:\/\/thuiszorg-turkse-ouderen.nl\/gunluk-yasam-aktiviteleri-yabanci-kokenli-yaslilar\/#breadcrumb","itemListElement":[{"@type":"ListItem","position":1,"name":"Home","item":"https:\/\/thuiszorg-turkse-ouderen.nl\/"},{"@type":"ListItem","position":2,"name":"G\u00fcnl\u00fck ya\u015fam aktiviteleri yabanc\u0131 k\u00f6kenli ya\u015fl\u0131lar"}]},{"@type":"WebSite","@id":"https:\/\/thuiszorg-turkse-ouderen.nl\/#website","url":"https:\/\/thuiszorg-turkse-ouderen.nl\/","name":"Thuiszorg Turkse en Marokkaanse Ouderen","description":"","publisher":{"@id":"https:\/\/thuiszorg-turkse-ouderen.nl\/#organization"},"potentialAction":[{"@type":"SearchAction","target":{"@type":"EntryPoint","urlTemplate":"https:\/\/thuiszorg-turkse-ouderen.nl\/?s={search_term_string}"},"query-input":{"@type":"PropertyValueSpecification","valueRequired":true,"valueName":"search_term_string"}}],"inLanguage":"tr"},{"@type":"Organization","@id":"https:\/\/thuiszorg-turkse-ouderen.nl\/#organization","name":"Thuiszorg dagbesteding Turkse Marokkaanse ouderen","url":"https:\/\/thuiszorg-turkse-ouderen.nl\/","logo":{"@type":"ImageObject","inLanguage":"tr","@id":"https:\/\/thuiszorg-turkse-ouderen.nl\/#\/schema\/logo\/image\/","url":"https:\/\/thuiszorg-turkse-ouderen.nl\/wp-content\/uploads\/2019\/12\/Logo.png","contentUrl":"https:\/\/thuiszorg-turkse-ouderen.nl\/wp-content\/uploads\/2019\/12\/Logo.png","width":704,"height":725,"caption":"Thuiszorg dagbesteding Turkse Marokkaanse ouderen"},"image":{"@id":"https:\/\/thuiszorg-turkse-ouderen.nl\/#\/schema\/logo\/image\/"},"sameAs":["https:\/\/www.facebook.com\/Thuiszorg-Turkse-en-Marokkaanse-Ouderen-2162964037060436\/","https:\/\/www.instagram.com\/thuiszorgturkseouderen\/"]}]}},"_links":{"self":[{"href":"https:\/\/thuiszorg-turkse-ouderen.nl\/tr\/wp-json\/wp\/v2\/pages\/260","targetHints":{"allow":["GET"]}}],"collection":[{"href":"https:\/\/thuiszorg-turkse-ouderen.nl\/tr\/wp-json\/wp\/v2\/pages"}],"about":[{"href":"https:\/\/thuiszorg-turkse-ouderen.nl\/tr\/wp-json\/wp\/v2\/types\/page"}],"author":[{"embeddable":true,"href":"https:\/\/thuiszorg-turkse-ouderen.nl\/tr\/wp-json\/wp\/v2\/users\/1"}],"replies":[{"embeddable":true,"href":"https:\/\/thuiszorg-turkse-ouderen.nl\/tr\/wp-json\/wp\/v2\/comments?post=260"}],"version-history":[{"count":0,"href":"https:\/\/thuiszorg-turkse-ouderen.nl\/tr\/wp-json\/wp\/v2\/pages\/260\/revisions"}],"wp:attachment":[{"href":"https:\/\/thuiszorg-turkse-ouderen.nl\/tr\/wp-json\/wp\/v2\/media?parent=260"}],"curies":[{"name":"wp","href":"https:\/\/api.w.org\/{rel}","templated":true}]}}