{"id":262,"date":"2019-12-10T19:52:52","date_gmt":"2019-12-10T19:52:52","guid":{"rendered":"https:\/\/thuiszorg-turkse-ouderen.nl\/?page_id=262"},"modified":"2021-12-28T22:56:55","modified_gmt":"2021-12-28T22:56:55","slug":"bakim-evlerinde-gunluk-yasam-aktiviteleri","status":"publish","type":"page","link":"https:\/\/thuiszorg-turkse-ouderen.nl\/tr\/bakim-evlerinde-gunluk-yasam-aktiviteleri\/","title":{"rendered":"Bak\u0131m evlerinde g\u00fcnl\u00fck ya\u015fam aktiviteleri"},"content":{"rendered":"<p>G\u00fcnl\u00fck ya\u015fam aktiviteleri, birlikte oyun oynamak, el u\u011fra\u015flar\u0131 veya egzersiz i\u00e7erir. Birlikte kahvalt\u0131, \u00f6\u011fle ve\/veya ak\u015fam yeme\u011fi yemenin \u00f6nemi sosyal ileti\u015fim anlam\u0131nda b\u00fcy\u00fckt\u00fcr. Bu tabiiki hem yabanc\u0131 uyruklu, hemde yerli ya\u015fl\u0131lar i\u00e7in ge\u00e7erlidir. Yemeklerde yabanc\u0131 k\u00f6kenli ya\u015fl\u0131larin k\u00fclt\u00fcr ve inan\u00e7lar\u0131 dikkate al\u0131nmaktad\u0131r. Sa\u011fl\u0131k ve t\u0131bbi konularin ileti\u015fimdeki sunumlari de\u011fi\u015fik olup, doktorun biyomedikal referansl\u0131 sunumlar\u0131ndan ziyade umut, kader ve inan\u00e7 odakl\u0131 olmas\u0131d\u0131r. Bu da genel anlamda yabanc\u0131 k\u00f6kenli T\u00fcrk ve Fasl\u0131 ya\u015fl\u0131lar\u0131 daha da ho\u015fnut eder.<\/p>","protected":false},"excerpt":{"rendered":"<p>G\u00fcnl\u00fck ya\u015fam aktiviteleri, birlikte oyun oynamak, el u\u011fra\u015flar\u0131 veya egzersiz i\u00e7erir. Birlikte kahvalt\u0131, \u00f6\u011fle ve\/veya ak\u015fam yeme\u011fi yemenin \u00f6nemi sosyal ileti\u015fim anlam\u0131nda b\u00fcy\u00fckt\u00fcr. Bu tabiiki hem yabanc\u0131 uyruklu, hemde yerli ya\u015fl\u0131lar i\u00e7in ge\u00e7erlidir. Yemeklerde yabanc\u0131 k\u00f6kenli ya\u015fl\u0131larin k\u00fclt\u00fcr ve inan\u00e7lar\u0131 dikkate al\u0131nmaktad\u0131r. Sa\u011fl\u0131k ve t\u0131bbi konularin ileti\u015fimdeki sunumlari de\u011fi\u015fik olup, doktorun biyomedikal referansl\u0131 sunumlar\u0131ndan ziyade<br \/><a class=\"moretag\" href=\"https:\/\/thuiszorg-turkse-ouderen.nl\/tr\/bakim-evlerinde-gunluk-yasam-aktiviteleri\/\">+ Read More<\/a><\/p>","protected":false},"author":1,"featured_media":0,"parent":0,"menu_order":0,"comment_status":"closed","ping_status":"closed","template":"templates\/page-fullwidth_template.php","meta":{"inline_featured_image":false,"_monsterinsights_skip_tracking":false,"_monsterinsights_sitenote_active":false,"_monsterinsights_sitenote_note":"","_monsterinsights_sitenote_category":0,"footnotes":""},"class_list":["post-262","page","type-page","status-publish","hentry"],"yoast_head":"<!-- This site is optimized with the Yoast SEO plugin v27.0 - https:\/\/yoast.com\/product\/yoast-seo-wordpress\/ -->\n<title>Bak\u0131m evlerinde g\u00fcnl\u00fck ya\u015fam aktiviteleri<\/title>\n<meta name=\"description\" content=\"Thuiszorg voor allochtone ouderen moeten we rekeing houden met diverse aspecten zoals cultuur en godsdienst. Taalbarri\u00e8re of onbegrip speelt een grote rol.\" \/>\n<meta name=\"robots\" content=\"index, follow, max-snippet:-1, max-image-preview:large, max-video-preview:-1\" \/>\n<link rel=\"canonical\" href=\"https:\/\/thuiszorg-turkse-ouderen.nl\/tr\/bakim-evlerinde-gunluk-yasam-aktiviteleri\/\" \/>\n<meta property=\"og:locale\" content=\"tr_TR\" \/>\n<meta property=\"og:type\" content=\"article\" \/>\n<meta property=\"og:title\" content=\"Bak\u0131m evlerinde g\u00fcnl\u00fck ya\u015fam aktiviteleri\" \/>\n<meta property=\"og:description\" content=\"Thuiszorg voor allochtone ouderen moeten we rekeing houden met diverse aspecten zoals cultuur en godsdienst. Taalbarri\u00e8re of onbegrip speelt een grote rol.\" \/>\n<meta property=\"og:url\" content=\"https:\/\/thuiszorg-turkse-ouderen.nl\/tr\/bakim-evlerinde-gunluk-yasam-aktiviteleri\/\" \/>\n<meta property=\"og:site_name\" content=\"Thuiszorg Turkse en Marokkaanse Ouderen\" \/>\n<meta property=\"article:publisher\" content=\"https:\/\/www.facebook.com\/Thuiszorg-Turkse-en-Marokkaanse-Ouderen-2162964037060436\/\" \/>\n<meta property=\"article:modified_time\" content=\"2021-12-28T22:56:55+00:00\" \/>\n<meta name=\"twitter:card\" content=\"summary_large_image\" \/>\n<meta name=\"twitter:label1\" content=\"Tahmini okuma s\u00fcresi\" \/>\n\t<meta name=\"twitter:data1\" content=\"1 dakika\" \/>\n<script type=\"application\/ld+json\" class=\"yoast-schema-graph\">{\"@context\":\"https:\/\/schema.org\",\"@graph\":[{\"@type\":\"WebPage\",\"@id\":\"https:\/\/thuiszorg-turkse-ouderen.nl\/bakim-evlerinde-gunluk-yasam-aktiviteleri\/\",\"url\":\"https:\/\/thuiszorg-turkse-ouderen.nl\/bakim-evlerinde-gunluk-yasam-aktiviteleri\/\",\"name\":\"Bak\u0131m evlerinde g\u00fcnl\u00fck ya\u015fam aktiviteleri\",\"isPartOf\":{\"@id\":\"https:\/\/thuiszorg-turkse-ouderen.nl\/#website\"},\"datePublished\":\"2019-12-10T19:52:52+00:00\",\"dateModified\":\"2021-12-28T22:56:55+00:00\",\"description\":\"Thuiszorg voor allochtone ouderen moeten we rekeing houden met diverse aspecten zoals cultuur en godsdienst. Taalbarri\u00e8re of onbegrip speelt een grote rol.\",\"breadcrumb\":{\"@id\":\"https:\/\/thuiszorg-turkse-ouderen.nl\/bakim-evlerinde-gunluk-yasam-aktiviteleri\/#breadcrumb\"},\"inLanguage\":\"tr\",\"potentialAction\":[{\"@type\":\"ReadAction\",\"target\":[\"https:\/\/thuiszorg-turkse-ouderen.nl\/bakim-evlerinde-gunluk-yasam-aktiviteleri\/\"]}]},{\"@type\":\"BreadcrumbList\",\"@id\":\"https:\/\/thuiszorg-turkse-ouderen.nl\/bakim-evlerinde-gunluk-yasam-aktiviteleri\/#breadcrumb\",\"itemListElement\":[{\"@type\":\"ListItem\",\"position\":1,\"name\":\"Home\",\"item\":\"https:\/\/thuiszorg-turkse-ouderen.nl\/\"},{\"@type\":\"ListItem\",\"position\":2,\"name\":\"Bak\u0131m evlerinde g\u00fcnl\u00fck ya\u015fam aktiviteleri\"}]},{\"@type\":\"WebSite\",\"@id\":\"https:\/\/thuiszorg-turkse-ouderen.nl\/#website\",\"url\":\"https:\/\/thuiszorg-turkse-ouderen.nl\/\",\"name\":\"Thuiszorg Turkse en Marokkaanse Ouderen\",\"description\":\"\",\"publisher\":{\"@id\":\"https:\/\/thuiszorg-turkse-ouderen.nl\/#organization\"},\"potentialAction\":[{\"@type\":\"SearchAction\",\"target\":{\"@type\":\"EntryPoint\",\"urlTemplate\":\"https:\/\/thuiszorg-turkse-ouderen.nl\/?s={search_term_string}\"},\"query-input\":{\"@type\":\"PropertyValueSpecification\",\"valueRequired\":true,\"valueName\":\"search_term_string\"}}],\"inLanguage\":\"tr\"},{\"@type\":\"Organization\",\"@id\":\"https:\/\/thuiszorg-turkse-ouderen.nl\/#organization\",\"name\":\"Thuiszorg dagbesteding Turkse Marokkaanse ouderen\",\"url\":\"https:\/\/thuiszorg-turkse-ouderen.nl\/\",\"logo\":{\"@type\":\"ImageObject\",\"inLanguage\":\"tr\",\"@id\":\"https:\/\/thuiszorg-turkse-ouderen.nl\/#\/schema\/logo\/image\/\",\"url\":\"https:\/\/thuiszorg-turkse-ouderen.nl\/wp-content\/uploads\/2019\/12\/Logo.png\",\"contentUrl\":\"https:\/\/thuiszorg-turkse-ouderen.nl\/wp-content\/uploads\/2019\/12\/Logo.png\",\"width\":704,\"height\":725,\"caption\":\"Thuiszorg dagbesteding Turkse Marokkaanse ouderen\"},\"image\":{\"@id\":\"https:\/\/thuiszorg-turkse-ouderen.nl\/#\/schema\/logo\/image\/\"},\"sameAs\":[\"https:\/\/www.facebook.com\/Thuiszorg-Turkse-en-Marokkaanse-Ouderen-2162964037060436\/\",\"https:\/\/www.instagram.com\/thuiszorgturkseouderen\/\"]}]}<\/script>\n<!-- \/ Yoast SEO plugin. -->","yoast_head_json":{"title":"Bak\u0131m evlerinde g\u00fcnl\u00fck ya\u015fam aktiviteleri","description":"Thuiszorg voor allochtone ouderen moeten we rekeing houden met diverse aspecten zoals cultuur en godsdienst. Taalbarri\u00e8re of onbegrip speelt een grote rol.","robots":{"index":"index","follow":"follow","max-snippet":"max-snippet:-1","max-image-preview":"max-image-preview:large","max-video-preview":"max-video-preview:-1"},"canonical":"https:\/\/thuiszorg-turkse-ouderen.nl\/tr\/bakim-evlerinde-gunluk-yasam-aktiviteleri\/","og_locale":"tr_TR","og_type":"article","og_title":"Bak\u0131m evlerinde g\u00fcnl\u00fck ya\u015fam aktiviteleri","og_description":"Thuiszorg voor allochtone ouderen moeten we rekeing houden met diverse aspecten zoals cultuur en godsdienst. Taalbarri\u00e8re of onbegrip speelt een grote rol.","og_url":"https:\/\/thuiszorg-turkse-ouderen.nl\/tr\/bakim-evlerinde-gunluk-yasam-aktiviteleri\/","og_site_name":"Thuiszorg Turkse en Marokkaanse Ouderen","article_publisher":"https:\/\/www.facebook.com\/Thuiszorg-Turkse-en-Marokkaanse-Ouderen-2162964037060436\/","article_modified_time":"2021-12-28T22:56:55+00:00","twitter_card":"summary_large_image","twitter_misc":{"Tahmini okuma s\u00fcresi":"1 dakika"},"schema":{"@context":"https:\/\/schema.org","@graph":[{"@type":"WebPage","@id":"https:\/\/thuiszorg-turkse-ouderen.nl\/bakim-evlerinde-gunluk-yasam-aktiviteleri\/","url":"https:\/\/thuiszorg-turkse-ouderen.nl\/bakim-evlerinde-gunluk-yasam-aktiviteleri\/","name":"Bak\u0131m evlerinde g\u00fcnl\u00fck ya\u015fam aktiviteleri","isPartOf":{"@id":"https:\/\/thuiszorg-turkse-ouderen.nl\/#website"},"datePublished":"2019-12-10T19:52:52+00:00","dateModified":"2021-12-28T22:56:55+00:00","description":"Thuiszorg voor allochtone ouderen moeten we rekeing houden met diverse aspecten zoals cultuur en godsdienst. Taalbarri\u00e8re of onbegrip speelt een grote rol.","breadcrumb":{"@id":"https:\/\/thuiszorg-turkse-ouderen.nl\/bakim-evlerinde-gunluk-yasam-aktiviteleri\/#breadcrumb"},"inLanguage":"tr","potentialAction":[{"@type":"ReadAction","target":["https:\/\/thuiszorg-turkse-ouderen.nl\/bakim-evlerinde-gunluk-yasam-aktiviteleri\/"]}]},{"@type":"BreadcrumbList","@id":"https:\/\/thuiszorg-turkse-ouderen.nl\/bakim-evlerinde-gunluk-yasam-aktiviteleri\/#breadcrumb","itemListElement":[{"@type":"ListItem","position":1,"name":"Home","item":"https:\/\/thuiszorg-turkse-ouderen.nl\/"},{"@type":"ListItem","position":2,"name":"Bak\u0131m evlerinde g\u00fcnl\u00fck ya\u015fam aktiviteleri"}]},{"@type":"WebSite","@id":"https:\/\/thuiszorg-turkse-ouderen.nl\/#website","url":"https:\/\/thuiszorg-turkse-ouderen.nl\/","name":"Thuiszorg Turkse en Marokkaanse Ouderen","description":"","publisher":{"@id":"https:\/\/thuiszorg-turkse-ouderen.nl\/#organization"},"potentialAction":[{"@type":"SearchAction","target":{"@type":"EntryPoint","urlTemplate":"https:\/\/thuiszorg-turkse-ouderen.nl\/?s={search_term_string}"},"query-input":{"@type":"PropertyValueSpecification","valueRequired":true,"valueName":"search_term_string"}}],"inLanguage":"tr"},{"@type":"Organization","@id":"https:\/\/thuiszorg-turkse-ouderen.nl\/#organization","name":"Thuiszorg dagbesteding Turkse Marokkaanse ouderen","url":"https:\/\/thuiszorg-turkse-ouderen.nl\/","logo":{"@type":"ImageObject","inLanguage":"tr","@id":"https:\/\/thuiszorg-turkse-ouderen.nl\/#\/schema\/logo\/image\/","url":"https:\/\/thuiszorg-turkse-ouderen.nl\/wp-content\/uploads\/2019\/12\/Logo.png","contentUrl":"https:\/\/thuiszorg-turkse-ouderen.nl\/wp-content\/uploads\/2019\/12\/Logo.png","width":704,"height":725,"caption":"Thuiszorg dagbesteding Turkse Marokkaanse ouderen"},"image":{"@id":"https:\/\/thuiszorg-turkse-ouderen.nl\/#\/schema\/logo\/image\/"},"sameAs":["https:\/\/www.facebook.com\/Thuiszorg-Turkse-en-Marokkaanse-Ouderen-2162964037060436\/","https:\/\/www.instagram.com\/thuiszorgturkseouderen\/"]}]}},"_links":{"self":[{"href":"https:\/\/thuiszorg-turkse-ouderen.nl\/tr\/wp-json\/wp\/v2\/pages\/262","targetHints":{"allow":["GET"]}}],"collection":[{"href":"https:\/\/thuiszorg-turkse-ouderen.nl\/tr\/wp-json\/wp\/v2\/pages"}],"about":[{"href":"https:\/\/thuiszorg-turkse-ouderen.nl\/tr\/wp-json\/wp\/v2\/types\/page"}],"author":[{"embeddable":true,"href":"https:\/\/thuiszorg-turkse-ouderen.nl\/tr\/wp-json\/wp\/v2\/users\/1"}],"replies":[{"embeddable":true,"href":"https:\/\/thuiszorg-turkse-ouderen.nl\/tr\/wp-json\/wp\/v2\/comments?post=262"}],"version-history":[{"count":0,"href":"https:\/\/thuiszorg-turkse-ouderen.nl\/tr\/wp-json\/wp\/v2\/pages\/262\/revisions"}],"wp:attachment":[{"href":"https:\/\/thuiszorg-turkse-ouderen.nl\/tr\/wp-json\/wp\/v2\/media?parent=262"}],"curies":[{"name":"wp","href":"https:\/\/api.w.org\/{rel}","templated":true}]}}