{"id":264,"date":"2019-12-10T19:55:49","date_gmt":"2019-12-10T19:55:49","guid":{"rendered":"https:\/\/thuiszorg-turkse-ouderen.nl\/?page_id=264"},"modified":"2021-12-28T23:00:56","modified_gmt":"2021-12-28T23:00:56","slug":"yabanci-kokenli-yaslilara-yonelik-bakim-hizmetleri-onerileri","status":"publish","type":"page","link":"https:\/\/thuiszorg-turkse-ouderen.nl\/tr\/yabanci-kokenli-yaslilara-yonelik-bakim-hizmetleri-onerileri\/","title":{"rendered":"Yabanc\u0131 k\u00f6kenli ya\u015fl\u0131lara y\u00f6nelik bak\u0131m hizmetleri \u00f6nerileri"},"content":{"rendered":"<p>Yabanc\u0131 k\u00f6kenli ya\u015fl\u0131larin bak\u0131m\u0131na y\u00f6nelik birka\u00e7 \u015fey yapabilirsiniz. Ev bak\u0131m\u0131 hizmetlerinde \u00e7al\u0131\u015f\u0131yorsan\u0131z kendinizi hazirlayabilmenizde fayda vardir. \u00c7o\u011fu zaman de\u011fi\u015fik al\u0131\u015fkanl\u0131klar\u0131n yan\u0131s\u0131ra dil bariyeri s\u00f6z konusu olabilir. O ki\u015fileri rahatlatabilmek ve sureci kolayla\u015ft\u0131rmak amac\u0131yla bu \u00f6nerileri ve y\u00f6ntemleri kullanabilirsiniz. B\u00f6ylelikle hem m\u00fc\u015fterilerinizi hemde bak\u0131c\u0131 olarak kendinizi rahatlam\u0131\u015f ve ho\u015fnut etmi\u015f olursunuz.<\/p>","protected":false},"excerpt":{"rendered":"<p>Yabanc\u0131 k\u00f6kenli ya\u015fl\u0131larin bak\u0131m\u0131na y\u00f6nelik birka\u00e7 \u015fey yapabilirsiniz. Ev bak\u0131m\u0131 hizmetlerinde \u00e7al\u0131\u015f\u0131yorsan\u0131z kendinizi hazirlayabilmenizde fayda vardir. \u00c7o\u011fu zaman de\u011fi\u015fik al\u0131\u015fkanl\u0131klar\u0131n yan\u0131s\u0131ra dil bariyeri s\u00f6z konusu olabilir. O ki\u015fileri rahatlatabilmek ve sureci kolayla\u015ft\u0131rmak amac\u0131yla bu \u00f6nerileri ve y\u00f6ntemleri kullanabilirsiniz. B\u00f6ylelikle hem m\u00fc\u015fterilerinizi hemde bak\u0131c\u0131 olarak kendinizi rahatlam\u0131\u015f ve ho\u015fnut etmi\u015f olursunuz.<\/p>","protected":false},"author":1,"featured_media":0,"parent":0,"menu_order":3,"comment_status":"closed","ping_status":"closed","template":"templates\/page-fullwidth_template.php","meta":{"inline_featured_image":false,"_monsterinsights_skip_tracking":false,"_monsterinsights_sitenote_active":false,"_monsterinsights_sitenote_note":"","_monsterinsights_sitenote_category":0,"footnotes":""},"class_list":["post-264","page","type-page","status-publish","hentry"],"yoast_head":"<!-- This site is optimized with the Yoast SEO plugin v27.0 - https:\/\/yoast.com\/product\/yoast-seo-wordpress\/ -->\n<title>Yabanc\u0131 k\u00f6kenli ya\u015fl\u0131lara y\u00f6nelik bak\u0131m hizmetleri \u00f6nerileri - Thuiszorg Turkse en Marokkaanse Ouderen Turkse ouderenzorg<\/title>\n<meta name=\"description\" content=\"Tips allochtone ouderenzorg, waar moet je allemaal rekening mee houden. Wat zijn de gewoonten bij feestdagen van alloctone ouderen in de zorg.\" \/>\n<meta name=\"robots\" content=\"index, follow, max-snippet:-1, max-image-preview:large, max-video-preview:-1\" \/>\n<link rel=\"canonical\" href=\"https:\/\/thuiszorg-turkse-ouderen.nl\/tr\/yabanci-kokenli-yaslilara-yonelik-bakim-hizmetleri-onerileri\/\" \/>\n<meta property=\"og:locale\" content=\"tr_TR\" \/>\n<meta property=\"og:type\" content=\"article\" \/>\n<meta property=\"og:title\" content=\"Yabanc\u0131 k\u00f6kenli ya\u015fl\u0131lara y\u00f6nelik bak\u0131m hizmetleri \u00f6nerileri - Thuiszorg Turkse en Marokkaanse Ouderen Turkse ouderenzorg\" \/>\n<meta property=\"og:description\" content=\"Tips allochtone ouderenzorg, waar moet je allemaal rekening mee houden. Wat zijn de gewoonten bij feestdagen van alloctone ouderen in de zorg.\" \/>\n<meta property=\"og:url\" content=\"https:\/\/thuiszorg-turkse-ouderen.nl\/tr\/yabanci-kokenli-yaslilara-yonelik-bakim-hizmetleri-onerileri\/\" \/>\n<meta property=\"og:site_name\" content=\"Thuiszorg Turkse en Marokkaanse Ouderen\" \/>\n<meta property=\"article:publisher\" content=\"https:\/\/www.facebook.com\/Thuiszorg-Turkse-en-Marokkaanse-Ouderen-2162964037060436\/\" \/>\n<meta property=\"article:modified_time\" content=\"2021-12-28T23:00:56+00:00\" \/>\n<meta name=\"twitter:card\" content=\"summary_large_image\" \/>\n<script type=\"application\/ld+json\" class=\"yoast-schema-graph\">{\"@context\":\"https:\/\/schema.org\",\"@graph\":[{\"@type\":\"WebPage\",\"@id\":\"https:\/\/thuiszorg-turkse-ouderen.nl\/tr\/yabanci-kokenli-yaslilara-yonelik-bakim-hizmetleri-onerileri\/\",\"url\":\"https:\/\/thuiszorg-turkse-ouderen.nl\/tr\/yabanci-kokenli-yaslilara-yonelik-bakim-hizmetleri-onerileri\/\",\"name\":\"Yabanc\u0131 k\u00f6kenli ya\u015fl\u0131lara y\u00f6nelik bak\u0131m hizmetleri \u00f6nerileri - Thuiszorg Turkse en Marokkaanse Ouderen Turkse ouderenzorg\",\"isPartOf\":{\"@id\":\"https:\/\/thuiszorg-turkse-ouderen.nl\/#website\"},\"datePublished\":\"2019-12-10T19:55:49+00:00\",\"dateModified\":\"2021-12-28T23:00:56+00:00\",\"description\":\"Tips allochtone ouderenzorg, waar moet je allemaal rekening mee houden. Wat zijn de gewoonten bij feestdagen van alloctone ouderen in de zorg.\",\"breadcrumb\":{\"@id\":\"https:\/\/thuiszorg-turkse-ouderen.nl\/tr\/yabanci-kokenli-yaslilara-yonelik-bakim-hizmetleri-onerileri\/#breadcrumb\"},\"inLanguage\":\"tr\",\"potentialAction\":[{\"@type\":\"ReadAction\",\"target\":[\"https:\/\/thuiszorg-turkse-ouderen.nl\/tr\/yabanci-kokenli-yaslilara-yonelik-bakim-hizmetleri-onerileri\/\"]}]},{\"@type\":\"BreadcrumbList\",\"@id\":\"https:\/\/thuiszorg-turkse-ouderen.nl\/tr\/yabanci-kokenli-yaslilara-yonelik-bakim-hizmetleri-onerileri\/#breadcrumb\",\"itemListElement\":[{\"@type\":\"ListItem\",\"position\":1,\"name\":\"Home\",\"item\":\"https:\/\/thuiszorg-turkse-ouderen.nl\/\"},{\"@type\":\"ListItem\",\"position\":2,\"name\":\"Yabanc\u0131 k\u00f6kenli ya\u015fl\u0131lara y\u00f6nelik bak\u0131m hizmetleri \u00f6nerileri\"}]},{\"@type\":\"WebSite\",\"@id\":\"https:\/\/thuiszorg-turkse-ouderen.nl\/#website\",\"url\":\"https:\/\/thuiszorg-turkse-ouderen.nl\/\",\"name\":\"Thuiszorg Turkse en Marokkaanse Ouderen\",\"description\":\"\",\"publisher\":{\"@id\":\"https:\/\/thuiszorg-turkse-ouderen.nl\/#organization\"},\"potentialAction\":[{\"@type\":\"SearchAction\",\"target\":{\"@type\":\"EntryPoint\",\"urlTemplate\":\"https:\/\/thuiszorg-turkse-ouderen.nl\/?s={search_term_string}\"},\"query-input\":{\"@type\":\"PropertyValueSpecification\",\"valueRequired\":true,\"valueName\":\"search_term_string\"}}],\"inLanguage\":\"tr\"},{\"@type\":\"Organization\",\"@id\":\"https:\/\/thuiszorg-turkse-ouderen.nl\/#organization\",\"name\":\"Thuiszorg dagbesteding Turkse Marokkaanse ouderen\",\"url\":\"https:\/\/thuiszorg-turkse-ouderen.nl\/\",\"logo\":{\"@type\":\"ImageObject\",\"inLanguage\":\"tr\",\"@id\":\"https:\/\/thuiszorg-turkse-ouderen.nl\/#\/schema\/logo\/image\/\",\"url\":\"https:\/\/thuiszorg-turkse-ouderen.nl\/wp-content\/uploads\/2019\/12\/Logo.png\",\"contentUrl\":\"https:\/\/thuiszorg-turkse-ouderen.nl\/wp-content\/uploads\/2019\/12\/Logo.png\",\"width\":704,\"height\":725,\"caption\":\"Thuiszorg dagbesteding Turkse Marokkaanse ouderen\"},\"image\":{\"@id\":\"https:\/\/thuiszorg-turkse-ouderen.nl\/#\/schema\/logo\/image\/\"},\"sameAs\":[\"https:\/\/www.facebook.com\/Thuiszorg-Turkse-en-Marokkaanse-Ouderen-2162964037060436\/\",\"https:\/\/www.instagram.com\/thuiszorgturkseouderen\/\"]}]}<\/script>\n<!-- \/ Yoast SEO plugin. -->","yoast_head_json":{"title":"Yabanc\u0131 k\u00f6kenli ya\u015fl\u0131lara y\u00f6nelik bak\u0131m hizmetleri \u00f6nerileri - Thuiszorg Turkse en Marokkaanse Ouderen Turkse ouderenzorg","description":"Tips allochtone ouderenzorg, waar moet je allemaal rekening mee houden. Wat zijn de gewoonten bij feestdagen van alloctone ouderen in de zorg.","robots":{"index":"index","follow":"follow","max-snippet":"max-snippet:-1","max-image-preview":"max-image-preview:large","max-video-preview":"max-video-preview:-1"},"canonical":"https:\/\/thuiszorg-turkse-ouderen.nl\/tr\/yabanci-kokenli-yaslilara-yonelik-bakim-hizmetleri-onerileri\/","og_locale":"tr_TR","og_type":"article","og_title":"Yabanc\u0131 k\u00f6kenli ya\u015fl\u0131lara y\u00f6nelik bak\u0131m hizmetleri \u00f6nerileri - Thuiszorg Turkse en Marokkaanse Ouderen Turkse ouderenzorg","og_description":"Tips allochtone ouderenzorg, waar moet je allemaal rekening mee houden. Wat zijn de gewoonten bij feestdagen van alloctone ouderen in de zorg.","og_url":"https:\/\/thuiszorg-turkse-ouderen.nl\/tr\/yabanci-kokenli-yaslilara-yonelik-bakim-hizmetleri-onerileri\/","og_site_name":"Thuiszorg Turkse en Marokkaanse Ouderen","article_publisher":"https:\/\/www.facebook.com\/Thuiszorg-Turkse-en-Marokkaanse-Ouderen-2162964037060436\/","article_modified_time":"2021-12-28T23:00:56+00:00","twitter_card":"summary_large_image","schema":{"@context":"https:\/\/schema.org","@graph":[{"@type":"WebPage","@id":"https:\/\/thuiszorg-turkse-ouderen.nl\/tr\/yabanci-kokenli-yaslilara-yonelik-bakim-hizmetleri-onerileri\/","url":"https:\/\/thuiszorg-turkse-ouderen.nl\/tr\/yabanci-kokenli-yaslilara-yonelik-bakim-hizmetleri-onerileri\/","name":"Yabanc\u0131 k\u00f6kenli ya\u015fl\u0131lara y\u00f6nelik bak\u0131m hizmetleri \u00f6nerileri - Thuiszorg Turkse en Marokkaanse Ouderen Turkse ouderenzorg","isPartOf":{"@id":"https:\/\/thuiszorg-turkse-ouderen.nl\/#website"},"datePublished":"2019-12-10T19:55:49+00:00","dateModified":"2021-12-28T23:00:56+00:00","description":"Tips allochtone ouderenzorg, waar moet je allemaal rekening mee houden. Wat zijn de gewoonten bij feestdagen van alloctone ouderen in de zorg.","breadcrumb":{"@id":"https:\/\/thuiszorg-turkse-ouderen.nl\/tr\/yabanci-kokenli-yaslilara-yonelik-bakim-hizmetleri-onerileri\/#breadcrumb"},"inLanguage":"tr","potentialAction":[{"@type":"ReadAction","target":["https:\/\/thuiszorg-turkse-ouderen.nl\/tr\/yabanci-kokenli-yaslilara-yonelik-bakim-hizmetleri-onerileri\/"]}]},{"@type":"BreadcrumbList","@id":"https:\/\/thuiszorg-turkse-ouderen.nl\/tr\/yabanci-kokenli-yaslilara-yonelik-bakim-hizmetleri-onerileri\/#breadcrumb","itemListElement":[{"@type":"ListItem","position":1,"name":"Home","item":"https:\/\/thuiszorg-turkse-ouderen.nl\/"},{"@type":"ListItem","position":2,"name":"Yabanc\u0131 k\u00f6kenli ya\u015fl\u0131lara y\u00f6nelik bak\u0131m hizmetleri \u00f6nerileri"}]},{"@type":"WebSite","@id":"https:\/\/thuiszorg-turkse-ouderen.nl\/#website","url":"https:\/\/thuiszorg-turkse-ouderen.nl\/","name":"Thuiszorg Turkse en Marokkaanse Ouderen","description":"","publisher":{"@id":"https:\/\/thuiszorg-turkse-ouderen.nl\/#organization"},"potentialAction":[{"@type":"SearchAction","target":{"@type":"EntryPoint","urlTemplate":"https:\/\/thuiszorg-turkse-ouderen.nl\/?s={search_term_string}"},"query-input":{"@type":"PropertyValueSpecification","valueRequired":true,"valueName":"search_term_string"}}],"inLanguage":"tr"},{"@type":"Organization","@id":"https:\/\/thuiszorg-turkse-ouderen.nl\/#organization","name":"Thuiszorg dagbesteding Turkse Marokkaanse ouderen","url":"https:\/\/thuiszorg-turkse-ouderen.nl\/","logo":{"@type":"ImageObject","inLanguage":"tr","@id":"https:\/\/thuiszorg-turkse-ouderen.nl\/#\/schema\/logo\/image\/","url":"https:\/\/thuiszorg-turkse-ouderen.nl\/wp-content\/uploads\/2019\/12\/Logo.png","contentUrl":"https:\/\/thuiszorg-turkse-ouderen.nl\/wp-content\/uploads\/2019\/12\/Logo.png","width":704,"height":725,"caption":"Thuiszorg dagbesteding Turkse Marokkaanse ouderen"},"image":{"@id":"https:\/\/thuiszorg-turkse-ouderen.nl\/#\/schema\/logo\/image\/"},"sameAs":["https:\/\/www.facebook.com\/Thuiszorg-Turkse-en-Marokkaanse-Ouderen-2162964037060436\/","https:\/\/www.instagram.com\/thuiszorgturkseouderen\/"]}]}},"_links":{"self":[{"href":"https:\/\/thuiszorg-turkse-ouderen.nl\/tr\/wp-json\/wp\/v2\/pages\/264","targetHints":{"allow":["GET"]}}],"collection":[{"href":"https:\/\/thuiszorg-turkse-ouderen.nl\/tr\/wp-json\/wp\/v2\/pages"}],"about":[{"href":"https:\/\/thuiszorg-turkse-ouderen.nl\/tr\/wp-json\/wp\/v2\/types\/page"}],"author":[{"embeddable":true,"href":"https:\/\/thuiszorg-turkse-ouderen.nl\/tr\/wp-json\/wp\/v2\/users\/1"}],"replies":[{"embeddable":true,"href":"https:\/\/thuiszorg-turkse-ouderen.nl\/tr\/wp-json\/wp\/v2\/comments?post=264"}],"version-history":[{"count":0,"href":"https:\/\/thuiszorg-turkse-ouderen.nl\/tr\/wp-json\/wp\/v2\/pages\/264\/revisions"}],"wp:attachment":[{"href":"https:\/\/thuiszorg-turkse-ouderen.nl\/tr\/wp-json\/wp\/v2\/media?parent=264"}],"curies":[{"name":"wp","href":"https:\/\/api.w.org\/{rel}","templated":true}]}}