{"id":266,"date":"2019-12-10T19:57:21","date_gmt":"2019-12-10T19:57:21","guid":{"rendered":"https:\/\/thuiszorg-turkse-ouderen.nl\/?page_id=266"},"modified":"2021-12-28T23:01:03","modified_gmt":"2021-12-28T23:01:03","slug":"hemen-evde-bakim-hizmeti-ara","status":"publish","type":"page","link":"https:\/\/thuiszorg-turkse-ouderen.nl\/tr\/hemen-evde-bakim-hizmeti-ara\/","title":{"rendered":"Hemen evde bak\u0131m hizmeti ara!"},"content":{"rendered":"<p>Yabanc\u0131 k\u00f6kenlilere y\u00f6nelik evde bak\u0131m hizmetleri sunan kurulu\u015flar hangileri?<br \/>\nHollanda&#8217;da birka\u00e7 yabanc\u0131 k\u00f6kenlilere y\u00f6nelik evde bak\u0131m servisi sunan kurulu\u015flar vard\u0131r. Bu kurulu\u015flar\u0131n kap\u0131lar\u0131 herkese a\u00e7\u0131kt\u0131r, bak\u0131ma muhta\u00e7 yabanc\u0131 k\u00f6kenli ya\u015fl\u0131lara da. Gelenekler ve k\u00fclt\u00fcrel farkl\u0131l\u0131klar da dikkate al\u0131n\u0131r. Mevcut kurulu\u015flar listesi; Yabanc\u0131 k\u00f6kenli ya\u015fl\u0131lara veya genel anlamda yabanc\u0131 k\u00f6kenli m\u00fc\u015fterilere y\u00f6nelik bak\u0131m hizmeti sunan kurulu\u015flari sunuyoruz<\/p>","protected":false},"excerpt":{"rendered":"<p>Yabanc\u0131 k\u00f6kenlilere y\u00f6nelik evde bak\u0131m hizmetleri sunan kurulu\u015flar hangileri? Hollanda&#8217;da birka\u00e7 yabanc\u0131 k\u00f6kenlilere y\u00f6nelik evde bak\u0131m servisi sunan kurulu\u015flar vard\u0131r. Bu kurulu\u015flar\u0131n kap\u0131lar\u0131 herkese a\u00e7\u0131kt\u0131r, bak\u0131ma muhta\u00e7 yabanc\u0131 k\u00f6kenli ya\u015fl\u0131lara da. Gelenekler ve k\u00fclt\u00fcrel farkl\u0131l\u0131klar da dikkate al\u0131n\u0131r. Mevcut kurulu\u015flar listesi; Yabanc\u0131 k\u00f6kenli ya\u015fl\u0131lara veya genel anlamda yabanc\u0131 k\u00f6kenli m\u00fc\u015fterilere y\u00f6nelik bak\u0131m hizmeti sunan kurulu\u015flari<br \/><a class=\"moretag\" href=\"https:\/\/thuiszorg-turkse-ouderen.nl\/tr\/hemen-evde-bakim-hizmeti-ara\/\">+ Read More<\/a><\/p>","protected":false},"author":1,"featured_media":0,"parent":0,"menu_order":6,"comment_status":"closed","ping_status":"closed","template":"templates\/page-fullwidth_template.php","meta":{"inline_featured_image":false,"_monsterinsights_skip_tracking":false,"_monsterinsights_sitenote_active":false,"_monsterinsights_sitenote_note":"","_monsterinsights_sitenote_category":0,"footnotes":""},"class_list":["post-266","page","type-page","status-publish","hentry"],"yoast_head":"<!-- This site is optimized with the Yoast SEO plugin v27.0 - https:\/\/yoast.com\/product\/yoast-seo-wordpress\/ -->\n<title>Hemen evde bak\u0131m hizmeti ara!<\/title>\n<meta name=\"description\" content=\"Yabanc\u0131 k\u00f6kenlilere y\u00f6nelik evde bak\u0131m hizmetleri sunan kurulu\u015flar hangileri? Hollanda&#039;da birka\u00e7 yabanc\u0131 k\u00f6kenlilere y\u00f6nelik evde bak\u0131m servisi sunan Zoek een zorginstelling voor uw Turkse ouders of grootouders\" \/>\n<meta name=\"robots\" content=\"index, follow, max-snippet:-1, max-image-preview:large, max-video-preview:-1\" \/>\n<link rel=\"canonical\" href=\"https:\/\/thuiszorg-turkse-ouderen.nl\/tr\/hemen-evde-bakim-hizmeti-ara\/\" \/>\n<meta property=\"og:locale\" content=\"tr_TR\" \/>\n<meta property=\"og:type\" content=\"article\" \/>\n<meta property=\"og:title\" content=\"Hemen evde bak\u0131m hizmeti ara!\" \/>\n<meta property=\"og:description\" content=\"Yabanc\u0131 k\u00f6kenlilere y\u00f6nelik evde bak\u0131m hizmetleri sunan kurulu\u015flar hangileri? Hollanda&#039;da birka\u00e7 yabanc\u0131 k\u00f6kenlilere y\u00f6nelik evde bak\u0131m servisi sunan Zoek een zorginstelling voor uw Turkse ouders of grootouders\" \/>\n<meta property=\"og:url\" content=\"https:\/\/thuiszorg-turkse-ouderen.nl\/tr\/hemen-evde-bakim-hizmeti-ara\/\" \/>\n<meta property=\"og:site_name\" content=\"Thuiszorg Turkse en Marokkaanse Ouderen\" \/>\n<meta property=\"article:publisher\" content=\"https:\/\/www.facebook.com\/Thuiszorg-Turkse-en-Marokkaanse-Ouderen-2162964037060436\/\" \/>\n<meta property=\"article:modified_time\" content=\"2021-12-28T23:01:03+00:00\" \/>\n<meta name=\"twitter:card\" content=\"summary_large_image\" \/>\n<script type=\"application\/ld+json\" class=\"yoast-schema-graph\">{\"@context\":\"https:\/\/schema.org\",\"@graph\":[{\"@type\":\"WebPage\",\"@id\":\"https:\/\/thuiszorg-turkse-ouderen.nl\/hemen-evde-bakim-hizmeti-ara\/\",\"url\":\"https:\/\/thuiszorg-turkse-ouderen.nl\/hemen-evde-bakim-hizmeti-ara\/\",\"name\":\"Hemen evde bak\u0131m hizmeti ara!\",\"isPartOf\":{\"@id\":\"https:\/\/thuiszorg-turkse-ouderen.nl\/#website\"},\"datePublished\":\"2019-12-10T19:57:21+00:00\",\"dateModified\":\"2021-12-28T23:01:03+00:00\",\"description\":\"Yabanc\u0131 k\u00f6kenlilere y\u00f6nelik evde bak\u0131m hizmetleri sunan kurulu\u015flar hangileri? Hollanda'da birka\u00e7 yabanc\u0131 k\u00f6kenlilere y\u00f6nelik evde bak\u0131m servisi sunan Zoek een zorginstelling voor uw Turkse ouders of grootouders\",\"breadcrumb\":{\"@id\":\"https:\/\/thuiszorg-turkse-ouderen.nl\/hemen-evde-bakim-hizmeti-ara\/#breadcrumb\"},\"inLanguage\":\"tr\",\"potentialAction\":[{\"@type\":\"ReadAction\",\"target\":[\"https:\/\/thuiszorg-turkse-ouderen.nl\/hemen-evde-bakim-hizmeti-ara\/\"]}]},{\"@type\":\"BreadcrumbList\",\"@id\":\"https:\/\/thuiszorg-turkse-ouderen.nl\/hemen-evde-bakim-hizmeti-ara\/#breadcrumb\",\"itemListElement\":[{\"@type\":\"ListItem\",\"position\":1,\"name\":\"Home\",\"item\":\"https:\/\/thuiszorg-turkse-ouderen.nl\/\"},{\"@type\":\"ListItem\",\"position\":2,\"name\":\"Hemen evde bak\u0131m hizmeti ara!\"}]},{\"@type\":\"WebSite\",\"@id\":\"https:\/\/thuiszorg-turkse-ouderen.nl\/#website\",\"url\":\"https:\/\/thuiszorg-turkse-ouderen.nl\/\",\"name\":\"Thuiszorg Turkse en Marokkaanse Ouderen\",\"description\":\"\",\"publisher\":{\"@id\":\"https:\/\/thuiszorg-turkse-ouderen.nl\/#organization\"},\"potentialAction\":[{\"@type\":\"SearchAction\",\"target\":{\"@type\":\"EntryPoint\",\"urlTemplate\":\"https:\/\/thuiszorg-turkse-ouderen.nl\/?s={search_term_string}\"},\"query-input\":{\"@type\":\"PropertyValueSpecification\",\"valueRequired\":true,\"valueName\":\"search_term_string\"}}],\"inLanguage\":\"tr\"},{\"@type\":\"Organization\",\"@id\":\"https:\/\/thuiszorg-turkse-ouderen.nl\/#organization\",\"name\":\"Thuiszorg dagbesteding Turkse Marokkaanse ouderen\",\"url\":\"https:\/\/thuiszorg-turkse-ouderen.nl\/\",\"logo\":{\"@type\":\"ImageObject\",\"inLanguage\":\"tr\",\"@id\":\"https:\/\/thuiszorg-turkse-ouderen.nl\/#\/schema\/logo\/image\/\",\"url\":\"https:\/\/thuiszorg-turkse-ouderen.nl\/wp-content\/uploads\/2019\/12\/Logo.png\",\"contentUrl\":\"https:\/\/thuiszorg-turkse-ouderen.nl\/wp-content\/uploads\/2019\/12\/Logo.png\",\"width\":704,\"height\":725,\"caption\":\"Thuiszorg dagbesteding Turkse Marokkaanse ouderen\"},\"image\":{\"@id\":\"https:\/\/thuiszorg-turkse-ouderen.nl\/#\/schema\/logo\/image\/\"},\"sameAs\":[\"https:\/\/www.facebook.com\/Thuiszorg-Turkse-en-Marokkaanse-Ouderen-2162964037060436\/\",\"https:\/\/www.instagram.com\/thuiszorgturkseouderen\/\"]}]}<\/script>\n<!-- \/ Yoast SEO plugin. -->","yoast_head_json":{"title":"Hemen evde bak\u0131m hizmeti ara!","description":"Yabanc\u0131 k\u00f6kenlilere y\u00f6nelik evde bak\u0131m hizmetleri sunan kurulu\u015flar hangileri? Hollanda'da birka\u00e7 yabanc\u0131 k\u00f6kenlilere y\u00f6nelik evde bak\u0131m servisi sunan Zoek een zorginstelling voor uw Turkse ouders of grootouders","robots":{"index":"index","follow":"follow","max-snippet":"max-snippet:-1","max-image-preview":"max-image-preview:large","max-video-preview":"max-video-preview:-1"},"canonical":"https:\/\/thuiszorg-turkse-ouderen.nl\/tr\/hemen-evde-bakim-hizmeti-ara\/","og_locale":"tr_TR","og_type":"article","og_title":"Hemen evde bak\u0131m hizmeti ara!","og_description":"Yabanc\u0131 k\u00f6kenlilere y\u00f6nelik evde bak\u0131m hizmetleri sunan kurulu\u015flar hangileri? Hollanda'da birka\u00e7 yabanc\u0131 k\u00f6kenlilere y\u00f6nelik evde bak\u0131m servisi sunan Zoek een zorginstelling voor uw Turkse ouders of grootouders","og_url":"https:\/\/thuiszorg-turkse-ouderen.nl\/tr\/hemen-evde-bakim-hizmeti-ara\/","og_site_name":"Thuiszorg Turkse en Marokkaanse Ouderen","article_publisher":"https:\/\/www.facebook.com\/Thuiszorg-Turkse-en-Marokkaanse-Ouderen-2162964037060436\/","article_modified_time":"2021-12-28T23:01:03+00:00","twitter_card":"summary_large_image","schema":{"@context":"https:\/\/schema.org","@graph":[{"@type":"WebPage","@id":"https:\/\/thuiszorg-turkse-ouderen.nl\/hemen-evde-bakim-hizmeti-ara\/","url":"https:\/\/thuiszorg-turkse-ouderen.nl\/hemen-evde-bakim-hizmeti-ara\/","name":"Hemen evde bak\u0131m hizmeti ara!","isPartOf":{"@id":"https:\/\/thuiszorg-turkse-ouderen.nl\/#website"},"datePublished":"2019-12-10T19:57:21+00:00","dateModified":"2021-12-28T23:01:03+00:00","description":"Yabanc\u0131 k\u00f6kenlilere y\u00f6nelik evde bak\u0131m hizmetleri sunan kurulu\u015flar hangileri? Hollanda'da birka\u00e7 yabanc\u0131 k\u00f6kenlilere y\u00f6nelik evde bak\u0131m servisi sunan Zoek een zorginstelling voor uw Turkse ouders of grootouders","breadcrumb":{"@id":"https:\/\/thuiszorg-turkse-ouderen.nl\/hemen-evde-bakim-hizmeti-ara\/#breadcrumb"},"inLanguage":"tr","potentialAction":[{"@type":"ReadAction","target":["https:\/\/thuiszorg-turkse-ouderen.nl\/hemen-evde-bakim-hizmeti-ara\/"]}]},{"@type":"BreadcrumbList","@id":"https:\/\/thuiszorg-turkse-ouderen.nl\/hemen-evde-bakim-hizmeti-ara\/#breadcrumb","itemListElement":[{"@type":"ListItem","position":1,"name":"Home","item":"https:\/\/thuiszorg-turkse-ouderen.nl\/"},{"@type":"ListItem","position":2,"name":"Hemen evde bak\u0131m hizmeti ara!"}]},{"@type":"WebSite","@id":"https:\/\/thuiszorg-turkse-ouderen.nl\/#website","url":"https:\/\/thuiszorg-turkse-ouderen.nl\/","name":"Thuiszorg Turkse en Marokkaanse Ouderen","description":"","publisher":{"@id":"https:\/\/thuiszorg-turkse-ouderen.nl\/#organization"},"potentialAction":[{"@type":"SearchAction","target":{"@type":"EntryPoint","urlTemplate":"https:\/\/thuiszorg-turkse-ouderen.nl\/?s={search_term_string}"},"query-input":{"@type":"PropertyValueSpecification","valueRequired":true,"valueName":"search_term_string"}}],"inLanguage":"tr"},{"@type":"Organization","@id":"https:\/\/thuiszorg-turkse-ouderen.nl\/#organization","name":"Thuiszorg dagbesteding Turkse Marokkaanse ouderen","url":"https:\/\/thuiszorg-turkse-ouderen.nl\/","logo":{"@type":"ImageObject","inLanguage":"tr","@id":"https:\/\/thuiszorg-turkse-ouderen.nl\/#\/schema\/logo\/image\/","url":"https:\/\/thuiszorg-turkse-ouderen.nl\/wp-content\/uploads\/2019\/12\/Logo.png","contentUrl":"https:\/\/thuiszorg-turkse-ouderen.nl\/wp-content\/uploads\/2019\/12\/Logo.png","width":704,"height":725,"caption":"Thuiszorg dagbesteding Turkse Marokkaanse ouderen"},"image":{"@id":"https:\/\/thuiszorg-turkse-ouderen.nl\/#\/schema\/logo\/image\/"},"sameAs":["https:\/\/www.facebook.com\/Thuiszorg-Turkse-en-Marokkaanse-Ouderen-2162964037060436\/","https:\/\/www.instagram.com\/thuiszorgturkseouderen\/"]}]}},"_links":{"self":[{"href":"https:\/\/thuiszorg-turkse-ouderen.nl\/tr\/wp-json\/wp\/v2\/pages\/266","targetHints":{"allow":["GET"]}}],"collection":[{"href":"https:\/\/thuiszorg-turkse-ouderen.nl\/tr\/wp-json\/wp\/v2\/pages"}],"about":[{"href":"https:\/\/thuiszorg-turkse-ouderen.nl\/tr\/wp-json\/wp\/v2\/types\/page"}],"author":[{"embeddable":true,"href":"https:\/\/thuiszorg-turkse-ouderen.nl\/tr\/wp-json\/wp\/v2\/users\/1"}],"replies":[{"embeddable":true,"href":"https:\/\/thuiszorg-turkse-ouderen.nl\/tr\/wp-json\/wp\/v2\/comments?post=266"}],"version-history":[{"count":0,"href":"https:\/\/thuiszorg-turkse-ouderen.nl\/tr\/wp-json\/wp\/v2\/pages\/266\/revisions"}],"wp:attachment":[{"href":"https:\/\/thuiszorg-turkse-ouderen.nl\/tr\/wp-json\/wp\/v2\/media?parent=266"}],"curies":[{"name":"wp","href":"https:\/\/api.w.org\/{rel}","templated":true}]}}