{"id":268,"date":"2019-12-10T20:54:12","date_gmt":"2019-12-10T20:54:12","guid":{"rendered":"https:\/\/thuiszorg-turkse-ouderen.nl\/?page_id=268"},"modified":"2021-12-28T23:01:20","modified_gmt":"2021-12-28T23:01:20","slug":"yabanci-kokenli-yaslilar-ve-demans-bunama","status":"publish","type":"page","link":"https:\/\/thuiszorg-turkse-ouderen.nl\/tr\/yabanci-kokenli-yaslilar-ve-demans-bunama\/","title":{"rendered":"Yabanc\u0131 k\u00f6kenli ya\u015fl\u0131lar ve demans (bunama)"},"content":{"rendered":"<p>K\u00fclt\u00fcrel ve dilsel farkl\u0131l\u0131klar g\u00f6z \u00f6n\u00fcne al\u0131n\u0131rsa, bak\u0131c\u0131 personel ile yabanc\u0131 k\u00f6kenli ya\u015fl\u0131lar\u0131n ileti\u015fimi daha da iyi sa\u011flan\u0131r. Yabanc\u0131 k\u00f6kenli ya\u015fl\u0131lar\u0131n demans halinde ana dillerine d\u00fc\u015f\u00fc\u015fleri s\u00f6z konusu olabilir. O hallerde bak\u0131c\u0131 personelin onlar\u0131n dilini anlamalar\u0131 \u00f6nemlidir. Tan\u0131mlamak ve hali anlayabilmek. Yabanc\u0131 k\u00f6kenli ya\u015fl\u0131lar kendilerine onlar\u0131n dilinden cavap verildi\u011finde ho\u015fnut olabilirler. Bu \u015fekilde onlara kendilerini anlama hissiyati verilebilinir ve kar\u015f\u0131l\u0131kl\u0131 sa\u011fduyu olu\u015fup bak\u0131c\u0131 kolayl\u0131kla arz edilen en uygun yard\u0131m\u0131 verebilir.<\/p>","protected":false},"excerpt":{"rendered":"<p>K\u00fclt\u00fcrel ve dilsel farkl\u0131l\u0131klar g\u00f6z \u00f6n\u00fcne al\u0131n\u0131rsa, bak\u0131c\u0131 personel ile yabanc\u0131 k\u00f6kenli ya\u015fl\u0131lar\u0131n ileti\u015fimi daha da iyi sa\u011flan\u0131r. Yabanc\u0131 k\u00f6kenli ya\u015fl\u0131lar\u0131n demans halinde ana dillerine d\u00fc\u015f\u00fc\u015fleri s\u00f6z konusu olabilir. O hallerde bak\u0131c\u0131 personelin onlar\u0131n dilini anlamalar\u0131 \u00f6nemlidir. Tan\u0131mlamak ve hali anlayabilmek. Yabanc\u0131 k\u00f6kenli ya\u015fl\u0131lar kendilerine onlar\u0131n dilinden cavap verildi\u011finde ho\u015fnut olabilirler. Bu \u015fekilde onlara kendilerini<br \/><a class=\"moretag\" href=\"https:\/\/thuiszorg-turkse-ouderen.nl\/tr\/yabanci-kokenli-yaslilar-ve-demans-bunama\/\">+ Read More<\/a><\/p>","protected":false},"author":1,"featured_media":0,"parent":0,"menu_order":7,"comment_status":"closed","ping_status":"closed","template":"templates\/page-fullwidth_template.php","meta":{"inline_featured_image":false,"_monsterinsights_skip_tracking":false,"_monsterinsights_sitenote_active":false,"_monsterinsights_sitenote_note":"","_monsterinsights_sitenote_category":0,"footnotes":""},"class_list":["post-268","page","type-page","status-publish","hentry"],"yoast_head":"<!-- This site is optimized with the Yoast SEO plugin v27.0 - https:\/\/yoast.com\/product\/yoast-seo-wordpress\/ -->\n<title>Yabanc\u0131 k\u00f6kenli ya\u015fl\u0131lar ve demans (bunama)<\/title>\n<meta name=\"description\" content=\"Turkse en Marokaanse ouderen met behoefte van thuiszorg en of dagbesteding is van groot belang. Rekening houden met allochtone ouderen met dementie.\" \/>\n<meta name=\"robots\" content=\"index, follow, max-snippet:-1, max-image-preview:large, max-video-preview:-1\" \/>\n<link rel=\"canonical\" href=\"https:\/\/thuiszorg-turkse-ouderen.nl\/tr\/yabanci-kokenli-yaslilar-ve-demans-bunama\/\" \/>\n<meta property=\"og:locale\" content=\"tr_TR\" \/>\n<meta property=\"og:type\" content=\"article\" \/>\n<meta property=\"og:title\" content=\"Yabanc\u0131 k\u00f6kenli ya\u015fl\u0131lar ve demans (bunama)\" \/>\n<meta property=\"og:description\" content=\"Turkse en Marokaanse ouderen met behoefte van thuiszorg en of dagbesteding is van groot belang. Rekening houden met allochtone ouderen met dementie.\" \/>\n<meta property=\"og:url\" content=\"https:\/\/thuiszorg-turkse-ouderen.nl\/tr\/yabanci-kokenli-yaslilar-ve-demans-bunama\/\" \/>\n<meta property=\"og:site_name\" content=\"Thuiszorg Turkse en Marokkaanse Ouderen\" \/>\n<meta property=\"article:publisher\" content=\"https:\/\/www.facebook.com\/Thuiszorg-Turkse-en-Marokkaanse-Ouderen-2162964037060436\/\" \/>\n<meta property=\"article:modified_time\" content=\"2021-12-28T23:01:20+00:00\" \/>\n<meta name=\"twitter:card\" content=\"summary_large_image\" \/>\n<meta name=\"twitter:label1\" content=\"Tahmini okuma s\u00fcresi\" \/>\n\t<meta name=\"twitter:data1\" content=\"1 dakika\" \/>\n<script type=\"application\/ld+json\" class=\"yoast-schema-graph\">{\"@context\":\"https:\/\/schema.org\",\"@graph\":[{\"@type\":\"WebPage\",\"@id\":\"https:\/\/thuiszorg-turkse-ouderen.nl\/yabanci-kokenli-yaslilar-ve-demans-bunama\/\",\"url\":\"https:\/\/thuiszorg-turkse-ouderen.nl\/yabanci-kokenli-yaslilar-ve-demans-bunama\/\",\"name\":\"Yabanc\u0131 k\u00f6kenli ya\u015fl\u0131lar ve demans (bunama)\",\"isPartOf\":{\"@id\":\"https:\/\/thuiszorg-turkse-ouderen.nl\/#website\"},\"datePublished\":\"2019-12-10T20:54:12+00:00\",\"dateModified\":\"2021-12-28T23:01:20+00:00\",\"description\":\"Turkse en Marokaanse ouderen met behoefte van thuiszorg en of dagbesteding is van groot belang. Rekening houden met allochtone ouderen met dementie.\",\"breadcrumb\":{\"@id\":\"https:\/\/thuiszorg-turkse-ouderen.nl\/yabanci-kokenli-yaslilar-ve-demans-bunama\/#breadcrumb\"},\"inLanguage\":\"tr\",\"potentialAction\":[{\"@type\":\"ReadAction\",\"target\":[\"https:\/\/thuiszorg-turkse-ouderen.nl\/yabanci-kokenli-yaslilar-ve-demans-bunama\/\"]}]},{\"@type\":\"BreadcrumbList\",\"@id\":\"https:\/\/thuiszorg-turkse-ouderen.nl\/yabanci-kokenli-yaslilar-ve-demans-bunama\/#breadcrumb\",\"itemListElement\":[{\"@type\":\"ListItem\",\"position\":1,\"name\":\"Home\",\"item\":\"https:\/\/thuiszorg-turkse-ouderen.nl\/\"},{\"@type\":\"ListItem\",\"position\":2,\"name\":\"Yabanc\u0131 k\u00f6kenli ya\u015fl\u0131lar ve demans (bunama)\"}]},{\"@type\":\"WebSite\",\"@id\":\"https:\/\/thuiszorg-turkse-ouderen.nl\/#website\",\"url\":\"https:\/\/thuiszorg-turkse-ouderen.nl\/\",\"name\":\"Thuiszorg Turkse en Marokkaanse Ouderen\",\"description\":\"\",\"publisher\":{\"@id\":\"https:\/\/thuiszorg-turkse-ouderen.nl\/#organization\"},\"potentialAction\":[{\"@type\":\"SearchAction\",\"target\":{\"@type\":\"EntryPoint\",\"urlTemplate\":\"https:\/\/thuiszorg-turkse-ouderen.nl\/?s={search_term_string}\"},\"query-input\":{\"@type\":\"PropertyValueSpecification\",\"valueRequired\":true,\"valueName\":\"search_term_string\"}}],\"inLanguage\":\"tr\"},{\"@type\":\"Organization\",\"@id\":\"https:\/\/thuiszorg-turkse-ouderen.nl\/#organization\",\"name\":\"Thuiszorg dagbesteding Turkse Marokkaanse ouderen\",\"url\":\"https:\/\/thuiszorg-turkse-ouderen.nl\/\",\"logo\":{\"@type\":\"ImageObject\",\"inLanguage\":\"tr\",\"@id\":\"https:\/\/thuiszorg-turkse-ouderen.nl\/#\/schema\/logo\/image\/\",\"url\":\"https:\/\/thuiszorg-turkse-ouderen.nl\/wp-content\/uploads\/2019\/12\/Logo.png\",\"contentUrl\":\"https:\/\/thuiszorg-turkse-ouderen.nl\/wp-content\/uploads\/2019\/12\/Logo.png\",\"width\":704,\"height\":725,\"caption\":\"Thuiszorg dagbesteding Turkse Marokkaanse ouderen\"},\"image\":{\"@id\":\"https:\/\/thuiszorg-turkse-ouderen.nl\/#\/schema\/logo\/image\/\"},\"sameAs\":[\"https:\/\/www.facebook.com\/Thuiszorg-Turkse-en-Marokkaanse-Ouderen-2162964037060436\/\",\"https:\/\/www.instagram.com\/thuiszorgturkseouderen\/\"]}]}<\/script>\n<!-- \/ Yoast SEO plugin. -->","yoast_head_json":{"title":"Yabanc\u0131 k\u00f6kenli ya\u015fl\u0131lar ve demans (bunama)","description":"Turkse en Marokaanse ouderen met behoefte van thuiszorg en of dagbesteding is van groot belang. Rekening houden met allochtone ouderen met dementie.","robots":{"index":"index","follow":"follow","max-snippet":"max-snippet:-1","max-image-preview":"max-image-preview:large","max-video-preview":"max-video-preview:-1"},"canonical":"https:\/\/thuiszorg-turkse-ouderen.nl\/tr\/yabanci-kokenli-yaslilar-ve-demans-bunama\/","og_locale":"tr_TR","og_type":"article","og_title":"Yabanc\u0131 k\u00f6kenli ya\u015fl\u0131lar ve demans (bunama)","og_description":"Turkse en Marokaanse ouderen met behoefte van thuiszorg en of dagbesteding is van groot belang. Rekening houden met allochtone ouderen met dementie.","og_url":"https:\/\/thuiszorg-turkse-ouderen.nl\/tr\/yabanci-kokenli-yaslilar-ve-demans-bunama\/","og_site_name":"Thuiszorg Turkse en Marokkaanse Ouderen","article_publisher":"https:\/\/www.facebook.com\/Thuiszorg-Turkse-en-Marokkaanse-Ouderen-2162964037060436\/","article_modified_time":"2021-12-28T23:01:20+00:00","twitter_card":"summary_large_image","twitter_misc":{"Tahmini okuma s\u00fcresi":"1 dakika"},"schema":{"@context":"https:\/\/schema.org","@graph":[{"@type":"WebPage","@id":"https:\/\/thuiszorg-turkse-ouderen.nl\/yabanci-kokenli-yaslilar-ve-demans-bunama\/","url":"https:\/\/thuiszorg-turkse-ouderen.nl\/yabanci-kokenli-yaslilar-ve-demans-bunama\/","name":"Yabanc\u0131 k\u00f6kenli ya\u015fl\u0131lar ve demans (bunama)","isPartOf":{"@id":"https:\/\/thuiszorg-turkse-ouderen.nl\/#website"},"datePublished":"2019-12-10T20:54:12+00:00","dateModified":"2021-12-28T23:01:20+00:00","description":"Turkse en Marokaanse ouderen met behoefte van thuiszorg en of dagbesteding is van groot belang. Rekening houden met allochtone ouderen met dementie.","breadcrumb":{"@id":"https:\/\/thuiszorg-turkse-ouderen.nl\/yabanci-kokenli-yaslilar-ve-demans-bunama\/#breadcrumb"},"inLanguage":"tr","potentialAction":[{"@type":"ReadAction","target":["https:\/\/thuiszorg-turkse-ouderen.nl\/yabanci-kokenli-yaslilar-ve-demans-bunama\/"]}]},{"@type":"BreadcrumbList","@id":"https:\/\/thuiszorg-turkse-ouderen.nl\/yabanci-kokenli-yaslilar-ve-demans-bunama\/#breadcrumb","itemListElement":[{"@type":"ListItem","position":1,"name":"Home","item":"https:\/\/thuiszorg-turkse-ouderen.nl\/"},{"@type":"ListItem","position":2,"name":"Yabanc\u0131 k\u00f6kenli ya\u015fl\u0131lar ve demans (bunama)"}]},{"@type":"WebSite","@id":"https:\/\/thuiszorg-turkse-ouderen.nl\/#website","url":"https:\/\/thuiszorg-turkse-ouderen.nl\/","name":"Thuiszorg Turkse en Marokkaanse Ouderen","description":"","publisher":{"@id":"https:\/\/thuiszorg-turkse-ouderen.nl\/#organization"},"potentialAction":[{"@type":"SearchAction","target":{"@type":"EntryPoint","urlTemplate":"https:\/\/thuiszorg-turkse-ouderen.nl\/?s={search_term_string}"},"query-input":{"@type":"PropertyValueSpecification","valueRequired":true,"valueName":"search_term_string"}}],"inLanguage":"tr"},{"@type":"Organization","@id":"https:\/\/thuiszorg-turkse-ouderen.nl\/#organization","name":"Thuiszorg dagbesteding Turkse Marokkaanse ouderen","url":"https:\/\/thuiszorg-turkse-ouderen.nl\/","logo":{"@type":"ImageObject","inLanguage":"tr","@id":"https:\/\/thuiszorg-turkse-ouderen.nl\/#\/schema\/logo\/image\/","url":"https:\/\/thuiszorg-turkse-ouderen.nl\/wp-content\/uploads\/2019\/12\/Logo.png","contentUrl":"https:\/\/thuiszorg-turkse-ouderen.nl\/wp-content\/uploads\/2019\/12\/Logo.png","width":704,"height":725,"caption":"Thuiszorg dagbesteding Turkse Marokkaanse ouderen"},"image":{"@id":"https:\/\/thuiszorg-turkse-ouderen.nl\/#\/schema\/logo\/image\/"},"sameAs":["https:\/\/www.facebook.com\/Thuiszorg-Turkse-en-Marokkaanse-Ouderen-2162964037060436\/","https:\/\/www.instagram.com\/thuiszorgturkseouderen\/"]}]}},"_links":{"self":[{"href":"https:\/\/thuiszorg-turkse-ouderen.nl\/tr\/wp-json\/wp\/v2\/pages\/268","targetHints":{"allow":["GET"]}}],"collection":[{"href":"https:\/\/thuiszorg-turkse-ouderen.nl\/tr\/wp-json\/wp\/v2\/pages"}],"about":[{"href":"https:\/\/thuiszorg-turkse-ouderen.nl\/tr\/wp-json\/wp\/v2\/types\/page"}],"author":[{"embeddable":true,"href":"https:\/\/thuiszorg-turkse-ouderen.nl\/tr\/wp-json\/wp\/v2\/users\/1"}],"replies":[{"embeddable":true,"href":"https:\/\/thuiszorg-turkse-ouderen.nl\/tr\/wp-json\/wp\/v2\/comments?post=268"}],"version-history":[{"count":0,"href":"https:\/\/thuiszorg-turkse-ouderen.nl\/tr\/wp-json\/wp\/v2\/pages\/268\/revisions"}],"wp:attachment":[{"href":"https:\/\/thuiszorg-turkse-ouderen.nl\/tr\/wp-json\/wp\/v2\/media?parent=268"}],"curies":[{"name":"wp","href":"https:\/\/api.w.org\/{rel}","templated":true}]}}