{"id":46,"date":"2019-02-02T00:01:11","date_gmt":"2019-02-02T00:01:11","guid":{"rendered":"http:\/\/thuiszorg-turkse-ouderen.nl\/?page_id=46"},"modified":"2021-12-27T17:53:22","modified_gmt":"2021-12-27T17:53:22","slug":"aanbieders-thuiszorg-turkse-en-marokkaanse-ouderen","status":"publish","type":"page","link":"https:\/\/thuiszorg-turkse-ouderen.nl\/tr\/aanbieders-thuiszorg-turkse-en-marokkaanse-ouderen\/","title":{"rendered":"Zorg zoeken"},"content":{"rendered":"<p><strong>Welke aanbieders van thuiszorg voor Turkse en Marokkaanse ouderen zijn er?<\/strong><br \/>\nEr zijn een aantal aanbieders van thuiszorg die wat meer de nadruk leggen op de verzorging voor Turkse en Marokkaanse ouderen in Nederland. Er wordt hierbij rekening gehouden met de gewoontes en cultuurverschillen die er kunnen zijn.<\/p>\n<style>\r\n\t#wpsl-stores .wpsl-store-thumb {height:100px !important; width:100px !important;}\r\n\t#wpsl-stores, #wpsl-direction-details, #wpsl-gmap {height:650px !important;}\r\n\t#wpsl-gmap .wpsl-info-window {max-width:225px !important;}\r\n\t.wpsl-input label, #wpsl-radius label, #wpsl-category label {width:95px;}\r\n\t#wpsl-search-input  {width:179px;}\r\n<\/style>\r\n<div id=\"wpsl-wrap\">\r\n\t<div class=\"wpsl-search wpsl-clearfix wpsl-filter wpsl-checkboxes-enabled\">\r\n\t\t<div id=\"wpsl-search-wrap\">\r\n\t\t\t<form autocomplete=\"off\" action=\"\">\r\n\t\t\t<div class=\"wpsl-input\">\r\n\t\t\t\t<div><label for=\"wpsl-search-input\">Uw locatie<\/label><\/div>\r\n\t\t\t\t<input id=\"wpsl-search-input\" type=\"text\" value=\"\" name=\"wpsl-search-input\" placeholder=\"\" aria-required=\"true\" \/>\r\n\t\t\t<\/div>\r\n\t\t\t<div class=\"wpsl-select-wrap\">\r\n\t\t\t\t<div id=\"wpsl-radius\">\r\n\t\t\t\t\t<label for=\"wpsl-radius-dropdown\">Zoek radius<\/label>\r\n\t\t\t\t\t<select id=\"wpsl-radius-dropdown\" class=\"wpsl-dropdown\" name=\"wpsl-radius\">\r\n\t\t\t\t\t\t<option value=\"10\">10 km<\/option><option selected=\"selected\" value=\"25\">25 km<\/option><option value=\"50\">50 km<\/option><option value=\"100\">100 km<\/option><option value=\"200\">200 km<\/option><option value=\"500\">500 km<\/option>\r\n\t\t\t\t\t<\/select>\r\n\t\t\t\t<\/div>\r\n\t\t\t\t<div id=\"wpsl-results\">\r\n\t\t\t\t\t<label for=\"wpsl-results-dropdown\">Resultaten<\/label>\r\n\t\t\t\t\t<select id=\"wpsl-results-dropdown\" class=\"wpsl-dropdown\" name=\"wpsl-results\">\r\n\t\t\t\t\t\t<option selected=\"selected\" value=\"25\">25<\/option><option value=\"50\">50<\/option><option value=\"75\">75<\/option><option value=\"100\">100<\/option>\r\n\t\t\t\t\t<\/select>\r\n\t\t\t\t<\/div>\r\n\t\t\t<\/div>\r\n<ul id=\"wpsl-checkbox-filter\" class=\"wpsl-checkbox-3-columns\"><li><label><input type=\"checkbox\" value=\"78\"  \/>(Specialistische) Jeugdzorg<\/label><\/li><li><label><input type=\"checkbox\" value=\"117\"  \/>24uurs zorg - inwonend<\/label><\/li><li><label><input type=\"checkbox\" value=\"99\"  \/>Aanvullende diensten woonzorg<\/label><\/li><li><label><input type=\"checkbox\" value=\"80\"  \/>Ambulant jeugdbegeleiding<\/label><\/li><li><label><input type=\"checkbox\" value=\"79\"  \/>Ambulante ondersteuning volwassenen<\/label><\/li><li><label><input type=\"checkbox\" value=\"65\"  \/>Begeleiding<\/label><\/li><li><label><input type=\"checkbox\" value=\"74\"  \/>Begeleiding groep<\/label><\/li><li><label><input type=\"checkbox\" value=\"72\"  \/>Begeleiding individueel<\/label><\/li><li><label><input type=\"checkbox\" value=\"48\"  \/>Beschermd wonen<\/label><\/li><li><label><input type=\"checkbox\" value=\"52\"  \/>Dagbehandeling<\/label><\/li><li><label><input type=\"checkbox\" value=\"45\"  \/>G\u00fcnl\u00fck ya\u015fam aktiviteleri<\/label><\/li><li><label><input type=\"checkbox\" value=\"46\"  \/>Dementiezorg<\/label><\/li><li><label><input type=\"checkbox\" value=\"64\"  \/>Huishoudelijke hulp<\/label><\/li><li><label><input type=\"checkbox\" value=\"97\"  \/>Huishoudelijke ondersteuning<\/label><\/li><li><label><input type=\"checkbox\" value=\"81\"  \/>Hulpmiddelen<\/label><\/li><li><label><input type=\"checkbox\" value=\"77\"  \/>Kind en ouder therapie<\/label><\/li><li><label><input type=\"checkbox\" value=\"82\"  \/>Maatschappelijke ondersteuning<\/label><\/li><li><label><input type=\"checkbox\" value=\"66\"  \/>Ondersteuning<\/label><\/li><li><label><input type=\"checkbox\" value=\"51\"  \/>Overbruggingszorg<\/label><\/li><li><label><input type=\"checkbox\" value=\"75\"  \/>Palliatieve zorg<\/label><\/li><li><label><input type=\"checkbox\" value=\"116\"  \/>Particuliere zorg<\/label><\/li><li><label><input type=\"checkbox\" value=\"71\"  \/>Persoonlijke verzorging<\/label><\/li><li><label><input type=\"checkbox\" value=\"100\"  \/>Respijtzorg<\/label><\/li><li><label><input type=\"checkbox\" value=\"50\"  \/>Revalidatie zorg<\/label><\/li><li><label><input type=\"checkbox\" value=\"76\"  \/>Terminale zorg<\/label><\/li><li><label><input type=\"checkbox\" value=\"44\"  \/>Thuiszorg<\/label><\/li><li><label><input type=\"checkbox\" value=\"67\"  \/>Verpleging<\/label><\/li><li><label><input type=\"checkbox\" value=\"47\"  \/>Verzorgd wonen<\/label><\/li><li><label><input type=\"checkbox\" value=\"68\"  \/>Verzorging<\/label><\/li><li><label><input type=\"checkbox\" value=\"73\"  \/>Wijkverpleging<\/label><\/li><li><label><input type=\"checkbox\" value=\"98\"  \/>Woonzorg<\/label><\/li><\/ul>\t\t\t\t<div class=\"wpsl-search-btn-wrap\"><input id=\"wpsl-search-btn\" type=\"submit\" value=\"Zoeken\"><\/div>\r\n\t\t<input type=\"hidden\" name=\"trp-form-language\" value=\"tr\"\/><\/form>\r\n\t\t<\/div>\r\n\t<\/div>\r\n\t<div id=\"wpsl-gmap\" class=\"wpsl-gmap-canvas\"><\/div>\r\n\t<div id=\"wpsl-result-list\">\r\n\t\t<div id=\"wpsl-stores\" >\r\n\t\t\t<ul><\/ul>\r\n\t\t<\/div>\r\n\t\t<div id=\"wpsl-direction-details\">\r\n\t\t\t<ul><\/ul>\r\n\t\t<\/div>\r\n\t<\/div>\r\n<\/div>","protected":false},"excerpt":{"rendered":"<p>Welke aanbieders van thuiszorg voor Turkse en Marokkaanse ouderen zijn er? Er zijn een aantal aanbieders van thuiszorg die wat meer de nadruk leggen op de verzorging voor Turkse en Marokkaanse ouderen in Nederland. Er wordt hierbij rekening gehouden met de gewoontes en cultuurverschillen die er kunnen zijn.<\/p>","protected":false},"author":1,"featured_media":0,"parent":0,"menu_order":6,"comment_status":"closed","ping_status":"closed","template":"templates\/page-fullwidth_template.php","meta":{"inline_featured_image":false,"_monsterinsights_skip_tracking":false,"_monsterinsights_sitenote_active":false,"_monsterinsights_sitenote_note":"","_monsterinsights_sitenote_category":0,"footnotes":""},"class_list":["post-46","page","type-page","status-publish","hentry"],"yoast_head":"<!-- This site is optimized with the Yoast SEO plugin v27.0 - https:\/\/yoast.com\/product\/yoast-seo-wordpress\/ -->\n<title>Zorg zoeken - Thuiszorg Turkse en Marokkaanse Ouderen<\/title>\n<meta name=\"description\" content=\"Zoek naar aanbieders van thuiszorg met nadruk voor Turkse en Marokkaanse ouderen in Nederland rekening houdend met de gewoontes en cultuurverschillen.\" \/>\n<meta name=\"robots\" content=\"index, follow, max-snippet:-1, max-image-preview:large, max-video-preview:-1\" \/>\n<link rel=\"canonical\" href=\"https:\/\/thuiszorg-turkse-ouderen.nl\/tr\/aanbieders-thuiszorg-turkse-en-marokkaanse-ouderen\/\" \/>\n<meta property=\"og:locale\" content=\"tr_TR\" \/>\n<meta property=\"og:type\" content=\"article\" \/>\n<meta property=\"og:title\" content=\"Zorg zoeken - Thuiszorg Turkse en Marokkaanse Ouderen\" \/>\n<meta property=\"og:description\" content=\"Zoek naar aanbieders van thuiszorg met nadruk voor Turkse en Marokkaanse ouderen in Nederland rekening houdend met de gewoontes en cultuurverschillen.\" \/>\n<meta property=\"og:url\" content=\"https:\/\/thuiszorg-turkse-ouderen.nl\/tr\/aanbieders-thuiszorg-turkse-en-marokkaanse-ouderen\/\" \/>\n<meta property=\"og:site_name\" content=\"Thuiszorg Turkse en Marokkaanse Ouderen\" \/>\n<meta property=\"article:publisher\" content=\"https:\/\/www.facebook.com\/Thuiszorg-Turkse-en-Marokkaanse-Ouderen-2162964037060436\/\" \/>\n<meta property=\"article:modified_time\" content=\"2021-12-27T17:53:22+00:00\" \/>\n<meta name=\"twitter:card\" content=\"summary_large_image\" \/>\n<script type=\"application\/ld+json\" class=\"yoast-schema-graph\">{\"@context\":\"https:\/\/schema.org\",\"@graph\":[{\"@type\":\"WebPage\",\"@id\":\"https:\/\/thuiszorg-turkse-ouderen.nl\/aanbieders-thuiszorg-turkse-en-marokkaanse-ouderen\/\",\"url\":\"https:\/\/thuiszorg-turkse-ouderen.nl\/aanbieders-thuiszorg-turkse-en-marokkaanse-ouderen\/\",\"name\":\"Zorg zoeken - Thuiszorg Turkse en Marokkaanse Ouderen\",\"isPartOf\":{\"@id\":\"https:\/\/thuiszorg-turkse-ouderen.nl\/#website\"},\"datePublished\":\"2019-02-02T00:01:11+00:00\",\"dateModified\":\"2021-12-27T17:53:22+00:00\",\"description\":\"Zoek naar aanbieders van thuiszorg met nadruk voor Turkse en Marokkaanse ouderen in Nederland rekening houdend met de gewoontes en cultuurverschillen.\",\"breadcrumb\":{\"@id\":\"https:\/\/thuiszorg-turkse-ouderen.nl\/aanbieders-thuiszorg-turkse-en-marokkaanse-ouderen\/#breadcrumb\"},\"inLanguage\":\"tr\",\"potentialAction\":[{\"@type\":\"ReadAction\",\"target\":[\"https:\/\/thuiszorg-turkse-ouderen.nl\/aanbieders-thuiszorg-turkse-en-marokkaanse-ouderen\/\"]}]},{\"@type\":\"BreadcrumbList\",\"@id\":\"https:\/\/thuiszorg-turkse-ouderen.nl\/aanbieders-thuiszorg-turkse-en-marokkaanse-ouderen\/#breadcrumb\",\"itemListElement\":[{\"@type\":\"ListItem\",\"position\":1,\"name\":\"Home\",\"item\":\"https:\/\/thuiszorg-turkse-ouderen.nl\/\"},{\"@type\":\"ListItem\",\"position\":2,\"name\":\"Zorg zoeken\"}]},{\"@type\":\"WebSite\",\"@id\":\"https:\/\/thuiszorg-turkse-ouderen.nl\/#website\",\"url\":\"https:\/\/thuiszorg-turkse-ouderen.nl\/\",\"name\":\"Thuiszorg Turkse en Marokkaanse Ouderen\",\"description\":\"\",\"publisher\":{\"@id\":\"https:\/\/thuiszorg-turkse-ouderen.nl\/#organization\"},\"potentialAction\":[{\"@type\":\"SearchAction\",\"target\":{\"@type\":\"EntryPoint\",\"urlTemplate\":\"https:\/\/thuiszorg-turkse-ouderen.nl\/?s={search_term_string}\"},\"query-input\":{\"@type\":\"PropertyValueSpecification\",\"valueRequired\":true,\"valueName\":\"search_term_string\"}}],\"inLanguage\":\"tr\"},{\"@type\":\"Organization\",\"@id\":\"https:\/\/thuiszorg-turkse-ouderen.nl\/#organization\",\"name\":\"Thuiszorg dagbesteding Turkse Marokkaanse ouderen\",\"url\":\"https:\/\/thuiszorg-turkse-ouderen.nl\/\",\"logo\":{\"@type\":\"ImageObject\",\"inLanguage\":\"tr\",\"@id\":\"https:\/\/thuiszorg-turkse-ouderen.nl\/#\/schema\/logo\/image\/\",\"url\":\"https:\/\/thuiszorg-turkse-ouderen.nl\/wp-content\/uploads\/2019\/12\/Logo.png\",\"contentUrl\":\"https:\/\/thuiszorg-turkse-ouderen.nl\/wp-content\/uploads\/2019\/12\/Logo.png\",\"width\":704,\"height\":725,\"caption\":\"Thuiszorg dagbesteding Turkse Marokkaanse ouderen\"},\"image\":{\"@id\":\"https:\/\/thuiszorg-turkse-ouderen.nl\/#\/schema\/logo\/image\/\"},\"sameAs\":[\"https:\/\/www.facebook.com\/Thuiszorg-Turkse-en-Marokkaanse-Ouderen-2162964037060436\/\",\"https:\/\/www.instagram.com\/thuiszorgturkseouderen\/\"]}]}<\/script>\n<!-- \/ Yoast SEO plugin. -->","yoast_head_json":{"title":"Zorg zoeken - Thuiszorg Turkse en Marokkaanse Ouderen","description":"Zoek naar aanbieders van thuiszorg met nadruk voor Turkse en Marokkaanse ouderen in Nederland rekening houdend met de gewoontes en cultuurverschillen.","robots":{"index":"index","follow":"follow","max-snippet":"max-snippet:-1","max-image-preview":"max-image-preview:large","max-video-preview":"max-video-preview:-1"},"canonical":"https:\/\/thuiszorg-turkse-ouderen.nl\/tr\/aanbieders-thuiszorg-turkse-en-marokkaanse-ouderen\/","og_locale":"tr_TR","og_type":"article","og_title":"Zorg zoeken - Thuiszorg Turkse en Marokkaanse Ouderen","og_description":"Zoek naar aanbieders van thuiszorg met nadruk voor Turkse en Marokkaanse ouderen in Nederland rekening houdend met de gewoontes en cultuurverschillen.","og_url":"https:\/\/thuiszorg-turkse-ouderen.nl\/tr\/aanbieders-thuiszorg-turkse-en-marokkaanse-ouderen\/","og_site_name":"Thuiszorg Turkse en Marokkaanse Ouderen","article_publisher":"https:\/\/www.facebook.com\/Thuiszorg-Turkse-en-Marokkaanse-Ouderen-2162964037060436\/","article_modified_time":"2021-12-27T17:53:22+00:00","twitter_card":"summary_large_image","schema":{"@context":"https:\/\/schema.org","@graph":[{"@type":"WebPage","@id":"https:\/\/thuiszorg-turkse-ouderen.nl\/aanbieders-thuiszorg-turkse-en-marokkaanse-ouderen\/","url":"https:\/\/thuiszorg-turkse-ouderen.nl\/aanbieders-thuiszorg-turkse-en-marokkaanse-ouderen\/","name":"Zorg zoeken - Thuiszorg Turkse en Marokkaanse Ouderen","isPartOf":{"@id":"https:\/\/thuiszorg-turkse-ouderen.nl\/#website"},"datePublished":"2019-02-02T00:01:11+00:00","dateModified":"2021-12-27T17:53:22+00:00","description":"Zoek naar aanbieders van thuiszorg met nadruk voor Turkse en Marokkaanse ouderen in Nederland rekening houdend met de gewoontes en cultuurverschillen.","breadcrumb":{"@id":"https:\/\/thuiszorg-turkse-ouderen.nl\/aanbieders-thuiszorg-turkse-en-marokkaanse-ouderen\/#breadcrumb"},"inLanguage":"tr","potentialAction":[{"@type":"ReadAction","target":["https:\/\/thuiszorg-turkse-ouderen.nl\/aanbieders-thuiszorg-turkse-en-marokkaanse-ouderen\/"]}]},{"@type":"BreadcrumbList","@id":"https:\/\/thuiszorg-turkse-ouderen.nl\/aanbieders-thuiszorg-turkse-en-marokkaanse-ouderen\/#breadcrumb","itemListElement":[{"@type":"ListItem","position":1,"name":"Home","item":"https:\/\/thuiszorg-turkse-ouderen.nl\/"},{"@type":"ListItem","position":2,"name":"Zorg zoeken"}]},{"@type":"WebSite","@id":"https:\/\/thuiszorg-turkse-ouderen.nl\/#website","url":"https:\/\/thuiszorg-turkse-ouderen.nl\/","name":"Thuiszorg Turkse en Marokkaanse Ouderen","description":"","publisher":{"@id":"https:\/\/thuiszorg-turkse-ouderen.nl\/#organization"},"potentialAction":[{"@type":"SearchAction","target":{"@type":"EntryPoint","urlTemplate":"https:\/\/thuiszorg-turkse-ouderen.nl\/?s={search_term_string}"},"query-input":{"@type":"PropertyValueSpecification","valueRequired":true,"valueName":"search_term_string"}}],"inLanguage":"tr"},{"@type":"Organization","@id":"https:\/\/thuiszorg-turkse-ouderen.nl\/#organization","name":"Thuiszorg dagbesteding Turkse Marokkaanse ouderen","url":"https:\/\/thuiszorg-turkse-ouderen.nl\/","logo":{"@type":"ImageObject","inLanguage":"tr","@id":"https:\/\/thuiszorg-turkse-ouderen.nl\/#\/schema\/logo\/image\/","url":"https:\/\/thuiszorg-turkse-ouderen.nl\/wp-content\/uploads\/2019\/12\/Logo.png","contentUrl":"https:\/\/thuiszorg-turkse-ouderen.nl\/wp-content\/uploads\/2019\/12\/Logo.png","width":704,"height":725,"caption":"Thuiszorg dagbesteding Turkse Marokkaanse ouderen"},"image":{"@id":"https:\/\/thuiszorg-turkse-ouderen.nl\/#\/schema\/logo\/image\/"},"sameAs":["https:\/\/www.facebook.com\/Thuiszorg-Turkse-en-Marokkaanse-Ouderen-2162964037060436\/","https:\/\/www.instagram.com\/thuiszorgturkseouderen\/"]}]}},"_links":{"self":[{"href":"https:\/\/thuiszorg-turkse-ouderen.nl\/tr\/wp-json\/wp\/v2\/pages\/46","targetHints":{"allow":["GET"]}}],"collection":[{"href":"https:\/\/thuiszorg-turkse-ouderen.nl\/tr\/wp-json\/wp\/v2\/pages"}],"about":[{"href":"https:\/\/thuiszorg-turkse-ouderen.nl\/tr\/wp-json\/wp\/v2\/types\/page"}],"author":[{"embeddable":true,"href":"https:\/\/thuiszorg-turkse-ouderen.nl\/tr\/wp-json\/wp\/v2\/users\/1"}],"replies":[{"embeddable":true,"href":"https:\/\/thuiszorg-turkse-ouderen.nl\/tr\/wp-json\/wp\/v2\/comments?post=46"}],"version-history":[{"count":0,"href":"https:\/\/thuiszorg-turkse-ouderen.nl\/tr\/wp-json\/wp\/v2\/pages\/46\/revisions"}],"wp:attachment":[{"href":"https:\/\/thuiszorg-turkse-ouderen.nl\/tr\/wp-json\/wp\/v2\/media?parent=46"}],"curies":[{"name":"wp","href":"https:\/\/api.w.org\/{rel}","templated":true}]}}