{"id":50,"date":"2019-02-02T00:06:10","date_gmt":"2019-02-02T00:06:10","guid":{"rendered":"http:\/\/thuiszorg-turkse-ouderen.nl\/?page_id=50"},"modified":"2022-01-04T14:04:48","modified_gmt":"2022-01-04T14:04:48","slug":"organisaties-kunnen-zelf-iets-doen","status":"publish","type":"page","link":"https:\/\/thuiszorg-turkse-ouderen.nl\/tr\/organisaties-kunnen-zelf-iets-doen\/","title":{"rendered":"Kurulu\u015flarda bir\u015fey yapabilirler"},"content":{"rendered":"<div data-elementor-type=\"wp-page\" data-elementor-id=\"50\" class=\"elementor elementor-50\" data-elementor-post-type=\"page\">\n\t\t\t\t\t\t<section class=\"elementor-section elementor-top-section elementor-element elementor-element-71bdffa4 elementor-section-boxed elementor-section-height-default elementor-section-height-default\" data-id=\"71bdffa4\" data-element_type=\"section\" data-e-type=\"section\">\n\t\t\t\t\t\t<div class=\"elementor-container elementor-column-gap-default\">\n\t\t\t\t\t<div class=\"elementor-column elementor-col-100 elementor-top-column elementor-element elementor-element-2e37b91c\" data-id=\"2e37b91c\" data-element_type=\"column\" data-e-type=\"column\">\n\t\t\t<div class=\"elementor-widget-wrap elementor-element-populated\">\n\t\t\t\t\t\t<div class=\"elementor-element elementor-element-f81d28f elementor-widget elementor-widget-text-editor\" data-id=\"f81d28f\" data-element_type=\"widget\" data-e-type=\"widget\" data-widget_type=\"text-editor.default\">\n\t\t\t\t<div class=\"elementor-widget-container\">\n\t\t\t\t\t\t\t\t\t<p>Bir taraftan kurulu\u015flar da birsey yapabilirler. Organizasyonlar\u0131n\u0131 bir sekilde d\u00fczenleyip  yabanc\u0131 k\u00f6kenli ya\u015fl\u0131lara y\u00f6nelik en g\u00fczel hizmet ve bak\u0131m\u0131 verebilirler. Bu grup bak\u0131m ihtiya\u00e7l\u0131lara tam anlam\u0131yla odaklanmami\u015flar. Dil ve k\u00fclt\u00fcre daha fazla ilgi verilmesi lazim.Bazen yabanc\u0131 k\u00f6kenli ya\u015fl\u0131lar Hollandaca'y\u0131 iyi kavrayam\u0131yorlar. Bu \u015fekilde ileti\u015fim sorunu ya\u015far birbirlerini anlayamazlar. Bu da \u00e7ok fr\u00fcstrasyon ve hayal k\u0131r\u0131kl\u0131\u011f\u0131 yaratabilir. Daha fazla \u00f6neri i\u00e7in t\u0131kla. <a href=\"https:\/\/thuiszorg-turkse-ouderen.nl\/tr\/tips-voor-de-zorg-van-turkse-en-marokkaanse-ouderen\/\">hier<\/a> voor meer tips.<\/p>\t\t\t\t\t\t\t\t<\/div>\n\t\t\t\t<\/div>\n\t\t\t\t<div class=\"elementor-element elementor-element-05596bc elementor-widget elementor-widget-heading\" data-id=\"05596bc\" data-element_type=\"widget\" data-e-type=\"widget\" data-widget_type=\"heading.default\">\n\t\t\t\t<div class=\"elementor-widget-container\">\n\t\t\t\t\t<h2 class=\"elementor-heading-title elementor-size-default\">Kurumlar neden T\u00fcrk ve Fasl\u0131 ya\u015fl\u0131lar i\u00e7in evde bak\u0131ma daha fazla odaklanmal\u0131?<\/h2>\t\t\t\t<\/div>\n\t\t\t\t<\/div>\n\t\t\t\t<div class=\"elementor-element elementor-element-2f26196 elementor-widget elementor-widget-text-editor\" data-id=\"2f26196\" data-element_type=\"widget\" data-e-type=\"widget\" data-widget_type=\"text-editor.default\">\n\t\t\t\t<div class=\"elementor-widget-container\">\n\t\t\t\t\t\t\t\t\t<p>Baz\u0131 evde bak\u0131m kurulu\u015flar\u0131, g\u00f6\u00e7men evde bak\u0131m i\u00e7in yeterli se\u00e7enek ve se\u00e7enek bulunmad\u0131\u011f\u0131n\u0131 belirtti. \u00d6zellikle \u015fehirlerdeki kurulu\u015flar, dosyalar\u0131nda yard\u0131ma ihtiyac\u0131 olan az say\u0131da T\u00fcrk ve Fasl\u0131 ya\u015fl\u0131 bulundu\u011funu g\u00f6stermektedir. Rakamlar etnik az\u0131nl\u0131klardan \u00e7ok say\u0131da ya\u015fl\u0131 insan\u0131n \u015fehirde ve \u00e7evresinde ya\u015fad\u0131\u011f\u0131n\u0131 g\u00f6stermektedir. Ayr\u0131ca, bu T\u00fcrk ve Fasl\u0131 ya\u015fl\u0131 bir k\u0131sm\u0131n\u0131n yard\u0131ma ihtiyac\u0131 oldu\u011fu anla\u015f\u0131lmaktad\u0131r, \u00e7\u00fcnk\u00fc \u00e7o\u011fu zaman T\u00fcrk ve Fasl\u0131 ya\u015fl\u0131lar\u0131n aile taraf\u0131ndan bak\u0131ld\u0131\u011f\u0131 g\u00f6r\u00fclmektedir. Aile genellikle ya\u015fl\u0131larla ilgilenir, ancak kendi ailesiyle de yo\u011fun bir ya\u015fam\u0131 vard\u0131r.<\/p>\t\t\t\t\t\t\t\t<\/div>\n\t\t\t\t<\/div>\n\t\t\t\t\t<\/div>\n\t\t<\/div>\n\t\t\t\t\t<\/div>\n\t\t<\/section>\n\t\t\t\t<section class=\"elementor-section elementor-top-section elementor-element elementor-element-29eecb6 elementor-section-height-min-height elementor-section-stretched elementor-section-boxed elementor-section-height-default elementor-section-items-middle\" data-id=\"29eecb6\" data-element_type=\"section\" data-e-type=\"section\" data-settings=\"{&quot;stretch_section&quot;:&quot;section-stretched&quot;,&quot;background_background&quot;:&quot;classic&quot;}\">\n\t\t\t\t\t\t<div class=\"elementor-container elementor-column-gap-default\">\n\t\t\t\t\t<div class=\"elementor-column elementor-col-50 elementor-top-column elementor-element elementor-element-0131837\" data-id=\"0131837\" data-element_type=\"column\" data-e-type=\"column\">\n\t\t\t<div class=\"elementor-widget-wrap elementor-element-populated\">\n\t\t\t\t\t\t<div class=\"elementor-element elementor-element-dfb6bde elementor-widget elementor-widget-heading\" data-id=\"dfb6bde\" data-element_type=\"widget\" data-e-type=\"widget\" data-widget_type=\"heading.default\">\n\t\t\t\t<div class=\"elementor-widget-container\">\n\t\t\t\t\t<h2 class=\"elementor-heading-title elementor-size-default\">Welke zorgaanbieder kan mij helpen met zorg voor Turkse ouderen en Marokkaanse ouderen?<\/h2>\t\t\t\t<\/div>\n\t\t\t\t<\/div>\n\t\t\t\t\t<\/div>\n\t\t<\/div>\n\t\t\t\t<div class=\"elementor-column elementor-col-50 elementor-top-column elementor-element elementor-element-0fd02da\" data-id=\"0fd02da\" data-element_type=\"column\" data-e-type=\"column\">\n\t\t\t<div class=\"elementor-widget-wrap elementor-element-populated\">\n\t\t\t\t\t\t<div class=\"elementor-element elementor-element-432aff2 elementor-align-center elementor-widget elementor-widget-button\" data-id=\"432aff2\" data-element_type=\"widget\" data-e-type=\"widget\" data-widget_type=\"button.default\">\n\t\t\t\t<div class=\"elementor-widget-container\">\n\t\t\t\t\t\t\t\t\t<div class=\"elementor-button-wrapper\">\n\t\t\t\t\t<a class=\"elementor-button elementor-button-link elementor-size-md\" href=\"https:\/\/thuiszorg-turkse-ouderen.nl\/tr\/aanbieders-thuiszorg-turkse-en-marokkaanse-ouderen\/\">\n\t\t\t\t\t\t<span class=\"elementor-button-content-wrapper\">\n\t\t\t\t\t\t<span class=\"elementor-button-icon\">\n\t\t\t\t<i aria-hidden=\"true\" class=\"fas fa-search\"><\/i>\t\t\t<\/span>\n\t\t\t\t\t\t\t\t\t<span class=\"elementor-button-text\">Klik hier voor een overzichten van zorginstellingen<\/span>\n\t\t\t\t\t<\/span>\n\t\t\t\t\t<\/a>\n\t\t\t\t<\/div>\n\t\t\t\t\t\t\t\t<\/div>\n\t\t\t\t<\/div>\n\t\t\t\t\t<\/div>\n\t\t<\/div>\n\t\t\t\t\t<\/div>\n\t\t<\/section>\n\t\t\t\t<\/div>","protected":false},"excerpt":{"rendered":"<p>Aan de ene kant kunnen de organisaties hier natuurlijk zelf iets aan doen. Ze kunnen zelf hun organisatie zo inrichten dat de mogelijkheid er is om allochtone ouderen goed op te vangen en de juiste zorg te bieden. Er is niet altijd een focus op deze groep hulpbehoevenden. Waar dan voornamelijk naar gekeken moet worden<br \/><a class=\"moretag\" href=\"https:\/\/thuiszorg-turkse-ouderen.nl\/tr\/organisaties-kunnen-zelf-iets-doen\/\">+ Read More<\/a><\/p>","protected":false},"author":1,"featured_media":1205,"parent":0,"menu_order":8,"comment_status":"closed","ping_status":"closed","template":"templates\/page-fullwidth_template.php","meta":{"inline_featured_image":false,"_monsterinsights_skip_tracking":false,"_monsterinsights_sitenote_active":false,"_monsterinsights_sitenote_note":"","_monsterinsights_sitenote_category":0,"footnotes":""},"class_list":["post-50","page","type-page","status-publish","has-post-thumbnail","hentry"],"yoast_head":"<!-- This site is optimized with the Yoast SEO plugin v27.0 - https:\/\/yoast.com\/product\/yoast-seo-wordpress\/ -->\n<title>Organisaties kunnen zelf iets doen<\/title>\n<meta name=\"description\" content=\"Wat kunnen organisaties zelf doen voor allochtone ouderen. Turkse en Marokkaanse ouderen goed opvangen en de juiste zorg aanbieden.\" \/>\n<meta name=\"robots\" content=\"index, follow, max-snippet:-1, max-image-preview:large, max-video-preview:-1\" \/>\n<link rel=\"canonical\" href=\"https:\/\/thuiszorg-turkse-ouderen.nl\/tr\/organisaties-kunnen-zelf-iets-doen\/\" \/>\n<meta property=\"og:locale\" content=\"tr_TR\" \/>\n<meta property=\"og:type\" content=\"article\" \/>\n<meta property=\"og:title\" content=\"Organisaties kunnen zelf iets doen\" \/>\n<meta property=\"og:description\" content=\"Wat kunnen organisaties zelf doen voor allochtone ouderen. Turkse en Marokkaanse ouderen goed opvangen en de juiste zorg aanbieden.\" \/>\n<meta property=\"og:url\" content=\"https:\/\/thuiszorg-turkse-ouderen.nl\/tr\/organisaties-kunnen-zelf-iets-doen\/\" \/>\n<meta property=\"og:site_name\" content=\"Thuiszorg Turkse en Marokkaanse Ouderen\" \/>\n<meta property=\"article:publisher\" content=\"https:\/\/www.facebook.com\/Thuiszorg-Turkse-en-Marokkaanse-Ouderen-2162964037060436\/\" \/>\n<meta property=\"article:modified_time\" content=\"2022-01-04T14:04:48+00:00\" \/>\n<meta property=\"og:image\" content=\"https:\/\/thuiszorg-turkse-ouderen.nl\/wp-content\/uploads\/2021\/12\/thuiszorg-turkse-ouderen-bg.jpg\" \/>\n\t<meta property=\"og:image:width\" content=\"1400\" \/>\n\t<meta property=\"og:image:height\" content=\"400\" \/>\n\t<meta property=\"og:image:type\" content=\"image\/jpeg\" \/>\n<meta name=\"twitter:card\" content=\"summary_large_image\" \/>\n<meta name=\"twitter:label1\" content=\"Tahmini okuma s\u00fcresi\" \/>\n\t<meta name=\"twitter:data1\" content=\"2 dakika\" \/>\n<script type=\"application\/ld+json\" class=\"yoast-schema-graph\">{\"@context\":\"https:\/\/schema.org\",\"@graph\":[{\"@type\":\"WebPage\",\"@id\":\"https:\/\/thuiszorg-turkse-ouderen.nl\/organisaties-kunnen-zelf-iets-doen\/\",\"url\":\"https:\/\/thuiszorg-turkse-ouderen.nl\/organisaties-kunnen-zelf-iets-doen\/\",\"name\":\"Organisaties kunnen zelf iets doen\",\"isPartOf\":{\"@id\":\"https:\/\/thuiszorg-turkse-ouderen.nl\/#website\"},\"primaryImageOfPage\":{\"@id\":\"https:\/\/thuiszorg-turkse-ouderen.nl\/organisaties-kunnen-zelf-iets-doen\/#primaryimage\"},\"image\":{\"@id\":\"https:\/\/thuiszorg-turkse-ouderen.nl\/organisaties-kunnen-zelf-iets-doen\/#primaryimage\"},\"thumbnailUrl\":\"https:\/\/thuiszorg-turkse-ouderen.nl\/wp-content\/uploads\/2021\/12\/thuiszorg-turkse-ouderen-bg.jpg\",\"datePublished\":\"2019-02-02T00:06:10+00:00\",\"dateModified\":\"2022-01-04T14:04:48+00:00\",\"description\":\"Wat kunnen organisaties zelf doen voor allochtone ouderen. Turkse en Marokkaanse ouderen goed opvangen en de juiste zorg aanbieden.\",\"breadcrumb\":{\"@id\":\"https:\/\/thuiszorg-turkse-ouderen.nl\/organisaties-kunnen-zelf-iets-doen\/#breadcrumb\"},\"inLanguage\":\"tr\",\"potentialAction\":[{\"@type\":\"ReadAction\",\"target\":[\"https:\/\/thuiszorg-turkse-ouderen.nl\/organisaties-kunnen-zelf-iets-doen\/\"]}]},{\"@type\":\"ImageObject\",\"inLanguage\":\"tr\",\"@id\":\"https:\/\/thuiszorg-turkse-ouderen.nl\/organisaties-kunnen-zelf-iets-doen\/#primaryimage\",\"url\":\"https:\/\/thuiszorg-turkse-ouderen.nl\/wp-content\/uploads\/2021\/12\/thuiszorg-turkse-ouderen-bg.jpg\",\"contentUrl\":\"https:\/\/thuiszorg-turkse-ouderen.nl\/wp-content\/uploads\/2021\/12\/thuiszorg-turkse-ouderen-bg.jpg\",\"width\":1400,\"height\":400,\"caption\":\"thuiszorg-turkse-ouderen-bg\"},{\"@type\":\"BreadcrumbList\",\"@id\":\"https:\/\/thuiszorg-turkse-ouderen.nl\/organisaties-kunnen-zelf-iets-doen\/#breadcrumb\",\"itemListElement\":[{\"@type\":\"ListItem\",\"position\":1,\"name\":\"Home\",\"item\":\"https:\/\/thuiszorg-turkse-ouderen.nl\/\"},{\"@type\":\"ListItem\",\"position\":2,\"name\":\"Organisaties kunnen zelf iets doen\"}]},{\"@type\":\"WebSite\",\"@id\":\"https:\/\/thuiszorg-turkse-ouderen.nl\/#website\",\"url\":\"https:\/\/thuiszorg-turkse-ouderen.nl\/\",\"name\":\"Thuiszorg Turkse en Marokkaanse Ouderen\",\"description\":\"\",\"publisher\":{\"@id\":\"https:\/\/thuiszorg-turkse-ouderen.nl\/#organization\"},\"potentialAction\":[{\"@type\":\"SearchAction\",\"target\":{\"@type\":\"EntryPoint\",\"urlTemplate\":\"https:\/\/thuiszorg-turkse-ouderen.nl\/?s={search_term_string}\"},\"query-input\":{\"@type\":\"PropertyValueSpecification\",\"valueRequired\":true,\"valueName\":\"search_term_string\"}}],\"inLanguage\":\"tr\"},{\"@type\":\"Organization\",\"@id\":\"https:\/\/thuiszorg-turkse-ouderen.nl\/#organization\",\"name\":\"Thuiszorg dagbesteding Turkse Marokkaanse ouderen\",\"url\":\"https:\/\/thuiszorg-turkse-ouderen.nl\/\",\"logo\":{\"@type\":\"ImageObject\",\"inLanguage\":\"tr\",\"@id\":\"https:\/\/thuiszorg-turkse-ouderen.nl\/#\/schema\/logo\/image\/\",\"url\":\"https:\/\/thuiszorg-turkse-ouderen.nl\/wp-content\/uploads\/2019\/12\/Logo.png\",\"contentUrl\":\"https:\/\/thuiszorg-turkse-ouderen.nl\/wp-content\/uploads\/2019\/12\/Logo.png\",\"width\":704,\"height\":725,\"caption\":\"Thuiszorg dagbesteding Turkse Marokkaanse ouderen\"},\"image\":{\"@id\":\"https:\/\/thuiszorg-turkse-ouderen.nl\/#\/schema\/logo\/image\/\"},\"sameAs\":[\"https:\/\/www.facebook.com\/Thuiszorg-Turkse-en-Marokkaanse-Ouderen-2162964037060436\/\",\"https:\/\/www.instagram.com\/thuiszorgturkseouderen\/\"]}]}<\/script>\n<!-- \/ Yoast SEO plugin. -->","yoast_head_json":{"title":"Kurulu\u015flarda bir\u015fey yapabilirler","description":"Wat kunnen organisaties zelf doen voor allochtone ouderen. Turkse en Marokkaanse ouderen goed opvangen en de juiste zorg aanbieden.","robots":{"index":"index","follow":"follow","max-snippet":"max-snippet:-1","max-image-preview":"max-image-preview:large","max-video-preview":"max-video-preview:-1"},"canonical":"https:\/\/thuiszorg-turkse-ouderen.nl\/tr\/organisaties-kunnen-zelf-iets-doen\/","og_locale":"tr_TR","og_type":"article","og_title":"Organisaties kunnen zelf iets doen","og_description":"Wat kunnen organisaties zelf doen voor allochtone ouderen. Turkse en Marokkaanse ouderen goed opvangen en de juiste zorg aanbieden.","og_url":"https:\/\/thuiszorg-turkse-ouderen.nl\/tr\/organisaties-kunnen-zelf-iets-doen\/","og_site_name":"Thuiszorg Turkse en Marokkaanse Ouderen","article_publisher":"https:\/\/www.facebook.com\/Thuiszorg-Turkse-en-Marokkaanse-Ouderen-2162964037060436\/","article_modified_time":"2022-01-04T14:04:48+00:00","og_image":[{"width":1400,"height":400,"url":"https:\/\/thuiszorg-turkse-ouderen.nl\/wp-content\/uploads\/2021\/12\/thuiszorg-turkse-ouderen-bg.jpg","type":"image\/jpeg"}],"twitter_card":"summary_large_image","twitter_misc":{"Tahmini okuma s\u00fcresi":"2 dakika"},"schema":{"@context":"https:\/\/schema.org","@graph":[{"@type":"WebPage","@id":"https:\/\/thuiszorg-turkse-ouderen.nl\/organisaties-kunnen-zelf-iets-doen\/","url":"https:\/\/thuiszorg-turkse-ouderen.nl\/organisaties-kunnen-zelf-iets-doen\/","name":"Kurulu\u015flarda bir\u015fey yapabilirler","isPartOf":{"@id":"https:\/\/thuiszorg-turkse-ouderen.nl\/#website"},"primaryImageOfPage":{"@id":"https:\/\/thuiszorg-turkse-ouderen.nl\/organisaties-kunnen-zelf-iets-doen\/#primaryimage"},"image":{"@id":"https:\/\/thuiszorg-turkse-ouderen.nl\/organisaties-kunnen-zelf-iets-doen\/#primaryimage"},"thumbnailUrl":"https:\/\/thuiszorg-turkse-ouderen.nl\/wp-content\/uploads\/2021\/12\/thuiszorg-turkse-ouderen-bg.jpg","datePublished":"2019-02-02T00:06:10+00:00","dateModified":"2022-01-04T14:04:48+00:00","description":"Wat kunnen organisaties zelf doen voor allochtone ouderen. Turkse en Marokkaanse ouderen goed opvangen en de juiste zorg aanbieden.","breadcrumb":{"@id":"https:\/\/thuiszorg-turkse-ouderen.nl\/organisaties-kunnen-zelf-iets-doen\/#breadcrumb"},"inLanguage":"tr","potentialAction":[{"@type":"ReadAction","target":["https:\/\/thuiszorg-turkse-ouderen.nl\/organisaties-kunnen-zelf-iets-doen\/"]}]},{"@type":"ImageObject","inLanguage":"tr","@id":"https:\/\/thuiszorg-turkse-ouderen.nl\/organisaties-kunnen-zelf-iets-doen\/#primaryimage","url":"https:\/\/thuiszorg-turkse-ouderen.nl\/wp-content\/uploads\/2021\/12\/thuiszorg-turkse-ouderen-bg.jpg","contentUrl":"https:\/\/thuiszorg-turkse-ouderen.nl\/wp-content\/uploads\/2021\/12\/thuiszorg-turkse-ouderen-bg.jpg","width":1400,"height":400,"caption":"thuiszorg-turkse-ouderen-bg"},{"@type":"BreadcrumbList","@id":"https:\/\/thuiszorg-turkse-ouderen.nl\/organisaties-kunnen-zelf-iets-doen\/#breadcrumb","itemListElement":[{"@type":"ListItem","position":1,"name":"Home","item":"https:\/\/thuiszorg-turkse-ouderen.nl\/"},{"@type":"ListItem","position":2,"name":"Organisaties kunnen zelf iets doen"}]},{"@type":"WebSite","@id":"https:\/\/thuiszorg-turkse-ouderen.nl\/#website","url":"https:\/\/thuiszorg-turkse-ouderen.nl\/","name":"Thuiszorg Turkse en Marokkaanse Ouderen","description":"","publisher":{"@id":"https:\/\/thuiszorg-turkse-ouderen.nl\/#organization"},"potentialAction":[{"@type":"SearchAction","target":{"@type":"EntryPoint","urlTemplate":"https:\/\/thuiszorg-turkse-ouderen.nl\/?s={search_term_string}"},"query-input":{"@type":"PropertyValueSpecification","valueRequired":true,"valueName":"search_term_string"}}],"inLanguage":"tr"},{"@type":"Organization","@id":"https:\/\/thuiszorg-turkse-ouderen.nl\/#organization","name":"Thuiszorg dagbesteding Turkse Marokkaanse ouderen","url":"https:\/\/thuiszorg-turkse-ouderen.nl\/","logo":{"@type":"ImageObject","inLanguage":"tr","@id":"https:\/\/thuiszorg-turkse-ouderen.nl\/#\/schema\/logo\/image\/","url":"https:\/\/thuiszorg-turkse-ouderen.nl\/wp-content\/uploads\/2019\/12\/Logo.png","contentUrl":"https:\/\/thuiszorg-turkse-ouderen.nl\/wp-content\/uploads\/2019\/12\/Logo.png","width":704,"height":725,"caption":"Thuiszorg dagbesteding Turkse Marokkaanse ouderen"},"image":{"@id":"https:\/\/thuiszorg-turkse-ouderen.nl\/#\/schema\/logo\/image\/"},"sameAs":["https:\/\/www.facebook.com\/Thuiszorg-Turkse-en-Marokkaanse-Ouderen-2162964037060436\/","https:\/\/www.instagram.com\/thuiszorgturkseouderen\/"]}]}},"_links":{"self":[{"href":"https:\/\/thuiszorg-turkse-ouderen.nl\/tr\/wp-json\/wp\/v2\/pages\/50","targetHints":{"allow":["GET"]}}],"collection":[{"href":"https:\/\/thuiszorg-turkse-ouderen.nl\/tr\/wp-json\/wp\/v2\/pages"}],"about":[{"href":"https:\/\/thuiszorg-turkse-ouderen.nl\/tr\/wp-json\/wp\/v2\/types\/page"}],"author":[{"embeddable":true,"href":"https:\/\/thuiszorg-turkse-ouderen.nl\/tr\/wp-json\/wp\/v2\/users\/1"}],"replies":[{"embeddable":true,"href":"https:\/\/thuiszorg-turkse-ouderen.nl\/tr\/wp-json\/wp\/v2\/comments?post=50"}],"version-history":[{"count":0,"href":"https:\/\/thuiszorg-turkse-ouderen.nl\/tr\/wp-json\/wp\/v2\/pages\/50\/revisions"}],"wp:featuredmedia":[{"embeddable":true,"href":"https:\/\/thuiszorg-turkse-ouderen.nl\/tr\/wp-json\/wp\/v2\/media\/1205"}],"wp:attachment":[{"href":"https:\/\/thuiszorg-turkse-ouderen.nl\/tr\/wp-json\/wp\/v2\/media?parent=50"}],"curies":[{"name":"wp","href":"https:\/\/api.w.org\/{rel}","templated":true}]}}