{"id":60,"date":"2019-02-02T00:19:41","date_gmt":"2019-02-02T00:19:41","guid":{"rendered":"http:\/\/thuiszorg-turkse-ouderen.nl\/?page_id=60"},"modified":"2024-05-29T09:44:36","modified_gmt":"2024-05-29T09:44:36","slug":"familie-en-vrienden-van-turkse-en-marokkaanse-client","status":"publish","type":"page","link":"https:\/\/thuiszorg-turkse-ouderen.nl\/tr\/familie-en-vrienden-van-turkse-en-marokkaanse-client\/","title":{"rendered":"Yabanc\u0131 k\u00f6kenli m\u00fc\u015fterilerin aile ve arkada\u015flar\u0131"},"content":{"rendered":"<div data-elementor-type=\"wp-page\" data-elementor-id=\"60\" class=\"elementor elementor-60\" data-elementor-post-type=\"page\">\n\t\t\t\t\t\t<section class=\"elementor-section elementor-top-section elementor-element elementor-element-389c387 elementor-section-boxed elementor-section-height-default elementor-section-height-default\" data-id=\"389c387\" data-element_type=\"section\" data-e-type=\"section\">\n\t\t\t\t\t\t<div class=\"elementor-container elementor-column-gap-default\">\n\t\t\t\t\t<div class=\"elementor-column elementor-col-100 elementor-top-column elementor-element elementor-element-2e7deb5b\" data-id=\"2e7deb5b\" data-element_type=\"column\" data-e-type=\"column\">\n\t\t\t<div class=\"elementor-widget-wrap elementor-element-populated\">\n\t\t\t\t\t\t<div class=\"elementor-element elementor-element-1c4caf9 elementor-widget elementor-widget-text-editor\" data-id=\"1c4caf9\" data-element_type=\"widget\" data-e-type=\"widget\" data-widget_type=\"text-editor.default\">\n\t\t\t\t<div class=\"elementor-widget-container\">\n\t\t\t\t\t\t\t\t\t<p>\u00d6rne\u011fin, Fas veya T\u00fcrk k\u00f6kenli m\u00fc\u015fterileriniz varsa, \u00f6nceden var olabilecek k\u00fclt\u00fcrel farkl\u0131l\u0131klar hakk\u0131nda daha fazla bilgi edinmesi faydal\u0131 olacakt\u0131r. Baz\u0131 \u015feyleri belirli bir \u015fekilde yapmaya al\u0131\u015f\u0131k olabilip, bunu tek se\u00e7enek olarak g\u00f6rebilirsiniz. Ancak, baz\u0131 k\u00fc\u00e7\u00fck de\u011fi\u015fikliklerle yabanc\u0131 k\u00f6kenli m\u00fc\u015fteriyi ho\u015fnut edebilip i\u015finizi daha iyi yapabilirsiniz.<\/p>\t\t\t\t\t\t\t\t<\/div>\n\t\t\t\t<\/div>\n\t\t\t\t<div class=\"elementor-element elementor-element-be8951c elementor-widget elementor-widget-heading\" data-id=\"be8951c\" data-element_type=\"widget\" data-e-type=\"widget\" data-widget_type=\"heading.default\">\n\t\t\t\t<div class=\"elementor-widget-container\">\n\t\t\t\t\t<h2 class=\"elementor-heading-title elementor-size-default\">Aileyi sor<\/h2>\t\t\t\t<\/div>\n\t\t\t\t<\/div>\n\t\t\t\t<div class=\"elementor-element elementor-element-c6c2ea8 elementor-widget elementor-widget-text-editor\" data-id=\"c6c2ea8\" data-element_type=\"widget\" data-e-type=\"widget\" data-widget_type=\"text-editor.default\">\n\t\t\t\t<div class=\"elementor-widget-container\">\n\t\t\t\t\t\t\t\t\t<p>G\u00f6\u00e7men ailelerde aile ve arkada\u015flar \u00e7ok \u00f6nemlidir. Aile ba\u011flar\u0131 genellikle \u00e7ok g\u00fc\u00e7l\u00fcd\u00fcr ve birbirlerine bakarlar. Arkada\u015flar da bazen aile ferdi gibiler. Yabanc\u0131 k\u00f6kenli m\u00fc\u015fterilerin buna b\u00fcy\u00fck \u00f6nem verdi\u011fini bilmenizde fayda var. M\u00fc\u015fteri isterse, aileyi bak\u0131ma dahil etmeye \u00e7al\u0131\u015f\u0131n.Ayr\u0131ca, bir aile ferdini arayip m\u00fcracaat g\u00f6r\u00fc\u015fmelerinde terc\u00fcme ama\u00e7l\u0131 bulunabilmesini sorabilirsiniz. Bu \u015fekilde yanl\u0131\u015f ileti\u015fimi \u00f6nleyebilirsiniz. Her zaman iyi olan \u015fey aileyi sormakt\u0131r. \u00c7ocuklara ve torunlara ilgi g\u00f6sterirseniz, b\u00fcy\u00fck be\u011feni toplars\u0131n.<\/p>\t\t\t\t\t\t\t\t<\/div>\n\t\t\t\t<\/div>\n\t\t\t\t<div class=\"elementor-element elementor-element-86021e7 elementor-widget elementor-widget-heading\" data-id=\"86021e7\" data-element_type=\"widget\" data-e-type=\"widget\" data-widget_type=\"heading.default\">\n\t\t\t\t<div class=\"elementor-widget-container\">\n\t\t\t\t\t<h2 class=\"elementor-heading-title elementor-size-default\">\"Ev kurallar\u0131n\u0131\" kabul et<\/h2>\t\t\t\t<\/div>\n\t\t\t\t<\/div>\n\t\t\t\t<div class=\"elementor-element elementor-element-b76be8b elementor-widget elementor-widget-text-editor\" data-id=\"b76be8b\" data-element_type=\"widget\" data-e-type=\"widget\" data-widget_type=\"text-editor.default\">\n\t\t\t\t<div class=\"elementor-widget-container\">\n\t\t\t\t\t\t\t\t\t<p>Ev kurallar\u0131 s\u00f6zc\u00fc\u011f\u00fc kula\u011fa kaba gelebilir, ancak birka\u00e7 ev geleneklerinin sizi bir sa\u011fl\u0131k g\u00f6revlisi olarak da etkileyebilecegini unutmay\u0131n.\u00d6rne\u011fin i\u00e7eri girer girmez ayakkab\u0131lar\u0131 \u00e7\u0131karmak bir adettir. Daha da iyisi, evde terlik giymeniz! Yerde hal\u0131 olmad\u0131\u011f\u0131 zaman bu gelenek biraz b\u0131rak\u0131l\u0131r.  Zemini temizlemek ve temiz tutmak b\u00f6yle daha kolayd\u0131r \u00e7\u00fcnk\u00fc. E\u011fer buzlar\u0131 eritmek ve biraz daha fazla \u00e7aba sarf etmek istiyorsan\u0131z, anadillerinde birka\u00e7 kelime konu\u015fman\u0131z b\u00fcy\u00fck memnuniyet b\u0131rakacakt\u0131r. Fas\u00e7a\/Arap\u00e7a veya T\u00fcrk\u00e7e birka\u00e7 c\u00fcmle buzlar\u0131 eritmeye yetecektir.<\/p>\t\t\t\t\t\t\t\t<\/div>\n\t\t\t\t<\/div>\n\t\t\t\t<div class=\"elementor-element elementor-element-1b0b2a2 elementor-widget elementor-widget-heading\" data-id=\"1b0b2a2\" data-element_type=\"widget\" data-e-type=\"widget\" data-widget_type=\"heading.default\">\n\t\t\t\t<div class=\"elementor-widget-container\">\n\t\t\t\t\t<h2 class=\"elementor-heading-title elementor-size-default\">Ailenin bak\u0131c\u0131ya etkisi<\/h2>\t\t\t\t<\/div>\n\t\t\t\t<\/div>\n\t\t\t\t<div class=\"elementor-element elementor-element-4ec5821 elementor-widget elementor-widget-text-editor\" data-id=\"4ec5821\" data-element_type=\"widget\" data-e-type=\"widget\" data-widget_type=\"text-editor.default\">\n\t\t\t\t<div class=\"elementor-widget-container\">\n\t\t\t\t\t\t\t\t\t<p>Hollanda'da makul bir bireyci k\u00fclt\u00fcrde ya\u015f\u0131yoruz. \u00d6te yandan, T\u00fcrk ve Fas k\u00fclt\u00fcrleri, bizler de bir topluma odaklanm\u0131\u015f durumda. Bu nedenle, eve bak\u0131c\u0131 olarak geldi\u011finizde t\u00fcm aileyi bulmak bir istisna de\u011fildir. Bu ezici bir his verebilir ve yine de bunu titizlikle ele alman\u0131z \u00f6nerilir. G\u00fcvenmenin en iyi yolu, duruma tam olarak sayg\u0131 g\u00f6stermek ve \u00f6zellikle de durumu buldu\u011funuzda faydalanmakt\u0131r. Ailede kimin konu\u015faca\u011f\u0131 s\u0131k s\u0131k belli oluyor. Bu ki\u015fiyle g\u00f6r\u00fc\u015fme yaparak ve bak\u0131m sa\u011flama konusundaki isteklerinizi belirterek ve a\u00e7\u0131klayarak, ailenin geri kalan\u0131 otomatik olarak bilgilendirilecektir. Aile dinamikleri i\u00e7in sayg\u0131 g\u00f6sterirsiniz ve daha iyi sonu\u00e7lar elde edersiniz.<\/p>\t\t\t\t\t\t\t\t<\/div>\n\t\t\t\t<\/div>\n\t\t\t\t\t<\/div>\n\t\t<\/div>\n\t\t\t\t\t<\/div>\n\t\t<\/section>\n\t\t\t\t<section class=\"elementor-section elementor-top-section elementor-element elementor-element-d59ffcc elementor-section-height-min-height elementor-section-stretched elementor-section-boxed elementor-section-height-default elementor-section-items-middle\" data-id=\"d59ffcc\" data-element_type=\"section\" data-e-type=\"section\" data-settings=\"{&quot;stretch_section&quot;:&quot;section-stretched&quot;,&quot;background_background&quot;:&quot;classic&quot;}\">\n\t\t\t\t\t\t<div class=\"elementor-container elementor-column-gap-default\">\n\t\t\t\t\t<div class=\"elementor-column elementor-col-50 elementor-top-column elementor-element elementor-element-b2c3022\" data-id=\"b2c3022\" data-element_type=\"column\" data-e-type=\"column\">\n\t\t\t<div class=\"elementor-widget-wrap elementor-element-populated\">\n\t\t\t\t\t\t<div class=\"elementor-element elementor-element-3c5c90b elementor-widget elementor-widget-heading\" data-id=\"3c5c90b\" data-element_type=\"widget\" data-e-type=\"widget\" data-widget_type=\"heading.default\">\n\t\t\t\t<div class=\"elementor-widget-container\">\n\t\t\t\t\t<h2 class=\"elementor-heading-title elementor-size-default\">Welke zorgaanbieder kan mij helpen met zorg voor Turkse ouderen en Marokkaanse ouderen?<\/h2>\t\t\t\t<\/div>\n\t\t\t\t<\/div>\n\t\t\t\t\t<\/div>\n\t\t<\/div>\n\t\t\t\t<div class=\"elementor-column elementor-col-50 elementor-top-column elementor-element elementor-element-fe62f8e\" data-id=\"fe62f8e\" data-element_type=\"column\" data-e-type=\"column\">\n\t\t\t<div class=\"elementor-widget-wrap elementor-element-populated\">\n\t\t\t\t\t\t<div class=\"elementor-element elementor-element-6da8bb5 elementor-align-center elementor-widget elementor-widget-button\" data-id=\"6da8bb5\" data-element_type=\"widget\" data-e-type=\"widget\" data-widget_type=\"button.default\">\n\t\t\t\t<div class=\"elementor-widget-container\">\n\t\t\t\t\t\t\t\t\t<div class=\"elementor-button-wrapper\">\n\t\t\t\t\t<a class=\"elementor-button elementor-button-link elementor-size-md\" href=\"https:\/\/thuiszorg-turkse-ouderen.nl\/tr\/aanbieders-thuiszorg-turkse-en-marokkaanse-ouderen\/\">\n\t\t\t\t\t\t<span class=\"elementor-button-content-wrapper\">\n\t\t\t\t\t\t<span class=\"elementor-button-icon\">\n\t\t\t\t<i aria-hidden=\"true\" class=\"fas fa-search\"><\/i>\t\t\t<\/span>\n\t\t\t\t\t\t\t\t\t<span class=\"elementor-button-text\">Klik hier voor een overzichten van zorginstellingen<\/span>\n\t\t\t\t\t<\/span>\n\t\t\t\t\t<\/a>\n\t\t\t\t<\/div>\n\t\t\t\t\t\t\t\t<\/div>\n\t\t\t\t<\/div>\n\t\t\t\t\t<\/div>\n\t\t<\/div>\n\t\t\t\t\t<\/div>\n\t\t<\/section>\n\t\t\t\t<\/div>","protected":false},"excerpt":{"rendered":"<p>Als je allochtone cli\u00ebnten hebt, van bijvoorbeeld Marokkaanse of Turkse afkomst, is het handig om van tevoren wat meer kennis op te doen over de cultuurverschillen die er kunnen zijn. Je bent het misschien heel erg gewend om dingen op een bepaalde manier te doen en dit dan als enige optie te zien. Echter, met<br \/><a class=\"moretag\" href=\"https:\/\/thuiszorg-turkse-ouderen.nl\/tr\/familie-en-vrienden-van-turkse-en-marokkaanse-client\/\">+ Read More<\/a><\/p>","protected":false},"author":1,"featured_media":1205,"parent":0,"menu_order":14,"comment_status":"closed","ping_status":"closed","template":"templates\/page-fullwidth_template.php","meta":{"inline_featured_image":false,"_monsterinsights_skip_tracking":false,"_monsterinsights_sitenote_active":false,"_monsterinsights_sitenote_note":"","_monsterinsights_sitenote_category":0,"footnotes":""},"class_list":["post-60","page","type-page","status-publish","has-post-thumbnail","hentry"],"yoast_head":"<!-- This site is optimized with the Yoast SEO plugin v27.0 - https:\/\/yoast.com\/product\/yoast-seo-wordpress\/ -->\n<title>Familie en vrienden van Turkse en Marokkaanse cli\u00ebnt<\/title>\n<meta name=\"description\" content=\"Als je allochtone cli\u00ebnten hebt, van bijvoorbeeld Marokkaanse of Turkse afkomst, is het handig om van tevoren wat meer kennis op te doen over de\" \/>\n<meta name=\"robots\" content=\"index, follow, max-snippet:-1, max-image-preview:large, max-video-preview:-1\" \/>\n<link rel=\"canonical\" href=\"https:\/\/thuiszorg-turkse-ouderen.nl\/tr\/familie-en-vrienden-van-turkse-en-marokkaanse-client\/\" \/>\n<meta property=\"og:locale\" content=\"tr_TR\" \/>\n<meta property=\"og:type\" content=\"article\" \/>\n<meta property=\"og:title\" content=\"Familie en vrienden van Turkse en Marokkaanse cli\u00ebnt\" \/>\n<meta property=\"og:description\" content=\"Als je allochtone cli\u00ebnten hebt, van bijvoorbeeld Marokkaanse of Turkse afkomst, is het handig om van tevoren wat meer kennis op te doen over de\" \/>\n<meta property=\"og:url\" content=\"https:\/\/thuiszorg-turkse-ouderen.nl\/tr\/familie-en-vrienden-van-turkse-en-marokkaanse-client\/\" \/>\n<meta property=\"og:site_name\" content=\"Thuiszorg Turkse en Marokkaanse Ouderen\" \/>\n<meta property=\"article:publisher\" content=\"https:\/\/www.facebook.com\/Thuiszorg-Turkse-en-Marokkaanse-Ouderen-2162964037060436\/\" \/>\n<meta property=\"article:modified_time\" content=\"2024-05-29T09:44:36+00:00\" \/>\n<meta property=\"og:image\" content=\"https:\/\/thuiszorg-turkse-ouderen.nl\/wp-content\/uploads\/2021\/12\/thuiszorg-turkse-ouderen-bg.jpg\" \/>\n\t<meta property=\"og:image:width\" content=\"1400\" \/>\n\t<meta property=\"og:image:height\" content=\"400\" \/>\n\t<meta property=\"og:image:type\" content=\"image\/jpeg\" \/>\n<meta name=\"twitter:card\" content=\"summary_large_image\" \/>\n<meta name=\"twitter:label1\" content=\"Tahmini okuma s\u00fcresi\" \/>\n\t<meta name=\"twitter:data1\" content=\"3 dakika\" \/>\n<script type=\"application\/ld+json\" class=\"yoast-schema-graph\">{\"@context\":\"https:\/\/schema.org\",\"@graph\":[{\"@type\":\"WebPage\",\"@id\":\"https:\/\/thuiszorg-turkse-ouderen.nl\/familie-en-vrienden-van-turkse-en-marokkaanse-client\/\",\"url\":\"https:\/\/thuiszorg-turkse-ouderen.nl\/familie-en-vrienden-van-turkse-en-marokkaanse-client\/\",\"name\":\"Familie en vrienden van Turkse en Marokkaanse cli\u00ebnt\",\"isPartOf\":{\"@id\":\"https:\/\/thuiszorg-turkse-ouderen.nl\/#website\"},\"primaryImageOfPage\":{\"@id\":\"https:\/\/thuiszorg-turkse-ouderen.nl\/familie-en-vrienden-van-turkse-en-marokkaanse-client\/#primaryimage\"},\"image\":{\"@id\":\"https:\/\/thuiszorg-turkse-ouderen.nl\/familie-en-vrienden-van-turkse-en-marokkaanse-client\/#primaryimage\"},\"thumbnailUrl\":\"https:\/\/thuiszorg-turkse-ouderen.nl\/wp-content\/uploads\/2021\/12\/thuiszorg-turkse-ouderen-bg.jpg\",\"datePublished\":\"2019-02-02T00:19:41+00:00\",\"dateModified\":\"2024-05-29T09:44:36+00:00\",\"description\":\"Als je allochtone cli\u00ebnten hebt, van bijvoorbeeld Marokkaanse of Turkse afkomst, is het handig om van tevoren wat meer kennis op te doen over de\",\"breadcrumb\":{\"@id\":\"https:\/\/thuiszorg-turkse-ouderen.nl\/familie-en-vrienden-van-turkse-en-marokkaanse-client\/#breadcrumb\"},\"inLanguage\":\"tr\",\"potentialAction\":[{\"@type\":\"ReadAction\",\"target\":[\"https:\/\/thuiszorg-turkse-ouderen.nl\/familie-en-vrienden-van-turkse-en-marokkaanse-client\/\"]}]},{\"@type\":\"ImageObject\",\"inLanguage\":\"tr\",\"@id\":\"https:\/\/thuiszorg-turkse-ouderen.nl\/familie-en-vrienden-van-turkse-en-marokkaanse-client\/#primaryimage\",\"url\":\"https:\/\/thuiszorg-turkse-ouderen.nl\/wp-content\/uploads\/2021\/12\/thuiszorg-turkse-ouderen-bg.jpg\",\"contentUrl\":\"https:\/\/thuiszorg-turkse-ouderen.nl\/wp-content\/uploads\/2021\/12\/thuiszorg-turkse-ouderen-bg.jpg\",\"width\":1400,\"height\":400,\"caption\":\"thuiszorg-turkse-ouderen-bg\"},{\"@type\":\"BreadcrumbList\",\"@id\":\"https:\/\/thuiszorg-turkse-ouderen.nl\/familie-en-vrienden-van-turkse-en-marokkaanse-client\/#breadcrumb\",\"itemListElement\":[{\"@type\":\"ListItem\",\"position\":1,\"name\":\"Home\",\"item\":\"https:\/\/thuiszorg-turkse-ouderen.nl\/\"},{\"@type\":\"ListItem\",\"position\":2,\"name\":\"Familie en vrienden van Turkse en Marokkaanse cli\u00ebnt\"}]},{\"@type\":\"WebSite\",\"@id\":\"https:\/\/thuiszorg-turkse-ouderen.nl\/#website\",\"url\":\"https:\/\/thuiszorg-turkse-ouderen.nl\/\",\"name\":\"Thuiszorg Turkse en Marokkaanse Ouderen\",\"description\":\"\",\"publisher\":{\"@id\":\"https:\/\/thuiszorg-turkse-ouderen.nl\/#organization\"},\"potentialAction\":[{\"@type\":\"SearchAction\",\"target\":{\"@type\":\"EntryPoint\",\"urlTemplate\":\"https:\/\/thuiszorg-turkse-ouderen.nl\/?s={search_term_string}\"},\"query-input\":{\"@type\":\"PropertyValueSpecification\",\"valueRequired\":true,\"valueName\":\"search_term_string\"}}],\"inLanguage\":\"tr\"},{\"@type\":\"Organization\",\"@id\":\"https:\/\/thuiszorg-turkse-ouderen.nl\/#organization\",\"name\":\"Thuiszorg dagbesteding Turkse Marokkaanse ouderen\",\"url\":\"https:\/\/thuiszorg-turkse-ouderen.nl\/\",\"logo\":{\"@type\":\"ImageObject\",\"inLanguage\":\"tr\",\"@id\":\"https:\/\/thuiszorg-turkse-ouderen.nl\/#\/schema\/logo\/image\/\",\"url\":\"https:\/\/thuiszorg-turkse-ouderen.nl\/wp-content\/uploads\/2019\/12\/Logo.png\",\"contentUrl\":\"https:\/\/thuiszorg-turkse-ouderen.nl\/wp-content\/uploads\/2019\/12\/Logo.png\",\"width\":704,\"height\":725,\"caption\":\"Thuiszorg dagbesteding Turkse Marokkaanse ouderen\"},\"image\":{\"@id\":\"https:\/\/thuiszorg-turkse-ouderen.nl\/#\/schema\/logo\/image\/\"},\"sameAs\":[\"https:\/\/www.facebook.com\/Thuiszorg-Turkse-en-Marokkaanse-Ouderen-2162964037060436\/\",\"https:\/\/www.instagram.com\/thuiszorgturkseouderen\/\"]}]}<\/script>\n<!-- \/ Yoast SEO plugin. -->","yoast_head_json":{"title":"Yabanc\u0131 k\u00f6kenli m\u00fc\u015fterilerin aile ve arkada\u015flar\u0131","description":"Als je allochtone cli\u00ebnten hebt, van bijvoorbeeld Marokkaanse of Turkse afkomst, is het handig om van tevoren wat meer kennis op te doen over de","robots":{"index":"index","follow":"follow","max-snippet":"max-snippet:-1","max-image-preview":"max-image-preview:large","max-video-preview":"max-video-preview:-1"},"canonical":"https:\/\/thuiszorg-turkse-ouderen.nl\/tr\/familie-en-vrienden-van-turkse-en-marokkaanse-client\/","og_locale":"tr_TR","og_type":"article","og_title":"Familie en vrienden van Turkse en Marokkaanse cli\u00ebnt","og_description":"Als je allochtone cli\u00ebnten hebt, van bijvoorbeeld Marokkaanse of Turkse afkomst, is het handig om van tevoren wat meer kennis op te doen over de","og_url":"https:\/\/thuiszorg-turkse-ouderen.nl\/tr\/familie-en-vrienden-van-turkse-en-marokkaanse-client\/","og_site_name":"Thuiszorg Turkse en Marokkaanse Ouderen","article_publisher":"https:\/\/www.facebook.com\/Thuiszorg-Turkse-en-Marokkaanse-Ouderen-2162964037060436\/","article_modified_time":"2024-05-29T09:44:36+00:00","og_image":[{"width":1400,"height":400,"url":"https:\/\/thuiszorg-turkse-ouderen.nl\/wp-content\/uploads\/2021\/12\/thuiszorg-turkse-ouderen-bg.jpg","type":"image\/jpeg"}],"twitter_card":"summary_large_image","twitter_misc":{"Tahmini okuma s\u00fcresi":"3 dakika"},"schema":{"@context":"https:\/\/schema.org","@graph":[{"@type":"WebPage","@id":"https:\/\/thuiszorg-turkse-ouderen.nl\/familie-en-vrienden-van-turkse-en-marokkaanse-client\/","url":"https:\/\/thuiszorg-turkse-ouderen.nl\/familie-en-vrienden-van-turkse-en-marokkaanse-client\/","name":"Yabanc\u0131 k\u00f6kenli m\u00fc\u015fterilerin aile ve arkada\u015flar\u0131","isPartOf":{"@id":"https:\/\/thuiszorg-turkse-ouderen.nl\/#website"},"primaryImageOfPage":{"@id":"https:\/\/thuiszorg-turkse-ouderen.nl\/familie-en-vrienden-van-turkse-en-marokkaanse-client\/#primaryimage"},"image":{"@id":"https:\/\/thuiszorg-turkse-ouderen.nl\/familie-en-vrienden-van-turkse-en-marokkaanse-client\/#primaryimage"},"thumbnailUrl":"https:\/\/thuiszorg-turkse-ouderen.nl\/wp-content\/uploads\/2021\/12\/thuiszorg-turkse-ouderen-bg.jpg","datePublished":"2019-02-02T00:19:41+00:00","dateModified":"2024-05-29T09:44:36+00:00","description":"Als je allochtone cli\u00ebnten hebt, van bijvoorbeeld Marokkaanse of Turkse afkomst, is het handig om van tevoren wat meer kennis op te doen over de","breadcrumb":{"@id":"https:\/\/thuiszorg-turkse-ouderen.nl\/familie-en-vrienden-van-turkse-en-marokkaanse-client\/#breadcrumb"},"inLanguage":"tr","potentialAction":[{"@type":"ReadAction","target":["https:\/\/thuiszorg-turkse-ouderen.nl\/familie-en-vrienden-van-turkse-en-marokkaanse-client\/"]}]},{"@type":"ImageObject","inLanguage":"tr","@id":"https:\/\/thuiszorg-turkse-ouderen.nl\/familie-en-vrienden-van-turkse-en-marokkaanse-client\/#primaryimage","url":"https:\/\/thuiszorg-turkse-ouderen.nl\/wp-content\/uploads\/2021\/12\/thuiszorg-turkse-ouderen-bg.jpg","contentUrl":"https:\/\/thuiszorg-turkse-ouderen.nl\/wp-content\/uploads\/2021\/12\/thuiszorg-turkse-ouderen-bg.jpg","width":1400,"height":400,"caption":"thuiszorg-turkse-ouderen-bg"},{"@type":"BreadcrumbList","@id":"https:\/\/thuiszorg-turkse-ouderen.nl\/familie-en-vrienden-van-turkse-en-marokkaanse-client\/#breadcrumb","itemListElement":[{"@type":"ListItem","position":1,"name":"Home","item":"https:\/\/thuiszorg-turkse-ouderen.nl\/"},{"@type":"ListItem","position":2,"name":"Familie en vrienden van Turkse en Marokkaanse cli\u00ebnt"}]},{"@type":"WebSite","@id":"https:\/\/thuiszorg-turkse-ouderen.nl\/#website","url":"https:\/\/thuiszorg-turkse-ouderen.nl\/","name":"Thuiszorg Turkse en Marokkaanse Ouderen","description":"","publisher":{"@id":"https:\/\/thuiszorg-turkse-ouderen.nl\/#organization"},"potentialAction":[{"@type":"SearchAction","target":{"@type":"EntryPoint","urlTemplate":"https:\/\/thuiszorg-turkse-ouderen.nl\/?s={search_term_string}"},"query-input":{"@type":"PropertyValueSpecification","valueRequired":true,"valueName":"search_term_string"}}],"inLanguage":"tr"},{"@type":"Organization","@id":"https:\/\/thuiszorg-turkse-ouderen.nl\/#organization","name":"Thuiszorg dagbesteding Turkse Marokkaanse ouderen","url":"https:\/\/thuiszorg-turkse-ouderen.nl\/","logo":{"@type":"ImageObject","inLanguage":"tr","@id":"https:\/\/thuiszorg-turkse-ouderen.nl\/#\/schema\/logo\/image\/","url":"https:\/\/thuiszorg-turkse-ouderen.nl\/wp-content\/uploads\/2019\/12\/Logo.png","contentUrl":"https:\/\/thuiszorg-turkse-ouderen.nl\/wp-content\/uploads\/2019\/12\/Logo.png","width":704,"height":725,"caption":"Thuiszorg dagbesteding Turkse Marokkaanse ouderen"},"image":{"@id":"https:\/\/thuiszorg-turkse-ouderen.nl\/#\/schema\/logo\/image\/"},"sameAs":["https:\/\/www.facebook.com\/Thuiszorg-Turkse-en-Marokkaanse-Ouderen-2162964037060436\/","https:\/\/www.instagram.com\/thuiszorgturkseouderen\/"]}]}},"_links":{"self":[{"href":"https:\/\/thuiszorg-turkse-ouderen.nl\/tr\/wp-json\/wp\/v2\/pages\/60","targetHints":{"allow":["GET"]}}],"collection":[{"href":"https:\/\/thuiszorg-turkse-ouderen.nl\/tr\/wp-json\/wp\/v2\/pages"}],"about":[{"href":"https:\/\/thuiszorg-turkse-ouderen.nl\/tr\/wp-json\/wp\/v2\/types\/page"}],"author":[{"embeddable":true,"href":"https:\/\/thuiszorg-turkse-ouderen.nl\/tr\/wp-json\/wp\/v2\/users\/1"}],"replies":[{"embeddable":true,"href":"https:\/\/thuiszorg-turkse-ouderen.nl\/tr\/wp-json\/wp\/v2\/comments?post=60"}],"version-history":[{"count":3,"href":"https:\/\/thuiszorg-turkse-ouderen.nl\/tr\/wp-json\/wp\/v2\/pages\/60\/revisions"}],"predecessor-version":[{"id":2401,"href":"https:\/\/thuiszorg-turkse-ouderen.nl\/tr\/wp-json\/wp\/v2\/pages\/60\/revisions\/2401"}],"wp:featuredmedia":[{"embeddable":true,"href":"https:\/\/thuiszorg-turkse-ouderen.nl\/tr\/wp-json\/wp\/v2\/media\/1205"}],"wp:attachment":[{"href":"https:\/\/thuiszorg-turkse-ouderen.nl\/tr\/wp-json\/wp\/v2\/media?parent=60"}],"curies":[{"name":"wp","href":"https:\/\/api.w.org\/{rel}","templated":true}]}}